{"id":299,"date":"2014-03-03T08:25:09","date_gmt":"2014-03-03T08:25:09","guid":{"rendered":"http:\/\/semmelweis.hu\/szemeszet\/?page_id=299"},"modified":"2014-03-03T08:25:09","modified_gmt":"2014-03-03T08:25:09","slug":"kronikus-conjunctivitis","status":"publish","type":"page","link":"https:\/\/semmelweis.hu\/szemeszet\/a-szem-betegsegei\/kronikus-conjunctivitis\/","title":{"rendered":"Kr\u00f3nikus conjunctivitis"},"content":{"rendered":"<p>A kr\u00f3nikus conjunctivitis (id\u00fclt k\u00f6t\u0151h\u00e1rtya-gyullad\u00e1s) gyakori szemprobl\u00e9ma, mely nem vesz\u00e9lyess\u00e9ge, hanem kr\u00f3nikus volta, m\u00e1s k\u00f3rk\u00e9pekkel val\u00f3 \u00f6sszet\u00e9veszthet\u0151s\u00e9ge \u00e9s recid\u00edv\u00e1ra (ki\u00fajul\u00e1sra) val\u00f3 hajlama miatt jelent probl\u00e9m\u00e1t betegnek \u00e9s szemorvosnak egyar\u00e1nt.<br \/>\nA conjunctivitisek b\u00e1rmely form\u00e1ja (bakteri\u00e1lis, vir\u00e1lis, allergi\u00e1s, szemsz\u00e1rad\u00e1shoz t\u00e1rsul\u00f3) lehet elh\u00faz\u00f3d\u00f3 lefoly\u00e1s\u00fa, vagy lehet visszat\u00e9r\u0151 probl\u00e9ma. A kr\u00f3nikus conjunctivitis kifejez\u00e9st, sz\u0171kebb \u00e9rtelemben, m\u00e9gis ink\u00e1bb olyan esetekre haszn\u00e1ljuk, melyeken az eredetileg bakteri\u00e1lis eredet\u0171 betegs\u00e9g vagy a k\u00f3rokoz\u00f3 t\u00edpusa, vagy az alkalmazott, de nem el\u00e9gs\u00e9ges kezel\u00e9s miatt, lassan javul, vagy egy\u00e1ltal\u00e1n nem \u201eakar\u201d meggy\u00f3gyulni. A t\u00fcnetek (minim\u00e1lis szem bepirosod\u00e1s, \u00e9g\u00e9s, idegentest\u00e9rz\u00e9s, viszket\u00e9s, minim\u00e1lis vagy hi\u00e1nyz\u00f3 v\u00e1lad\u00e9koz\u00e1s, minim\u00e1lis vagy hi\u00e1nyz\u00f3 k\u00f6nnyez\u00e9s) nem jellegzetesek \u00e9s \u00e1ltal\u00e1ban nem s\u00falyosak.<br \/>\nA kr\u00f3nikus conjunctivitis t\u00fcneteit k\u00f6nny\u0171 \u00f6sszet\u00e9veszteni m\u00e1s eredet\u0171 szemprobl\u00e9m\u00e1kkal, p\u00e9ld\u00e1ul a cs\u00f6kkent k\u00f6nnytermel\u00e9sen alapul\u00f3 szemsz\u00e1rad\u00e1ssal. Ezt a k\u00e9t k\u00f3rk\u00e9pet pedig az\u00e9rt sz\u00fcks\u00e9ges elk\u00fcl\u00f6n\u00edteni, mert nem egyforma kezel\u00e9st ig\u00e9nyelnek. A szemsz\u00e1rad\u00e1st k\u00f6nnyp\u00f3tl\u00e1ssal (m\u0171k\u00f6nny csoportba tartoz\u00f3 szemcseppek folyamatos haszn\u00e1lat\u00e1val) kezelj\u00fck, m\u00edg a bakteri\u00e1lis eredet\u0171 kr\u00f3nikus conjunctivitis kezel\u00e9s\u00e9hez antibiotikumot (antibakteri\u00e1lis szert) tartalmaz\u00f3 szemcseppre van sz\u00fcks\u00e9g, esetenk\u00e9nt, ha a szemorvos j\u00f3nak l\u00e1tja, gyullad\u00e1scs\u00f6kkent\u0151 szemcseppel kieg\u00e9sz\u00edtve.<br \/>\nNem a betegs\u00e9g vesz\u00e9lyes volta, hanem az att\u00f3l val\u00f3 megszabadul\u00e1s neh\u00e9zs\u00e9ge miatt c\u00e9lszer\u0171 a fent le\u00edrt panaszok eset\u00e9n nem k\u00fcl\u00f6nb\u00f6z\u0151 szemcseppekkel pr\u00f3b\u00e1lkozni, hanem eleve szemorvoshoz fordulni. Egy alapos szem\u00e9szeti vizsg\u00e1lat ugyanis felt\u00e1rhat bizonyos kr\u00f3nikus conjunctivitisre hajlamos\u00edt\u00f3 betegs\u00e9geket, kisebb-nagyobb elt\u00e9r\u00e9seket, melyek megsz\u00fcntet\u00e9se (pl. megfelel\u0151 szem\u00fcveg fel\u00edr\u00e1sa) sokat seg\u00edthet abban, hogy az egy\u00e9bk\u00e9nt \u201emakacs\u201d szembetegs\u00e9gt\u0151l min\u00e9l hamarabb megszabaduljunk.<\/p>\n","protected":false},"excerpt":{"rendered":"<p>A kr\u00f3nikus conjunctivitis (id\u00fclt k\u00f6t\u0151h\u00e1rtya-gyullad\u00e1s) gyakori szemprobl\u00e9ma, mely nem vesz\u00e9lyess\u00e9ge, hanem kr\u00f3nikus volta, m\u00e1s k\u00f3rk\u00e9pekkel val\u00f3 \u00f6sszet\u00e9veszthet\u0151s\u00e9ge \u00e9s recid\u00edv\u00e1ra (ki\u00fajul\u00e1sra) val\u00f3 hajlama miatt jelent probl\u00e9m\u00e1t betegnek \u00e9s szemorvosnak egyar\u00e1nt. A conjunctivitisek b\u00e1rmely form\u00e1ja (bakteri\u00e1lis, vir\u00e1lis, allergi\u00e1s, szemsz\u00e1rad\u00e1shoz t\u00e1rsul\u00f3) lehet elh\u00faz\u00f3d\u00f3 lefoly\u00e1s\u00fa, vagy lehet visszat\u00e9r\u0151 probl\u00e9ma. A kr\u00f3nikus conjunctivitis kifejez\u00e9st, sz\u0171kebb \u00e9rtelemben, m\u00e9gis ink\u00e1bb olyan esetekre &hellip;<\/p>\n","protected":false},"author":178,"featured_media":0,"parent":276,"menu_order":8,"comment_status":"open","ping_status":"open","template":"","meta":{"_acf_changed":false,"footnotes":""},"categories":[],"tags":[],"class_list":["post-299","page","type-page","status-publish","hentry"],"acf":[],"_links":{"self":[{"href":"https:\/\/semmelweis.hu\/szemeszet\/wp-json\/wp\/v2\/pages\/299","targetHints":{"allow":["GET"]}}],"collection":[{"href":"https:\/\/semmelweis.hu\/szemeszet\/wp-json\/wp\/v2\/pages"}],"about":[{"href":"https:\/\/semmelweis.hu\/szemeszet\/wp-json\/wp\/v2\/types\/page"}],"author":[{"embeddable":true,"href":"https:\/\/semmelweis.hu\/szemeszet\/wp-json\/wp\/v2\/users\/178"}],"replies":[{"embeddable":true,"href":"https:\/\/semmelweis.hu\/szemeszet\/wp-json\/wp\/v2\/comments?post=299"}],"version-history":[{"count":1,"href":"https:\/\/semmelweis.hu\/szemeszet\/wp-json\/wp\/v2\/pages\/299\/revisions"}],"predecessor-version":[{"id":300,"href":"https:\/\/semmelweis.hu\/szemeszet\/wp-json\/wp\/v2\/pages\/299\/revisions\/300"}],"up":[{"embeddable":true,"href":"https:\/\/semmelweis.hu\/szemeszet\/wp-json\/wp\/v2\/pages\/276"}],"wp:attachment":[{"href":"https:\/\/semmelweis.hu\/szemeszet\/wp-json\/wp\/v2\/media?parent=299"}],"wp:term":[{"taxonomy":"category","embeddable":true,"href":"https:\/\/semmelweis.hu\/szemeszet\/wp-json\/wp\/v2\/categories?post=299"},{"taxonomy":"post_tag","embeddable":true,"href":"https:\/\/semmelweis.hu\/szemeszet\/wp-json\/wp\/v2\/tags?post=299"}],"curies":[{"name":"wp","href":"https:\/\/api.w.org\/{rel}","templated":true}]}}