{"id":293,"date":"2014-03-03T08:22:59","date_gmt":"2014-03-03T08:22:59","guid":{"rendered":"http:\/\/semmelweis.hu\/szemeszet\/?page_id=293"},"modified":"2014-03-03T08:22:59","modified_gmt":"2014-03-03T08:22:59","slug":"idoskori-makuladegeneracio","status":"publish","type":"page","link":"https:\/\/semmelweis.hu\/szemeszet\/a-szem-betegsegei\/idoskori-makuladegeneracio\/","title":{"rendered":"Id\u0151skori makuladegener\u00e1ci\u00f3"},"content":{"rendered":"<p>Az id\u0151skori makuladegener\u00e1ci\u00f3 a gazdas\u00e1gilag fejlettebb t\u00e1rsadalmakban \u2013 \u00edgy haz\u00e1nkban is &#8211; a vaks\u00e1g leggyakoribb oka. A betegs\u00e9g az 50 \u00e9vesn\u00e9l id\u0151sebbeket \u00e9rinti, ez\u00e9rt az \u00f6reged\u0151 t\u00e1rsadalmaknak egyre nagyobb kih\u00edv\u00e1st jelent a fokozatosan n\u00f6vekv\u0151 \u00faj betegek sz\u00e1ma. A betegs\u00e9g l\u00e9nyege az \u00e9lesl\u00e1t\u00e1s hely\u00e9nek \u2013 a s\u00e1rgafoltnak \u2013 a korral el\u0151rehalad\u00f3 elfajul\u00e1sa, amelynek ok\u00e1t pontosan nem ismerj\u00fck. Mivel a betegs\u00e9g a l\u00e1t\u00f3h\u00e1rty\u00e1nak csak ezt a ter\u00fcletet \u00e9rinti, a kezeletlen betegek elvesztik olvas\u00f3k\u00e9pess\u00e9g\u00fcket \u00e9s \u00e9lesl\u00e1t\u00e1sukat, de a perif\u00e9ri\u00e1s l\u00e1t\u00e1s a betegs\u00e9g v\u00e9gst\u00e1dium\u00e1ban is megmarad. A betegs\u00e9gnek alapvet\u0151en k\u00e9t form\u00e1ja van: a sz\u00e1raz \u00e9s a nedves forma.<br \/>\nA sz\u00e1raz, sorvad\u00e1sos forma a betegek 85-90%-\u00e1t \u00e9rinti. A betegs\u00e9g ezen t\u00edpus\u00e1ban k\u00f3ros anyagcsereterm\u00e9kek halmoz\u00f3dnak fel az elv\u00e9konyodott l\u00e1t\u00f3h\u00e1rtya (els\u0151sorban a s\u00e1rga folt) ter\u00fclet\u00e9ben, \u00e9s megjelennek a betegs\u00e9g korai st\u00e1dium\u00e1ra jellemz\u0151 apr\u00f3 s\u00e1rg\u00e1s sz\u00edn\u0171 lerak\u00f3d\u00e1sok (\u00fan. \u2019drusenek\u2019) \u00e9s a k\u00eds\u00e9r\u0151 fest\u00e9kfoltok (pigmentek). Ezzel p\u00e1rhuzamosan az \u00e9rintett betegek olvas\u00f3k\u00e9pess\u00e9ge fokozatosan romlik, az olvasott bet\u0171k t\u00f6redezett\u00e9 v\u00e1lnak. A betegs\u00e9g ezen t\u00edpus\u00e1ban azonban ak\u00e1r \u00e9vtizedek is eltelhetnek az olvas\u00f3k\u00e9pess\u00e9g teljes elveszt\u00e9s\u00e9ig.<br \/>\nAz esetek 10%-\u00e1ban a betegs\u00e9g sz\u00e1raz form\u00e1ja egy s\u00falyosabb, gyors l\u00e1t\u00e1sroml\u00e1st eredm\u00e9nyez\u0151 \u00e1llapotba, az \u00fan. nedves form\u00e1ba megy \u00e1t. A betegs\u00e9g ezen t\u00edpus\u00e1ban az \u00e9rh\u00e1rtya fel\u0151l k\u00f3ros \u00e9rk\u00e9pz\u0151d\u00e9s indul meg az \u00e9lesl\u00e1t\u00e1s helye alatt. Az \u00fajdonk\u00e9pz\u0151d\u00f6tt erekb\u0151l folyad\u00e9k \u00e9s v\u00e9r sziv\u00e1rog a l\u00e1t\u00f3h\u00e1rtya r\u00e9tegei k\u00f6z\u00e9, a f\u00e9ny\u00e9rz\u00e9keny sejtek (csapok \u00e9s p\u00e1lcik\u00e1k) fokozatos pusztul\u00e1s\u00e1t okozva. A betegs\u00e9g ezen st\u00e1dium\u00e1nak korai t\u00fcnete a torzl\u00e1t\u00e1s, az \u00e9rintett betegek az egyenes vonalakat g\u00f6rb\u00e9nek l\u00e1tj\u00e1k.<br \/>\nA betegs\u00e9gnek sz\u00e1mos rizik\u00f3t\u00e9nyez\u0151je ismert. Legfontosabbak: az \u00e9letkor, a genetikai h\u00e1tt\u00e9r \u00e9s a doh\u00e1nyz\u00e1s. A vonatkoz\u00f3 tanulm\u00e1nyok egy\u00e9rtelm\u0171en bizony\u00edtj\u00e1k, hogy a doh\u00e1nyz\u00e1s a betegs\u00e9g kialakul\u00e1s\u00e1nak kock\u00e1zat\u00e1t t\u00f6bbsz\u00f6r\u00f6s\u00e9re n\u00f6veli. A betegs\u00e9g nedves t\u00edpus\u00e1nak ma m\u00e1r l\u00e9tezik hat\u00e9kony kezel\u00e9si m\u00f3dja a szembe adott injekci\u00f3s k\u00fara form\u00e1j\u00e1ban.<\/p>\n","protected":false},"excerpt":{"rendered":"<p>Az id\u0151skori makuladegener\u00e1ci\u00f3 a gazdas\u00e1gilag fejlettebb t\u00e1rsadalmakban \u2013 \u00edgy haz\u00e1nkban is &#8211; a vaks\u00e1g leggyakoribb oka. A betegs\u00e9g az 50 \u00e9vesn\u00e9l id\u0151sebbeket \u00e9rinti, ez\u00e9rt az \u00f6reged\u0151 t\u00e1rsadalmaknak egyre nagyobb kih\u00edv\u00e1st jelent a fokozatosan n\u00f6vekv\u0151 \u00faj betegek sz\u00e1ma. A betegs\u00e9g l\u00e9nyege az \u00e9lesl\u00e1t\u00e1s hely\u00e9nek \u2013 a s\u00e1rgafoltnak \u2013 a korral el\u0151rehalad\u00f3 elfajul\u00e1sa, amelynek ok\u00e1t pontosan nem &hellip;<\/p>\n","protected":false},"author":178,"featured_media":0,"parent":276,"menu_order":5,"comment_status":"open","ping_status":"open","template":"","meta":{"_acf_changed":false,"footnotes":""},"categories":[],"tags":[],"class_list":["post-293","page","type-page","status-publish","hentry"],"acf":[],"_links":{"self":[{"href":"https:\/\/semmelweis.hu\/szemeszet\/wp-json\/wp\/v2\/pages\/293","targetHints":{"allow":["GET"]}}],"collection":[{"href":"https:\/\/semmelweis.hu\/szemeszet\/wp-json\/wp\/v2\/pages"}],"about":[{"href":"https:\/\/semmelweis.hu\/szemeszet\/wp-json\/wp\/v2\/types\/page"}],"author":[{"embeddable":true,"href":"https:\/\/semmelweis.hu\/szemeszet\/wp-json\/wp\/v2\/users\/178"}],"replies":[{"embeddable":true,"href":"https:\/\/semmelweis.hu\/szemeszet\/wp-json\/wp\/v2\/comments?post=293"}],"version-history":[{"count":1,"href":"https:\/\/semmelweis.hu\/szemeszet\/wp-json\/wp\/v2\/pages\/293\/revisions"}],"predecessor-version":[{"id":294,"href":"https:\/\/semmelweis.hu\/szemeszet\/wp-json\/wp\/v2\/pages\/293\/revisions\/294"}],"up":[{"embeddable":true,"href":"https:\/\/semmelweis.hu\/szemeszet\/wp-json\/wp\/v2\/pages\/276"}],"wp:attachment":[{"href":"https:\/\/semmelweis.hu\/szemeszet\/wp-json\/wp\/v2\/media?parent=293"}],"wp:term":[{"taxonomy":"category","embeddable":true,"href":"https:\/\/semmelweis.hu\/szemeszet\/wp-json\/wp\/v2\/categories?post=293"},{"taxonomy":"post_tag","embeddable":true,"href":"https:\/\/semmelweis.hu\/szemeszet\/wp-json\/wp\/v2\/tags?post=293"}],"curies":[{"name":"wp","href":"https:\/\/api.w.org\/{rel}","templated":true}]}}