{"id":291,"date":"2014-03-03T08:22:19","date_gmt":"2014-03-03T08:22:19","guid":{"rendered":"http:\/\/semmelweis.hu\/szemeszet\/?page_id=291"},"modified":"2014-06-12T06:50:20","modified_gmt":"2014-06-12T06:50:20","slug":"galukoma-zold-halyog","status":"publish","type":"page","link":"https:\/\/semmelweis.hu\/szemeszet\/a-szem-betegsegei\/galukoma-zold-halyog\/","title":{"rendered":"Glaucoma (Z\u00f6ldh\u00e1lyog)"},"content":{"rendered":"<p>A glauk\u00f3ma (z\u00f6ldh\u00e1lyog) a l\u00e1t\u00f3ideg rostjainak fokozatos pusztul\u00e1s\u00e1val j\u00e1r\u00f3 betegs\u00e9g. A k\u00e1rosod\u00e1s okoz\u00f3ja az esetek t\u00f6bbs\u00e9g\u00e9ben a megemelkedett szemnyom\u00e1s, amely az idegrostok m\u0171k\u00f6d\u00e9s\u00e9t, anyagcser\u00e9j\u00e9t h\u00e1tr\u00e1nyosan befoly\u00e1solja. A leggyakoribb form\u00e1ja az els\u0151dleges nyitott zug\u00fa glauk\u00f3ma, amely a fejlett orsz\u00e1gokban a 40 \u00e9v feletti lakoss\u00e1g mintegy 2%-\u00e1t \u00e9rinti.<br \/>\nAz els\u0151dleges nyitott zug\u00fa glauk\u00f3ma nem j\u00e1r f\u00e1jdalommal \u00e9s az okozott l\u00e1t\u00e1sroml\u00e1s is hossz\u00fa ideig \u00e9szrev\u00e9tlen maradhat a beteg sz\u00e1m\u00e1ra. A betegs\u00e9g m\u00e1sik csoportj\u00e1t k\u00e9pez\u0151 magas szemnyom\u00e1ssal j\u00e1r\u00f3 glauk\u00f3ma t\u00edpusok eset\u00e9ben a hom\u00e1lyos l\u00e1t\u00e1son t\u00fal a szem, illetve a szem k\u00f6rny\u00e9ki csontok f\u00e1jdalm\u00e1t, f\u00e9nyforr\u00e1sok k\u00f6r\u00fcli sziv\u00e1rv\u00e1ny karik\u00e1k l\u00e1t\u00e1s\u00e1t okozhatj\u00e1k (ilyen p\u00e9ld\u00e1ul a glauk\u00f3m\u00e1s roham, ami z\u00e1rt zug\u00fa glauk\u00f3m\u00e1ban alakulhat ki).<br \/>\n3. Milyen vizsg\u00e1latokra sz\u00e1m\u00edthat a beteg, ha szem\u00e9szhez megy? Glauk\u00f3ma eset\u00e9n szem\u00e9szeten az al\u00e1bbi vizsg\u00e1latok t\u00f6rt\u00e9nnek: l\u00e1t\u00f3\u00e9less\u00e9g \u00e9s l\u00e1t\u00f3t\u00e9r vizsg\u00e1latok, tov\u00e1bb\u00e1 r\u00e9sl\u00e1mp\u00e1s (a szemorvosok \u00e1ltal haszn\u00e1lt speci\u00e1lis mikroszk\u00f3p) vizsg\u00e1lat t\u00f6rt\u00e9nnik, szemfen\u00e9k vizsg\u00e1lattal egy\u00fctt. Sz\u00fcks\u00e9g lehet a szemnyom\u00e1s t\u00f6bbsz\u00f6ri m\u00e9r\u00e9s\u00e9re is, mivel ez napszakonk\u00e9nt jelent\u0151sen ingadozhat glauk\u00f3m\u00e1ban. A vizsg\u00e1lat sor\u00e1n fontos k\u00f6z\u00f6lni, ha a v\u00e9rrokonok k\u00f6z\u00f6tt volt m\u00e1r glauk\u00f3m\u00e1s.<br \/>\nA glauk\u00f3ma kr\u00f3nikus betegs\u00e9g; kezel\u00e9se \u00e9lethosszig tarthat. A kezel\u00e9s c\u00e9lja a glauk\u00f3ma minden t\u00edpus\u00e1ban a szemnyom\u00e1s cs\u00f6kkent\u00e9se, vagy a magas szemnyom\u00e1st kiv\u00e1lt\u00f3 ok megsz\u00fcntet\u00e9se. A szemnyom\u00e1st gy\u00f3gyszerekkel (legt\u00f6bbsz\u00f6r szemcseppel), l\u00e9zeres, illetve seb\u00e9szeti beavatkoz\u00e1ssal lehet cs\u00f6kkenteni. Rendszerint els\u0151k\u00e9nt a szemcsepp kezel\u00e9st \u00edrj\u00e1k el\u0151. Ha ez nem el\u00e9gs\u00e9ges, akkor v\u00e1laszthat\u00f3ak a tov\u00e1bbi lehet\u0151s\u00e9gek. Elk\u00e9pzelhet\u0151, hogy az oper\u00e1ci\u00f3\/l\u00e9zer kezel\u00e9s \u00f6nmag\u00e1ban nem elegend\u0151 hat\u00e1s\u00fa, \u00e9s ut\u00e1na is szemcseppeket sz\u00fcks\u00e9ges haszn\u00e1lni. A glauk\u00f3m\u00e1s p\u00e1ciensek rendszeres szem\u00e9szeti ellen\u0151rz\u00e9se az esetleges m\u0171t\u00e9t ut\u00e1n is nagyon fontos.<br \/>\nNagyon fontos az el\u0151\u00edrt gy\u00f3gyszerek (szemcseppek) pontos alkalmaz\u00e1sa. Oper\u00e1ci\u00f3 ut\u00e1n, illetve azokban az esetekben, amikor m\u00e1r s\u00falyos k\u00e1rosod\u00e1sok alalultak ki, az egy\u00e9nre szabott tan\u00e1csokat sz\u00fcks\u00e9ges figyelembe venni.<br \/>\nA kezel\u00e9s hi\u00e1ny\u00e1nak, \u00e9s a beteg nemt\u00f6r\u0151d\u00f6ms\u00e9g\u00e9nek a k\u00f6vetkezm\u00e9nyei a sz\u00f6v\u0151dm\u00e9nyek megjelen\u00e9se: A kezel\u00e9s elmarad\u00e1sa a glauk\u00f3m\u00e1s k\u00e1rosod\u00e1sok el\u0151rehalad\u00e1s\u00e1t, vagyis a l\u00e1t\u00e1s visszaford\u00edthatatlan roml\u00e1s\u00e1t, legrosszabb esetben elveszt\u00e9s\u00e9t vonja maga ut\u00e1n.<\/p>\n","protected":false},"excerpt":{"rendered":"<p>A glauk\u00f3ma (z\u00f6ldh\u00e1lyog) a l\u00e1t\u00f3ideg rostjainak fokozatos pusztul\u00e1s\u00e1val j\u00e1r\u00f3 betegs\u00e9g. A k\u00e1rosod\u00e1s okoz\u00f3ja az esetek t\u00f6bbs\u00e9g\u00e9ben a megemelkedett szemnyom\u00e1s, amely az idegrostok m\u0171k\u00f6d\u00e9s\u00e9t, anyagcser\u00e9j\u00e9t h\u00e1tr\u00e1nyosan befoly\u00e1solja. A leggyakoribb form\u00e1ja az els\u0151dleges nyitott zug\u00fa glauk\u00f3ma, amely a fejlett orsz\u00e1gokban a 40 \u00e9v feletti lakoss\u00e1g mintegy 2%-\u00e1t \u00e9rinti. Az els\u0151dleges nyitott zug\u00fa glauk\u00f3ma nem j\u00e1r f\u00e1jdalommal \u00e9s &hellip;<\/p>\n","protected":false},"author":178,"featured_media":0,"parent":276,"menu_order":4,"comment_status":"open","ping_status":"open","template":"","meta":{"_acf_changed":false,"footnotes":""},"categories":[],"tags":[],"class_list":["post-291","page","type-page","status-publish","hentry"],"acf":[],"_links":{"self":[{"href":"https:\/\/semmelweis.hu\/szemeszet\/wp-json\/wp\/v2\/pages\/291","targetHints":{"allow":["GET"]}}],"collection":[{"href":"https:\/\/semmelweis.hu\/szemeszet\/wp-json\/wp\/v2\/pages"}],"about":[{"href":"https:\/\/semmelweis.hu\/szemeszet\/wp-json\/wp\/v2\/types\/page"}],"author":[{"embeddable":true,"href":"https:\/\/semmelweis.hu\/szemeszet\/wp-json\/wp\/v2\/users\/178"}],"replies":[{"embeddable":true,"href":"https:\/\/semmelweis.hu\/szemeszet\/wp-json\/wp\/v2\/comments?post=291"}],"version-history":[{"count":3,"href":"https:\/\/semmelweis.hu\/szemeszet\/wp-json\/wp\/v2\/pages\/291\/revisions"}],"predecessor-version":[{"id":342,"href":"https:\/\/semmelweis.hu\/szemeszet\/wp-json\/wp\/v2\/pages\/291\/revisions\/342"}],"up":[{"embeddable":true,"href":"https:\/\/semmelweis.hu\/szemeszet\/wp-json\/wp\/v2\/pages\/276"}],"wp:attachment":[{"href":"https:\/\/semmelweis.hu\/szemeszet\/wp-json\/wp\/v2\/media?parent=291"}],"wp:term":[{"taxonomy":"category","embeddable":true,"href":"https:\/\/semmelweis.hu\/szemeszet\/wp-json\/wp\/v2\/categories?post=291"},{"taxonomy":"post_tag","embeddable":true,"href":"https:\/\/semmelweis.hu\/szemeszet\/wp-json\/wp\/v2\/tags?post=291"}],"curies":[{"name":"wp","href":"https:\/\/api.w.org\/{rel}","templated":true}]}}