{"id":281,"date":"2014-03-03T08:09:25","date_gmt":"2014-03-03T08:09:25","guid":{"rendered":"http:\/\/semmelweis.hu\/szemeszet\/?page_id=281"},"modified":"2014-03-03T08:09:25","modified_gmt":"2014-03-03T08:09:25","slug":"a-szem-erhartyajanak-chorioidea-daganatai-melanoma-es-kezelesi-lehetosegeik","status":"publish","type":"page","link":"https:\/\/semmelweis.hu\/szemeszet\/a-szem-betegsegei\/a-szem-erhartyajanak-chorioidea-daganatai-melanoma-es-kezelesi-lehetosegeik\/","title":{"rendered":"A szem \u00e9rh\u00e1rty\u00e1j\u00e1nak (chorioidea) daganatai (melanoma) \u00e9s kezel\u00e9si lehet\u0151s\u00e9geik"},"content":{"rendered":"<p>A szem \u00e9rh\u00e1rty\u00e1j\u00e1nak (chorioidea) daganatai (melanoma) \u00e9s kezel\u00e9si lehet\u0151s\u00e9geik<br \/>\nFeln\u0151tt korban a melanoma a leggyakoribb rosszindulat\u00fa daganat a szemben. Megjelenhet a szem sz\u00edn\u00e9t ad\u00f3 sziv\u00e1rv\u00e1nyh\u00e1rty\u00e1ban, m\u00f6g\u00f6tte a sug\u00e1rtestben, \u00e9s kiindulhat az \u00e9rh\u00e1rty\u00e1b\u00f3l, ez ut\u00f3bbi a leggyakoribb. Megjelen\u00e9s\u00e9nek val\u00f3sz\u00edn\u0171s\u00e9ge az \u00e9letkor el\u0151rehaladt\u00e1val n\u0151. Rizik\u00f3 t\u00e9nyez\u0151i a vil\u00e1gos szem- \u00e9s b\u0151rsz\u00edn, rosszindulat\u00fa daganatos beteg a csal\u00e1dban, fokozott UV f\u00e9ny expoz\u00edci\u00f3. Ez ut\u00f3bbi a hegeszt\u00e9s sor\u00e1n \u00e9s er\u0151s napf\u00e9nybehat\u00e1s sor\u00e1n j\u00f6het l\u00e9tre. Megfelel\u0151 v\u00e9d\u0151szem\u00fcveg \u00e9s napszem\u00fcveg haszn\u00e1lat\u00e1val mindkett\u0151 kiv\u00e9dhet\u0151. A szemben lev\u0151 melanom\u00e1t leggyakrabban egyszer\u0171 szem\u00e9szeti vizsg\u00e1lat sor\u00e1n a szemorvos fedezi fel. Jelenl\u00e9t\u00e9re utalhat a fokoz\u00f3d\u00f3 l\u00e1t\u00e1sroml\u00e1s, a torz vagy hull\u00e1mos l\u00e1t\u00e1s, az un. l\u00e1t\u00f3t\u00e9rkies\u00e9s (a beteg egyik szem\u00e9vel bizonyos ir\u00e1nyban hom\u00e1lyosan l\u00e1t), t\u00e1gabb erek a szem fal\u00e1n egy k\u00f6r\u00fcl\u00edrt ter\u00fcleten, a szemf\u00e1jdalom, esetleg a szem fal\u00e1n megjelen\u0151 barna folt. A b\u0151rh\u00f6z hasonl\u00f3an, a szemfen\u00e9ken jelenl\u00e9v\u0151 anyajegyek is rosszindulat\u00fav\u00e1 v\u00e1lhatnak. A melanoma a jellegzetes barna sz\u00edne alapj\u00e1n, szem\u00e9szeti vizsg\u00e1lattal, k\u00f6nnyen felismerhet\u0151. A kev\u00e9ss\u00e9, vagy egy\u00e1ltal\u00e1n nem fest\u00e9kes v\u00e1ltozatok ritk\u00e1bbak. Ezek diagnosztikus probl\u00e9m\u00e1t okozhatnak. A kisebb daganatok \u00e9s az anyajegyek elk\u00fcl\u00f6n\u00edt\u00e9se m\u0171szeres vizsg\u00e1latokkal lehets\u00e9ges. A korai felismer\u00e9s a kezel\u00e9s hat\u00e1soss\u00e1g\u00e1t \u00e9s a sikeres kezel\u00e9s ut\u00e1ni l\u00e1t\u00e1st n\u00f6velheti. Kezel\u00e9si lehet\u0151s\u00e9gk\u00e9nt, a daganat m\u00e9ret\u00e9t\u0151l \u00e9s elhelyezked\u00e9s\u00e9t\u0151l f\u00fcgg\u0151en, a l\u00e9zerkezel\u00e9s, az u.n. kontakt besug\u00e1rz\u00e1s (brahiter\u00e1pia), a daganat kimetsz\u00e9se, vagy az \u00e9rintett szemgoly\u00f3 elt\u00e1vol\u00edt\u00e1sa j\u00f6nnek sz\u00f3ba. A szem sz\u00edn\u00e9t ad\u00f3 sziv\u00e1rv\u00e1nyh\u00e1rty\u00e1n, ill. a sug\u00e1rtestben lev\u0151 kisebb daganatok m\u0171t\u00e9ttel elt\u00e1vol\u00edthat\u00f3k. A szem m\u00e9lyebb r\u00e9szeiben elhelyezked\u0151 kis melanom\u00e1k di\u00f3da l\u00e9zeres u.n. transzpupill\u00e1ris termoter\u00e1pi\u00e1val kezelhet\u0151k. A k\u00f6zepes m\u00e9ret\u0171 \u00e9rh\u00e1rtya melanom\u00e1k eset\u00e9n a kontakt besug\u00e1rz\u00e1s (brahiter\u00e1pia) a legt\u00f6bb esetben alkalmazott ter\u00e1pia. Erre a c\u00e9lra sug\u00e1rz\u00f3 izot\u00f3pot tartalmaz\u00f3, kagyl\u00f3 alak\u00fa f\u00e9m lapocsk\u00e1k \u00e1llnak rendelkez\u00e9sre. A besug\u00e1rz\u00e1s k\u00e9t m\u0171t\u00e9tet ig\u00e9nyel. Az els\u0151 sor\u00e1n, a k\u00f6t\u0151h\u00e1rtya felbont\u00e1sa ut\u00e1n, a szem k\u00fcls\u0151 felsz\u00edn\u00e9re, a daganat alapj\u00e1nak megfelel\u0151 helyen, varratokkal r\u00f6gz\u00edtj\u00fck a sug\u00e1rz\u00f3 izot\u00f3pot tartalmaz\u00f3 lapocsk\u00e1t, majd, a megfelel\u0151 besug\u00e1rz\u00e1si id\u0151 eltelte ut\u00e1n, azt egy m\u00e1sodik m\u0171t\u00e9ttel t\u00e1vol\u00edtjuk el. A sz\u00fcks\u00e9ges besug\u00e1rz\u00e1si id\u0151 3-10 nap k\u00f6z\u00e9 esik, a betegnek ezt az id\u0151t a Klinik\u00e1n kell t\u00f6lteni. Ha a daganat k\u00e9s\u0151n ker\u00fcl felismer\u00e9sre, t\u00fal nagyra n\u0151tt, \u00e9s besug\u00e1rz\u00e1ssal m\u00e1r nem lehet elpuszt\u00edtani, akkor a rosszindulat\u00fa daganat meggy\u00f3gy\u00edt\u00e1sa csak a szemgoly\u00f3 m\u0171t\u00e9ti elt\u00e1vol\u00edt\u00e1s\u00e1val lehets\u00e9ges<br \/>\n. A r\u00e1kos daganat, el\u0151rehaladott esetekben, a szervezetben sz\u00e9tsz\u00f3r\u00f3dva, \u00e9letfontos szerveket is \u00e9rinthet, a beteg \u00e9let\u00e9nek megment\u00e9se c\u00e9lj\u00e1b\u00f3l a szem elt\u00e1vol\u00edt\u00e1sa is sz\u00fcks\u00e9gess\u00e9 v\u00e1lhat. Mivel a sz\u00f3r\u00f3d\u00e1s okozta m\u00e1sodlagos daganatok (metaszt\u00e1zisok) gyakran csak hosszabb id\u0151 eltelt\u00e9vel mutathat\u00f3k ki, sikeres sug\u00e1rkezel\u00e9s vagy a szemgoly\u00f3 m\u0171t\u00e9ti elt\u00e1vol\u00edt\u00e1sa ut\u00e1n, a beteget m\u00e9g \u00e9vekig ellen\u0151rizni kell.<\/p>\n","protected":false},"excerpt":{"rendered":"<p>A szem \u00e9rh\u00e1rty\u00e1j\u00e1nak (chorioidea) daganatai (melanoma) \u00e9s kezel\u00e9si lehet\u0151s\u00e9geik Feln\u0151tt korban a melanoma a leggyakoribb rosszindulat\u00fa daganat a szemben. Megjelenhet a szem sz\u00edn\u00e9t ad\u00f3 sziv\u00e1rv\u00e1nyh\u00e1rty\u00e1ban, m\u00f6g\u00f6tte a sug\u00e1rtestben, \u00e9s kiindulhat az \u00e9rh\u00e1rty\u00e1b\u00f3l, ez ut\u00f3bbi a leggyakoribb. Megjelen\u00e9s\u00e9nek val\u00f3sz\u00edn\u0171s\u00e9ge az \u00e9letkor el\u0151rehaladt\u00e1val n\u0151. Rizik\u00f3 t\u00e9nyez\u0151i a vil\u00e1gos szem- \u00e9s b\u0151rsz\u00edn, rosszindulat\u00fa daganatos beteg a csal\u00e1dban, fokozott &hellip;<\/p>\n","protected":false},"author":178,"featured_media":0,"parent":276,"menu_order":1,"comment_status":"open","ping_status":"open","template":"","meta":{"_acf_changed":false,"footnotes":""},"categories":[],"tags":[],"class_list":["post-281","page","type-page","status-publish","hentry"],"acf":[],"_links":{"self":[{"href":"https:\/\/semmelweis.hu\/szemeszet\/wp-json\/wp\/v2\/pages\/281","targetHints":{"allow":["GET"]}}],"collection":[{"href":"https:\/\/semmelweis.hu\/szemeszet\/wp-json\/wp\/v2\/pages"}],"about":[{"href":"https:\/\/semmelweis.hu\/szemeszet\/wp-json\/wp\/v2\/types\/page"}],"author":[{"embeddable":true,"href":"https:\/\/semmelweis.hu\/szemeszet\/wp-json\/wp\/v2\/users\/178"}],"replies":[{"embeddable":true,"href":"https:\/\/semmelweis.hu\/szemeszet\/wp-json\/wp\/v2\/comments?post=281"}],"version-history":[{"count":1,"href":"https:\/\/semmelweis.hu\/szemeszet\/wp-json\/wp\/v2\/pages\/281\/revisions"}],"predecessor-version":[{"id":282,"href":"https:\/\/semmelweis.hu\/szemeszet\/wp-json\/wp\/v2\/pages\/281\/revisions\/282"}],"up":[{"embeddable":true,"href":"https:\/\/semmelweis.hu\/szemeszet\/wp-json\/wp\/v2\/pages\/276"}],"wp:attachment":[{"href":"https:\/\/semmelweis.hu\/szemeszet\/wp-json\/wp\/v2\/media?parent=281"}],"wp:term":[{"taxonomy":"category","embeddable":true,"href":"https:\/\/semmelweis.hu\/szemeszet\/wp-json\/wp\/v2\/categories?post=281"},{"taxonomy":"post_tag","embeddable":true,"href":"https:\/\/semmelweis.hu\/szemeszet\/wp-json\/wp\/v2\/tags?post=281"}],"curies":[{"name":"wp","href":"https:\/\/api.w.org\/{rel}","templated":true}]}}