{"id":279,"date":"2014-03-03T08:08:15","date_gmt":"2014-03-03T08:08:15","guid":{"rendered":"http:\/\/semmelweis.hu\/szemeszet\/?page_id=279"},"modified":"2023-05-03T10:38:35","modified_gmt":"2023-05-03T08:38:35","slug":"szemhejszeli-gyulladas-blepharitis","status":"publish","type":"page","link":"https:\/\/semmelweis.hu\/szemeszet\/a-szem-betegsegei\/szemhejszeli-gyulladas-blepharitis\/","title":{"rendered":"Szemh\u00e9jsz\u00e9li gyullad\u00e1s (blepharitis)"},"content":{"rendered":"<h1>Szemh\u00e9jsz\u00e9li gyullad\u00e1s (blepharitis)<\/h1>\n<p>A blepharitis gyakori megbeteged\u00e9s, mely a szemh\u00e9jsz\u00e9lek gyullad\u00e1s\u00e1val j\u00e1r. T\u00fcnetei \u00e9s form\u00e1i az enyhe megjelen\u00e9st\u0151l a s\u00falyos, \u00e9letmin\u0151s\u00e9get is ront\u00f3 \u00e1llapotig v\u00e1ltozhatnak. A blepharitisnek k\u00e9t t\u00edpus\u00e1t k\u00fcl\u00f6nb\u00f6ztetj\u00fck meg: az el\u00fcls\u0151 \u00e9s h\u00e1tuls\u00f3 szemh\u00e9jsz\u00e9li gyullad\u00e1st. Az el\u00fcls\u0151 szemh\u00e9jsz\u00e9li gyullad\u00e1s a szemh\u00e9j k\u00fcls\u0151, b\u0151r fel\u0151li oldal\u00e1t \u00e9s a szempill\u00e1khoz csatlakoz\u00f3 mirigyeket \u00e9rinti. A gyullad\u00e1s leggyakoribb kiv\u00e1lt\u00f3i a b\u0151r\u00fcnk felsz\u00edn\u00e9n term\u00e9szetesen jelen l\u00e9v\u0151 bakt\u00e9riumok, illetve azok t\u00falszaporod\u00e1sa. A h\u00e1tuls\u00f3 szemh\u00e9jsz\u00e9li gyullad\u00e1s gyakoribb \u00e9s a szemh\u00e9j bels\u0151, mag\u00e1val a szemmel \u00e9s k\u00f6t\u0151h\u00e1rty\u00e1val \u00e9rintkez\u0151 felsz\u00edn\u00e9t \u00e9rinti. Leggyakoribb oka a szemh\u00e9j bels\u0151 felsz\u00edn\u00e9re ny\u00edl\u00f3 -norm\u00e1l \u00e1llapotban h\u00edg, \u00e1tl\u00e1tsz\u00f3 olajos v\u00e1lad\u00e9kot termel\u0151- mirigyek, az \u00fan. Meibom-mirigyek hib\u00e1s m\u0171k\u00f6d\u00e9se.<\/p>\n<p>A szemh\u00e9jsz\u00e9li gyullad\u00e1s leggyakoribb t\u00fcnetei a sz\u00far\u00f3, \u00e9g\u0151, viszket\u0151 \u00e9rz\u00e9s mely esetenk\u00e9nt idegentest \u00e9rz\u00e9s\u00e9vel j\u00e1rhat: \u201eMintha lenne valami a szememben\u201d. Gyakran t\u00e1rsul f\u00e9ny\u00e9rz\u00e9kenys\u00e9ggel, fokozott k\u00f6nnyez\u00e9ssel, azonban meglep\u0151 m\u00f3don szemsz\u00e1razs\u00e1g is k\u00eds\u00e9ri. S\u00falyosabb esetekben a szemh\u00e9jsz\u00e9l v\u00f6r\u00f6ss\u00e9, duzzadtt\u00e1 v\u00e1lik, b\u0151re korp\u00e1z\u00f3an h\u00e1mlik, el\u0151rehaladott form\u00e1ban kisebesedik. A l\u00e1t\u00e1s \u00e1tmenetileg elhom\u00e1lyosulhat, a hom\u00e1lyoss\u00e1g m\u00e9rt\u00e9ke pislog\u00e1skor v\u00e1ltozik. A t\u00fcnetek a reggeli \u00f3r\u00e1kban, \u00e9bred\u00e9s ut\u00e1n a legkifejezettebbek \u00e9s a nap folyam\u00e1n fokozatosan javulhatnak; ellent\u00e9tben a szemsz\u00e1razs\u00e1ggal, mely eset\u00e9n a t\u00fcnetek a nap v\u00e9g\u00e9re l\u00e1ngolnak fel. A szemh\u00e9jsz\u00e9li gyullad\u00e1s s\u00e1rga sz\u00edn\u0171 v\u00e1lad\u00e9koz\u00e1ssal nem j\u00e1r, ink\u00e1bb a feh\u00e9r sz\u00edn\u0171, besz\u00e1radt v\u00e1lad\u00e9k jellemz\u0151 r\u00e1. A tart\u00f3san, kr\u00f3nikusan fenn\u00e1ll\u00f3 blepharitis az \u00e1rp\u00e1k kialakul\u00e1s\u00e1t is el\u0151seg\u00edti.<\/p>\n<p>A szemh\u00e9jsz\u00e9li gyullad\u00e1s gyakrabban t\u00e1rsul bizonyos b\u0151rbetegs\u00e9gekhez (pl. rosacea, dermatitis seborrhoea). A blepharitis mindk\u00e9t form\u00e1j\u00e1nak (el\u00fcls\u0151 \u00e9s h\u00e1tuls\u00f3) kezel\u00e9s\u00e9n\u00e9l els\u0151dleges szerepet kap a szemh\u00e9jsz\u00e9li higi\u00e9nia. Kivitelez\u00e9se egyszer\u0171, otthon is k\u00f6nnyen elv\u00e9gezhetj\u00fck, az al\u00e1bbiak szerint. Meleg vizes borogat\u00e1ssal a szemh\u00e9jsz\u00e9leken felrak\u00f3dott, besz\u00e1radt v\u00e1lad\u00e9kot fel\u00e1ztatjuk, \u00edgy a s\u0171r\u0171 v\u00e1lad\u00e9kukt\u00f3l elz\u00e1r\u00f3dott mirigyek kivezet\u0151 cs\u00f6veit \u00fajra szabadd\u00e1 tehetj\u00fck. Fontos, hogy a borogat\u00e1shoz tiszta, felforralt, majd kellemes meleg h\u0151m\u00e9rs\u00e9klet\u0171re h\u0171t\u00f6tt vizet haszn\u00e1ljunk. \u00d3vakodjunk a b\u0151r leforr\u00e1z\u00e1s\u00e1t\u00f3l \u00e9s ne haszn\u00e1ljunk kamill\u00e1t vagy egy\u00e9b gy\u00f3gyn\u00f6v\u00e9nyes f\u0151zetet, mert ez ut\u00f3bbiak az egy\u00e9bk\u00e9nt is \u00e9rz\u00e9keny b\u0151rt allergiz\u00e1lhatj\u00e1k. A korp\u00e1sod\u00e1sra hajlamosak a borogat\u00e1shoz haszn\u00e1lt v\u00edzbe cseppenthetnek egy-k\u00e9t csepp babasampont. Borogat\u00e1s ut\u00e1n a szemh\u00e9jsz\u00e9leket d\u00f6rzs\u00f6lj\u00fck \u00e1t megnedves\u00edtett vattap\u00e1lc\u00e1val (e c\u00e9lra a kereskedelemben kaphat\u00f3 \u201ef\u00fcltiszt\u00edt\u00f3\u201d vattap\u00e1lca kiv\u00e1l\u00f3an alkalmas). A vattap\u00e1lc\u00e1val k\u00edv\u00fclr\u0151l enyhe nyom\u00e1st, massz\u00e1zst is alkalmazhatunk a szemh\u00e9jsz\u00e9leken, ki\u00fcr\u00edtve a mirigyekb\u0151l a pang\u00f3 v\u00e1lad\u00e9kot.<\/p>\n<p>Mivel a szemh\u00e9jsz\u00e9li gyullad\u00e1s a szemfelsz\u00edn kisz\u00e1rad\u00e1s\u00e1t okozza, a szemsz\u00e1razs\u00e1g egyidej\u0171 kezel\u00e9se is javasolt. Lehet\u0151s\u00e9g szerint konzerv\u00e1l\u00f3szert nem tartalmaz\u00f3, vagy leboml\u00f3 konzerv\u00e1l\u00f3szer tartalm\u00fa m\u0171k\u00f6nny cseppet haszn\u00e1ljunk naponta 3-5 alkalommal. Amennyiben a Meibom-mirigyek nem megfelel\u0151 m\u0171k\u00f6d\u00e9se is diagnosztiz\u00e1l\u00e1sra ker\u00fclt, a k\u00f6nny lipid r\u00e9teg\u00e9t is p\u00f3tl\u00f3 m\u0171k\u00f6nny k\u00e9sz\u00edtm\u00e9ny haszn\u00e1lata javasolt. A m\u0171k\u00f6nny k\u00e9sz\u00edtm\u00e9nyek sokf\u00e9les\u00e9g\u00e9ben k\u00e9szs\u00e9ggel seg\u00edtenek eligazodni a szem\u00e9sz orvosok \u00e9s a gy\u00f3gyszer\u00e9szek.<\/p>\n<p>Enyhe form\u00e1ban a szemh\u00e9jsz\u00e9li higi\u00e9nia betart\u00e1s\u00e1val \u00e9s rendszeres m\u0171k\u00f6nny haszn\u00e1lattal a blepharitis j\u00f3l karban tarthat\u00f3 \u00e1llapot, azonban a kezel\u00e9s elhagy\u00e1s\u00e1val a t\u00fcnetek ism\u00e9t fell\u00e1ngolhatnak. S\u00falyos form\u00e1ban kieg\u00e9sz\u00edt\u0151 kezel\u00e9sre lehet sz\u00fcks\u00e9g, melyet szakorvosi vizsg\u00e1lat ut\u00e1n a szem\u00e9sz orvos rendel el. A kezel\u00e9s antibiotikum \u00e9s kortikoszteroid tartalm\u00fa szemcseppek \u00e9s ken\u0151cs\u00f6k \u00e1tmeneti alkalmaz\u00e1s\u00e1n alapul. Fontos tudni, hogy ezen k\u00e9sz\u00edtm\u00e9nyek tart\u00f3s alkalmaz\u00e1sa nem javasolt. Kontrollvizsg\u00e1latok alkalm\u00e1val a ter\u00e1pi\u00e1t elrendel\u0151 szem\u00e9szorvos k\u00f6veti a kezel\u00e9s hat\u00e1soss\u00e1g\u00e1t. A heves gyullad\u00e1s megsz\u0171n\u00e9s\u00e9vel a kezel\u0151orvos ism\u00e9t szemh\u00e9jsz\u00e9li higi\u00e9n\u00e9 betart\u00e1s\u00e1t \u00e9s rendszeres m\u0171k\u00f6nny haszn\u00e1latot javasol.<\/p>\n","protected":false},"excerpt":{"rendered":"<p>Szemh\u00e9jsz\u00e9li gyullad\u00e1s (blepharitis) A blepharitis gyakori megbeteged\u00e9s, mely a szemh\u00e9jsz\u00e9lek gyullad\u00e1s\u00e1val j\u00e1r. T\u00fcnetei \u00e9s form\u00e1i az enyhe megjelen\u00e9st\u0151l a s\u00falyos, \u00e9letmin\u0151s\u00e9get is ront\u00f3 \u00e1llapotig v\u00e1ltozhatnak. A blepharitisnek k\u00e9t t\u00edpus\u00e1t k\u00fcl\u00f6nb\u00f6ztetj\u00fck meg: az el\u00fcls\u0151 \u00e9s h\u00e1tuls\u00f3 szemh\u00e9jsz\u00e9li gyullad\u00e1st. Az el\u00fcls\u0151 szemh\u00e9jsz\u00e9li gyullad\u00e1s a szemh\u00e9j k\u00fcls\u0151, b\u0151r fel\u0151li oldal\u00e1t \u00e9s a szempill\u00e1khoz csatlakoz\u00f3 mirigyeket \u00e9rinti. A gyullad\u00e1s &hellip;<\/p>\n","protected":false},"author":178,"featured_media":0,"parent":276,"menu_order":0,"comment_status":"open","ping_status":"open","template":"","meta":{"_acf_changed":false,"footnotes":""},"categories":[],"tags":[],"class_list":["post-279","page","type-page","status-publish","hentry"],"acf":[],"_links":{"self":[{"href":"https:\/\/semmelweis.hu\/szemeszet\/wp-json\/wp\/v2\/pages\/279","targetHints":{"allow":["GET"]}}],"collection":[{"href":"https:\/\/semmelweis.hu\/szemeszet\/wp-json\/wp\/v2\/pages"}],"about":[{"href":"https:\/\/semmelweis.hu\/szemeszet\/wp-json\/wp\/v2\/types\/page"}],"author":[{"embeddable":true,"href":"https:\/\/semmelweis.hu\/szemeszet\/wp-json\/wp\/v2\/users\/178"}],"replies":[{"embeddable":true,"href":"https:\/\/semmelweis.hu\/szemeszet\/wp-json\/wp\/v2\/comments?post=279"}],"version-history":[{"count":2,"href":"https:\/\/semmelweis.hu\/szemeszet\/wp-json\/wp\/v2\/pages\/279\/revisions"}],"predecessor-version":[{"id":1989,"href":"https:\/\/semmelweis.hu\/szemeszet\/wp-json\/wp\/v2\/pages\/279\/revisions\/1989"}],"up":[{"embeddable":true,"href":"https:\/\/semmelweis.hu\/szemeszet\/wp-json\/wp\/v2\/pages\/276"}],"wp:attachment":[{"href":"https:\/\/semmelweis.hu\/szemeszet\/wp-json\/wp\/v2\/media?parent=279"}],"wp:term":[{"taxonomy":"category","embeddable":true,"href":"https:\/\/semmelweis.hu\/szemeszet\/wp-json\/wp\/v2\/categories?post=279"},{"taxonomy":"post_tag","embeddable":true,"href":"https:\/\/semmelweis.hu\/szemeszet\/wp-json\/wp\/v2\/tags?post=279"}],"curies":[{"name":"wp","href":"https:\/\/api.w.org\/{rel}","templated":true}]}}