{"id":2153,"date":"2024-06-07T14:15:59","date_gmt":"2024-06-07T12:15:59","guid":{"rendered":"https:\/\/semmelweis.hu\/szemeszet\/?page_id=2153"},"modified":"2024-06-14T08:14:31","modified_gmt":"2024-06-14T06:14:31","slug":"gdpr","status":"publish","type":"page","link":"https:\/\/semmelweis.hu\/szemeszet\/betegellatas\/gdpr\/","title":{"rendered":"GDPR"},"content":{"rendered":"<div dir=\"ltr\">\n<div>A Semmelweis Egyetem Szem\u00e9szeti Klinik\u00e1j\u00e1nak adatkezel\u00e9s\u00e9vel kapcsolatos feladatai:<\/div>\n<div>\u00a0<\/div>\n<ul>\n<li><a href=\"https:\/\/semmelweis.hu\/szemeszet\/files\/2024\/06\/Adatkezelesi-tajekoztato.pdf\" target=\"_blank\" rel=\"noopener\">Adatkezel\u00e9si t\u00e1j\u00e9koztat\u00f3<\/a><\/li>\n<li><a href=\"https:\/\/semmelweis.hu\/szemeszet\/files\/2024\/06\/Jaro-es-fekvobeteg-ellatas.pdf\" target=\"_blank\" rel=\"noopener\">J\u00e1r\u00f3 \u00e9s fekv\u0151beteg ell\u00e1t\u00e1s<\/a><\/li>\n<li><a href=\"https:\/\/semmelweis.hu\/szemeszet\/files\/2024\/06\/Szakkepzes.pdf\" target=\"_blank\" rel=\"noopener\">Szakk\u00e9pz\u00e9s<\/a><\/li>\n<li><a href=\"https:\/\/semmelweis.hu\/szemeszet\/files\/2024\/06\/Tovabbkepzes.pdf\" target=\"_blank\" rel=\"noopener\">Tov\u00e1bbk\u00e9pz\u00e9s<\/a><\/li>\n<li><a href=\"https:\/\/semmelweis.hu\/szemeszet\/files\/2024\/06\/Tudomanyos-kutatas.pdf\" target=\"_blank\" rel=\"noopener\">Tudom\u00e1nyos kutat\u00e1s<\/a><\/li>\n<li><a href=\"https:\/\/semmelweis.hu\/szemeszet\/files\/2024\/06\/Titkarsag_munkavallaloi-adatok.pdf\" target=\"_blank\" rel=\"noopener\">Titk\u00e1rs\u00e1g, munkav\u00e1llal\u00f3i adatok<\/a>\u00a0<\/li>\n<\/ul>\n<\/div>\n","protected":false},"excerpt":{"rendered":"<p>A Semmelweis Egyetem Szem\u00e9szeti Klinik\u00e1j\u00e1nak adatkezel\u00e9s\u00e9vel kapcsolatos feladatai:<br \/>\n\u00a0<\/p>\n<p><a href=\"https:\/\/semmelweis.hu\/szemeszet\/files\/2024\/06\/Adatkezelesi-tajekoztato.pdf\" target=\"_blank\" rel=\"noopener\">Adatkezel\u00e9si t\u00e1j\u00e9koztat\u00f3<\/a><br \/>\n<a href=\"https:\/\/semmelweis.hu\/szemeszet\/files\/2024\/06\/Jaro-es-fekvobeteg-ellatas.pdf\" target=\"_blank\" rel=\"noopener\">J\u00e1r\u00f3 \u00e9s fekv\u0151beteg ell\u00e1t\u00e1s<\/a><br \/>\n<a href=\"https:\/\/semmelweis.hu\/szemeszet\/files\/2024\/06\/Szakkepzes.pdf\" target=\"_blank\" rel=\"noopener\">Szakk\u00e9pz\u00e9s<\/a><br \/>\n<a href=\"https:\/\/semmelweis.hu\/szemeszet\/files\/2024\/06\/Tovabbkepzes.pdf\" target=\"_blank\" rel=\"noopener\">Tov\u00e1bbk\u00e9pz\u00e9s<\/a><br \/>\n<a href=\"https:\/\/semmelweis.hu\/szemeszet\/files\/2024\/06\/Tudomanyos-kutatas.pdf\" target=\"_blank\" rel=\"noopener\">Tudom\u00e1nyos kutat\u00e1s<\/a><br \/>\n<a href=\"https:\/\/semmelweis.hu\/szemeszet\/files\/2024\/06\/Titkarsag_munkavallaloi-adatok.pdf\" target=\"_blank\" rel=\"noopener\">Titk\u00e1rs\u00e1g, munkav\u00e1llal\u00f3i adatok<\/a>\u00a0<\/p>\n","protected":false},"author":178,"featured_media":0,"parent":1570,"menu_order":5,"comment_status":"closed","ping_status":"closed","template":"","meta":{"_acf_changed":false,"footnotes":""},"categories":[],"tags":[],"class_list":["post-2153","page","type-page","status-publish","hentry"],"acf":[],"_links":{"self":[{"href":"https:\/\/semmelweis.hu\/szemeszet\/wp-json\/wp\/v2\/pages\/2153","targetHints":{"allow":["GET"]}}],"collection":[{"href":"https:\/\/semmelweis.hu\/szemeszet\/wp-json\/wp\/v2\/pages"}],"about":[{"href":"https:\/\/semmelweis.hu\/szemeszet\/wp-json\/wp\/v2\/types\/page"}],"author":[{"embeddable":true,"href":"https:\/\/semmelweis.hu\/szemeszet\/wp-json\/wp\/v2\/users\/178"}],"replies":[{"embeddable":true,"href":"https:\/\/semmelweis.hu\/szemeszet\/wp-json\/wp\/v2\/comments?post=2153"}],"version-history":[{"count":5,"href":"https:\/\/semmelweis.hu\/szemeszet\/wp-json\/wp\/v2\/pages\/2153\/revisions"}],"predecessor-version":[{"id":2172,"href":"https:\/\/semmelweis.hu\/szemeszet\/wp-json\/wp\/v2\/pages\/2153\/revisions\/2172"}],"up":[{"embeddable":true,"href":"https:\/\/semmelweis.hu\/szemeszet\/wp-json\/wp\/v2\/pages\/1570"}],"wp:attachment":[{"href":"https:\/\/semmelweis.hu\/szemeszet\/wp-json\/wp\/v2\/media?parent=2153"}],"wp:term":[{"taxonomy":"category","embeddable":true,"href":"https:\/\/semmelweis.hu\/szemeszet\/wp-json\/wp\/v2\/categories?post=2153"},{"taxonomy":"post_tag","embeddable":true,"href":"https:\/\/semmelweis.hu\/szemeszet\/wp-json\/wp\/v2\/tags?post=2153"}],"curies":[{"name":"wp","href":"https:\/\/api.w.org\/{rel}","templated":true}]}}