{"id":1990,"date":"2023-05-03T14:38:48","date_gmt":"2023-05-03T12:38:48","guid":{"rendered":"https:\/\/semmelweis.hu\/szemeszet\/?page_id=1990"},"modified":"2025-12-05T15:13:31","modified_gmt":"2025-12-05T14:13:31","slug":"alapitvany","status":"publish","type":"page","link":"https:\/\/semmelweis.hu\/szemeszet\/altalanos-informaciok\/alapitvany\/","title":{"rendered":"Alap\u00edtv\u00e1ny"},"content":{"rendered":"<h1 style=\"text-align: center\">Szem\u00fcnk Vil\u00e1g\u00e1\u00e9rt Alap\u00edtv\u00e1ny<\/h1>\n<p>Az alap\u00edtv\u00e1ny c\u00e9lja el\u0151seg\u00edteni a szem\u00e9szet tudom\u00e1ny fejl\u0151d\u00e9s\u00e9t, orvostanhallgat\u00f3k, szem\u00e9szeti szakdolgoz\u00f3k, szem\u00e9sz szakorvosjel\u00f6ltek, szem\u00e9sz szakorvosok szakmai \u00e9s tudom\u00e1nyos fejl\u0151d\u00e9s\u00e9t, oktat\u00e1s\u00e1t, betegs\u00e9gmegel\u0151z\u00e9st, a Semmelweis Egyetem Szem\u00e9szeti Klinika magas szint\u0171 gy\u00f3gy\u00edt\u00f3 \u00e9s tudom\u00e1nyos \u00e9s oktat\u00e1si tev\u00e9kenys\u00e9g\u00e9t.\u00a0<\/p>\n<div class=\"keretes w-100\">\n<h6 style=\"text-align: center\"><strong>K\u00e9rj\u00fck, t\u00e1mogassa Alap\u00edtv\u00e1nyunk munk\u00e1j\u00e1t ad\u00f3ja 1 %-nak felaj\u00e1nl\u00e1s\u00e1val!<\/strong><\/h6>\n<h3 style=\"text-align: center\">Szem\u00fcnk Vil\u00e1g\u00e1\u00e9rt Alap\u00edtv\u00e1ny<\/h3>\n<h6 style=\"text-align: center\"><strong>Ad\u00f3sz\u00e1m: 18048872-1-42<\/strong><\/h6>\n<\/div>\n<h4 style=\"text-align: center\"><strong>Konkr\u00e9t tev\u00e9kenys\u00e9g A c\u00e9lok magval\u00f3s\u00edt\u00e1s\u00e1\u00e9rt a Szem\u00e9szeti Klinik\u00e1n:<\/strong><\/h4>\n<ul>\n<li>a magas szint\u0171 betegell\u00e1t\u00e1shoz sz\u00fcks\u00e9ges m\u0171t\u00e9ti, diagnosztikai eszk\u00f6z\u00f6k beszerz\u00e9se<\/li>\n<li>a tudom\u00e1nyos kutat\u00e1s, fejleszt\u00e9s t\u00e1mogat\u00e1sa<\/li>\n<li>tov\u00e1bbk\u00e9pz\u00e9sek t\u00e1mogat\u00e1sa \u00e9s szervez\u00e9se szem\u00e9sz szakorvosjel\u00f6ltek \u00e9s szem\u00e9sz szakorvosok sz\u00e1m\u00e1ra<\/li>\n<li>szem\u00e9sz szakorvosok \u00e9s szakorvosjel\u00f6ltek r\u00e9szv\u00e9tel\u00e9nek t\u00e1mogat\u00e1sa hazai \u00e9s k\u00fclf\u00f6ldi kongresszusokon,<\/li>\n<li>szakmai k\u00f6zlem\u00e9nyek, oktat\u00f3 kiadv\u00e1nyok megjelen\u00e9s\u00e9nek t\u00e1mogat\u00e1sa.<\/li>\n<\/ul>\n<div class=\"keretes w-100\">\n<h4 style=\"text-align: center\"><strong>\u00c1ltal\u00e1nos inform\u00e1ci\u00f3k<\/strong><\/h4>\n<p>C\u00edm: 1085 Budapest, M\u00e1ria u. 39.<br \/>\nBanksz\u00e1mlasz\u00e1m: OTP Bank Nyrt.\u00a0 11708001-20370594<br \/>\nIBAN (nemzetk\u00f6zi banksz\u00e1mlasz\u00e1m): HU89117080012037059400000000<\/p>\n<p>SWIFT k\u00f3d: OTPVHUHB<br \/>\nF\u0151v\u00e1rosi T\u00f6rv\u00e9nysz\u00e9k nyilv\u00e1ntart\u00e1si sorsz\u00e1m:01-01-003989<br \/>\nAd\u00f3sz\u00e1m: 18048872-1-42<\/p>\n<h4><strong>Kapcsolat<\/strong><\/h4>\n<p>K\u00e9pvisel\u0151: Prof. Dr. Nagy Zolt\u00e1n Zsolt<\/p>\n<\/div>\n<h1 style=\"text-align: center\"><span data-olk-copy-source=\"MessageBody\">M\u00e1ria utcai Szem\u00e9szeti Klinika Bar\u00e1tai Alap\u00edtv\u00e1ny<\/span><\/h1>\n<p>Az alap\u00edtv\u00e1ny c\u00e9lja el\u0151seg\u00edteni a szem\u00e9szet tudom\u00e1ny fejl\u0151d\u00e9s\u00e9t, orvostanhallgat\u00f3k, szem\u00e9szeti szakdolgoz\u00f3k, szem\u00e9sz szakorvosjel\u00f6ltek, szem\u00e9sz szakorvosok szakmai \u00e9s tudom\u00e1nyos fejl\u0151d\u00e9s\u00e9t, oktat\u00e1s\u00e1t, betegs\u00e9gmegel\u0151z\u00e9st, a Semmelweis Egyetem Szem\u00e9szeti Klinika magas szint\u0171 gy\u00f3gy\u00edt\u00f3 \u00e9s tudom\u00e1nyos \u00e9s oktat\u00e1si tev\u00e9kenys\u00e9g\u00e9t.\u00a0<\/p>\n<div class=\"keretes w-100\">\n<h6 style=\"text-align: center\"><strong>K\u00e9rj\u00fck, t\u00e1mogassa Alap\u00edtv\u00e1nyunk munk\u00e1j\u00e1t ad\u00f3ja 1 %-nak felaj\u00e1nl\u00e1s\u00e1val!<\/strong><\/h6>\n<h3 style=\"text-align: center\"><span data-olk-copy-source=\"MessageBody\">M\u00e1ria utcai Szem\u00e9szeti Klinika Bar\u00e1tai Alap\u00edtv\u00e1ny<\/span><\/h3>\n<h6 style=\"text-align: center\"><strong>Ad\u00f3sz\u00e1m: 18515372-1-42<\/strong><\/h6>\n<\/div>\n<div class=\"keretes w-100\">\n<h4 style=\"text-align: center\"><strong>\u00c1ltal\u00e1nos inform\u00e1ci\u00f3k<\/strong><\/h4>\n<p>C\u00edm: 1085 Budapest, M\u00e1ria u. 39.<br \/>\nBanksz\u00e1mlasz\u00e1m: <span data-olk-copy-source=\"MessageBody\">Raiffeisen Bank 12010855-01389728-00100009<\/span><br \/>\nIBAN (nemzetk\u00f6zi banksz\u00e1mlasz\u00e1m): <span data-olk-copy-source=\"MessageBody\">HU82 1201 0855 0138 9728 0010 0009<\/span><\/p>\n<p class=\"x_MsoNormal\"><span data-olk-copy-source=\"MessageBody\">F\u0151v\u00e1rosi T\u00f6rv\u00e9nysz\u00e9k nyilv\u00e1ntart\u00e1si sorsz\u00e1m: 11775<\/span><\/p>\n<p class=\"x_MsoNormal\">Nyilv\u00e1ntart\u00e1sba v\u00e9tel d\u00e1tuma: 2013. j\u00falius 1.<\/p>\n<p class=\"x_MsoNormal\">F\u0151v\u00e1rosi T\u00f6rv\u00e9nysz\u00e9k V\u00e9gz\u00e9s sz\u00e1ma: 11.Pk. 60.291\/2013\/3.<\/p>\n<p class=\"x_MsoNormal\">Ad\u00f3sz\u00e1m: 18515372-1-42<\/p>\n<p class=\"x_MsoNormal\">Statisztikai sz\u00e1mjel: 18515372-8690-569-01<\/p>\n<h4><strong>Kapcsolat<\/strong><\/h4>\n<p><span data-olk-copy-source=\"MessageBody\">Kurat\u00f3rium eln\u00f6ke: Jeges Andr\u00e1s<\/span><\/p>\n<\/div>\n","protected":false},"excerpt":{"rendered":"<p>Szem\u00fcnk Vil\u00e1g\u00e1\u00e9rt Alap\u00edtv\u00e1ny Az alap\u00edtv\u00e1ny c\u00e9lja el\u0151seg\u00edteni a szem\u00e9szet tudom\u00e1ny fejl\u0151d\u00e9s\u00e9t, orvostanhallgat\u00f3k, szem\u00e9szeti szakdolgoz\u00f3k, szem\u00e9sz szakorvosjel\u00f6ltek, szem\u00e9sz szakorvosok szakmai \u00e9s tudom\u00e1nyos fejl\u0151d\u00e9s\u00e9t, oktat\u00e1s\u00e1t, betegs\u00e9gmegel\u0151z\u00e9st, a Semmelweis Egyetem Szem\u00e9szeti Klinika magas szint\u0171 gy\u00f3gy\u00edt\u00f3 \u00e9s tudom\u00e1nyos \u00e9s oktat\u00e1si tev\u00e9kenys\u00e9g\u00e9t.\u00a0 K\u00e9rj\u00fck, t\u00e1mogassa Alap\u00edtv\u00e1nyunk munk\u00e1j\u00e1t ad\u00f3ja 1 %-nak felaj\u00e1nl\u00e1s\u00e1val! Szem\u00fcnk Vil\u00e1g\u00e1\u00e9rt Alap\u00edtv\u00e1ny Ad\u00f3sz\u00e1m: 18048872-1-42 Konkr\u00e9t tev\u00e9kenys\u00e9g A c\u00e9lok magval\u00f3s\u00edt\u00e1s\u00e1\u00e9rt &hellip;<\/p>\n","protected":false},"author":12,"featured_media":0,"parent":7,"menu_order":5,"comment_status":"closed","ping_status":"closed","template":"","meta":{"_acf_changed":false,"footnotes":""},"categories":[],"tags":[],"class_list":["post-1990","page","type-page","status-publish","hentry"],"acf":[],"_links":{"self":[{"href":"https:\/\/semmelweis.hu\/szemeszet\/wp-json\/wp\/v2\/pages\/1990","targetHints":{"allow":["GET"]}}],"collection":[{"href":"https:\/\/semmelweis.hu\/szemeszet\/wp-json\/wp\/v2\/pages"}],"about":[{"href":"https:\/\/semmelweis.hu\/szemeszet\/wp-json\/wp\/v2\/types\/page"}],"author":[{"embeddable":true,"href":"https:\/\/semmelweis.hu\/szemeszet\/wp-json\/wp\/v2\/users\/12"}],"replies":[{"embeddable":true,"href":"https:\/\/semmelweis.hu\/szemeszet\/wp-json\/wp\/v2\/comments?post=1990"}],"version-history":[{"count":8,"href":"https:\/\/semmelweis.hu\/szemeszet\/wp-json\/wp\/v2\/pages\/1990\/revisions"}],"predecessor-version":[{"id":2206,"href":"https:\/\/semmelweis.hu\/szemeszet\/wp-json\/wp\/v2\/pages\/1990\/revisions\/2206"}],"up":[{"embeddable":true,"href":"https:\/\/semmelweis.hu\/szemeszet\/wp-json\/wp\/v2\/pages\/7"}],"wp:attachment":[{"href":"https:\/\/semmelweis.hu\/szemeszet\/wp-json\/wp\/v2\/media?parent=1990"}],"wp:term":[{"taxonomy":"category","embeddable":true,"href":"https:\/\/semmelweis.hu\/szemeszet\/wp-json\/wp\/v2\/categories?post=1990"},{"taxonomy":"post_tag","embeddable":true,"href":"https:\/\/semmelweis.hu\/szemeszet\/wp-json\/wp\/v2\/tags?post=1990"}],"curies":[{"name":"wp","href":"https:\/\/api.w.org\/{rel}","templated":true}]}}