{"id":1795,"date":"2023-04-04T12:42:56","date_gmt":"2023-04-04T10:42:56","guid":{"rendered":"https:\/\/semmelweis.hu\/szemeszet\/?page_id=1795"},"modified":"2023-04-27T15:21:54","modified_gmt":"2023-04-27T13:21:54","slug":"vilmos-schulek-ophthalmologische-bibliothek","status":"publish","type":"page","link":"https:\/\/semmelweis.hu\/szemeszet\/de\/vilmos-schulek-ophthalmologische-bibliothek\/","title":{"rendered":"Vilmos Schulek Ophthalmologische Bibliothek"},"content":{"rendered":"<h3>Dienstleistungen:<\/h3>\n<p><strong>Der Ausleihservice der Bibliothek<\/strong> steht nur den Mitarbeitern der Klinik zur Verf\u00fcgung, Studenten k\u00f6nnen unter der <strong>Verantwortung einer Auskunftsperson<\/strong> f\u00fcr ihre Diplomarbeit oder Forschungsarbeit ausleihen, und die Bibliothek erf\u00fcllt auch Fernleihbestellungen.<\/p>\n<p>Die Bibliothek bietet Fotokopier- und Scandienstleistungen unter Einhaltung der geltenden Urheberrechtsbestimmungen an, aber <strong>Doktorarbeiten, Dissertationen und Rektoratsarbeiten k\u00f6nnen nur eingesehen und nicht kopiert werden<\/strong>. Die Bibliothek verf\u00fcgt \u00fcber einen Computer mit Internetzugang f\u00fcr die Nutzung der Datenbanken und f\u00fcr die eigenst\u00e4ndige Recherche.<\/p>\n<p>Die Bibliothek bietet auch einen repr\u00e4sentativen <strong>Rahmen f\u00fcr klinische Veranstaltungen, Sitzungen und Vortr\u00e4ge. <\/strong><\/p>\n<h3>Sammlung:<\/h3>\n<p>Die Entwicklung der Bibliothekssammlung in einem integrierten Bibliothekssystem begann im Fr\u00fchjahr 2013. Der Bestand der Bibliothek umfasst mehr als <strong>9.000 B\u00e4nde ophthalmologischer B\u00fccher<\/strong> und mehr als <strong>4.000 gebundene Zeitschriften<\/strong> sowie Lehrplanzeitschriften.<\/p>\n<p>2014 hat die Bibliothek <strong>11 fremdsprachige und 2 ungarische Zeitschriften abonniert<\/strong>, von denen mehrere Titel online in elektronischer Form verf\u00fcgbar sind. Die Sammlung umfasst auch seltene B\u00fccher aus dem 17. und 19. Jahrhundert. Die Bibliothek sammelt auch <strong>Diplomarbeiten, Dissertationen und Rektoratsarbeiten<\/strong> von Studenten.<\/p>\n<p>Der Bestand der Bibliothek kann \u00fcber den Katalog der Zentralbibliothek unter <a href=\"http:\/\/hunteka.lib.semmelweis.hu\/\">http:\/\/hunteka.lib.semmelweis.hu\/<\/a> durchsucht werden.<\/p>\n<h3>\u00dcber die Bibliothek:<\/h3>\n<p><strong>1888 gr\u00fcndete Vilmos Schulek einen Fonds zur Unterst\u00fctzung des Betriebs der ophthalmologischen Bibliothek<\/strong>, so dass die Bibliothek auf dieses Datum datiert werden kann. Noch w\u00e4hrend der Professur von Emil Gr\u00f3sz wurde die Bibliothek nach Schulek benannt, <strong>offiziell geschah dies jedoch erst 2013. <\/strong><\/p>\n<p>Die Bibliothek umfasst die Sammlungen der Augenklinik Nr. I in der T\u00f6m\u0151-Stra\u00dfe und der Augenklinik Nr. II in der M\u00e1ria-Stra\u00dfe, die bis 2013 parallel betrieben wurden. <strong>Die Bibliothek besteht aus zwei R\u00e4umen und ist mit historischem Mobiliar ausgestattet<\/strong>, das aus dem urspr\u00fcnglichen Mobiliar der Klinik in der M\u00e1ria-Stra\u00dfe aus dem <strong>Jahr 1908<\/strong> stammt, das nat\u00fcrlich sorgf\u00e4ltig restauriert worden ist.<\/p>\n<p>Der kleinere Raum ist eine <strong>Art Schulek-Gedenkraum<\/strong>, in dem dekorative Briefe zu Vilmos Schulek ausgestellt sind.<\/p>\n\r\n        [slb_exclude]\r\n        <div class=\"row galeria-wrapper mx-0 h-auto\">\r\n            <div class=\"col-9 pl-0 pr-2\">\r\n            <span class=\"gallery-item frame\">\r\n\t\t\t\t<div class=\"galeria-left-img\"><a href=\"https:\/\/semmelweis.hu\/szemeszet\/files\/2023\/03\/2013_konyvtar_8793-vizjellel-scaled.jpg\"><img src=https:\/\/semmelweis.hu\/szemeszet\/files\/2023\/03\/2013_konyvtar_8793-vizjellel-scaled.jpg  \r\n                            alt=\"\" \r\n                            class=\"attachment-sote-gallery-big size-sote-gallery-big\" \r\n                            srcset=\"https:\/\/semmelweis.hu\/szemeszet\/files\/2023\/03\/2013_konyvtar_8793-vizjellel-300x200.jpg 300w, https:\/\/semmelweis.hu\/szemeszet\/files\/2023\/03\/2013_konyvtar_8793-vizjellel-1024x683.jpg 1024w, https:\/\/semmelweis.hu\/szemeszet\/files\/2023\/03\/2013_konyvtar_8793-vizjellel-768x512.jpg 768w, https:\/\/semmelweis.hu\/szemeszet\/files\/2023\/03\/2013_konyvtar_8793-vizjellel-450x300.jpg 450w, https:\/\/semmelweis.hu\/szemeszet\/files\/2023\/03\/2013_konyvtar_8793-vizjellel-1536x1024.jpg 1536w, https:\/\/semmelweis.hu\/szemeszet\/files\/2023\/03\/2013_konyvtar_8793-vizjellel-2048x1365.jpg 2048w\" ><\/a><\/div>\r\n            <\/span>\r\n\r\n            <\/div>\r\n\r\n\t\t\t<div class=\"col-3 pl-0 pr-0\">\r\n\t\t\t\t<div class=\"galeria-right-img d-flex justify-content-between flex-column h-100 w-100 px-0 mx-0 \">\r\n                <div class=\"galeria-box\">\r\n\t\t\t\t\t<h3 class=\"galeria-title\">Gal\u00e9ria<\/h3>\r\n\t\t\t\t\t<div class=\"galeria-subtitle\">\r\n\r\n\t\t\t\t\t\t<div class=\"galeria-page-counter\"><span>3<\/span>k\u00e9p<\/div>\r\n                    <\/div> <\/div>\r\n                    <span class=\"gallery-item frame d-none d-md-flex\">\r\n\t\t\t\t\t<div class=\"galeria-small-img mt-0\"><a href=\"https:\/\/semmelweis.hu\/szemeszet\/files\/2023\/03\/2013_konyvtar_8815-vizjellel-scaled.jpg\"><img src=https:\/\/semmelweis.hu\/szemeszet\/files\/2023\/03\/2013_konyvtar_8815-vizjellel-scaled.jpg \r\n                                alt=\"\"  \r\n                                class=\"attachment-sote-gallery-small size-sote-gallery-small\" \r\n                                srcset=\"https:\/\/semmelweis.hu\/szemeszet\/files\/2023\/03\/2013_konyvtar_8815-vizjellel-300x200.jpg 300w, https:\/\/semmelweis.hu\/szemeszet\/files\/2023\/03\/2013_konyvtar_8815-vizjellel-1024x683.jpg 1024w, https:\/\/semmelweis.hu\/szemeszet\/files\/2023\/03\/2013_konyvtar_8815-vizjellel-768x512.jpg 768w, https:\/\/semmelweis.hu\/szemeszet\/files\/2023\/03\/2013_konyvtar_8815-vizjellel-450x300.jpg 450w, https:\/\/semmelweis.hu\/szemeszet\/files\/2023\/03\/2013_konyvtar_8815-vizjellel-1536x1024.jpg 1536w, https:\/\/semmelweis.hu\/szemeszet\/files\/2023\/03\/2013_konyvtar_8815-vizjellel-2048x1365.jpg 2048w\" ><\/a><\/div>\r\n                    <\/span>\r\n                    <span class=\"gallery-item frame d-none d-md-flex\">\r\n\t\t\t\t\t<div class=\"galeria-small-img mt-0\"><a href=\"https:\/\/semmelweis.hu\/szemeszet\/files\/2023\/03\/2013_konyvtar_8817-vijellel-scaled.jpg\"><img src=https:\/\/semmelweis.hu\/szemeszet\/files\/2023\/03\/2013_konyvtar_8817-vijellel-scaled.jpg \r\n                                alt=\"\" \r\n                                class=\"attachment-sote-gallery-small size-sote-gallery-small\" \r\n                                srcset=\"https:\/\/semmelweis.hu\/szemeszet\/files\/2023\/03\/2013_konyvtar_8817-vijellel-300x200.jpg 300w, https:\/\/semmelweis.hu\/szemeszet\/files\/2023\/03\/2013_konyvtar_8817-vijellel-1024x683.jpg 1024w, https:\/\/semmelweis.hu\/szemeszet\/files\/2023\/03\/2013_konyvtar_8817-vijellel-768x512.jpg 768w, https:\/\/semmelweis.hu\/szemeszet\/files\/2023\/03\/2013_konyvtar_8817-vijellel-450x300.jpg 450w, https:\/\/semmelweis.hu\/szemeszet\/files\/2023\/03\/2013_konyvtar_8817-vijellel-1536x1024.jpg 1536w, https:\/\/semmelweis.hu\/szemeszet\/files\/2023\/03\/2013_konyvtar_8817-vijellel-2048x1365.jpg 2048w\" ><\/a><\/div>\r\n                    <\/span>\r\n\r\n                <\/div>\r\n\r\n            <\/div>\r\n\r\n            \r\n            <\/div>\r\n\r\n            [\/slb_exclude]\r\n\t\n","protected":false},"excerpt":{"rendered":"<p>Dienstleistungen: Der Ausleihservice der Bibliothek steht nur den Mitarbeitern der Klinik zur Verf\u00fcgung, Studenten k\u00f6nnen unter der Verantwortung einer Auskunftsperson f\u00fcr ihre Diplomarbeit oder Forschungsarbeit ausleihen, und die Bibliothek erf\u00fcllt auch Fernleihbestellungen. Die Bibliothek bietet Fotokopier- und Scandienstleistungen unter Einhaltung der geltenden Urheberrechtsbestimmungen an, aber Doktorarbeiten, Dissertationen und Rektoratsarbeiten k\u00f6nnen nur eingesehen und nicht kopiert &hellip;<\/p>\n","protected":false},"author":178,"featured_media":0,"parent":0,"menu_order":2,"comment_status":"closed","ping_status":"closed","template":"template-fullwidth.php","meta":{"_acf_changed":false,"footnotes":""},"categories":[],"tags":[],"class_list":["post-1795","page","type-page","status-publish","hentry"],"acf":[],"_links":{"self":[{"href":"https:\/\/semmelweis.hu\/szemeszet\/wp-json\/wp\/v2\/pages\/1795","targetHints":{"allow":["GET"]}}],"collection":[{"href":"https:\/\/semmelweis.hu\/szemeszet\/wp-json\/wp\/v2\/pages"}],"about":[{"href":"https:\/\/semmelweis.hu\/szemeszet\/wp-json\/wp\/v2\/types\/page"}],"author":[{"embeddable":true,"href":"https:\/\/semmelweis.hu\/szemeszet\/wp-json\/wp\/v2\/users\/178"}],"replies":[{"embeddable":true,"href":"https:\/\/semmelweis.hu\/szemeszet\/wp-json\/wp\/v2\/comments?post=1795"}],"version-history":[{"count":4,"href":"https:\/\/semmelweis.hu\/szemeszet\/wp-json\/wp\/v2\/pages\/1795\/revisions"}],"predecessor-version":[{"id":1944,"href":"https:\/\/semmelweis.hu\/szemeszet\/wp-json\/wp\/v2\/pages\/1795\/revisions\/1944"}],"wp:attachment":[{"href":"https:\/\/semmelweis.hu\/szemeszet\/wp-json\/wp\/v2\/media?parent=1795"}],"wp:term":[{"taxonomy":"category","embeddable":true,"href":"https:\/\/semmelweis.hu\/szemeszet\/wp-json\/wp\/v2\/categories?post=1795"},{"taxonomy":"post_tag","embeddable":true,"href":"https:\/\/semmelweis.hu\/szemeszet\/wp-json\/wp\/v2\/tags?post=1795"}],"curies":[{"name":"wp","href":"https:\/\/api.w.org\/{rel}","templated":true}]}}