{"id":1789,"date":"2023-04-04T12:28:23","date_gmt":"2023-04-04T10:28:23","guid":{"rendered":"https:\/\/semmelweis.hu\/szemeszet\/?page_id=1789"},"modified":"2023-04-27T15:53:13","modified_gmt":"2023-04-27T13:53:13","slug":"berufliche-profile","status":"publish","type":"page","link":"https:\/\/semmelweis.hu\/szemeszet\/de\/allgemeine-informationen\/berufliche-profile\/","title":{"rendered":"Berufliche Profile"},"content":{"rendered":"<ul>\n<li>Alle Arten der Chirurgie bei Erkrankungen der Tr\u00e4nenorgane, der Augenlider und des Augapfels (Phakoemulsifikation mit Implantation einer Kunstlinse, Hornhauttransplantation, Glaukomchirurgie, Neuroplastik und Glask\u00f6rperchirurgie, plastische Chirurgie)<\/li>\n<li>Kinderaugenheilkunde (Diagnostik und Chirurgie des Schielens, des angeborenen Grauen Stars und anderer St\u00f6rungen, Behandlung der Fr\u00fchgeborenen-Retinopathie)<\/li>\n<li>Konservative und chirurgische Behandlung von Erkrankungen der Hornhaut und der Augenoberfl\u00e4che<\/li>\n<li>Glaukomdiagnostik, Neuroophthalmologie, Elektrophysiologie und Ultraschalldiagnostik von Augenerkrankungen<\/li>\n<li>Chirurgische und konservative Behandlung von Entz\u00fcndungskrankheiten<\/li>\n<li>Behandlung von Refraktionsfehlern (Excimer-Laser-Hornhautchirurgie)<\/li>\n<li>Laser-, chirurgische und photodynamische Behandlung der altersbedingten Makuladegeneration<\/li>\n<li>Ophthalmogenetik, erbliche Augenkrankheiten<\/li>\n<li>Rehabilitation des Sehverm\u00f6gens<\/li>\n<\/ul>\n","protected":false},"excerpt":{"rendered":"<p>Alle Arten der Chirurgie bei Erkrankungen der Tr\u00e4nenorgane, der Augenlider und des Augapfels (Phakoemulsifikation mit Implantation einer Kunstlinse, Hornhauttransplantation, Glaukomchirurgie, Neuroplastik und Glask\u00f6rperchirurgie, plastische Chirurgie) Kinderaugenheilkunde (Diagnostik und Chirurgie des Schielens, des angeborenen Grauen Stars und anderer St\u00f6rungen, Behandlung der Fr\u00fchgeborenen-Retinopathie) Konservative und chirurgische Behandlung von Erkrankungen der Hornhaut und der Augenoberfl\u00e4che Glaukomdiagnostik, Neuroophthalmologie, Elektrophysiologie &hellip;<\/p>\n","protected":false},"author":178,"featured_media":0,"parent":1779,"menu_order":2,"comment_status":"closed","ping_status":"closed","template":"","meta":{"_acf_changed":false,"footnotes":""},"categories":[],"tags":[],"class_list":["post-1789","page","type-page","status-publish","hentry"],"acf":[],"_links":{"self":[{"href":"https:\/\/semmelweis.hu\/szemeszet\/wp-json\/wp\/v2\/pages\/1789","targetHints":{"allow":["GET"]}}],"collection":[{"href":"https:\/\/semmelweis.hu\/szemeszet\/wp-json\/wp\/v2\/pages"}],"about":[{"href":"https:\/\/semmelweis.hu\/szemeszet\/wp-json\/wp\/v2\/types\/page"}],"author":[{"embeddable":true,"href":"https:\/\/semmelweis.hu\/szemeszet\/wp-json\/wp\/v2\/users\/178"}],"replies":[{"embeddable":true,"href":"https:\/\/semmelweis.hu\/szemeszet\/wp-json\/wp\/v2\/comments?post=1789"}],"version-history":[{"count":2,"href":"https:\/\/semmelweis.hu\/szemeszet\/wp-json\/wp\/v2\/pages\/1789\/revisions"}],"predecessor-version":[{"id":1957,"href":"https:\/\/semmelweis.hu\/szemeszet\/wp-json\/wp\/v2\/pages\/1789\/revisions\/1957"}],"up":[{"embeddable":true,"href":"https:\/\/semmelweis.hu\/szemeszet\/wp-json\/wp\/v2\/pages\/1779"}],"wp:attachment":[{"href":"https:\/\/semmelweis.hu\/szemeszet\/wp-json\/wp\/v2\/media?parent=1789"}],"wp:term":[{"taxonomy":"category","embeddable":true,"href":"https:\/\/semmelweis.hu\/szemeszet\/wp-json\/wp\/v2\/categories?post=1789"},{"taxonomy":"post_tag","embeddable":true,"href":"https:\/\/semmelweis.hu\/szemeszet\/wp-json\/wp\/v2\/tags?post=1789"}],"curies":[{"name":"wp","href":"https:\/\/api.w.org\/{rel}","templated":true}]}}