{"id":1782,"date":"2023-04-04T11:38:41","date_gmt":"2023-04-04T09:38:41","guid":{"rendered":"https:\/\/semmelweis.hu\/szemeszet\/?page_id=1782"},"modified":"2023-04-27T15:27:41","modified_gmt":"2023-04-27T13:27:41","slug":"geschichte-der-klinik","status":"publish","type":"page","link":"https:\/\/semmelweis.hu\/szemeszet\/de\/allgemeine-informationen\/geschichte-der-klinik\/","title":{"rendered":"Geschichte der Klinik"},"content":{"rendered":"<p>Die am 1. Januar 2005 an der Fakult\u00e4t f\u00fcr Allgemeinmedizin der Semmelweis-Universit\u00e4t gegr\u00fcndete Klinik f\u00fcr Augenheilkunde vereint zwei Einrichtungen, die auf eine lange Geschichte in der <strong>ungarischen Augenheilkunde zur\u00fcckblicken<\/strong>: die Klinik f\u00fcr Augenheilkunde in der T\u00f6m\u0151-Stra\u00dfe (fr\u00fcher Nr. I) und die Klinik f\u00fcr Augenheilkunde in der M\u00e1ria-Stra\u00dfe (fr\u00fcher Nr. II).<\/p>\n<p>Die erste Augenklinik in Ungarn wurde 1804 gegr\u00fcndet und befindet sich seit 1908 in ihrem heutigen Geb\u00e4ude in der M\u00e1ria-Stra\u00dfe. Von 1908 bis 1936 trug sie den Namen Augenklinik I, von 1946 bis 2004 den <strong>Namen Augenklinik II. Ehemalige Direktoren.<\/strong> (Prof. 1817-1847), Guszt\u00e1v Lippay (1847-1874), Vilmos Schulek (1874-1905), Emil Gr\u00f3sz (1905-1936), L\u00e1szl\u00f3 Blaskovics (1936-1938), L\u00e1szl\u00f3 Blaskovics Jr. Imre J\u00f3zsef (1939-1945), Tibor N\u00f3nay (1946-1970), B\u00e9la N\u00e9meth (1970-1984), Gy\u00f6rgy Imre (1984-1996), Gy\u00f6rgy Salacz (1996-2004), Gy\u00f6rgy Acs\u00e1dy, stellvertretender Dekan, amtierender Direktor (2004-2005)<\/p>\n<p>Die Klinik in der T\u00f6m\u0151-Stra\u00dfe wurde 1908 als Augenklinik II gegr\u00fcndet; von <strong>1946-2004 hie\u00df sie Augenklinik I. Sz. Ehemalige Direktoren.<\/strong><\/p>\n<p><strong>F\u00fcr die neue Leitung<\/strong> und das gesamte Personal der Augenklinik ist das Gelingen der Integration der beiden bisher getrennten <strong>Kliniken eine wichtige Herausforderung<\/strong>. Die Integration bedeutet in erster Linie die Vereinheitlichung der Lehre, die enge Verzahnung der Forschung und die B\u00fcndelung der Ressourcen in der Patientenversorgung, was <strong>neue M\u00f6glichkeiten der Weiterentwicklung und Verbesserung er\u00f6ffnet<\/strong> und die Klinik in die Spitzengruppe der ophthalmologischen Einrichtungen in Europa bringt.<\/p>\n<p>Das <strong>UEMS College of Ophthalmology (EBO)<\/strong> hat die Abteilung f\u00fcr Augenheilkunde im <strong>Mai 2007<\/strong> als europ\u00e4isches Ausbildungszentrum akkreditiert.<\/p>\n","protected":false},"excerpt":{"rendered":"<p>Die am 1. Januar 2005 an der Fakult\u00e4t f\u00fcr Allgemeinmedizin der Semmelweis-Universit\u00e4t gegr\u00fcndete Klinik f\u00fcr Augenheilkunde vereint zwei Einrichtungen, die auf eine lange Geschichte in der ungarischen Augenheilkunde zur\u00fcckblicken: die Klinik f\u00fcr Augenheilkunde in der T\u00f6m\u0151-Stra\u00dfe (fr\u00fcher Nr. I) und die Klinik f\u00fcr Augenheilkunde in der M\u00e1ria-Stra\u00dfe (fr\u00fcher Nr. II). Die erste Augenklinik in Ungarn &hellip;<\/p>\n","protected":false},"author":178,"featured_media":0,"parent":1779,"menu_order":1,"comment_status":"closed","ping_status":"closed","template":"","meta":{"_acf_changed":false,"footnotes":""},"categories":[],"tags":[],"class_list":["post-1782","page","type-page","status-publish","hentry"],"acf":[],"_links":{"self":[{"href":"https:\/\/semmelweis.hu\/szemeszet\/wp-json\/wp\/v2\/pages\/1782","targetHints":{"allow":["GET"]}}],"collection":[{"href":"https:\/\/semmelweis.hu\/szemeszet\/wp-json\/wp\/v2\/pages"}],"about":[{"href":"https:\/\/semmelweis.hu\/szemeszet\/wp-json\/wp\/v2\/types\/page"}],"author":[{"embeddable":true,"href":"https:\/\/semmelweis.hu\/szemeszet\/wp-json\/wp\/v2\/users\/178"}],"replies":[{"embeddable":true,"href":"https:\/\/semmelweis.hu\/szemeszet\/wp-json\/wp\/v2\/comments?post=1782"}],"version-history":[{"count":3,"href":"https:\/\/semmelweis.hu\/szemeszet\/wp-json\/wp\/v2\/pages\/1782\/revisions"}],"predecessor-version":[{"id":1948,"href":"https:\/\/semmelweis.hu\/szemeszet\/wp-json\/wp\/v2\/pages\/1782\/revisions\/1948"}],"up":[{"embeddable":true,"href":"https:\/\/semmelweis.hu\/szemeszet\/wp-json\/wp\/v2\/pages\/1779"}],"wp:attachment":[{"href":"https:\/\/semmelweis.hu\/szemeszet\/wp-json\/wp\/v2\/media?parent=1782"}],"wp:term":[{"taxonomy":"category","embeddable":true,"href":"https:\/\/semmelweis.hu\/szemeszet\/wp-json\/wp\/v2\/categories?post=1782"},{"taxonomy":"post_tag","embeddable":true,"href":"https:\/\/semmelweis.hu\/szemeszet\/wp-json\/wp\/v2\/tags?post=1782"}],"curies":[{"name":"wp","href":"https:\/\/api.w.org\/{rel}","templated":true}]}}