{"id":1776,"date":"2023-04-04T11:27:52","date_gmt":"2023-04-04T09:27:52","guid":{"rendered":"https:\/\/semmelweis.hu\/szemeszet\/?page_id=1776"},"modified":"2023-04-27T14:00:36","modified_gmt":"2023-04-27T12:00:36","slug":"deutsch","status":"publish","type":"page","link":"https:\/\/semmelweis.hu\/szemeszet\/de\/deutsch\/","title":{"rendered":"Deutsch"},"content":{"rendered":"<p style=\"text-align: justify\">Die wichtigsten Daten zur medizinischen Arbeit der Klinik: In den Ambulanzen werden jedes Jahr durchschnittlich 210-225 Tausend Patienten untersucht. Die Zahl der station\u00e4r aufgenommenen Patienten liegt bei 6-7 Tausend und die Zahl der durchgef\u00fchrten ophthalmologischen Operationen bei durchschnittlich 7-8 Tausend pro Jahr. Im Geiste ihrer Vorg\u00e4nger betrachtet die Klinik die Ausbildung in der Augenheilkunde als eine Priorit\u00e4t. Die ungarische allgemeinmedizinische Ausbildung wird durch eine englisch- und deutschsprachige Ausbildung erg\u00e4nzt, ebenso wie die ungarische, deutsche und englische zahnmedizinische Ausbildung.Die Klinik ist das nationale koordinierende Institut f\u00fcr Augenheilkunde und der Sitz der Ungarischen Gesellschaft f\u00fcr Augenheilkunde.<\/p>\n","protected":false},"excerpt":{"rendered":"<p>Die wichtigsten Daten zur medizinischen Arbeit der Klinik: In den Ambulanzen werden jedes Jahr durchschnittlich 210-225 Tausend Patienten untersucht. Die Zahl der station\u00e4r aufgenommenen Patienten liegt bei 6-7 Tausend und die Zahl der durchgef\u00fchrten ophthalmologischen Operationen bei durchschnittlich 7-8 Tausend pro Jahr. Im Geiste ihrer Vorg\u00e4nger betrachtet die Klinik die Ausbildung in der Augenheilkunde als &hellip;<\/p>\n","protected":false},"author":178,"featured_media":0,"parent":0,"menu_order":0,"comment_status":"closed","ping_status":"closed","template":"","meta":{"_acf_changed":false,"footnotes":""},"categories":[],"tags":[],"class_list":["post-1776","page","type-page","status-publish","hentry"],"acf":[],"_links":{"self":[{"href":"https:\/\/semmelweis.hu\/szemeszet\/wp-json\/wp\/v2\/pages\/1776","targetHints":{"allow":["GET"]}}],"collection":[{"href":"https:\/\/semmelweis.hu\/szemeszet\/wp-json\/wp\/v2\/pages"}],"about":[{"href":"https:\/\/semmelweis.hu\/szemeszet\/wp-json\/wp\/v2\/types\/page"}],"author":[{"embeddable":true,"href":"https:\/\/semmelweis.hu\/szemeszet\/wp-json\/wp\/v2\/users\/178"}],"replies":[{"embeddable":true,"href":"https:\/\/semmelweis.hu\/szemeszet\/wp-json\/wp\/v2\/comments?post=1776"}],"version-history":[{"count":1,"href":"https:\/\/semmelweis.hu\/szemeszet\/wp-json\/wp\/v2\/pages\/1776\/revisions"}],"predecessor-version":[{"id":1777,"href":"https:\/\/semmelweis.hu\/szemeszet\/wp-json\/wp\/v2\/pages\/1776\/revisions\/1777"}],"wp:attachment":[{"href":"https:\/\/semmelweis.hu\/szemeszet\/wp-json\/wp\/v2\/media?parent=1776"}],"wp:term":[{"taxonomy":"category","embeddable":true,"href":"https:\/\/semmelweis.hu\/szemeszet\/wp-json\/wp\/v2\/categories?post=1776"},{"taxonomy":"post_tag","embeddable":true,"href":"https:\/\/semmelweis.hu\/szemeszet\/wp-json\/wp\/v2\/tags?post=1776"}],"curies":[{"name":"wp","href":"https:\/\/api.w.org\/{rel}","templated":true}]}}