{"id":1747,"date":"2023-03-09T12:54:36","date_gmt":"2023-03-09T11:54:36","guid":{"rendered":"https:\/\/semmelweis.hu\/szemeszet\/?page_id=1747"},"modified":"2023-04-27T16:04:47","modified_gmt":"2023-04-27T14:04:47","slug":"videok-egyeb-anyagok","status":"publish","type":"page","link":"https:\/\/semmelweis.hu\/szemeszet\/media-elemek\/videok-egyeb-anyagok\/","title":{"rendered":"Vide\u00f3k &#8211; Egy\u00e9b anyagok"},"content":{"rendered":"<h3 style=\"text-align: center\">Klinik\u00e1nkon forgatott az ECHO TV &#8211; Klinika c\u00edm\u0171 m\u0171sor\u00e1nak st\u00e1bja:<\/h3>\n<p>Hogyan zajlik egy szaruh\u00e1rtya \u00e1t\u00fcltet\u00e9s? Milyen l\u00e9p\u00e9sei vannak egy sz\u00fcrkeh\u00e1lyog \u00e1t\u00fcltet\u00e9snek? A mai ad\u00e1sban ezekre a k\u00e9rd\u00e9sekre kaptunk v\u00e1laszt.<\/p>\n<p>Vend\u00e9g: Dr. Nagy Zolt\u00e1n Zsolt a Semmelweis Egyetem Szem\u00e9szeti Klinik\u00e1j\u00e1nak vezet\u0151je.<\/p>\n<p>M\u0171sorvezet\u0151: Talum Fruzsina<\/p>\n<p><iframe loading=\"lazy\" title=\"Klinika (2019-01-26) - ECHO TV\" width=\"753\" height=\"424\" src=\"https:\/\/www.youtube.com\/embed\/IcTuuYE7-UE?feature=oembed\" frameborder=\"0\" allow=\"accelerometer; autoplay; clipboard-write; encrypted-media; gyroscope; picture-in-picture; web-share\" allowfullscreen><\/iframe><\/p>\n<h3 style=\"text-align: center\"><strong>\u201eJ\u00f3 \u00fajra l\u00e1tni egym\u00e1st!\u201d<\/strong><\/h3>\n<p>\u00cdgy zajlott a 2012. okt\u00f3ber 11-\u00e9n megtartott sajt\u00f3t\u00e1j\u00e9koztat\u00f3 a L\u00e1t\u00e1s Vil\u00e1gnapj\u00e1n, az eg\u00e9szs\u00e9g\u00fcgyi \u00e1llamtitk\u00e1rs\u00e1g a l\u00e1t\u00e1s vil\u00e1gnapja alkalm\u00e1b\u00f3l a tavalyi &#8222;L\u00e1ssunk tiszt\u00e1n&#8221; c\u00edm\u0171 kamp\u00e1nya ut\u00e1n, illetve annak folytat\u00e1sak\u00e9nt id\u00e9n &#8222;J\u00f3 \u00fajra l\u00e1tni egym\u00e1st&#8221; c\u00edmmel \u00fajabb figyelemfelh\u00edv\u00e1si akci\u00f3t ind\u00edt a l\u00e1t\u00e1sroml\u00e1ssal kapcsolatos betegs\u00e9gek \u00e9s az id\u0151skori vaks\u00e1g megel\u0151z\u00e9se \u00e9rdek\u00e9ben.<\/p>\n<p><iframe loading=\"lazy\" title=\"latasnapja 1012\" width=\"753\" height=\"424\" src=\"https:\/\/www.youtube.com\/embed\/BxmJDrCl32U?feature=oembed\" frameborder=\"0\" allow=\"accelerometer; autoplay; clipboard-write; encrypted-media; gyroscope; picture-in-picture; web-share\" allowfullscreen><\/iframe><\/p>\n<p>Az Eg\u00e9szs\u00e9g\u00fcgy\u00e9rt Felel\u0151s \u00c1llamtitk\u00e1rs\u00e1g 2012-ben \u00fajabb figyelemfelh\u00edv\u00f3 akci\u00f3t ind\u00edt a l\u00e1t\u00e1sroml\u00e1ssal kapcsolatos betegs\u00e9gek \u00e9s az id\u0151skori vaks\u00e1g megel\u0151z\u00e9s\u00e9re \u201eJ\u00f3 \u00fajra l\u00e1tni egym\u00e1st!\u201d c\u00edmmel. Ez a t\u00f6bb\u00e9rtelm\u0171 mondat nem csup\u00e1n visszautal\u00e1s az elm\u00falt \u00e9vi kamp\u00e1nyra, hanem megfelel\u0151 sz\u00f6vegk\u00f6rnyezetben k\u00e9t, r\u00e9g nem tal\u00e1lkozott j\u00f3bar\u00e1t egym\u00e1st k\u00f6sz\u00f6nt\u00e9se is, mindemellett \u00e9rz\u00e9kelteti, hogy a l\u00e1t\u00e1sroml\u00e1s vagy l\u00e1t\u00e1sveszt\u00e9s elker\u00fcl\u00e9se re\u00e1lis lehet\u0151s\u00e9g. A tavalyi kamp\u00e1ny arca Fodor Zs\u00f3ka volt, akihez id\u00e9n egy sz\u00edn\u00e9szn\u0151-koll\u00e9g\u00e1ja, P\u00e1sztor Erzsi csatlakozott.<\/p>\n<p><iframe loading=\"lazy\" title=\"\u201eJ\u00f3 \u00fajra l\u00e1tni egym\u00e1st!&quot; szpot\" width=\"753\" height=\"424\" src=\"https:\/\/www.youtube.com\/embed\/dp7OVTLfmeg?feature=oembed\" frameborder=\"0\" allow=\"accelerometer; autoplay; clipboard-write; encrypted-media; gyroscope; picture-in-picture; web-share\" allowfullscreen><\/iframe><\/p>\n<p>A kamp\u00e1ny k\u00e9t arca Fodor Zs\u00f3ka \u00e9s P\u00e1sztor Erzsi sz\u00ednm\u0171v\u00e9szn\u0151 megosztott\u00e1k tapasztalataikat \u00e9s j\u00f3 tan\u00e1csaikat a rendszeres szemvizsg\u00e1lattal kapcsolatban.<\/p>\n","protected":false},"excerpt":{"rendered":"<p>Klinik\u00e1nkon forgatott az ECHO TV &#8211; Klinika c\u00edm\u0171 m\u0171sor\u00e1nak st\u00e1bja: Hogyan zajlik egy szaruh\u00e1rtya \u00e1t\u00fcltet\u00e9s? Milyen l\u00e9p\u00e9sei vannak egy sz\u00fcrkeh\u00e1lyog \u00e1t\u00fcltet\u00e9snek? A mai ad\u00e1sban ezekre a k\u00e9rd\u00e9sekre kaptunk v\u00e1laszt. Vend\u00e9g: Dr. Nagy Zolt\u00e1n Zsolt a Semmelweis Egyetem Szem\u00e9szeti Klinik\u00e1j\u00e1nak vezet\u0151je. M\u0171sorvezet\u0151: Talum Fruzsina \u201eJ\u00f3 \u00fajra l\u00e1tni egym\u00e1st!\u201d \u00cdgy zajlott a 2012. okt\u00f3ber 11-\u00e9n megtartott sajt\u00f3t\u00e1j\u00e9koztat\u00f3 &hellip;<\/p>\n","protected":false},"author":178,"featured_media":0,"parent":1513,"menu_order":3,"comment_status":"closed","ping_status":"closed","template":"","meta":{"_acf_changed":false,"footnotes":""},"categories":[],"tags":[],"class_list":["post-1747","page","type-page","status-publish","hentry"],"acf":[],"_links":{"self":[{"href":"https:\/\/semmelweis.hu\/szemeszet\/wp-json\/wp\/v2\/pages\/1747","targetHints":{"allow":["GET"]}}],"collection":[{"href":"https:\/\/semmelweis.hu\/szemeszet\/wp-json\/wp\/v2\/pages"}],"about":[{"href":"https:\/\/semmelweis.hu\/szemeszet\/wp-json\/wp\/v2\/types\/page"}],"author":[{"embeddable":true,"href":"https:\/\/semmelweis.hu\/szemeszet\/wp-json\/wp\/v2\/users\/178"}],"replies":[{"embeddable":true,"href":"https:\/\/semmelweis.hu\/szemeszet\/wp-json\/wp\/v2\/comments?post=1747"}],"version-history":[{"count":9,"href":"https:\/\/semmelweis.hu\/szemeszet\/wp-json\/wp\/v2\/pages\/1747\/revisions"}],"predecessor-version":[{"id":1969,"href":"https:\/\/semmelweis.hu\/szemeszet\/wp-json\/wp\/v2\/pages\/1747\/revisions\/1969"}],"up":[{"embeddable":true,"href":"https:\/\/semmelweis.hu\/szemeszet\/wp-json\/wp\/v2\/pages\/1513"}],"wp:attachment":[{"href":"https:\/\/semmelweis.hu\/szemeszet\/wp-json\/wp\/v2\/media?parent=1747"}],"wp:term":[{"taxonomy":"category","embeddable":true,"href":"https:\/\/semmelweis.hu\/szemeszet\/wp-json\/wp\/v2\/categories?post=1747"},{"taxonomy":"post_tag","embeddable":true,"href":"https:\/\/semmelweis.hu\/szemeszet\/wp-json\/wp\/v2\/tags?post=1747"}],"curies":[{"name":"wp","href":"https:\/\/api.w.org\/{rel}","templated":true}]}}