{"id":1622,"date":"2022-09-29T09:22:37","date_gmt":"2022-09-29T07:22:37","guid":{"rendered":"https:\/\/semmelweis.hu\/szemeszet\/?page_id=1622"},"modified":"2023-04-27T16:04:15","modified_gmt":"2023-04-27T14:04:15","slug":"videok","status":"publish","type":"page","link":"https:\/\/semmelweis.hu\/szemeszet\/media-elemek\/videok\/","title":{"rendered":"Oktat\u00f3vide\u00f3k &#8211; p\u00e1cienseknek"},"content":{"rendered":"<h1 style=\"text-align: left\">Semmelweis oktat\u00f3vide\u00f3k:<\/h1>\n<h2 style=\"text-align: center\">K\u00f6nnycsatorna-massz\u00e1zs \u00fajsz\u00fcl\u00f6ttekn\u00e9l<\/h2>\n<div class=\"keretes w-100\">\n<p>A csecsem\u0151k 5-10%-\u00e1n\u00e1l m\u00e1r \u00fajsz\u00fcl\u00f6tt kort\u00f3l k\u00f6nnyez\u00e9ses panaszokat lehet tapasztalni.\u00a0Amennyiben nem mer\u00fcl fel szems\u00e9r\u00fcl\u00e9s, szemfert\u0151z\u00e9s vagy glauk\u00f3ma , a k\u00f6nnyutak sz\u0171k\u00fclete , esetleg elz\u00e1r\u00f3d\u00e1sa magyar\u00e1zza a panaszokat.\u00a0Az ilyen csecsem\u0151kn\u00e9l a helyesen v\u00e9gzett k\u00f6nny\u00fat-massz\u00e1zs 6 h\u00f3napos korra az esetek d\u00f6nt\u0151 t\u00f6bbs\u00e9g\u00e9ben megoldja a probl\u00e9m\u00e1t. A k\u00f6nnyez\u00e9s megsz\u0171nhet m\u0171szerese beavatkoz\u00e1s (pl. szond\u00e1z\u00e1sa, \u00e1tmos\u00e1s) n\u00e9lk\u00fcl is.\u00a0A Szem\u00e9szeti Klinika Gyermekrendel\u00e9s\u00e9n k\u00e9sz\u00edtett vide\u00f3ban bemutatjuk, mit is jelent a k\u00f6nny\u00fat sz\u0171k\u00fclet, mi\u00e9rt alakul ki k\u00f6nnyez\u00e9s vagy v\u00e1lad\u00e9koz\u00e1s, \u00e9s mi a helyes teend\u0151 ilyenkor. Fontos, hogy a k\u00f6nny\u00fat massz\u00e1zst tiszta k\u00e9zzel \u00e9s rendszeresen v\u00e9gezz\u00fck.<\/p>\n<p style=\"text-align: center\"><iframe loading=\"lazy\" title=\"Semmelweis oktat\u00f3vide\u00f3k: K\u00f6nnycsatorna-massz\u00e1zs \u00fajsz\u00fcl\u00f6ttekn\u00e9l\" width=\"753\" height=\"424\" src=\"https:\/\/www.youtube.com\/embed\/Agc4LbYGncM?feature=oembed\" frameborder=\"0\" allow=\"accelerometer; autoplay; clipboard-write; encrypted-media; gyroscope; picture-in-picture; web-share\" allowfullscreen><\/iframe><\/p>\n<\/div>\n<h6 style=\"text-align: left\"><span style=\"font-size: 12pt\">K\u00f6sz\u00f6nj\u00fck a csal\u00e1doknak, hogy v\u00e1llalt\u00e1k az oktat\u00f3 vide\u00f3nkban val\u00f3 szerepl\u00e9st. A felv\u00e9tel a Semmelweis Egyetem tulajdona, egy\u00e9b c\u00e9lokra nem haszn\u00e1lhat\u00f3.<\/span><\/h6>\n<h2 style=\"text-align: center\">Szemh\u00e9jtoalett<\/h2>\n<div class=\"keretes w-100\">\n<p>Sokat tehet\u00fcnk az\u00e9rt, hogy a szem\u00fcnk\u00f6n ne alakuljanak ki ism\u00e9tl\u0151d\u0151 \u00e1rp\u00e1k, sz\u00e1raz szem panaszok vagy szemh\u00e9jsz\u00e9li gyullad\u00e1sok.\u00a0A vide\u00f3ban r\u00e9szletezett m\u00f3dszerekkel otthon v\u00e9gezhet\u0151 a szemh\u00e9jak tiszt\u00edt\u00e1sa. A kisfilmben javasolt m\u00f3dszerek k\u00f6z\u00fcl, mindenki a saj\u00e1t napirendj\u00e9be legink\u00e1bb beilleszthet\u0151 m\u00f3don seg\u00edtheti saj\u00e1t szeme eg\u00e9szs\u00e9g\u00e9nek meg\u0151rz\u00e9s\u00e9t.<\/p>\n<p style=\"text-align: center\"><iframe loading=\"lazy\" title=\"Semmelweis oktat\u00f3vide\u00f3k: Szemh\u00e9jtoalett\" width=\"753\" height=\"424\" src=\"https:\/\/www.youtube.com\/embed\/LUIOr30Zfac?feature=oembed\" frameborder=\"0\" allow=\"accelerometer; autoplay; clipboard-write; encrypted-media; gyroscope; picture-in-picture; web-share\" allowfullscreen><\/iframe><\/p>\n<\/div>\n","protected":false},"excerpt":{"rendered":"<p>Semmelweis oktat\u00f3vide\u00f3k: K\u00f6nnycsatorna-massz\u00e1zs \u00fajsz\u00fcl\u00f6ttekn\u00e9l A csecsem\u0151k 5-10%-\u00e1n\u00e1l m\u00e1r \u00fajsz\u00fcl\u00f6tt kort\u00f3l k\u00f6nnyez\u00e9ses panaszokat lehet tapasztalni.\u00a0Amennyiben nem mer\u00fcl fel szems\u00e9r\u00fcl\u00e9s, szemfert\u0151z\u00e9s vagy glauk\u00f3ma , a k\u00f6nnyutak sz\u0171k\u00fclete , esetleg elz\u00e1r\u00f3d\u00e1sa magyar\u00e1zza a panaszokat.\u00a0Az ilyen csecsem\u0151kn\u00e9l a helyesen v\u00e9gzett k\u00f6nny\u00fat-massz\u00e1zs 6 h\u00f3napos korra az esetek d\u00f6nt\u0151 t\u00f6bbs\u00e9g\u00e9ben megoldja a probl\u00e9m\u00e1t. A k\u00f6nnyez\u00e9s megsz\u0171nhet m\u0171szerese beavatkoz\u00e1s (pl. szond\u00e1z\u00e1sa, \u00e1tmos\u00e1s) &hellip;<\/p>\n","protected":false},"author":178,"featured_media":0,"parent":1513,"menu_order":1,"comment_status":"closed","ping_status":"closed","template":"","meta":{"_acf_changed":false,"footnotes":""},"categories":[],"tags":[],"class_list":["post-1622","page","type-page","status-publish","hentry"],"acf":[],"_links":{"self":[{"href":"https:\/\/semmelweis.hu\/szemeszet\/wp-json\/wp\/v2\/pages\/1622","targetHints":{"allow":["GET"]}}],"collection":[{"href":"https:\/\/semmelweis.hu\/szemeszet\/wp-json\/wp\/v2\/pages"}],"about":[{"href":"https:\/\/semmelweis.hu\/szemeszet\/wp-json\/wp\/v2\/types\/page"}],"author":[{"embeddable":true,"href":"https:\/\/semmelweis.hu\/szemeszet\/wp-json\/wp\/v2\/users\/178"}],"replies":[{"embeddable":true,"href":"https:\/\/semmelweis.hu\/szemeszet\/wp-json\/wp\/v2\/comments?post=1622"}],"version-history":[{"count":10,"href":"https:\/\/semmelweis.hu\/szemeszet\/wp-json\/wp\/v2\/pages\/1622\/revisions"}],"predecessor-version":[{"id":1967,"href":"https:\/\/semmelweis.hu\/szemeszet\/wp-json\/wp\/v2\/pages\/1622\/revisions\/1967"}],"up":[{"embeddable":true,"href":"https:\/\/semmelweis.hu\/szemeszet\/wp-json\/wp\/v2\/pages\/1513"}],"wp:attachment":[{"href":"https:\/\/semmelweis.hu\/szemeszet\/wp-json\/wp\/v2\/media?parent=1622"}],"wp:term":[{"taxonomy":"category","embeddable":true,"href":"https:\/\/semmelweis.hu\/szemeszet\/wp-json\/wp\/v2\/categories?post=1622"},{"taxonomy":"post_tag","embeddable":true,"href":"https:\/\/semmelweis.hu\/szemeszet\/wp-json\/wp\/v2\/tags?post=1622"}],"curies":[{"name":"wp","href":"https:\/\/api.w.org\/{rel}","templated":true}]}}