{"id":1570,"date":"2022-07-05T14:55:12","date_gmt":"2022-07-05T12:55:12","guid":{"rendered":"https:\/\/semmelweis.hu\/szemeszet\/?page_id=1570"},"modified":"2023-04-27T16:08:06","modified_gmt":"2023-04-27T14:08:06","slug":"betegellatas","status":"publish","type":"page","link":"https:\/\/semmelweis.hu\/szemeszet\/betegellatas\/","title":{"rendered":"Betegell\u00e1t\u00e1s"},"content":{"rendered":"<p>A klinika gy\u00f3gy\u00edt\u00f3 munk\u00e1j\u00e1nak legfontosabb adatai: \u00e9vente \u00e1tlagosan 210-225 ezer p\u00e1cienst vizsg\u00e1lnak az ambulanci\u00e1kon. Az oszt\u00e1lyokra felvett betegek sz\u00e1ma 6-7 ezer, \u00e9s az elv\u00e9gzett szem\u00e9szeti m\u0171t\u00e9tek sz\u00e1ma \u00e1tlagosan \u00e9vente 7-8 ezer.<\/p>\n<p>Speci\u00e1lis szakambulanci\u00e1k: gyermekszem\u00e9szet, orthoptika, korasz\u00fcl\u00f6ttek ambulanci\u00e1ja, cornea ambulancia,\u00a0glauk\u00f3ma gondoz\u00f3, diabeteses ambulancia, retina ambulancia, angiographia, optikai koherencia tomogr\u00e1fia,\u00a0elektrofiziol\u00f3giai szakambulancia, ultrahang laborat\u00f3rium, \u00f6r\u00f6kletes retinabetegs\u00e9gek gondoz\u00f3ja, neuroophthalmol\u00f3gia.<\/p>\n<p>A klinika saj\u00e1t kontaktlencse laborat\u00f3riummal rendelkezik, ahol a kem\u00e9ny kontaktlencs\u00e9ket a mai napig kiv\u00e1l\u00f3an\u00a0k\u00e9sz\u00edtik. A l\u00e1t\u00e1ss\u00e9r\u00fcltek elemi rehabilit\u00e1ci\u00f3j\u00e1nak el\u0151seg\u00edt\u00e9s\u00e9re tan\u00e1csad\u00f3 szolg\u00e1lat m\u0171k\u00f6dik, ahol gy\u00f3gypedag\u00f3gus\u00a0\u00e9s szoci\u00e1lis munk\u00e1s dolgozik. A cs\u00f6kkentl\u00e1t\u00f3k vizu\u00e1lis rehabilit\u00e1ci\u00f3ja a klinika fontos feladata.<\/p>\n<ul>\n<li><a href=\"https:\/\/semmelweis.hu\/szemeszet\/betegellatas\/rendelesek\/\">Szakrendel\u00e9sek<\/a><\/li>\n<li><a href=\"https:\/\/semmelweis.hu\/szemeszet\/betegellatas\/ugyelet\/\">\u00dcgyelet<\/a><\/li>\n<li><a href=\"https:\/\/semmelweis.hu\/szemeszet\/betegellatas\/fekvobeteg-tajekoztato\/\">Fekv\u0151beteg t\u00e1j\u00e9koztat\u00f3<\/a><\/li>\n<li><a href=\"https:\/\/semmelweis.hu\/szemeszet\/betegellatas\/hazirend\/\" aria-current=\"page\">H\u00e1zirend<\/a><\/li>\n<li><a href=\"https:\/\/semmelweis.hu\/szemeszet\/betegellatas\/betegjogi-kepviselo\/\">Betegjogi k\u00e9pvisel\u0151<\/a><\/li>\n<\/ul>\n","protected":false},"excerpt":{"rendered":"<p>A klinika gy\u00f3gy\u00edt\u00f3 munk\u00e1j\u00e1nak legfontosabb adatai: \u00e9vente \u00e1tlagosan 210-225 ezer p\u00e1cienst vizsg\u00e1lnak az ambulanci\u00e1kon. Az oszt\u00e1lyokra felvett betegek sz\u00e1ma 6-7 ezer, \u00e9s az elv\u00e9gzett szem\u00e9szeti m\u0171t\u00e9tek sz\u00e1ma \u00e1tlagosan \u00e9vente 7-8 ezer. Speci\u00e1lis szakambulanci\u00e1k: gyermekszem\u00e9szet, orthoptika, korasz\u00fcl\u00f6ttek ambulanci\u00e1ja, cornea ambulancia,\u00a0glauk\u00f3ma gondoz\u00f3, diabeteses ambulancia, retina ambulancia, angiographia, optikai koherencia tomogr\u00e1fia,\u00a0elektrofiziol\u00f3giai szakambulancia, ultrahang laborat\u00f3rium, \u00f6r\u00f6kletes retinabetegs\u00e9gek gondoz\u00f3ja, neuroophthalmol\u00f3gia. &hellip;<\/p>\n","protected":false},"author":178,"featured_media":0,"parent":0,"menu_order":0,"comment_status":"closed","ping_status":"closed","template":"","meta":{"_acf_changed":false,"footnotes":""},"categories":[],"tags":[],"class_list":["post-1570","page","type-page","status-publish","hentry"],"acf":[],"_links":{"self":[{"href":"https:\/\/semmelweis.hu\/szemeszet\/wp-json\/wp\/v2\/pages\/1570","targetHints":{"allow":["GET"]}}],"collection":[{"href":"https:\/\/semmelweis.hu\/szemeszet\/wp-json\/wp\/v2\/pages"}],"about":[{"href":"https:\/\/semmelweis.hu\/szemeszet\/wp-json\/wp\/v2\/types\/page"}],"author":[{"embeddable":true,"href":"https:\/\/semmelweis.hu\/szemeszet\/wp-json\/wp\/v2\/users\/178"}],"replies":[{"embeddable":true,"href":"https:\/\/semmelweis.hu\/szemeszet\/wp-json\/wp\/v2\/comments?post=1570"}],"version-history":[{"count":2,"href":"https:\/\/semmelweis.hu\/szemeszet\/wp-json\/wp\/v2\/pages\/1570\/revisions"}],"predecessor-version":[{"id":1970,"href":"https:\/\/semmelweis.hu\/szemeszet\/wp-json\/wp\/v2\/pages\/1570\/revisions\/1970"}],"wp:attachment":[{"href":"https:\/\/semmelweis.hu\/szemeszet\/wp-json\/wp\/v2\/media?parent=1570"}],"wp:term":[{"taxonomy":"category","embeddable":true,"href":"https:\/\/semmelweis.hu\/szemeszet\/wp-json\/wp\/v2\/categories?post=1570"},{"taxonomy":"post_tag","embeddable":true,"href":"https:\/\/semmelweis.hu\/szemeszet\/wp-json\/wp\/v2\/tags?post=1570"}],"curies":[{"name":"wp","href":"https:\/\/api.w.org\/{rel}","templated":true}]}}