{"id":1509,"date":"2022-06-30T15:44:09","date_gmt":"2022-06-30T13:44:09","guid":{"rendered":"https:\/\/semmelweis.hu\/szemeszet\/?page_id=1509"},"modified":"2024-02-12T12:55:43","modified_gmt":"2024-02-12T11:55:43","slug":"podcast","status":"publish","type":"page","link":"https:\/\/semmelweis.hu\/szemeszet\/media-elemek\/podcast\/","title":{"rendered":"Podcast"},"content":{"rendered":"<div class=\"keretes w-100\">\n<p style=\"text-align: left\"><strong>Szem\u00e9szeti Podcast:<\/strong> eduk\u00e1ci\u00f3s sorozat, \u00e9rdekes, naprak\u00e9sz inform\u00e1ci\u00f3k a Semmelweis Egyetem, Szem\u00e9szeti Klinik\u00e1j\u00e1n dolgoz\u00f3 szem\u00e9sz orvosaival \u00e9s szakembereivel.<\/p>\n<p>Podcast csatorn\u00e1nkat az\u00e9rt ind\u00edtottuk \u00fatj\u00e1ra, hogy betegeink korszer\u0171, hozz\u00e1f\u00e9rhet\u0151 t\u00e1j\u00e9koztat\u00e1st kapjanak a szembetegs\u00e9gekkel kapcsolatban, hiszen <strong>a l\u00e1t\u00e1s v\u00e9delme \u00e9s kezel\u00e9se nem csak a szakemberekt\u0151l, hanem a p\u00e1ciensek egy\u00fcttm\u0171k\u00f6d\u00e9s\u00e9t\u0151l is f\u00fcgg<\/strong>.<\/p>\n<\/div>\n<h5>Kattintson az adott t\u00e9ma c\u00edm\u00e9re a lej\u00e1tsz\u00e1shoz!<\/h5>\n<!--[if lt IE 9]><script>document.createElement('audio');<\/script><![endif]-->\n\t<div class=\"wp-playlist wp-audio-playlist wp-playlist-light\">\n\t\t\t<div class=\"wp-playlist-current-item\"><\/div>\n\t\t<audio controls=\"controls\" preload=\"none\" width=\"731\"\n\t\t\t><\/audio>\n\t<div class=\"wp-playlist-next\"><\/div>\n\t<div class=\"wp-playlist-prev\"><\/div>\n\t<noscript>\n\t<ol>\n\t\t<li><a href='https:\/\/semmelweis.hu\/szemeszet\/files\/2022\/06\/Szemeszeti-Podcast-Szaraz-szem-Dr.-Barcsay-Veres-Amarilla-Prof.-Dr.-Nagy-Zolan-Zsolt.mp3'>Sz\u00e1raz szem<\/a><\/li><li><a href='https:\/\/semmelweis.hu\/szemeszet\/files\/2022\/08\/Szemeszeti-Podcast-01.02-Szurkehalyog-Prof.-Dr.-Nagy-Zoltan-Zsolt.mp3'>Sz\u00fcrkeh\u00e1lyog<\/a><\/li><li><a href='https:\/\/semmelweis.hu\/szemeszet\/files\/2022\/08\/Szemeszeti-Podcast-01.03.-Cukorbetegseg-szemeszeti-szovodmenyei-Dr.-Recsan-Zsuzsanna-Dr.-Ecsedy-Monika.mp3'>Cukorbetegs\u00e9g szem\u00e9szeti sz\u00f6v\u0151dm\u00e9nyei<\/a><\/li><li><a href='https:\/\/semmelweis.hu\/szemeszet\/files\/2022\/08\/Szemeszeti-Podcast-01.04.-Idoskori-makuladegeneracio-AMD-Dr.-Papp-Andras.mp3'>Id\u0151skori makuladegener\u00e1ci\u00f3 (AMD)<\/a><\/li><li><a href='https:\/\/semmelweis.hu\/szemeszet\/files\/2022\/10\/Szemeszeti-Podcast-01.05.-Biologiai-terapia-Dr.-Szepessy-Zsuzsanna.mp3'>Biologiai ter\u00e1pia<\/a><\/li><li><a href='https:\/\/semmelweis.hu\/szemeszet\/files\/2022\/11\/Szemeszeti-Podcast-01.06.-Gyermekszemeszet-Dr.-Szamosi-Anna-Dr.-Knezy-Krisztina.mp3'>Gyermekszem\u00e9szet<\/a><\/li><li><a href='https:\/\/semmelweis.hu\/szemeszet\/files\/2022\/12\/Szemeszeti-Podcast-01.07.-Zoldhalyog-Glaucoma-Dr.-Kranitz-Kinga.mp3'>Z\u00f6ldh\u00e1lyog (Glaucoma)<\/a><\/li><li><a href='https:\/\/semmelweis.hu\/szemeszet\/files\/2022\/12\/Szemeszeti-Podcast-01.08.-Retinalevalas-Dr.-Barcsay-Gyorgy-Dr.-Resch-Miklos.mp3'>Retinalev\u00e1l\u00e1s<\/a><\/li><li><a href='https:\/\/semmelweis.hu\/szemeszet\/files\/2023\/01\/Szemeszeti-Podcast-01.09.-A-kontaktlencse-viseles-szovodmenyei-Dr.-Tapaszto-Beata-Dr.-Barcsay-Veres-Amarilla.mp3'>Kontaktlencse visel\u00e9s<\/a><\/li><li><a href='https:\/\/semmelweis.hu\/szemeszet\/files\/2023\/01\/Szemeszeti-Podcast-01.10.-A-szaruhartya-nem-fertozeses-eredetu-betegsegei-Dr.-Fust-Agnes-Dr.-Barcsay-Veres-Amarilla.mp3'>A szaruh\u00e1rtya nem fert\u0151z\u00e9ses eredet\u0171 betegs\u00e9gei<\/a><\/li><li><a href='https:\/\/semmelweis.hu\/szemeszet\/files\/2023\/06\/Szemeszeti-Podcast-01.11.-Vitrectomia-Dr.-Kovacs-Illes-Dr.-Fodor-Eszter.mp3'>Vitrektomia<\/a><\/li><li><a href='https:\/\/semmelweis.hu\/szemeszet\/files\/2023\/06\/Szemeszeti-Podcast-01.12.-Maculalyuk-epiretinalis-membran-Dr.-Resch-Miklos-Dr.-Barcsay-Gyorgy.mp3'>Maculalyuk<\/a><\/li><li><a href='https:\/\/semmelweis.hu\/szemeszet\/files\/2023\/06\/Szemeszeti-Podcast-02.01.-Lezeres-szemmutet-Prof.-Dr.-Nagy-Zoltan-Zsolt.mp3'>L\u00e9zeres szemm\u0171t\u00e9tek<\/a><\/li><li><a href='https:\/\/semmelweis.hu\/szemeszet\/files\/2023\/09\/Szemeszeti-Podcast-02.02.-Szemeszeti-genetikai-betegsegek-Dr.-Szabo-Viktoria-Dr.-Besztercei-Barbara.mp3'>Szem\u00e9szeti genetikai betegs\u00e9gek<\/a><\/li><li><a href='https:\/\/semmelweis.hu\/szemeszet\/files\/2023\/09\/Szemeszeti-Podcast-02.03.-Felnottkori-uveitisek-Dr.-Gehl-Zsuzsanna-Dr.-Ujvary-Laszlo.mp3'>Feln\u0151ttkori uveitisek<\/a><\/li><li><a href='https:\/\/semmelweis.hu\/szemeszet\/files\/2023\/09\/Szemeszeti-Podcast-02.04.-Mutet-utani-helyes-csepegtetes-Dr.-Bausz-Maria-Dr.-Fodor-Eszter.mp3'>M\u0171t\u00e9t ut\u00e1ni helyes csepegtet\u00e9s<\/a><\/li><li><a href='https:\/\/semmelweis.hu\/szemeszet\/files\/2023\/09\/Szemeszeti-Podcast-02.05.-Szaruhartya-atultetes-Prof.-Dr.-Nagy-Zoltan-Zsolt.mp3'>Szaruh\u00e1rtya \u00e1t\u00fcltet\u00e9s<\/a><\/li><li><a href='https:\/\/semmelweis.hu\/szemeszet\/files\/2023\/09\/Szemeszeti-Podcast-02.06.-Gyermekori-uveitisek-Dr.-Dohan-Judit-Dr.-Ujvary-Laszlo.mp3'>Gyermekori uveitisek<\/a><\/li><li><a href='https:\/\/semmelweis.hu\/szemeszet\/files\/2024\/02\/Szemeszeti-Podcast-02.07.-Latasrehabilitacio-Joszt-Laszlo-Barcsay-Gyorgy.mp3'>L\u00e1t\u00e1srehabilit\u00e1ci\u00f3<\/a><\/li>\t<\/ol>\n\t<\/noscript>\n\t<script type=\"application\/json\" class=\"wp-playlist-script\">{\"type\":\"audio\",\"tracklist\":true,\"tracknumbers\":true,\"images\":true,\"artists\":false,\"tracks\":[{\"src\":\"https:\\\/\\\/semmelweis.hu\\\/szemeszet\\\/files\\\/2022\\\/06\\\/Szemeszeti-Podcast-Szaraz-szem-Dr.-Barcsay-Veres-Amarilla-Prof.-Dr.-Nagy-Zolan-Zsolt.mp3\",\"type\":\"audio\\\/mpeg\",\"title\":\"Sz\\u00e1raz szem\",\"caption\":\"\",\"description\":\"Szem\\u00e9szeti Podcast - 01.01 - Sz\\u00e1raz szem - Prof. Dr. Nagy Zolt\\u00e1n Zsolt - Dr. Barcsay Veres Amarilla\",\"meta\":{\"artist\":\"Prof. Dr. Nagy Zolt\\u00e1n Zsolt - Dr. Barcsay Veres Amarilla\",\"album\":\"Szem\\u00e9szeti Podcast\",\"length_formatted\":\"6:44\"},\"image\":{\"src\":\"https:\\\/\\\/semmelweis.hu\\\/szemeszet\\\/wp-includes\\\/images\\\/media\\\/audio.svg\",\"width\":48,\"height\":64},\"thumb\":{\"src\":\"https:\\\/\\\/semmelweis.hu\\\/szemeszet\\\/wp-includes\\\/images\\\/media\\\/audio.svg\",\"width\":48,\"height\":64}},{\"src\":\"https:\\\/\\\/semmelweis.hu\\\/szemeszet\\\/files\\\/2022\\\/08\\\/Szemeszeti-Podcast-01.02-Szurkehalyog-Prof.-Dr.-Nagy-Zoltan-Zsolt.mp3\",\"type\":\"audio\\\/mpeg\",\"title\":\"Sz\\u00fcrkeh\\u00e1lyog\",\"caption\":\"\",\"description\":\"Szem\\u00e9szeti Podcast - 01.02 - Sz\\u00fcrkeh\\u00e1lyog - Prof. Dr. Nagy Zolt\\u00e1n Zsolt\",\"meta\":{\"artist\":\"Prof. Dr. Nagy Zolt\\u00e1n Zsolt\",\"album\":\"Szem\\u00e9szeti Podcast\",\"length_formatted\":\"10:56\"},\"image\":{\"src\":\"https:\\\/\\\/semmelweis.hu\\\/szemeszet\\\/wp-includes\\\/images\\\/media\\\/audio.svg\",\"width\":48,\"height\":64},\"thumb\":{\"src\":\"https:\\\/\\\/semmelweis.hu\\\/szemeszet\\\/wp-includes\\\/images\\\/media\\\/audio.svg\",\"width\":48,\"height\":64}},{\"src\":\"https:\\\/\\\/semmelweis.hu\\\/szemeszet\\\/files\\\/2022\\\/08\\\/Szemeszeti-Podcast-01.03.-Cukorbetegseg-szemeszeti-szovodmenyei-Dr.-Recsan-Zsuzsanna-Dr.-Ecsedy-Monika.mp3\",\"type\":\"audio\\\/mpeg\",\"title\":\"Cukorbetegs\\u00e9g szem\\u00e9szeti sz\\u00f6v\\u0151dm\\u00e9nyei\",\"caption\":\"\",\"description\":\"Szem\\u00e9szeti Podcast - 01.03. - Cukorbetegs\\u00e9g szem\\u00e9szeti sz\\u00f6v\\u0151dm\\u00e9nyei - Dr. R\\u00e9cs\\u00e1n Zsuzsanna - Dr. Ecsedy M\\u00f3nika\",\"meta\":{\"artist\":\"Dr. R\\u00e9cs\\u00e1n Zsuzsanna, Dr. Ecsedy M\\u00f3nika\",\"album\":\"Szem\\u00e9szeti Podcast\",\"length_formatted\":\"7:01\"},\"image\":{\"src\":\"https:\\\/\\\/semmelweis.hu\\\/szemeszet\\\/wp-includes\\\/images\\\/media\\\/audio.svg\",\"width\":48,\"height\":64},\"thumb\":{\"src\":\"https:\\\/\\\/semmelweis.hu\\\/szemeszet\\\/wp-includes\\\/images\\\/media\\\/audio.svg\",\"width\":48,\"height\":64}},{\"src\":\"https:\\\/\\\/semmelweis.hu\\\/szemeszet\\\/files\\\/2022\\\/08\\\/Szemeszeti-Podcast-01.04.-Idoskori-makuladegeneracio-AMD-Dr.-Papp-Andras.mp3\",\"type\":\"audio\\\/mpeg\",\"title\":\"Id\\u0151skori makuladegener\\u00e1ci\\u00f3 (AMD)\",\"caption\":\"\",\"description\":\"Szem\\u00e9szeti Podcast - 01.04. - Id\\u0151skori makuladegener\\u00e1ci\\u00f3 (AMD) - Dr. Papp Andr\\u00e1s\",\"meta\":{\"artist\":\"Dr. Papp Andr\\u00e1s\",\"album\":\"Szem\\u00e9szeti Podcast\",\"length_formatted\":\"6:59\"},\"image\":{\"src\":\"https:\\\/\\\/semmelweis.hu\\\/szemeszet\\\/wp-includes\\\/images\\\/media\\\/audio.svg\",\"width\":48,\"height\":64},\"thumb\":{\"src\":\"https:\\\/\\\/semmelweis.hu\\\/szemeszet\\\/wp-includes\\\/images\\\/media\\\/audio.svg\",\"width\":48,\"height\":64}},{\"src\":\"https:\\\/\\\/semmelweis.hu\\\/szemeszet\\\/files\\\/2022\\\/10\\\/Szemeszeti-Podcast-01.05.-Biologiai-terapia-Dr.-Szepessy-Zsuzsanna.mp3\",\"type\":\"audio\\\/mpeg\",\"title\":\"Biologiai ter\\u00e1pia\",\"caption\":\"\",\"description\":\"Szem\\u00e9szeti Podcast-01.05.-Biol\\u00f3giai ter\\u00e1pia-Dr. Szepess\\u00ed Zsuzsanna \",\"meta\":{\"artist\":\"Dr. Szepessy Zsuzsanna\",\"album\":\"Szem\\u00e9szeti podcast\",\"genre\":\"Corporate\",\"year\":\"2022\",\"length_formatted\":\"5:19\"},\"image\":{\"src\":\"https:\\\/\\\/semmelweis.hu\\\/szemeszet\\\/wp-includes\\\/images\\\/media\\\/audio.svg\",\"width\":48,\"height\":64},\"thumb\":{\"src\":\"https:\\\/\\\/semmelweis.hu\\\/szemeszet\\\/wp-includes\\\/images\\\/media\\\/audio.svg\",\"width\":48,\"height\":64}},{\"src\":\"https:\\\/\\\/semmelweis.hu\\\/szemeszet\\\/files\\\/2022\\\/11\\\/Szemeszeti-Podcast-01.06.-Gyermekszemeszet-Dr.-Szamosi-Anna-Dr.-Knezy-Krisztina.mp3\",\"type\":\"audio\\\/mpeg\",\"title\":\"Gyermekszem\\u00e9szet\",\"caption\":\"\",\"description\":\"Szem\\u00e9szeti Podcast - 01.06. - Gyermekszem\\u00e9szet - Dr. Szamosi Anna - Dr. Kn\\u00e9zy Krisztina\",\"meta\":{\"artist\":\"Dr. Szamosi Anna - Dr. Kn\\u00e9zy Krisztina\",\"album\":\"Szem\\u00e9szeti Podcast\",\"genre\":\"Corporate\",\"year\":\"2022\",\"length_formatted\":\"4:47\"},\"image\":{\"src\":\"https:\\\/\\\/semmelweis.hu\\\/szemeszet\\\/wp-includes\\\/images\\\/media\\\/audio.svg\",\"width\":48,\"height\":64},\"thumb\":{\"src\":\"https:\\\/\\\/semmelweis.hu\\\/szemeszet\\\/wp-includes\\\/images\\\/media\\\/audio.svg\",\"width\":48,\"height\":64}},{\"src\":\"https:\\\/\\\/semmelweis.hu\\\/szemeszet\\\/files\\\/2022\\\/12\\\/Szemeszeti-Podcast-01.07.-Zoldhalyog-Glaucoma-Dr.-Kranitz-Kinga.mp3\",\"type\":\"audio\\\/mpeg\",\"title\":\"Z\\u00f6ldh\\u00e1lyog (Glaucoma)\",\"caption\":\"\",\"description\":\"Szem\\u00e9szeti Podcast - 01.07. - Z\\u00f6ldh\\u00e1lyog (Glaucoma) - Dr. Kr\\u00e1nitz Kinga\",\"meta\":{\"artist\":\"Dr. Kr\\u00e1nitz Kinga\",\"album\":\"Szem\\u00e9szeti podcast\",\"genre\":\"Corporate\",\"year\":\"2022\",\"length_formatted\":\"9:32\"},\"image\":{\"src\":\"https:\\\/\\\/semmelweis.hu\\\/szemeszet\\\/wp-includes\\\/images\\\/media\\\/audio.svg\",\"width\":48,\"height\":64},\"thumb\":{\"src\":\"https:\\\/\\\/semmelweis.hu\\\/szemeszet\\\/wp-includes\\\/images\\\/media\\\/audio.svg\",\"width\":48,\"height\":64}},{\"src\":\"https:\\\/\\\/semmelweis.hu\\\/szemeszet\\\/files\\\/2022\\\/12\\\/Szemeszeti-Podcast-01.08.-Retinalevalas-Dr.-Barcsay-Gyorgy-Dr.-Resch-Miklos.mp3\",\"type\":\"audio\\\/mpeg\",\"title\":\"Retinalev\\u00e1l\\u00e1s\",\"caption\":\"\",\"description\":\"Szem\\u00e9szeti Podcast - 01.08. - Retinalev\\u00e1l\\u00e1s - Dr. Barcsay Gy\\u00f6rgy - Dr. Resch Mikl\\u00f3s\",\"meta\":{\"artist\":\"Dr. Barcsay Gy\\u00f6rgy - Dr. Resch Mikl\\u00f3s\",\"album\":\"Szem\\u00e9szeti Podcast\",\"genre\":\"Corporate\",\"year\":\"2022\",\"length_formatted\":\"5:31\"},\"image\":{\"src\":\"https:\\\/\\\/semmelweis.hu\\\/szemeszet\\\/wp-includes\\\/images\\\/media\\\/audio.svg\",\"width\":48,\"height\":64},\"thumb\":{\"src\":\"https:\\\/\\\/semmelweis.hu\\\/szemeszet\\\/wp-includes\\\/images\\\/media\\\/audio.svg\",\"width\":48,\"height\":64}},{\"src\":\"https:\\\/\\\/semmelweis.hu\\\/szemeszet\\\/files\\\/2023\\\/01\\\/Szemeszeti-Podcast-01.09.-A-kontaktlencse-viseles-szovodmenyei-Dr.-Tapaszto-Beata-Dr.-Barcsay-Veres-Amarilla.mp3\",\"type\":\"audio\\\/mpeg\",\"title\":\"Kontaktlencse visel\\u00e9s\",\"caption\":\"\",\"description\":\"Olyan fontos t\\u00e9m\\u00e1kr\\u00f3l hallhatunk, mint p\\u00e9ld\\u00e1ul h\\u00e1ny \\u00e9ves kort\\u00f3l vagy mennyi ideig lehet kontaktlencs\\u00e9t viselni, illetve mik azok a figyelmeztet\\u0151 jelek, melyek a kontaktlencse visel\\u00e9s sz\\u00f6v\\u0151dm\\u00e9nyeire h\\u00edvj\\u00e1k fel a figyelmet.\",\"meta\":{\"artist\":\"Dr. Tapaszt\\u00f3 Be\\u00e1ta - Dr. Barcsay-Veres Amarilla\",\"album\":\"Szem\\u00e9szeti podcast\",\"genre\":\"Corporate\",\"year\":\"2022\",\"length_formatted\":\"4:11\"},\"image\":{\"src\":\"https:\\\/\\\/semmelweis.hu\\\/szemeszet\\\/wp-includes\\\/images\\\/media\\\/audio.svg\",\"width\":48,\"height\":64},\"thumb\":{\"src\":\"https:\\\/\\\/semmelweis.hu\\\/szemeszet\\\/wp-includes\\\/images\\\/media\\\/audio.svg\",\"width\":48,\"height\":64}},{\"src\":\"https:\\\/\\\/semmelweis.hu\\\/szemeszet\\\/files\\\/2023\\\/01\\\/Szemeszeti-Podcast-01.10.-A-szaruhartya-nem-fertozeses-eredetu-betegsegei-Dr.-Fust-Agnes-Dr.-Barcsay-Veres-Amarilla.mp3\",\"type\":\"audio\\\/mpeg\",\"title\":\"A szaruh\\u00e1rtya nem fert\\u0151z\\u00e9ses eredet\\u0171 betegs\\u00e9gei\",\"caption\":\"\",\"description\":\"A szemgoly\\u00f3 el\\u00fcls\\u0151 r\\u00e9sz\\u00e9n, a szaruh\\u00e1rty\\u00e1n, nem csak fert\\u0151z\\u00e9s miatt alakulhat ki gyullad\\u00e1s. Autoimmun \\u00edz\\u00fcleti gyullad\\u00e1s, rosacea, illetve egy\\u00e9b gyullad\\u00e1sos betegs\\u00e9gek s\\u00falyos l\\u00e1t\\u00e1sroml\\u00e1st is okozhatnak, ez\\u00e9rt fontos tudni, milyen vizsg\\u00e1latokon javasolt r\\u00e9szt venni ilyen esetekben.\",\"meta\":{\"artist\":\"Dr. F\\u00fcst \\u00c1gnes - Dr. Barcsay-Veres Amarilla\",\"album\":\"Szem\\u00e9szeti Podcast\",\"genre\":\"Corporate\",\"year\":\"2022\",\"length_formatted\":\"4:57\"},\"image\":{\"src\":\"https:\\\/\\\/semmelweis.hu\\\/szemeszet\\\/wp-includes\\\/images\\\/media\\\/audio.svg\",\"width\":48,\"height\":64},\"thumb\":{\"src\":\"https:\\\/\\\/semmelweis.hu\\\/szemeszet\\\/wp-includes\\\/images\\\/media\\\/audio.svg\",\"width\":48,\"height\":64}},{\"src\":\"https:\\\/\\\/semmelweis.hu\\\/szemeszet\\\/files\\\/2023\\\/06\\\/Szemeszeti-Podcast-01.11.-Vitrectomia-Dr.-Kovacs-Illes-Dr.-Fodor-Eszter.mp3\",\"type\":\"audio\\\/mpeg\",\"title\":\"Vitrektomia\",\"caption\":\"\",\"description\":\"Szem\\u00e9szeti Podcast 01.11 - A vitrectomia m\\u0171t\\u00e9t a szem \\u00fcvegtestj\\u00e9t \\u00e9rint\\u0151 vagy a l\\u00e1t\\u00f3h\\u00e1rtya betegs\\u00e9geiben v\\u00e1lasztand\\u00f3 kezel\\u00e9s. A besz\\u00e9lget\\u00e9s sor\\u00e1n az indik\\u00e1ci\\u00f3kr\\u00f3l \\u00e9s a fontos tudnival\\u00f3kr\\u00f3l hallgathatnak hasznos tudnival\\u00f3kat.\",\"meta\":{\"artist\":\"Dr. Kov\\u00e1cs Ill\\u00e9s - Dr. Fodor Eszter\",\"album\":\"Szem\\u00e9szeti podcast\",\"genre\":\"Corporate\",\"year\":\"2023\",\"length_formatted\":\"4:48\"},\"image\":{\"src\":\"https:\\\/\\\/semmelweis.hu\\\/szemeszet\\\/wp-includes\\\/images\\\/media\\\/audio.svg\",\"width\":48,\"height\":64},\"thumb\":{\"src\":\"https:\\\/\\\/semmelweis.hu\\\/szemeszet\\\/wp-includes\\\/images\\\/media\\\/audio.svg\",\"width\":48,\"height\":64}},{\"src\":\"https:\\\/\\\/semmelweis.hu\\\/szemeszet\\\/files\\\/2023\\\/06\\\/Szemeszeti-Podcast-01.12.-Maculalyuk-epiretinalis-membran-Dr.-Resch-Miklos-Dr.-Barcsay-Gyorgy.mp3\",\"type\":\"audio\\\/mpeg\",\"title\":\"Maculalyuk\",\"caption\":\"\",\"description\":\"Szem\\u00e9szeti Podcast 01.12 - A szem l\\u00e1t\\u00f3h\\u00e1rty\\u00e1j\\u00e1nak k\\u00f6zponti r\\u00e9sz\\u00e9nek betegs\\u00e9geir\\u0151l esik sz\\u00f3. A m\\u0171t\\u00e9ti megold\\u00e1sokr\\u00f3l \\u00e9s azok kimenetel\\u00e9r\\u0151l besz\\u00e9lgetnek a retina seb\\u00e9sz orvosok.\\n\",\"meta\":{\"artist\":\"Dr. Resch Mikl\\u00f3s, Dr. Barcsay Gy\\u00f6rgy\",\"album\":\"Szem\\u00e9szeti Podcast\",\"genre\":\"Corporate\",\"year\":\"2023\",\"length_formatted\":\"3:34\"},\"image\":{\"src\":\"https:\\\/\\\/semmelweis.hu\\\/szemeszet\\\/wp-includes\\\/images\\\/media\\\/audio.svg\",\"width\":48,\"height\":64},\"thumb\":{\"src\":\"https:\\\/\\\/semmelweis.hu\\\/szemeszet\\\/wp-includes\\\/images\\\/media\\\/audio.svg\",\"width\":48,\"height\":64}},{\"src\":\"https:\\\/\\\/semmelweis.hu\\\/szemeszet\\\/files\\\/2023\\\/06\\\/Szemeszeti-Podcast-02.01.-Lezeres-szemmutet-Prof.-Dr.-Nagy-Zoltan-Zsolt.mp3\",\"type\":\"audio\\\/mpeg\",\"title\":\"L\\u00e9zeres szemm\\u0171t\\u00e9tek\",\"caption\":\"\",\"description\":\"Szem\\u00e9szeti Podcast 02.01 - A l\\u00e1t\\u00e1s jav\\u00edt\\u00e1s\\u00e1t c\\u00e9lz\\u00f3 beavatkoz\\u00e1sok k\\u00f6z\\u00fcl a l\\u00e9zeres m\\u0171t\\u00e9tekr\\u0151l esik sz\\u00f3. A v\\u00e1rhat\\u00f3 el\\u0151ny\\u00f6k \\u00e9s h\\u00e1tr\\u00e1nyok ismeret\\u00e9t seg\\u00edti ez az epiz\\u00f3d.\",\"meta\":{\"artist\":\"Prof. Dr. Nagy Zolt\\u00e1n Zsolt\",\"album\":\"Szem\\u00e9szeti Podcast\",\"genre\":\"Corporate\",\"year\":\"2020\",\"length_formatted\":\"11:05\"},\"image\":{\"src\":\"https:\\\/\\\/semmelweis.hu\\\/szemeszet\\\/wp-includes\\\/images\\\/media\\\/audio.svg\",\"width\":48,\"height\":64},\"thumb\":{\"src\":\"https:\\\/\\\/semmelweis.hu\\\/szemeszet\\\/wp-includes\\\/images\\\/media\\\/audio.svg\",\"width\":48,\"height\":64}},{\"src\":\"https:\\\/\\\/semmelweis.hu\\\/szemeszet\\\/files\\\/2023\\\/09\\\/Szemeszeti-Podcast-02.02.-Szemeszeti-genetikai-betegsegek-Dr.-Szabo-Viktoria-Dr.-Besztercei-Barbara.mp3\",\"type\":\"audio\\\/mpeg\",\"title\":\"Szem\\u00e9szeti genetikai betegs\\u00e9gek\",\"caption\":\"\",\"description\":\"Szem\\u00e9szeti Podcast - 02.02. - Szem\\u00e9szeti genetikai betegs\\u00e9gek - Dr. Szab\\u00f3 Vikt\\u00f3ria - Dr. Besztercei Barbara\",\"meta\":{\"artist\":\"Dr. Szab\\u00f3 Vikt\\u00f3ria, Dr. Besztercei Barbara\",\"album\":\"Szem\\u00e9szeti Podcast\",\"genre\":\"Corporate\",\"year\":\"2022\",\"length_formatted\":\"4:48\"},\"image\":{\"src\":\"https:\\\/\\\/semmelweis.hu\\\/szemeszet\\\/wp-includes\\\/images\\\/media\\\/audio.svg\",\"width\":48,\"height\":64},\"thumb\":{\"src\":\"https:\\\/\\\/semmelweis.hu\\\/szemeszet\\\/wp-includes\\\/images\\\/media\\\/audio.svg\",\"width\":48,\"height\":64}},{\"src\":\"https:\\\/\\\/semmelweis.hu\\\/szemeszet\\\/files\\\/2023\\\/09\\\/Szemeszeti-Podcast-02.03.-Felnottkori-uveitisek-Dr.-Gehl-Zsuzsanna-Dr.-Ujvary-Laszlo.mp3\",\"type\":\"audio\\\/mpeg\",\"title\":\"Feln\\u0151ttkori uveitisek\",\"caption\":\"\",\"description\":\"Szem\\u00e9szeti Podcast - 02.03. - Feln\\u0151ttkori uveitisek - Dr. G\\u00e9hl Zsuzsanna - Dr. Ujv\\u00e1ry L\\u00e1szl\\u00f3\",\"meta\":{\"artist\":\"Dr. G\\u00e9hl Zsuzsanna - Dr. Ujv\\u00e1ry L\\u00e1szl\\u00f3\",\"album\":\"Szem\\u00e9szeti Podcast\",\"genre\":\"Corporate\",\"year\":\"2022\",\"length_formatted\":\"5:35\"},\"image\":{\"src\":\"https:\\\/\\\/semmelweis.hu\\\/szemeszet\\\/wp-includes\\\/images\\\/media\\\/audio.svg\",\"width\":48,\"height\":64},\"thumb\":{\"src\":\"https:\\\/\\\/semmelweis.hu\\\/szemeszet\\\/wp-includes\\\/images\\\/media\\\/audio.svg\",\"width\":48,\"height\":64}},{\"src\":\"https:\\\/\\\/semmelweis.hu\\\/szemeszet\\\/files\\\/2023\\\/09\\\/Szemeszeti-Podcast-02.04.-Mutet-utani-helyes-csepegtetes-Dr.-Bausz-Maria-Dr.-Fodor-Eszter.mp3\",\"type\":\"audio\\\/mpeg\",\"title\":\"M\\u0171t\\u00e9t ut\\u00e1ni helyes csepegtet\\u00e9s\",\"caption\":\"\",\"description\":\"Szem\\u00e9szeti Podcast - 02.04. - M\\u0171t\\u00e9t ut\\u00e1ni helyes csepegtet\\u00e9s - Dr. Bausz M\\u00e1ria - Dr. Fodor Eszter\",\"meta\":{\"artist\":\"Dr. Bausz M\\u00e1ria - Dr. Fodor Eszter\",\"album\":\"Szem\\u00e9szeti Podcast\",\"genre\":\"Corporate\",\"year\":\"2023\",\"length_formatted\":\"3:45\"},\"image\":{\"src\":\"https:\\\/\\\/semmelweis.hu\\\/szemeszet\\\/wp-includes\\\/images\\\/media\\\/audio.svg\",\"width\":48,\"height\":64},\"thumb\":{\"src\":\"https:\\\/\\\/semmelweis.hu\\\/szemeszet\\\/wp-includes\\\/images\\\/media\\\/audio.svg\",\"width\":48,\"height\":64}},{\"src\":\"https:\\\/\\\/semmelweis.hu\\\/szemeszet\\\/files\\\/2023\\\/09\\\/Szemeszeti-Podcast-02.05.-Szaruhartya-atultetes-Prof.-Dr.-Nagy-Zoltan-Zsolt.mp3\",\"type\":\"audio\\\/mpeg\",\"title\":\"Szaruh\\u00e1rtya \\u00e1t\\u00fcltet\\u00e9s\",\"caption\":\"\",\"description\":\"Szem\\u00e9szeti Podcast - 02.05. - Szaruh\\u00e1rtya \\u00e1t\\u00fcltet\\u00e9s - Prof. Dr. Nagy Zolt\\u00e1n Zsolt\",\"meta\":{\"artist\":\"Prof. Dr. Nagy Zolt\\u00e1n Zsolt\",\"album\":\"Szem\\u00e9szeti Podcast\",\"genre\":\"Corporate\",\"year\":\"2022\",\"length_formatted\":\"7:14\"},\"image\":{\"src\":\"https:\\\/\\\/semmelweis.hu\\\/szemeszet\\\/wp-includes\\\/images\\\/media\\\/audio.svg\",\"width\":48,\"height\":64},\"thumb\":{\"src\":\"https:\\\/\\\/semmelweis.hu\\\/szemeszet\\\/wp-includes\\\/images\\\/media\\\/audio.svg\",\"width\":48,\"height\":64}},{\"src\":\"https:\\\/\\\/semmelweis.hu\\\/szemeszet\\\/files\\\/2023\\\/09\\\/Szemeszeti-Podcast-02.06.-Gyermekori-uveitisek-Dr.-Dohan-Judit-Dr.-Ujvary-Laszlo.mp3\",\"type\":\"audio\\\/mpeg\",\"title\":\"Gyermekori uveitisek\",\"caption\":\"\",\"description\":\"Szem\\u00e9szeti Podcast - 02.06. - Gyermekori uveitisek - Dr. Doh\\u00e1n Judit - Dr. Ujv\\u00e1ry L\\u00e1szl\\u00f3\",\"meta\":{\"artist\":\"Dr. Doh\\u00e1n Judit - Dr. Ujv\\u00e1ry L\\u00e1szl\\u00f3\",\"album\":\"Szem\\u00e9szeti Podcast\",\"genre\":\"Corporate\",\"year\":\"2022\",\"length_formatted\":\"6:32\"},\"image\":{\"src\":\"https:\\\/\\\/semmelweis.hu\\\/szemeszet\\\/wp-includes\\\/images\\\/media\\\/audio.svg\",\"width\":48,\"height\":64},\"thumb\":{\"src\":\"https:\\\/\\\/semmelweis.hu\\\/szemeszet\\\/wp-includes\\\/images\\\/media\\\/audio.svg\",\"width\":48,\"height\":64}},{\"src\":\"https:\\\/\\\/semmelweis.hu\\\/szemeszet\\\/files\\\/2024\\\/02\\\/Szemeszeti-Podcast-02.07.-Latasrehabilitacio-Joszt-Laszlo-Barcsay-Gyorgy.mp3\",\"type\":\"audio\\\/mpeg\",\"title\":\"L\\u00e1t\\u00e1srehabilit\\u00e1ci\\u00f3\",\"caption\":\"\\\"L\\u00e1t\\u00e1srehabilit\\u00e1ci\\u00f3\\\"\",\"description\":\"Szem\\u00e9szeti Podcast - 02.06. - Mit jelent az elemi rehabilit\\u00e1ci\\u00f3 \\u00e9s kiknek el\\u00e9rhet\\u0151 ez a szolg\\u00e1ltat\\u00e1s? Mit tehet\\u00fcnk, ha m\\u00e1r szem\\u00e9szeti oldalr\\u00f3l nincs mit tenni, de a l\\u00e1t\\u00e1ss\\u00e9r\\u00fcl\\u00e9s kiszolg\\u00e1ltatott\\u00e1 teszi a p\\u00e1cienst?\",\"meta\":{\"artist\":\"Dr. Barcsay Gy\\u00f6rgy egyetemi adjunktus, Joszt L\\u00e1szl\\u00f3 elemi rehabilit\\u00e1ci\\u00f3s szakember\",\"album\":\"Szem\\u00e9szeti podcast\",\"genre\":\"Corporate\",\"year\":\"2022\",\"length_formatted\":\"11:58\"},\"image\":{\"src\":\"https:\\\/\\\/semmelweis.hu\\\/szemeszet\\\/wp-includes\\\/images\\\/media\\\/audio.svg\",\"width\":48,\"height\":64},\"thumb\":{\"src\":\"https:\\\/\\\/semmelweis.hu\\\/szemeszet\\\/wp-includes\\\/images\\\/media\\\/audio.svg\",\"width\":48,\"height\":64}}]}<\/script>\n<\/div>\n\t\n<h6 style=\"text-align: right\"><span style=\"font-size: 12pt\">A hangfelv\u00e9telek a Semmelweis St\u00fadi\u00f3ban k\u00e9sz\u00fcltek<\/span><\/h6>\n<h4><strong>Figyelm\u00fckbe aj\u00e1nljuk:<\/strong><\/h4>\n<p style=\"text-align: justify\">A Budapesti Orvostanhallgat\u00f3k Egyes\u00fclete elind\u00edtotta saj\u00e1t podcast m\u0171sor\u00e1t, a 112 Hz csatorn\u00e1t, melynek c\u00e9lja, hogy k\u00f6zelebb hozza az orvostudom\u00e1nyt az emberekhez. A Kar\u00e1csonyi k\u00fcl\u00f6nkiad\u00e1s alkalm\u00e1b\u00f3l Rektor \u00dar, Prof. Dr. Merkely B\u00e9la tisztelte meg a csatorn\u00e1t egy k\u00fcl\u00f6nleges szem\u00e9lyes interj\u00fa keretein bel\u00fcl, melyben az orvosi hivat\u00e1sr\u00f3l besz\u00e9lgetnek:<\/p>\n<p><iframe title=\"Spotify Embed: AZ ORVOSI HIVAT\u00c1SR\u00d3L - besz\u00e9lget\u00e9s Prof. Dr. Merkely B\u00e9l\u00e1val\" style=\"border-radius: 12px\" width=\"100%\" height=\"152\" frameborder=\"0\" allowfullscreen allow=\"autoplay; clipboard-write; encrypted-media; fullscreen; picture-in-picture\" loading=\"lazy\" src=\"https:\/\/open.spotify.com\/embed\/episode\/2MFr0TFfd9J4cfIG7uh1KC?si=y3Dt7_76SaaUv77w-6Q8-w&#038;utm_source=oembed\"><\/iframe><\/p>\n<p><iframe loading=\"lazy\" title=\"AZ ORVOSI HIVAT\u00c1SR\u00d3L - besz\u00e9lget\u00e9s Prof. Dr. Merkely B\u00e9l\u00e1val\" width=\"753\" height=\"424\" src=\"https:\/\/www.youtube.com\/embed\/iWPJPyfaskY?feature=oembed\" frameborder=\"0\" allow=\"accelerometer; autoplay; clipboard-write; encrypted-media; gyroscope; picture-in-picture; web-share\" allowfullscreen><\/iframe><\/p>\n","protected":false},"excerpt":{"rendered":"<p>Szem\u00e9szeti Podcast: eduk\u00e1ci\u00f3s sorozat, \u00e9rdekes, naprak\u00e9sz inform\u00e1ci\u00f3k a Semmelweis Egyetem, Szem\u00e9szeti Klinik\u00e1j\u00e1n dolgoz\u00f3 szem\u00e9sz orvosaival \u00e9s szakembereivel. Podcast csatorn\u00e1nkat az\u00e9rt ind\u00edtottuk \u00fatj\u00e1ra, hogy betegeink korszer\u0171, hozz\u00e1f\u00e9rhet\u0151 t\u00e1j\u00e9koztat\u00e1st kapjanak a szembetegs\u00e9gekkel kapcsolatban, hiszen a l\u00e1t\u00e1s v\u00e9delme \u00e9s kezel\u00e9se nem csak a szakemberekt\u0151l, hanem a p\u00e1ciensek egy\u00fcttm\u0171k\u00f6d\u00e9s\u00e9t\u0151l is f\u00fcgg. Kattintson az adott t\u00e9ma c\u00edm\u00e9re a lej\u00e1tsz\u00e1shoz! A &hellip;<\/p>\n","protected":false},"author":178,"featured_media":0,"parent":1513,"menu_order":2,"comment_status":"closed","ping_status":"closed","template":"","meta":{"_acf_changed":false,"footnotes":""},"categories":[],"tags":[],"class_list":["post-1509","page","type-page","status-publish","hentry"],"acf":[],"_links":{"self":[{"href":"https:\/\/semmelweis.hu\/szemeszet\/wp-json\/wp\/v2\/pages\/1509","targetHints":{"allow":["GET"]}}],"collection":[{"href":"https:\/\/semmelweis.hu\/szemeszet\/wp-json\/wp\/v2\/pages"}],"about":[{"href":"https:\/\/semmelweis.hu\/szemeszet\/wp-json\/wp\/v2\/types\/page"}],"author":[{"embeddable":true,"href":"https:\/\/semmelweis.hu\/szemeszet\/wp-json\/wp\/v2\/users\/178"}],"replies":[{"embeddable":true,"href":"https:\/\/semmelweis.hu\/szemeszet\/wp-json\/wp\/v2\/comments?post=1509"}],"version-history":[{"count":10,"href":"https:\/\/semmelweis.hu\/szemeszet\/wp-json\/wp\/v2\/pages\/1509\/revisions"}],"predecessor-version":[{"id":1680,"href":"https:\/\/semmelweis.hu\/szemeszet\/wp-json\/wp\/v2\/pages\/1509\/revisions\/1680"}],"up":[{"embeddable":true,"href":"https:\/\/semmelweis.hu\/szemeszet\/wp-json\/wp\/v2\/pages\/1513"}],"wp:attachment":[{"href":"https:\/\/semmelweis.hu\/szemeszet\/wp-json\/wp\/v2\/media?parent=1509"}],"wp:term":[{"taxonomy":"category","embeddable":true,"href":"https:\/\/semmelweis.hu\/szemeszet\/wp-json\/wp\/v2\/categories?post=1509"},{"taxonomy":"post_tag","embeddable":true,"href":"https:\/\/semmelweis.hu\/szemeszet\/wp-json\/wp\/v2\/tags?post=1509"}],"curies":[{"name":"wp","href":"https:\/\/api.w.org\/{rel}","templated":true}]}}