{"id":15,"date":"2012-01-17T13:20:37","date_gmt":"2012-01-17T12:20:37","guid":{"rendered":"http:\/\/semmelweis-egyetem.hu\/szemeszet\/?page_id=15"},"modified":"2026-03-06T09:51:19","modified_gmt":"2026-03-06T08:51:19","slug":"elerhetoseg","status":"publish","type":"page","link":"https:\/\/semmelweis.hu\/szemeszet\/elerhetoseg\/","title":{"rendered":"El\u00e9rhet\u0151s\u00e9g"},"content":{"rendered":"<p><span style=\"font-size: 18pt\"><strong>SZEM\u00c9SZETI KLINIKA<\/strong><\/span><br \/>\n<strong>Igazgat\u00f3:<\/strong> Dr. Nagy Zolt\u00e1n Zsolt egyetemi tan\u00e1r<\/p>\n<p><strong>C\u00edm:<\/strong> 1085 Budapest, M\u00e1ria u. 39.<br \/>\n<strong>Levelez\u00e9si c\u00edm:<\/strong> 1085 Budapest, \u00dcll\u0151i \u00fat 26.; 1428 Budapest, Pf.2.<br \/>\n<strong>Telefon:<\/strong> +36 1 459-1500 \/54500<\/p>\n<p><strong>Igazgat\u00f3i Titk\u00e1rs\u00e1g:<\/strong><br \/>\nTelefon: +36 1\u00a0 303-9435 \/ 54611<br \/>\nTelefon: +36 1 267-4951 \/ 54534<br \/>\nszem.titkarsag@semmelweis.hu<\/p>\n\n<!-- iframe plugin v.4.9 wordpress.org\/plugins\/iframe\/ -->\n<iframe loading=\"lazy\" src=\"https:\/\/www.google.com\/maps\/embed?pb=!1m18!1m12!1m3!1d2696.105921891792!2d19.06605141562634!3d47.487849879176935!2m3!1f0!2f0!3f0!3m2!1i1024!2i768!4f13.1!3m3!1m2!1s0x4741dc59bb7056cd%3A0xad0ca743671a3968!2sSemmelweis+Egyetem+Szem%C3%A9szeti+Klinika!5e0!3m2!1shu!2shu!4v1503565039149\" width=\"100%\" height=\"400\" scrolling=\"yes\" class=\"iframe-class\" frameborder=\"0\"><\/iframe>\n\n","protected":false},"excerpt":{"rendered":"<p>SZEM\u00c9SZETI KLINIKA<br \/>\nIgazgat\u00f3: Dr. Nagy Zolt\u00e1n Zsolt egyetemi tan\u00e1r<br \/>\nC\u00edm: 1085 Budapest, M\u00e1ria u. 39.<br \/>\nLevelez\u00e9si c\u00edm: 1085 Budapest, \u00dcll\u0151i \u00fat 26.; 1428 Budapest, Pf.2.<br \/>\nTelefon: +36 1 459-1500 \/54500<br \/>\nIgazgat\u00f3i Titk\u00e1rs\u00e1g:<br \/>\nTelefon: +36 1\u00a0 303-9435 \/ 54611<br \/>\nTelefon: +36 1 267-4951 \/ 54534<br \/>\nszem.titkarsag@semmelweis.hu<br \/>\n\u00a0<\/p>\n","protected":false},"author":178,"featured_media":0,"parent":0,"menu_order":7,"comment_status":"closed","ping_status":"closed","template":"","meta":{"_acf_changed":false,"footnotes":""},"categories":[],"tags":[],"class_list":["post-15","page","type-page","status-publish","hentry"],"acf":[],"_links":{"self":[{"href":"https:\/\/semmelweis.hu\/szemeszet\/wp-json\/wp\/v2\/pages\/15","targetHints":{"allow":["GET"]}}],"collection":[{"href":"https:\/\/semmelweis.hu\/szemeszet\/wp-json\/wp\/v2\/pages"}],"about":[{"href":"https:\/\/semmelweis.hu\/szemeszet\/wp-json\/wp\/v2\/types\/page"}],"author":[{"embeddable":true,"href":"https:\/\/semmelweis.hu\/szemeszet\/wp-json\/wp\/v2\/users\/178"}],"replies":[{"embeddable":true,"href":"https:\/\/semmelweis.hu\/szemeszet\/wp-json\/wp\/v2\/comments?post=15"}],"version-history":[{"count":10,"href":"https:\/\/semmelweis.hu\/szemeszet\/wp-json\/wp\/v2\/pages\/15\/revisions"}],"predecessor-version":[{"id":2312,"href":"https:\/\/semmelweis.hu\/szemeszet\/wp-json\/wp\/v2\/pages\/15\/revisions\/2312"}],"wp:attachment":[{"href":"https:\/\/semmelweis.hu\/szemeszet\/wp-json\/wp\/v2\/media?parent=15"}],"wp:term":[{"taxonomy":"category","embeddable":true,"href":"https:\/\/semmelweis.hu\/szemeszet\/wp-json\/wp\/v2\/categories?post=15"},{"taxonomy":"post_tag","embeddable":true,"href":"https:\/\/semmelweis.hu\/szemeszet\/wp-json\/wp\/v2\/tags?post=15"}],"curies":[{"name":"wp","href":"https:\/\/api.w.org\/{rel}","templated":true}]}}