{"id":1422,"date":"2022-03-24T10:23:12","date_gmt":"2022-03-24T09:23:12","guid":{"rendered":"https:\/\/semmelweis.hu\/szemeszet\/?page_id=1422"},"modified":"2023-04-19T10:11:43","modified_gmt":"2023-04-19T08:11:43","slug":"betegjogi-kepviselo","status":"publish","type":"page","link":"https:\/\/semmelweis.hu\/szemeszet\/betegellatas\/betegjogi-kepviselo\/","title":{"rendered":"Betegjogi k\u00e9pvisel\u0151"},"content":{"rendered":"<p>Panasz\u00e1val fordulhat a ter\u00fcletileg illet\u00e9kes betegjogi k\u00e9pvisel\u0151h\u00f6z. <br \/>\nA betegjogi k\u00e9pvisel\u0151 az eg\u00e9szs\u00e9g\u00fcgyi int\u00e9zm\u00e9nyt\u0151l f\u00fcggetlen szem\u00e9ly, az Integr\u00e1lt Jogv\u00e9delmi Szolg\u00e1lat munkat\u00e1rsa.\u00a0<\/p>\n<p><a href=\"https:\/\/semmelweis.hu\/szemeszet\/files\/2023\/01\/Bjk-hirdetmeny.pdf\">Betegjogi k\u00e9pvisel\u0151 hirdetm\u00e9ny<\/a><\/p>\n<p><strong>Betegjogi k\u00e9pvisel\u0151 neve:<\/strong> Lengyel Ingrid<br \/>\nTelefon: +36 20 4899 609<\/p>\n<p>melyen el\u00e9rhet\u0151 h\u00e9tf\u0151t\u0151l cs\u00fct\u00f6rt\u00f6kig, 08:00 &#8211; 16:30 k\u00f6z\u00f6tt\u00a0 \u00e9s p\u00e9nteken 08:00 &#8211; 14:00 k\u00f6z\u00f6tt<\/p>\n<p><span class=\"fontstyle0\">E-mail: <\/span><span class=\"fontstyle0\">ingrid.lengyel@ijsz.bm.gov.hu<\/span><\/p>\n<p><strong>Fogad\u00f3 \u00f3ra helye \u00e9s ideje:<\/strong> <br \/>\ntelefonos egyeztet\u00e9st k\u00f6vet\u0151en<\/p>\n<p><span class=\"fontstyle0\">A fenti el\u00e9rhet\u0151s\u00e9gek sikertelens\u00e9ge eset\u00e9n az <\/span><span class=\"fontstyle2\">IJSZ z\u00f6ldsz\u00e1ma h\u00edvhat\u00f3<\/span><span class=\"fontstyle2\">: 06\/80\/620-055<br \/>\n<\/span><span class=\"fontstyle0\">On affairs of patients\u2019 rights foreign language patients should contact the following phone number: <\/span><span class=\"fontstyle2\">+36\/20\/4899-614<\/span><\/p>\n<p style=\"text-align: center\">A JOGV\u00c9DELMI K\u00c9PVISEL\u0150 AZ INTEGR\u00c1LT JOGV\u00c9DELMI SZOLG\u00c1LAT (IJSZ) MUNKAT\u00c1RSA, AZ EG\u00c9SZS\u00c9G\u00dcGYI ELL\u00c1T\u00d3 INT\u00c9ZM\u00c9NYT\u0150L F\u00dcGGETLEN SZEM\u00c9LY!<\/p>\n<div id=\"GroupWiseSection_1648029578000_pacsirta.judit@semmelweis-univ.hu_2729378118210000B4706F6437386235_\" class=\"GroupWiseMessageBody\">\u00a0<\/div>\n","protected":false},"excerpt":{"rendered":"<p>Panasz\u00e1val fordulhat a ter\u00fcletileg illet\u00e9kes betegjogi k\u00e9pvisel\u0151h\u00f6z. A betegjogi k\u00e9pvisel\u0151 az eg\u00e9szs\u00e9g\u00fcgyi int\u00e9zm\u00e9nyt\u0151l f\u00fcggetlen szem\u00e9ly, az Integr\u00e1lt Jogv\u00e9delmi Szolg\u00e1lat munkat\u00e1rsa.\u00a0 <a href=\"https:\/\/semmelweis.hu\/szemeszet\/files\/2023\/01\/Bjk-hirdetmeny.pdf\">Betegjogi k\u00e9pvisel\u0151 hirdetm\u00e9ny<\/a> Betegjogi k\u00e9pvisel\u0151 neve: Lengyel Ingrid Telefon: +36 20 4899 609 melyen el\u00e9rhet\u0151 h\u00e9tf\u0151t\u0151l cs\u00fct\u00f6rt\u00f6kig, 08:00 &#8211; 16:30 k\u00f6z\u00f6tt\u00a0 \u00e9s p\u00e9nteken 08:00 &#8211; 14:00 k\u00f6z\u00f6tt E-mail: ingrid.lengyel@ijsz.bm.gov.hu Fogad\u00f3 \u00f3ra helye \u00e9s ideje: telefonos egyeztet\u00e9st k\u00f6vet\u0151en A &hellip;<\/p>\n","protected":false},"author":178,"featured_media":0,"parent":1570,"menu_order":6,"comment_status":"closed","ping_status":"closed","template":"","meta":{"_acf_changed":false,"footnotes":""},"categories":[],"tags":[],"class_list":["post-1422","page","type-page","status-publish","hentry"],"acf":[],"_links":{"self":[{"href":"https:\/\/semmelweis.hu\/szemeszet\/wp-json\/wp\/v2\/pages\/1422","targetHints":{"allow":["GET"]}}],"collection":[{"href":"https:\/\/semmelweis.hu\/szemeszet\/wp-json\/wp\/v2\/pages"}],"about":[{"href":"https:\/\/semmelweis.hu\/szemeszet\/wp-json\/wp\/v2\/types\/page"}],"author":[{"embeddable":true,"href":"https:\/\/semmelweis.hu\/szemeszet\/wp-json\/wp\/v2\/users\/178"}],"replies":[{"embeddable":true,"href":"https:\/\/semmelweis.hu\/szemeszet\/wp-json\/wp\/v2\/comments?post=1422"}],"version-history":[{"count":8,"href":"https:\/\/semmelweis.hu\/szemeszet\/wp-json\/wp\/v2\/pages\/1422\/revisions"}],"predecessor-version":[{"id":1686,"href":"https:\/\/semmelweis.hu\/szemeszet\/wp-json\/wp\/v2\/pages\/1422\/revisions\/1686"}],"up":[{"embeddable":true,"href":"https:\/\/semmelweis.hu\/szemeszet\/wp-json\/wp\/v2\/pages\/1570"}],"wp:attachment":[{"href":"https:\/\/semmelweis.hu\/szemeszet\/wp-json\/wp\/v2\/media?parent=1422"}],"wp:term":[{"taxonomy":"category","embeddable":true,"href":"https:\/\/semmelweis.hu\/szemeszet\/wp-json\/wp\/v2\/categories?post=1422"},{"taxonomy":"post_tag","embeddable":true,"href":"https:\/\/semmelweis.hu\/szemeszet\/wp-json\/wp\/v2\/tags?post=1422"}],"curies":[{"name":"wp","href":"https:\/\/api.w.org\/{rel}","templated":true}]}}