{"id":11,"date":"2012-01-17T13:21:27","date_gmt":"2012-01-17T13:21:27","guid":{"rendered":"http:\/\/semmelweis-egyetem.hu\/szemeszet\/?page_id=11"},"modified":"2026-04-01T12:39:44","modified_gmt":"2026-04-01T10:39:44","slug":"meghirdetett-tdk-temak","status":"publish","type":"page","link":"https:\/\/semmelweis.hu\/szemeszet\/oktatas\/meghirdetett-tdk-temak\/","title":{"rendered":"TDK t\u00e9m\u00e1k"},"content":{"rendered":"<table width=\"571\">\n<tbody>\n<tr>\n<td width=\"256\"><strong>T\u00e9mavezet\u0151 neve<\/strong><\/td>\n<td width=\"315\"><strong>TDK munka c\u00edme<\/strong><\/td>\n<\/tr>\n<tr>\n<td width=\"256\">Dr. Barcsay-Veres Amarilla<\/td>\n<td width=\"315\">Belgy\u00f3gy\u00e1szati betegs\u00e9gekhez t\u00e1rsul\u00f3 szemfelsz\u00edni betegs\u00e9gek<\/td>\n<\/tr>\n<tr>\n<td width=\"256\">Dr. Barcsay-Veres Amarilla<\/td>\n<td>K\u00f6nnyutak betegs\u00e9ge gyerekkorban<\/td>\n<\/tr>\n<tr>\n<td width=\"256\">Dr. Barcsay-Veres Amarilla<\/td>\n<td>K\u00f6t\u0151h\u00e1rtya elv\u00e1ltoz\u00e1sok fiatalkorban<\/td>\n<\/tr>\n<tr>\n<td width=\"256\">Dr. Ecsedy M\u00f3nika<\/td>\n<td width=\"315\">\u00daj diagnosztikus \u00e9s ter\u00e1pi\u00e1s lehet\u0151s\u00e9gek diab\u00e9teszes retinopathi\u00e1ban \u00e9s egy\u00e9b retina betegs\u00e9gekben<\/td>\n<\/tr>\n<tr>\n<td width=\"256\">Dr. F\u00fcst \u00c1gnes<\/td>\n<td width=\"315\">A szemfelsz\u00edn betegs\u00e9geinek vizsg\u00e1lata<\/td>\n<\/tr>\n<tr>\n<td>Dr. Kn\u00e9zy Krisztina<\/td>\n<td><span data-olk-copy-source=\"MessageBody\">LCA betegek kognit\u00edv m\u0171k\u00f6d\u00e9s\u00e9nek \u00e9s OCT-vizsg\u00e1lati eredm\u00e9nyeinek norm\u00e1leloszl\u00e1s szerinti elemz\u00e9se<\/span><\/td>\n<\/tr>\n<tr>\n<td width=\"256\">Dr. Kn\u00e9zy Krisztina<\/td>\n<td width=\"315\">Leber-f\u00e9le \u00f6r\u00f6kletes l\u00e1t\u00f3idegb\u00e1ntalom: hazai megfigyel\u00e9seink<\/td>\n<\/tr>\n<tr>\n<td width=\"256\">Dr. Kn\u00e9zy Krisztina<\/td>\n<td width=\"315\">Sz\u00ednl\u00e1t\u00e1szavarok vizsg\u00e1lata aniridi\u00e1s \u00e9s fovea hypoplasi\u00e1s betegeken<\/td>\n<\/tr>\n<tr>\n<td width=\"256\">Dr. Kov\u00e1cs Ill\u00e9s<\/td>\n<td width=\"315\">K\u00e9palkot\u00f3 elj\u00e1r\u00e1sok a szem\u00e9szetben<\/td>\n<\/tr>\n<tr>\n<td>Dr. Kr\u00e1nitz Kinga<\/td>\n<td>A glauk\u00f3ma diagnosztik\u00e1ja \u00e9s ter\u00e1pi\u00e1ja<\/td>\n<\/tr>\n<tr>\n<td width=\"256\">Dr. Maneschg Otto<\/td>\n<td width=\"315\">A mikroperimetria \u00e9s a sweep VEP (sVEP) alkalmaz\u00e1sa feln\u0151ttkori amblyopia eset\u00e9n<\/td>\n<\/tr>\n<tr>\n<td width=\"256\">Dr. Maneschg Otto<\/td>\n<td width=\"315\">Klinikai jellemz\u0151k \u00e9s \u00faj m\u0171t\u00e9ti technik\u00e1k a kancsals\u00e1g bonyolult form\u00e1iban<\/td>\n<\/tr>\n<tr>\n<td width=\"256\">Prof. Dr. Nagy Zolt\u00e1n Zsolt<\/td>\n<td width=\"315\">A cornea \u00e9s cataracta seb\u00e9szet \u00fajabb eredm\u00e9nyei<\/td>\n<\/tr>\n<tr>\n<td width=\"256\">Prof. Dr. Nagy Zolt\u00e1n Zsolt<\/td>\n<td width=\"315\">Keratoconus CXL ter\u00e1pi\u00e1j\u00e1nak hossz\u00fat\u00e1v\u00fa hat\u00e1sai<\/td>\n<\/tr>\n<tr>\n<td width=\"256\">Prof. Dr. Nagy Zolt\u00e1n Zsolt, Dr. Szab\u00f3 Vikt\u00f3ria<\/td>\n<td width=\"315\">\u00d6r\u00f6kl\u0151d\u0151 szem\u00e9szeti betegs\u00e9gek<\/td>\n<\/tr>\n<tr>\n<td width=\"256\">Dr. Papp Andr\u00e1s<\/td>\n<td width=\"315\">A retinabetegs\u00e9gek kezel\u00e9si lehet\u0151s\u00e9gei<\/td>\n<\/tr>\n<tr>\n<td width=\"256\">Dr. R\u00e9cs\u00e1n Zsuzsanna<\/td>\n<td width=\"315\">Diabeteses retinopathia<\/td>\n<\/tr>\n<tr>\n<td width=\"256\">Dr. R\u00e9cs\u00e1n Zsuzsanna<\/td>\n<td width=\"315\">Maculalyuk seb\u00e9szet<\/td>\n<\/tr>\n<tr>\n<td width=\"256\">Dr. R\u00e9cs\u00e1n Zsuzsanna<\/td>\n<td width=\"315\">Retina lev\u00e1l\u00e1s<\/td>\n<\/tr>\n<tr>\n<td width=\"256\">Dr. Resch Mikl\u00f3s<\/td>\n<td width=\"315\">A retinabetegs\u00e9gek k\u00e9palkot\u00f3 diagnosztik\u00e1ja<\/td>\n<\/tr>\n<tr>\n<td width=\"256\">Dr. Szab\u00f3 Vikt\u00f3ria<\/td>\n<td width=\"315\">A klinikai genetika szem\u00e9szeti aspektusai<\/td>\n<\/tr>\n<tr>\n<td width=\"256\">Prof. Dr. Szentm\u00e1ry N\u00f3ra<\/td>\n<td width=\"315\">A szaruh\u00e1rtya \u00e9s a szem el\u00fcls\u0151 szegmentum\u00e1nak klinikai, diagnosztikai \u00e9s molekul\u00e1rbiol\u00f3giai vizsg\u00e1lata eg\u00e9szs\u00e9ges \u00e9s k\u00f3ros k\u00f6r\u00fclm\u00e9nyek k\u00f6z\u00f6tt<\/td>\n<\/tr>\n<tr>\n<td width=\"256\">Dr. Zobor Annam\u00e1ria Ditta<\/td>\n<td width=\"315\">Funkcion\u00e1lis \u00e9s k\u00e9palkot\u00f3 diagnosztika \u00f6r\u00f6kl\u0151d\u0151 retinabetegs\u00e9gekben<\/td>\n<\/tr>\n<tr>\n<td width=\"256\">Dr. Zobor Annam\u00e1ria Ditta<\/td>\n<td width=\"315\">Genot\u00edpus- Fenot\u00edpus Korrel\u00e1ci\u00f3k \u00f6r\u00f6kl\u0151d\u0151 retinabetegs\u00e9gekben<\/td>\n<\/tr>\n<\/tbody>\n<\/table>\n","protected":false},"excerpt":{"rendered":"<p>T\u00e9mavezet\u0151 neve TDK munka c\u00edme Dr. Barcsay-Veres Amarilla Belgy\u00f3gy\u00e1szati betegs\u00e9gekhez t\u00e1rsul\u00f3 szemfelsz\u00edni betegs\u00e9gek Dr. Barcsay-Veres Amarilla K\u00f6nnyutak betegs\u00e9ge gyerekkorban Dr. Barcsay-Veres Amarilla K\u00f6t\u0151h\u00e1rtya elv\u00e1ltoz\u00e1sok fiatalkorban Dr. Ecsedy M\u00f3nika \u00daj diagnosztikus \u00e9s ter\u00e1pi\u00e1s lehet\u0151s\u00e9gek diab\u00e9teszes retinopathi\u00e1ban \u00e9s egy\u00e9b retina betegs\u00e9gekben Dr. F\u00fcst \u00c1gnes A szemfelsz\u00edn betegs\u00e9geinek vizsg\u00e1lata Dr. Kn\u00e9zy Krisztina LCA betegek kognit\u00edv m\u0171k\u00f6d\u00e9s\u00e9nek \u00e9s OCT-vizsg\u00e1lati &hellip;<\/p>\n","protected":false},"author":178,"featured_media":0,"parent":54,"menu_order":3,"comment_status":"closed","ping_status":"closed","template":"","meta":{"_acf_changed":false,"footnotes":""},"categories":[],"tags":[],"class_list":["post-11","page","type-page","status-publish","hentry"],"acf":[],"_links":{"self":[{"href":"https:\/\/semmelweis.hu\/szemeszet\/wp-json\/wp\/v2\/pages\/11","targetHints":{"allow":["GET"]}}],"collection":[{"href":"https:\/\/semmelweis.hu\/szemeszet\/wp-json\/wp\/v2\/pages"}],"about":[{"href":"https:\/\/semmelweis.hu\/szemeszet\/wp-json\/wp\/v2\/types\/page"}],"author":[{"embeddable":true,"href":"https:\/\/semmelweis.hu\/szemeszet\/wp-json\/wp\/v2\/users\/178"}],"replies":[{"embeddable":true,"href":"https:\/\/semmelweis.hu\/szemeszet\/wp-json\/wp\/v2\/comments?post=11"}],"version-history":[{"count":10,"href":"https:\/\/semmelweis.hu\/szemeszet\/wp-json\/wp\/v2\/pages\/11\/revisions"}],"predecessor-version":[{"id":2327,"href":"https:\/\/semmelweis.hu\/szemeszet\/wp-json\/wp\/v2\/pages\/11\/revisions\/2327"}],"up":[{"embeddable":true,"href":"https:\/\/semmelweis.hu\/szemeszet\/wp-json\/wp\/v2\/pages\/54"}],"wp:attachment":[{"href":"https:\/\/semmelweis.hu\/szemeszet\/wp-json\/wp\/v2\/media?parent=11"}],"wp:term":[{"taxonomy":"category","embeddable":true,"href":"https:\/\/semmelweis.hu\/szemeszet\/wp-json\/wp\/v2\/categories?post=11"},{"taxonomy":"post_tag","embeddable":true,"href":"https:\/\/semmelweis.hu\/szemeszet\/wp-json\/wp\/v2\/tags?post=11"}],"curies":[{"name":"wp","href":"https:\/\/api.w.org\/{rel}","templated":true}]}}