{"id":10,"date":"2012-01-17T12:53:02","date_gmt":"2012-01-17T12:53:02","guid":{"rendered":"http:\/\/semmelweis-egyetem.hu\/szemeszet\/?page_id=10"},"modified":"2023-04-27T16:04:09","modified_gmt":"2023-04-27T14:04:09","slug":"kutatasi-teruletek","status":"publish","type":"page","link":"https:\/\/semmelweis.hu\/szemeszet\/kutatasi-teruletek\/","title":{"rendered":"Kutat\u00e1si ter\u00fcletek"},"content":{"rendered":"<h4><strong>Szemfelsz\u00edn, k\u00f6nnyfilm<\/strong><\/h4>\n<ul>\n<li>K\u00f6nnyfilm dinamika eg\u00e9szs\u00e9ges \u00e9s beteg szemekben (N\u00e9meth J\u00e1nos)<\/li>\n<li>Sz\u00e1raz szem &#8211; diagnosztika \u00e9s kezel\u00e9s (N\u00e9meth J\u00e1nos)<\/li>\n<\/ul>\n<h4><strong>Cornea<\/strong><\/h4>\n<ul>\n<li>Cornea topogr\u00e1fia (N\u00e9meth J\u00e1nos)<\/li>\n<li>A szaruh\u00e1rtya sebgy\u00f3gyul\u00e1sa, k\u00fcl\u00f6n\u00f6s tekintettel fotorefrakt\u00edv keratectomi\u00e1t k\u00f6vet\u0151en (Nagy Zolt\u00e1n Zsolt)<\/li>\n<li>A femtol\u00e9zer alkalmaz\u00e1sa a szaruh\u00e1rtya seb\u00e9szeteben (Nagy Zolt\u00e1n Zsolt)<\/li>\n<li>A keratoconus progresszi\u00f3j\u00e1nak k\u00f6vet\u00e9se \u00e9s megel\u0151z\u00e9se a szaruh\u00e1rtya crosslinking kezel\u00e9se r\u00e9ven (Nagy Zolt\u00e1n Zsolt)<\/li>\n<li>A szem magasabb rend\u0171 aberr\u00e1cioinak jellemz\u00e9se (Nagy Zolt\u00e1n Zsolt)<\/li>\n<li>A szaruh\u00e1rtya vizsg\u00e1lata k\u00fcl\u00f6nb\u00f6z\u0151 k\u00f3r\u00e1llapotokban in vivo konfok\u00e1lis mikroszk\u00f3pi\u00e1val\u00a0<strong>(<\/strong>Imre L\u00e1szl\u00f3, Marsovszky L\u00e1szl\u00f3, Resch Mikl\u00f3s,\u00a0Popper M\u00f3nika, Nagy Zolt\u00e1n Zsolt, N\u00e9meth J\u00e1nos)<\/li>\n<li>A Langerhans sejtek vizsg\u00e1lata konfok\u00e1lis cornea mikroszk\u00f3ppal (Resch Mikl\u00f3s)<\/li>\n<li>A komplementrendszer aktiv\u00e1l\u00f3d\u00e1s\u00e1nak vizsg\u00e1lata k\u00fcl\u00f6nb\u00f6z\u0151 szaruh\u00e1rtya-betegs\u00e9gekben (F\u00fcst \u00c1gnes)<\/li>\n<\/ul>\n<h4><strong>El\u00fcls\u0151 csarnok<\/strong><\/h4>\n<ul>\n<li>Az el\u00fcls\u0151 csarnok feh\u00e9rjetartalom m\u00e9r\u00e9se Laser flare meterrel szem\u00e9szeti szempontb\u00f3l eg\u00e9szs\u00e9ges illetve szemm\u0171t\u00e9ten \u00e1tesett betegekn\u00e9l gyermek \u00e9s feln\u0151tt korban (Bausz M\u00e1ria, Maka Erika, K\u00f6rtv\u00e9lyes Judit, Resch Mikl\u00f3s, Barcsay Gy\u00f6rgy, Maneschg Otto)<\/li>\n<\/ul>\n<h4><strong>Glaucoma<\/strong><\/h4>\n<ul>\n<li>Alapkutat\u00e1s, k\u00e9palkot\u00e1s, kezel\u00e9s, m\u0171t\u00e9tek<\/li>\n<\/ul>\n<h4><strong>Lencse<\/strong><\/h4>\n<ul>\n<li>A femtol\u00e9zeres sz\u00fcrkeh\u00e1lyog m\u0171tetek eredm\u00e9nyei (Nagy Zolt\u00e1n Zsolt)<\/li>\n<li>Fejlett technologi\u00e1j\u00fa m\u0171lencse t\u00edpusok a szem\u00e9szetben (Nagy Zolt\u00e1n Zsolt)<\/li>\n<\/ul>\n<h4><strong>\u00dcvegtest<\/strong><\/h4>\n<ul>\n<li>A szilikonolajok fizikok\u00e9miai tulajdons\u00e1gainak in vitro vizsg\u00e1lata (Resch Mikl\u00f3s)<\/li>\n<li>Az \u00fcvegtest \u00f6sszet\u00e9tele vitreoretin\u00e1lis k\u00f3rk\u00e9pekben (Resch Mikl\u00f3s)<\/li>\n<\/ul>\n<h4><strong>Retina<\/strong><\/h4>\n<ul>\n<li>Diab\u00e9teszes maculoedema kezel\u00e9se (gy\u00f3gyszerfejleszt\u00e9s, szabadalmi bejelent\u00e9s) (N\u00e9meth J\u00e1nos)<\/li>\n<li>Ocularis neovascularisatio \u00e9s gy\u00f3gyszeres g\u00e1tl\u00e1sa, VAP-1 g\u00e1tl\u00f3k (N\u00e9meth J\u00e1nos)<\/li>\n<li>Diab\u00e9teszes retinopathia telemedicin\u00e1lis sz\u0171r\u00e9se (Somfai G\u00e1bor, N\u00e9meth J\u00e1nos)<\/li>\n<li>ROP telemedicin\u00e1lis sz\u0171r\u00e9se (Maka Erika<strong>,\u00a0<\/strong>N\u00e9meth J\u00e1nos)<\/li>\n<li>Retinopathia prematurorum (Ecsedy M\u00f3nika , Nagy Zolt\u00e1n Zsolt)<\/li>\n<li>Diab\u00e9teszes retinopathia (Ecsedy M\u00f3nika, Fekete Andrea)<\/li>\n<li>A retina v\u00e9n\u00e1s occlus\u00edv betegs\u00e9gei (Ecsedy M\u00f3nika, R\u00e9cs\u00e1n Zsuzsa)<\/li>\n<li>A retina patol\u00f3gi\u00e1s elt\u00e9r\u00e9seinek vizsg\u00e1lata k\u00e9palkot\u00f3 elj\u00e1r\u00e1sokkal (Somfai G\u00e1bor)<\/li>\n<li>A retina art\u00e9ri\u00e1s elt\u00e9r\u00e9seinek vizsg\u00e1lata (Schneider Mikl\u00f3s)<\/li>\n<li>Retina betegs\u00e9gek vizsg\u00e1lata optikai koherencia tomogr\u00e1fi\u00e1val (Schneider Mikl\u00f3s)<\/li>\n<li>Retina implant\u00e1tum, k\u00e9t-foton mikroszk\u00f3pos technika, bionikus technik\u00e1k szem\u00e9szeti fejleszt\u00e9se (Kusnyerik \u00c1kos, N\u00e9meth J\u00e1nos, R\u00f3zsa Bal\u00e1zs, Roska Tam\u00e1s)<\/li>\n<li>Essentialis hypertonia miatt gondozott serd\u00fcl\u0151k szemfen\u00e9ki k\u00e9peinek elemz\u00e9se (Szamosi Tam\u00e1s, Szamosi Anna)<\/li>\n<li>\u00d6r\u00f6kl\u0151d\u0151 retinadystrophi\u00e1k elektrofiziol\u00f3giai \u00e9s molekul\u00e1ris genetikai vizsg\u00e1lata (Szab\u00f3 Vikt\u00f3ria, Vars\u00e1nyi Bal\u00e1zs, Farkas \u00c1gnes)<\/li>\n<\/ul>\n<h4><strong>Orbita<\/strong><\/h4>\n<ul>\n<li>Orbita volumen m\u00e9r\u00e9sek s\u00e9r\u00fcl\u00e9sek, m\u0171t\u00e9tek ut\u00e1n (Barab\u00e1s J\u00f3zsef, Vizkelety Tam\u00e1s, Sz\u0171csAttila, Marlella Zsolt, Luk\u00e1ts Olga, Maka Erika)<\/li>\n<\/ul>\n<h4><strong>Ambylopia<\/strong><\/h4>\n<ul>\n<li>Vizu\u00e1lis tr\u00e9ning amblyopi\u00e1ban &#8211; egy\u00fcttm\u0171k\u00f6d\u00e9s MTA TTK Agyi strukt\u00fara \u00e9s dinamika kutat\u00f3csoporttal (K\u00f6rtv\u00e9lyes Judit)<\/li>\n<\/ul>\n","protected":false},"excerpt":{"rendered":"<p>Szemfelsz\u00edn, k\u00f6nnyfilm K\u00f6nnyfilm dinamika eg\u00e9szs\u00e9ges \u00e9s beteg szemekben (N\u00e9meth J\u00e1nos) Sz\u00e1raz szem &#8211; diagnosztika \u00e9s kezel\u00e9s (N\u00e9meth J\u00e1nos) Cornea Cornea topogr\u00e1fia (N\u00e9meth J\u00e1nos) A szaruh\u00e1rtya sebgy\u00f3gyul\u00e1sa, k\u00fcl\u00f6n\u00f6s tekintettel fotorefrakt\u00edv keratectomi\u00e1t k\u00f6vet\u0151en (Nagy Zolt\u00e1n Zsolt) A femtol\u00e9zer alkalmaz\u00e1sa a szaruh\u00e1rtya seb\u00e9szeteben (Nagy Zolt\u00e1n Zsolt) A keratoconus progresszi\u00f3j\u00e1nak k\u00f6vet\u00e9se \u00e9s megel\u0151z\u00e9se a szaruh\u00e1rtya crosslinking kezel\u00e9se r\u00e9ven (Nagy &hellip;<\/p>\n","protected":false},"author":178,"featured_media":0,"parent":0,"menu_order":5,"comment_status":"open","ping_status":"open","template":"","meta":{"_acf_changed":false,"footnotes":""},"categories":[],"tags":[],"class_list":["post-10","page","type-page","status-publish","hentry"],"acf":[],"_links":{"self":[{"href":"https:\/\/semmelweis.hu\/szemeszet\/wp-json\/wp\/v2\/pages\/10","targetHints":{"allow":["GET"]}}],"collection":[{"href":"https:\/\/semmelweis.hu\/szemeszet\/wp-json\/wp\/v2\/pages"}],"about":[{"href":"https:\/\/semmelweis.hu\/szemeszet\/wp-json\/wp\/v2\/types\/page"}],"author":[{"embeddable":true,"href":"https:\/\/semmelweis.hu\/szemeszet\/wp-json\/wp\/v2\/users\/178"}],"replies":[{"embeddable":true,"href":"https:\/\/semmelweis.hu\/szemeszet\/wp-json\/wp\/v2\/comments?post=10"}],"version-history":[{"count":6,"href":"https:\/\/semmelweis.hu\/szemeszet\/wp-json\/wp\/v2\/pages\/10\/revisions"}],"predecessor-version":[{"id":1966,"href":"https:\/\/semmelweis.hu\/szemeszet\/wp-json\/wp\/v2\/pages\/10\/revisions\/1966"}],"wp:attachment":[{"href":"https:\/\/semmelweis.hu\/szemeszet\/wp-json\/wp\/v2\/media?parent=10"}],"wp:term":[{"taxonomy":"category","embeddable":true,"href":"https:\/\/semmelweis.hu\/szemeszet\/wp-json\/wp\/v2\/categories?post=10"},{"taxonomy":"post_tag","embeddable":true,"href":"https:\/\/semmelweis.hu\/szemeszet\/wp-json\/wp\/v2\/tags?post=10"}],"curies":[{"name":"wp","href":"https:\/\/api.w.org\/{rel}","templated":true}]}}