{"id":85,"date":"2022-02-23T14:31:59","date_gmt":"2022-02-23T13:31:59","guid":{"rendered":"https:\/\/semmelweis.hu\/szakrendelo\/?page_id=85"},"modified":"2026-03-26T16:24:16","modified_gmt":"2026-03-26T15:24:16","slug":"kardiologia","status":"publish","type":"page","link":"https:\/\/semmelweis.hu\/szakrendelo\/szakrendelesek\/kardiologia\/","title":{"rendered":"Kardiol\u00f3gia"},"content":{"rendered":"<div class=\"keretes w-100\">\n<p><span style=\"font-size: 18pt\"><strong>A bejelentkez\u00e9shez beutal\u00f3 sz\u00fcks\u00e9ges<br \/>\nA betegeink beh\u00edv\u00e1sa el\u0151jegyz\u00e9s szerint t\u00f6rt\u00e9nik<\/strong><\/span><\/p>\n<p><strong>Id\u0151pontfoglal\u00e1s: <\/strong><span style=\"font-size: 14pt\">+36\u00a0 1 553 3503<\/span> telefonsz\u00e1mon h\u00e9tf\u0151t\u0151l &#8211; p\u00e9ntekig 07.00-15.00 \u00f3ra k\u00f6z\u00f6tt lehets\u00e9ges<\/p>\n<p><strong>Rendel\u00e9s helye: <\/strong>Gyulai P\u00e1l u. 2. (K\u00f3rh\u00e1z \u00e9p\u00fclete)<\/p>\n<p>Asszisztensek: Farkasn\u00e9 Pap Andrea, Balega Katalin<\/p>\n<\/div>\n<h5>Dr. Papp Andr\u00e1s oszt\u00e1lyvezet\u0151 f\u0151orvos<\/h5>\n<div class=\"w-100\">\n<table style=\"width: 101.309%\">\n<thead>\n<tr>\n<td style=\"width: 30%\">Nap<\/td>\n<td style=\"width: 1171.52%\">Id\u0151pont<\/td>\n<\/tr>\n<\/thead>\n<tbody>\n<tr>\n<td style=\"width: 30%\" scope=\"col\">H\u00e9tf\u0151<\/td>\n<td style=\"width: 1171.52%\">10.00 &#8211; 12.00<\/td>\n<\/tr>\n<tr>\n<td style=\"width: 30%\">Kedd<\/td>\n<td style=\"width: 1171.52%\">10.00 &#8211; 12.00<\/td>\n<\/tr>\n<tr>\n<td style=\"width: 30%\">Szerda<\/td>\n<td style=\"width: 1171.52%\">&#8211;<\/td>\n<\/tr>\n<tr>\n<td style=\"width: 30%\">Cs\u00fct\u00f6rt\u00f6k<\/td>\n<td style=\"width: 1171.52%\">&#8211;<\/td>\n<\/tr>\n<tr>\n<td style=\"width: 30%\">P\u00e9ntek<\/td>\n<td style=\"width: 1171.52%\">&#8211;<\/td>\n<\/tr>\n<\/tbody>\n<\/table>\n<p><span style=\"color: #313b40;font-family: Montserrat, sans-serif;font-weight: bold\"><br \/>\nDr. Komka Zsolt f\u0151orvos<\/span><\/div>\n<div>\n<table style=\"width: 101.089%;height: 198px\">\n<thead>\n<tr style=\"height: 33px\">\n<td style=\"width: 30%;height: 33px\">Nap<\/td>\n<td style=\"width: 1574.43%;height: 33px\">Id\u0151pont<\/td>\n<\/tr>\n<\/thead>\n<tbody>\n<tr style=\"height: 33px\">\n<td style=\"width: 30%;height: 33px\" scope=\"col\">H\u00e9tf\u0151<\/td>\n<td style=\"width: 1574.43%;height: 33px\">&#8211;<\/td>\n<\/tr>\n<tr style=\"height: 33px\">\n<td style=\"width: 30%;height: 33px\">Kedd<\/td>\n<td style=\"width: 1574.43%;height: 33px\">&#8211;<\/td>\n<\/tr>\n<tr style=\"height: 33px\">\n<td style=\"width: 30%;height: 33px\">Szerda<\/td>\n<td style=\"width: 1574.43%;height: 33px\">&#8211;<\/td>\n<\/tr>\n<tr style=\"height: 33px\">\n<td style=\"width: 30%;height: 33px\">Cs\u00fct\u00f6rt\u00f6k<\/td>\n<td style=\"width: 1574.43%;height: 33px\">07.00 &#8211; 14.30<\/td>\n<\/tr>\n<tr style=\"height: 33px\">\n<td style=\"width: 30%;height: 33px\">P\u00e9ntek<\/td>\n<td style=\"width: 1574.43%;height: 33px\">07.00 &#8211; 14.00<\/td>\n<\/tr>\n<\/tbody>\n<\/table>\n<\/div>\n<div class=\"w-100\">\u00a0<\/div>\n<h5>Dr. Zaf\u00edr Ter\u00e9zia klinikai f\u0151orvos<\/h5>\n<div class=\"w-100\">\n<table style=\"width: 100.87%;height: 198px\">\n<thead>\n<tr style=\"height: 33px\">\n<td style=\"width: 30%;height: 33px\">Nap<\/td>\n<td style=\"width: 1573.34%;height: 33px\">Id\u0151pont<\/td>\n<\/tr>\n<\/thead>\n<tbody>\n<tr style=\"height: 33px\">\n<td style=\"width: 30%;height: 33px\" scope=\"col\">H\u00e9tf\u0151<\/td>\n<td style=\"width: 1573.34%;height: 33px\">&#8211;<\/td>\n<\/tr>\n<tr style=\"height: 33px\">\n<td style=\"width: 30%;height: 33px\">Kedd<\/td>\n<td style=\"width: 1573.34%;height: 33px\">&#8211;<\/td>\n<\/tr>\n<tr style=\"height: 33px\">\n<td style=\"width: 30%;height: 33px\">Szerda<\/td>\n<td style=\"width: 1573.34%;height: 33px\">08.00 &#8211; 14.30<\/td>\n<\/tr>\n<tr style=\"height: 33px\">\n<td style=\"width: 30%;height: 33px\">Cs\u00fct\u00f6rt\u00f6k<\/td>\n<td style=\"width: 1573.34%;height: 33px\">&#8211;<\/td>\n<\/tr>\n<tr style=\"height: 33px\">\n<td style=\"width: 30%;height: 33px\">P\u00e9ntek<\/td>\n<td style=\"width: 1573.34%;height: 33px\">08.00 &#8211; 13.00<\/td>\n<\/tr>\n<\/tbody>\n<\/table>\n<p>&nbsp;<\/p>\n<\/div>\n<h5>Dr. Ruby Erzs\u00e9bet f\u0151orvos<\/h5>\n<div class=\"w-100\">\n<table style=\"width: 100.87%\">\n<thead>\n<tr>\n<td style=\"width: 30%\">Nap<\/td>\n<td style=\"width: 1573.34%\">Id\u0151pont<\/td>\n<\/tr>\n<\/thead>\n<tbody>\n<tr>\n<td style=\"width: 30%\" scope=\"col\">H\u00e9tf\u0151<\/td>\n<td style=\"width: 1573.34%\">08.00 &#8211; 12.00<\/td>\n<\/tr>\n<tr>\n<td style=\"width: 30%\">Kedd<\/td>\n<td style=\"width: 1573.34%\">&#8211;<\/td>\n<\/tr>\n<tr>\n<td style=\"width: 30%\">Szerda<\/td>\n<td style=\"width: 1573.34%\">08.00 &#8211; 12.00<\/td>\n<\/tr>\n<tr>\n<td style=\"width: 30%\">Cs\u00fct\u00f6rt\u00f6k<\/td>\n<td style=\"width: 1573.34%\">&#8211;<\/td>\n<\/tr>\n<tr>\n<td style=\"width: 30%\">P\u00e9ntek<\/td>\n<td style=\"width: 1573.34%\">&#8211;<\/td>\n<\/tr>\n<\/tbody>\n<\/table>\n<p>&nbsp;<\/p>\n<\/div>\n<hr \/>\n<h4>\u00c1ltal\u00e1nos inform\u00e1ci\u00f3 a szakrendel\u00e9sr\u0151l<\/h4>\n<p>Szakorvos \u00e1ltal el\u0151\u00edrt kardiol\u00f3giai kivizsg\u00e1l\u00e1s sz\u00edv ultrahanggal, ABPM (24 \u00f3r\u00e1s v\u00e9rnyom\u00e1s monitoriz\u00e1l\u00e1s), Holter (24 \u00f3r\u00e1s sz\u00edv monitoriz\u00e1l\u00e1s), terhel\u00e9ses EKG elv\u00e9gz\u00e9se.<\/p>\n<p>&nbsp;<\/p>\n","protected":false},"excerpt":{"rendered":"<p>A bejelentkez\u00e9shez beutal\u00f3 sz\u00fcks\u00e9ges A betegeink beh\u00edv\u00e1sa el\u0151jegyz\u00e9s szerint t\u00f6rt\u00e9nik Id\u0151pontfoglal\u00e1s: +36\u00a0 1 553 3503 telefonsz\u00e1mon h\u00e9tf\u0151t\u0151l &#8211; p\u00e9ntekig 07.00-15.00 \u00f3ra k\u00f6z\u00f6tt lehets\u00e9ges Rendel\u00e9s helye: Gyulai P\u00e1l u. 2. (K\u00f3rh\u00e1z \u00e9p\u00fclete) Asszisztensek: Farkasn\u00e9 Pap Andrea, Balega Katalin Dr. Papp Andr\u00e1s oszt\u00e1lyvezet\u0151 f\u0151orvos Nap Id\u0151pont H\u00e9tf\u0151 10.00 &#8211; 12.00 Kedd 10.00 &#8211; 12.00 Szerda &#8211; Cs\u00fct\u00f6rt\u00f6k &hellip;<\/p>\n","protected":false},"author":101884,"featured_media":0,"parent":45,"menu_order":0,"comment_status":"closed","ping_status":"closed","template":"","meta":{"_acf_changed":false,"footnotes":""},"categories":[4],"tags":[],"class_list":["post-85","page","type-page","status-publish","hentry","category-szakrendelesek"],"acf":[],"_links":{"self":[{"href":"https:\/\/semmelweis.hu\/szakrendelo\/wp-json\/wp\/v2\/pages\/85","targetHints":{"allow":["GET"]}}],"collection":[{"href":"https:\/\/semmelweis.hu\/szakrendelo\/wp-json\/wp\/v2\/pages"}],"about":[{"href":"https:\/\/semmelweis.hu\/szakrendelo\/wp-json\/wp\/v2\/types\/page"}],"author":[{"embeddable":true,"href":"https:\/\/semmelweis.hu\/szakrendelo\/wp-json\/wp\/v2\/users\/101884"}],"replies":[{"embeddable":true,"href":"https:\/\/semmelweis.hu\/szakrendelo\/wp-json\/wp\/v2\/comments?post=85"}],"version-history":[{"count":13,"href":"https:\/\/semmelweis.hu\/szakrendelo\/wp-json\/wp\/v2\/pages\/85\/revisions"}],"predecessor-version":[{"id":1451,"href":"https:\/\/semmelweis.hu\/szakrendelo\/wp-json\/wp\/v2\/pages\/85\/revisions\/1451"}],"up":[{"embeddable":true,"href":"https:\/\/semmelweis.hu\/szakrendelo\/wp-json\/wp\/v2\/pages\/45"}],"wp:attachment":[{"href":"https:\/\/semmelweis.hu\/szakrendelo\/wp-json\/wp\/v2\/media?parent=85"}],"wp:term":[{"taxonomy":"category","embeddable":true,"href":"https:\/\/semmelweis.hu\/szakrendelo\/wp-json\/wp\/v2\/categories?post=85"},{"taxonomy":"post_tag","embeddable":true,"href":"https:\/\/semmelweis.hu\/szakrendelo\/wp-json\/wp\/v2\/tags?post=85"}],"curies":[{"name":"wp","href":"https:\/\/api.w.org\/{rel}","templated":true}]}}