{"id":79,"date":"2022-02-23T14:28:06","date_gmt":"2022-02-23T13:28:06","guid":{"rendered":"https:\/\/semmelweis.hu\/szakrendelo\/?page_id=79"},"modified":"2026-03-26T11:48:53","modified_gmt":"2026-03-26T10:48:53","slug":"ersebeszet","status":"publish","type":"page","link":"https:\/\/semmelweis.hu\/szakrendelo\/szakrendelesek\/ersebeszet\/","title":{"rendered":"\u00c9rseb\u00e9szet"},"content":{"rendered":"<div class=\"keretes w-100\">\n<p><strong><span style=\"font-size: 18pt\">A bejelentkez\u00e9shez beutal\u00f3 sz\u00fcks\u00e9ges<br \/>\nA betegeink beh\u00edv\u00e1sa el\u0151jegyz\u00e9s szerint t\u00f6rt\u00e9nik<\/span><\/strong><\/p>\n<p><strong>Bejelentkez\u00e9s \u00e9s id\u0151pont k\u00e9r\u00e9s: <\/strong>+36 1 553 3503<\/p>\n<p><strong>Rendel\u00e9s helye:<\/strong> Gyulai P\u00e1l u. 2. (K\u00f3rh\u00e1z \u00e9p\u00fclete)\u00a0<\/p>\n<\/div>\n<h3>Dr. Laczk\u00f3 \u00c1gnes f\u0151orvos<\/h3>\n<div class=\"w-100\">\n<table style=\"width: 99.5694%\">\n<thead>\n<tr>\n<td style=\"width: 30%\">Nap<\/td>\n<td style=\"width: 522.477%\">Id\u0151pont<\/td>\n<\/tr>\n<\/thead>\n<tbody>\n<tr>\n<td style=\"width: 30%\" scope=\"col\">H\u00e9tf\u0151<\/td>\n<td style=\"width: 522.477%\">&#8211;<\/td>\n<\/tr>\n<tr>\n<td style=\"width: 30%\">Kedd (p\u00e1ros h\u00e9ten)\u00a0<\/td>\n<td style=\"width: 522.477%\">\u00a008.00 &#8211; 15.30<\/td>\n<\/tr>\n<tr>\n<td style=\"width: 30%\">Szerda<\/td>\n<td style=\"width: 522.477%\">&#8211;<\/td>\n<\/tr>\n<tr>\n<td style=\"width: 30%\">Cs\u00fct\u00f6rt\u00f6k\u00a0<\/td>\n<td style=\"width: 522.477%\">&#8211;<\/td>\n<\/tr>\n<tr>\n<td style=\"width: 30%\">P\u00e9ntek<\/td>\n<td style=\"width: 522.477%\">&#8211;<\/td>\n<\/tr>\n<\/tbody>\n<\/table>\n<p><b>\u00a0<\/b><\/p>\n<\/div>\n<h5>A szakrendel\u00e9s \u00e1ltal\u00e1nos c\u00e9lja:<\/h5>\n<p style=\"text-align: justify\">A cukorbetegs\u00e9g, a magas v\u00e9rnyom\u00e1s, vagy az emelkedett v\u00e9rzs\u00edr \u00e9rt\u00e9kek, a rokons\u00e1gban el\u0151fordul\u00f3 \u00e9rbetegs\u00e9g, egyes v\u00e9rk\u00e9pz\u0151rendszeri betegs\u00e9gek, a doh\u00e1nyz\u00e1s az elh\u00edz\u00e1s olyan kock\u00e1zati t\u00e9nyez\u0151k, amelyekn\u00e9l t\u00fcnetek n\u00e9lk\u00fcl is k\u00fcl\u00f6n\u00f6sen indokolt a sz\u0171r\u0151vizsg\u00e1lat, sz\u00fcks\u00e9g szerint az id\u0151ben elkezdett megel\u0151z\u0151 kezel\u00e9s \u00e9s a rendszeres gondoz\u00e1s.<\/p>\n<p style=\"text-align: justify\">A ver\u0151\u00e9r betegs\u00e9gek t\u00fcnetei rendk\u00edv\u00fcl k\u00fcl\u00f6nb\u00f6z\u0151ek, att\u00f3l f\u00fcgg\u0151en, hogy mely ver\u0151\u00e9ren alakulnak ki. A megfelel\u0151 \u00e9rszakaszon t\u00e1gulat, sz\u0171k\u00fclet vagy elz\u00e1r\u00f3d\u00e1s j\u00f6het l\u00e9tre. A t\u00fcnetek s\u00falyoss\u00e1ga f\u00fcgg a beteg \u00e9rszakasz \u00e1tm\u00e9r\u0151j\u00e9t\u0151l, hossz\u00e1t\u00f3l. S\u00falyosb\u00edthatja a t\u00fcneteket, ha a betegs\u00e9g m\u00e1r t\u00f6bb \u00e9rszakaszon is kialakult.<\/p>\n<p style=\"text-align: justify\">A beteg kik\u00e9rdez\u00e9se, fizik\u00e1lis \u00e9s Doppler vizsg\u00e1lata (m\u0171szerrel m\u00e9rj\u00fck a perif\u00e9ri\u00e1s art\u00e9ri\u00e1s vagy v\u00e9n\u00e1s v\u00e9r\u00e1raml\u00e1st) ut\u00e1n meg\u00e1llap\u00edthat\u00f3, hogy sz\u00fcks\u00e9g van-e tov\u00e1bbi vizsg\u00e1latra. Az esetek jelent\u0151s r\u00e9sz\u00e9ben az \u00e9letm\u00f3d megv\u00e1ltoztat\u00e1s\u00e1val \u00e9s a be\u00e1ll\u00edtott gy\u00f3gyszeres ter\u00e1pi\u00e1val a betegs\u00e9g el\u0151rehalad\u00e1sa meg\u00e1ll\u00edthat\u00f3 rendszeres ellen\u0151rz\u00e9s mellett. S\u00falyosabb esetben teljes k\u00f6r\u0171 kivizsg\u00e1l\u00e1s \u00e9s \u00e9rseb\u00e9szeti beavatkoz\u00e1s sz\u00fcks\u00e9ges.<\/p>\n<div class=\"w-100\">\n<p style=\"text-align: justify\"><strong>Haz\u00e1nkban vezet\u0151 hal\u00e1lok az \u00e9r \u00e9s sz\u00edvrendszeri betegs\u00e9g. Ez a t\u00e9ny m\u00e1r sz\u00e9les k\u00f6rben ismert. Kev\u00e9sb\u00e9 ismert azonban, hogy a ver\u0151\u00e9rbetegs\u00e9g mindig rendszerbetegs\u00e9g. K\u00fcl\u00f6nb\u00f6z\u0151 m\u00e9rt\u00e9kben ugyan, de a szervezet minden ver\u0151er\u00e9t \u00e9rinti. Ez\u00e9rt fontos a sz\u0171r\u00e9s, a megel\u0151z\u00e9s, majd az id\u0151ben elkezdett megfelel\u0151 kezel\u00e9s.<\/strong><\/p>\n<\/div>\n<div class=\"w-100\">\n<p style=\"text-align: justify\">Csak\u00fagy, mint a betegs\u00e9gek nagy r\u00e9sz\u00e9n\u00e9l a v\u00e9n\u00e1s betegs\u00e9gek is akut vagy kr\u00f3nikus form\u00e1ban jelentkezhetnek. Mindk\u00e9t esetben jelentkezhetnek a fel\u00fcletes vagy a m\u00e9lyv\u00e9n\u00e1s rendszerben. S\u00falyoss\u00e1guk \u00e9s form\u00e1juk hat\u00e1rozza meg a kezel\u00e9s m\u00f3dj\u00e1t.<\/p>\n<p style=\"text-align: justify\">Akut m\u00e9lyv\u00e9n\u00e1s tromb\u00f3zis halad\u00e9ktalan szakorvosi ell\u00e1t\u00e1st ig\u00e9nyel, m\u00edg az \u00e9vek \u00f3ta megl\u00e9v\u0151 szer\u00e9ny panaszokat okoz\u00f3 visszeress\u00e9g eset\u00e9n kiv\u00e1laszthatjuk a sz\u00e1munkra legmegfelel\u0151bb id\u0151pontot a vizsg\u00e1latra \u00e9s kezel\u00e9sre. A rizik\u00f3 faktorok egy r\u00e9sze, amely visszeress\u00e9g kialakul\u00e1s\u00e1ra, m\u00e9lyv\u00e9n\u00e1s tromb\u00f3zisra hajlamos\u00edt t\u0151l\u00fcnk f\u00fcggetlen pl. \u00f6r\u00f6kletes faktorok, \u00e9letkor n\u00f6veked\u00e9se, rosszindulat\u00fa k\u00f3rk\u00e9pek stb. M\u00e1s r\u00e9sz\u00e9n\u00e9l azonban van lehet\u0151s\u00e9g\u00fcnk cs\u00f6kkenteni a kock\u00e1zatot. Tehet\u00fcnk az elh\u00edz\u00e1s, a mozg\u00e1sszeg\u00e9ny \u00e9letm\u00f3d ellen. Ha hajlamosak vagyunk a visszeress\u00e9gre anticoncipiens helyett v\u00e1laszthatunk m\u00e1s fogamz\u00e1sg\u00e1tl\u00f3 m\u00f3dszert.<\/p>\n<p style=\"text-align: justify\"><strong>Visszeress\u00e9g<\/strong><\/p>\n<p style=\"text-align: justify\">A visszeress\u00e9get ak\u00e1r n\u00e9pbetegs\u00e9gnek is tekinthetj\u00fck, hiszen k\u00fcl\u00f6nb\u00f6z\u0151 m\u00e9rt\u00e9kben ugyan, de a lakoss\u00e1g t\u00f6bb mint 40 %-\u00e1t \u00e9rinti. A kit\u00e1gult v\u00e9n\u00e1k n\u00e9ha csak cs\u00fany\u00e1k, sok\u00e1ig nem okoznak panaszt, de kezel\u00e9s n\u00e9lk\u00fcl a v\u00e9n\u00e1s betegs\u00e9g fokozatosan romlik \u00e9s el\u0151bb vagy ut\u00f3bb panaszt, esetleg sz\u00f6v\u0151dm\u00e9nyt okoz. A panaszok rendk\u00edv\u00fcl sokf\u00e9l\u00e9k lehetnek. A neh\u00e9zl\u00e1b \u00e9rz\u00e9s, \u00e9jszakai l\u00e1bikra g\u00f6rcs, zsibbad\u00e1s, l\u00e1b f\u00e1rad\u00e9konys\u00e1ga, helyi \u00e9g\u0151 f\u00e1jdalom, b\u0151r viszket\u00e9se csak n\u00e9h\u00e1ny a lehet\u0151s\u00e9gek k\u00f6z\u00fcl. A visszeres panaszokhoz a kit\u00e1gult v\u00e9n\u00e1k, a rosszul m\u0171k\u00f6d\u0151 v\u00e9n\u00e1s billenty\u0171k vezethetnek. A t\u00e1gulatokban pang\u00f3 v\u00e9r a vissza\u00e1raml\u00f3 v\u00e9r \u00e1raml\u00e1si viszonyait rontja. A kit\u00e1gult \u00f6bl\u00f6kben a v\u00e9r bes\u0171r\u0171s\u00f6dik, fel\u00fcletes tromb\u00f3zis alakul ki, amely jelent\u0151s f\u00e1jdalommal j\u00e1r. Visszeress\u00e9g eset\u00e9n fokozott a m\u00e9lyv\u00e9n\u00e1s tromb\u00f3zis kialakul\u00e1s\u00e1nak vesz\u00e9lye, ami t\u00fcd\u0151emb\u00f3li\u00e1hoz vezethet. Vannak olyan esetek, amikor a f\u0151t\u00f6rzsi v\u00e9n\u00e1k nem betegek, csak az oldal\u00e1gak kit\u00e1gul\u00e1s\u00e1t \u00e9szlelj\u00fck, amelyek cs\u00fany\u00e1k \u00e9s f\u00e1jdalmasak is lehetnek. A visszeress\u00e9g t\u00edpus\u00e1t\u00f3l \u00e9s s\u00falyoss\u00e1g\u00e1t\u00f3l f\u00fcgg\u0151en v\u00e1lasztjuk meg a kezel\u00e9st.<\/p>\n<\/div>\n<div class=\"w-100\">\n<p style=\"text-align: justify\">Egy betegs\u00e9get \u00fagy tudunk megel\u0151zni, vagy karbantartani, ha jelentkez\u00fcnk egy \u00e1llapot felm\u00e9r\u00e9sre. Ez 50 \u00e9v felett mindenkinek javasolt, de bizonyos t\u00e1rsbetegs\u00e9gekn\u00e9l, ismert kock\u00e1zati t\u00e9nyez\u0151k eset\u00e9n szinte k\u00f6telez\u0151.<\/p>\n<\/div>\n","protected":false},"excerpt":{"rendered":"<p>A bejelentkez\u00e9shez beutal\u00f3 sz\u00fcks\u00e9ges A betegeink beh\u00edv\u00e1sa el\u0151jegyz\u00e9s szerint t\u00f6rt\u00e9nik Bejelentkez\u00e9s \u00e9s id\u0151pont k\u00e9r\u00e9s: +36 1 553 3503 Rendel\u00e9s helye: Gyulai P\u00e1l u. 2. (K\u00f3rh\u00e1z \u00e9p\u00fclete)\u00a0 Dr. Laczk\u00f3 \u00c1gnes f\u0151orvos Nap Id\u0151pont H\u00e9tf\u0151 &#8211; Kedd (p\u00e1ros h\u00e9ten)\u00a0 \u00a008.00 &#8211; 15.30 Szerda &#8211; Cs\u00fct\u00f6rt\u00f6k\u00a0 &#8211; P\u00e9ntek &#8211; \u00a0 A szakrendel\u00e9s \u00e1ltal\u00e1nos c\u00e9lja: A cukorbetegs\u00e9g, a magas &hellip;<\/p>\n","protected":false},"author":101884,"featured_media":0,"parent":45,"menu_order":0,"comment_status":"closed","ping_status":"closed","template":"","meta":{"_acf_changed":false,"footnotes":""},"categories":[4],"tags":[],"class_list":["post-79","page","type-page","status-publish","hentry","category-szakrendelesek"],"acf":[],"_links":{"self":[{"href":"https:\/\/semmelweis.hu\/szakrendelo\/wp-json\/wp\/v2\/pages\/79","targetHints":{"allow":["GET"]}}],"collection":[{"href":"https:\/\/semmelweis.hu\/szakrendelo\/wp-json\/wp\/v2\/pages"}],"about":[{"href":"https:\/\/semmelweis.hu\/szakrendelo\/wp-json\/wp\/v2\/types\/page"}],"author":[{"embeddable":true,"href":"https:\/\/semmelweis.hu\/szakrendelo\/wp-json\/wp\/v2\/users\/101884"}],"replies":[{"embeddable":true,"href":"https:\/\/semmelweis.hu\/szakrendelo\/wp-json\/wp\/v2\/comments?post=79"}],"version-history":[{"count":12,"href":"https:\/\/semmelweis.hu\/szakrendelo\/wp-json\/wp\/v2\/pages\/79\/revisions"}],"predecessor-version":[{"id":1410,"href":"https:\/\/semmelweis.hu\/szakrendelo\/wp-json\/wp\/v2\/pages\/79\/revisions\/1410"}],"up":[{"embeddable":true,"href":"https:\/\/semmelweis.hu\/szakrendelo\/wp-json\/wp\/v2\/pages\/45"}],"wp:attachment":[{"href":"https:\/\/semmelweis.hu\/szakrendelo\/wp-json\/wp\/v2\/media?parent=79"}],"wp:term":[{"taxonomy":"category","embeddable":true,"href":"https:\/\/semmelweis.hu\/szakrendelo\/wp-json\/wp\/v2\/categories?post=79"},{"taxonomy":"post_tag","embeddable":true,"href":"https:\/\/semmelweis.hu\/szakrendelo\/wp-json\/wp\/v2\/tags?post=79"}],"curies":[{"name":"wp","href":"https:\/\/api.w.org\/{rel}","templated":true}]}}