{"id":76,"date":"2022-02-23T14:26:59","date_gmt":"2022-02-23T13:26:59","guid":{"rendered":"https:\/\/semmelweis.hu\/szakrendelo\/?page_id=76"},"modified":"2026-03-26T11:48:28","modified_gmt":"2026-03-26T10:48:28","slug":"endokrinologia","status":"publish","type":"page","link":"https:\/\/semmelweis.hu\/szakrendelo\/szakrendelesek\/endokrinologia\/","title":{"rendered":"Endokrinol\u00f3gia"},"content":{"rendered":"<div class=\"keretes w-100\">\n<p><strong><span style=\"font-size: 18pt\">A bejelentkez\u00e9shez beutal\u00f3 sz\u00fcks\u00e9ges<br \/>\nA betegeink beh\u00edv\u00e1sa el\u0151jegyz\u00e9s szerint t\u00f6rt\u00e9nik<\/span><\/strong><\/p>\n<p><strong>Bejelentkez\u00e9s: <\/strong>+36 1 553 3503 telefonsz\u00e1mon lehets\u00e9ges<br \/>\nh\u00e9tf\u0151t\u0151l p\u00e9ntekig 07.00-15.00 \u00f3ra k\u00f6z\u00f6tt.<\/p>\n<p><strong>Rendel\u00e9s helye:<\/strong> Gyulai P\u00e1l u. 2. (K\u00f3rh\u00e1z \u00e9p\u00fclete) f\u00f6ldszint<\/p>\n<\/div>\n<h3>Dr. Koll\u00e1r R\u00e9ka\u00a0 klinikai szakorvos, tan\u00e1rseg\u00e9d<\/h3>\n<div class=\"w-100\">\n<table style=\"width: 100.724%\">\n<thead>\n<tr>\n<td style=\"width: 30%\">Nap<\/td>\n<td style=\"width: 767.516%\">Id\u0151pont<\/td>\n<\/tr>\n<\/thead>\n<tbody>\n<tr>\n<td style=\"width: 30%\" scope=\"col\">H\u00e9tf\u0151<\/td>\n<td style=\"width: 767.516%\">&#8211;<\/td>\n<\/tr>\n<tr>\n<td style=\"width: 30%\">Kedd<\/td>\n<td style=\"width: 767.516%\">&#8211;<\/td>\n<\/tr>\n<tr>\n<td style=\"width: 30%\">Szerda<\/td>\n<td style=\"width: 767.516%\">&#8211;<\/td>\n<\/tr>\n<tr>\n<td style=\"width: 30%\">Cs\u00fct\u00f6rt\u00f6k<\/td>\n<td style=\"width: 767.516%\">\u00a012.00 &#8211; 16.00<\/td>\n<\/tr>\n<tr>\n<td style=\"width: 30%\">P\u00e9ntek<\/td>\n<td style=\"width: 767.516%\">&#8211;<\/td>\n<\/tr>\n<\/tbody>\n<\/table>\n<p>&nbsp;<\/p>\n<\/div>\n","protected":false},"excerpt":{"rendered":"<p>A bejelentkez\u00e9shez beutal\u00f3 sz\u00fcks\u00e9ges<br \/>\nA betegeink beh\u00edv\u00e1sa el\u0151jegyz\u00e9s szerint t\u00f6rt\u00e9nik<br \/>\nBejelentkez\u00e9s: +36 1 553 3503 telefonsz\u00e1mon lehets\u00e9ges<br \/>\nh\u00e9tf\u0151t\u0151l p\u00e9ntekig 07.00-15.00 \u00f3ra k\u00f6z\u00f6tt.<br \/>\nRendel\u00e9s helye: Gyulai P\u00e1l u. 2. (K\u00f3rh\u00e1z \u00e9p\u00fclete) f\u00f6ldszint<\/p>\n<p>Dr. Koll\u00e1r R\u00e9ka\u00a0 klinikai szakorvos, tan\u00e1rseg\u00e9d<\/p>\n<p>Nap<br \/>\nId\u0151pont<\/p>\n<p>H\u00e9tf\u0151<br \/>\n&#8211;<\/p>\n<p>Kedd<br \/>\n&#8211;<\/p>\n<p>Szerda<br \/>\n&#8211;<\/p>\n<p>Cs\u00fct\u00f6rt\u00f6k<br \/>\n\u00a012.00 &#8211; 16.00<\/p>\n<p>P\u00e9ntek<br \/>\n&#8211;<\/p>\n<p>&nbsp;<\/p>\n","protected":false},"author":101884,"featured_media":0,"parent":45,"menu_order":0,"comment_status":"closed","ping_status":"closed","template":"","meta":{"_acf_changed":false,"footnotes":""},"categories":[4],"tags":[],"class_list":["post-76","page","type-page","status-publish","hentry","category-szakrendelesek"],"acf":[],"_links":{"self":[{"href":"https:\/\/semmelweis.hu\/szakrendelo\/wp-json\/wp\/v2\/pages\/76","targetHints":{"allow":["GET"]}}],"collection":[{"href":"https:\/\/semmelweis.hu\/szakrendelo\/wp-json\/wp\/v2\/pages"}],"about":[{"href":"https:\/\/semmelweis.hu\/szakrendelo\/wp-json\/wp\/v2\/types\/page"}],"author":[{"embeddable":true,"href":"https:\/\/semmelweis.hu\/szakrendelo\/wp-json\/wp\/v2\/users\/101884"}],"replies":[{"embeddable":true,"href":"https:\/\/semmelweis.hu\/szakrendelo\/wp-json\/wp\/v2\/comments?post=76"}],"version-history":[{"count":12,"href":"https:\/\/semmelweis.hu\/szakrendelo\/wp-json\/wp\/v2\/pages\/76\/revisions"}],"predecessor-version":[{"id":1409,"href":"https:\/\/semmelweis.hu\/szakrendelo\/wp-json\/wp\/v2\/pages\/76\/revisions\/1409"}],"up":[{"embeddable":true,"href":"https:\/\/semmelweis.hu\/szakrendelo\/wp-json\/wp\/v2\/pages\/45"}],"wp:attachment":[{"href":"https:\/\/semmelweis.hu\/szakrendelo\/wp-json\/wp\/v2\/media?parent=76"}],"wp:term":[{"taxonomy":"category","embeddable":true,"href":"https:\/\/semmelweis.hu\/szakrendelo\/wp-json\/wp\/v2\/categories?post=76"},{"taxonomy":"post_tag","embeddable":true,"href":"https:\/\/semmelweis.hu\/szakrendelo\/wp-json\/wp\/v2\/tags?post=76"}],"curies":[{"name":"wp","href":"https:\/\/api.w.org\/{rel}","templated":true}]}}