{"id":70,"date":"2022-02-23T14:23:55","date_gmt":"2022-02-23T13:23:55","guid":{"rendered":"https:\/\/semmelweis.hu\/szakrendelo\/?page_id=70"},"modified":"2026-03-26T11:47:01","modified_gmt":"2026-03-26T10:47:01","slug":"diabetologia","status":"publish","type":"page","link":"https:\/\/semmelweis.hu\/szakrendelo\/szakrendelesek\/diabetologia\/","title":{"rendered":"Diabetol\u00f3gia"},"content":{"rendered":"<div class=\"keretes w-100\">\n<p><strong><span style=\"font-size: 18pt\">A bejelentkez\u00e9shez beutal\u00f3 sz\u00fcks\u00e9ges<br \/>\nA betegeink beh\u00edv\u00e1sa el\u0151jegyz\u00e9s szerint t\u00f6rt\u00e9nik<\/span><\/strong><\/p>\n<p><strong>Bejelentkez\u00e9s: <\/strong>\u00a0+36 70 772 0868 telefonsz\u00e1mon, <br \/>\nh\u00e9tf\u0151t\u0151l-cs\u00fct\u00f6rt\u00f6kig 10.00-13.00 \u00f3ra k\u00f6z\u00f6tt lehets\u00e9ges<\/p>\n<p><strong>Rendel\u00e9s helye: <\/strong>Gyulai P\u00e1l u. 2. (K\u00f3rh\u00e1z \u00e9p\u00fclete)<\/p>\n<\/div>\n<div class=\"w-100\">\n<div class=\"w-100\">\n<h3>Dr. Paulik M\u00e1ria klinikai f\u0151orvos<\/h3>\n<\/div>\n<table style=\"width: 101.162%\">\n<thead>\n<tr>\n<td style=\"width: 30%\">Nap<\/td>\n<td style=\"width: 769.698%\">Id\u0151pont<\/td>\n<\/tr>\n<\/thead>\n<tbody>\n<tr>\n<td style=\"width: 30%\" scope=\"col\">H\u00e9tf\u0151<\/td>\n<td style=\"width: 769.698%\">07.00 &#8211; 15.00<\/td>\n<\/tr>\n<tr>\n<td style=\"width: 30%\">Kedd<\/td>\n<td style=\"width: 769.698%\">&#8211;<\/td>\n<\/tr>\n<tr>\n<td style=\"width: 30%\">Szerda<\/td>\n<td style=\"width: 769.698%\">&#8211;<\/td>\n<\/tr>\n<tr>\n<td style=\"width: 30%\">Cs\u00fct\u00f6rt\u00f6k<\/td>\n<td style=\"width: 769.698%\">&#8211;<\/td>\n<\/tr>\n<tr>\n<td style=\"width: 30%\">P\u00e9ntek<\/td>\n<td style=\"width: 769.698%\">&#8211;<\/td>\n<\/tr>\n<\/tbody>\n<\/table>\n<\/div>\n<h3>Dr. Tak\u00e1cs \u00c1gota<\/h3>\n<div class=\"w-100\">\n<table style=\"width: 100.867%\">\n<thead>\n<tr>\n<td style=\"width: 30%\">Nap<\/td>\n<td style=\"width: 766.495%\">Id\u0151pont<\/td>\n<\/tr>\n<\/thead>\n<tbody>\n<tr>\n<td style=\"width: 30%\" scope=\"col\">H\u00e9tf\u0151<\/td>\n<td style=\"width: 766.495%\">&#8211;<\/td>\n<\/tr>\n<tr>\n<td style=\"width: 30%\">Kedd<\/td>\n<td style=\"width: 766.495%\">&#8211;<\/td>\n<\/tr>\n<tr>\n<td style=\"width: 30%\">Szerda<\/td>\n<td style=\"width: 766.495%\">07.00 &#8211; 09.00<\/td>\n<\/tr>\n<tr>\n<td style=\"width: 30%\">Cs\u00fct\u00f6rt\u00f6k<\/td>\n<td style=\"width: 766.495%\">&#8211;<\/td>\n<\/tr>\n<tr>\n<td style=\"width: 30%\">P\u00e9ntek<\/td>\n<td style=\"width: 766.495%\">&#8211;<\/td>\n<\/tr>\n<\/tbody>\n<\/table>\n<p><span style=\"font-size: 1rem\">\u00a0<\/span><\/p>\n<\/div>\n","protected":false},"excerpt":{"rendered":"<p>A bejelentkez\u00e9shez beutal\u00f3 sz\u00fcks\u00e9ges A betegeink beh\u00edv\u00e1sa el\u0151jegyz\u00e9s szerint t\u00f6rt\u00e9nik Bejelentkez\u00e9s: \u00a0+36 70 772 0868 telefonsz\u00e1mon, h\u00e9tf\u0151t\u0151l-cs\u00fct\u00f6rt\u00f6kig 10.00-13.00 \u00f3ra k\u00f6z\u00f6tt lehets\u00e9ges Rendel\u00e9s helye: Gyulai P\u00e1l u. 2. (K\u00f3rh\u00e1z \u00e9p\u00fclete) Dr. Paulik M\u00e1ria klinikai f\u0151orvos Nap Id\u0151pont H\u00e9tf\u0151 07.00 &#8211; 15.00 Kedd &#8211; Szerda &#8211; Cs\u00fct\u00f6rt\u00f6k &#8211; P\u00e9ntek &#8211; Dr. Tak\u00e1cs \u00c1gota Nap Id\u0151pont H\u00e9tf\u0151 &#8211; &hellip;<\/p>\n","protected":false},"author":101884,"featured_media":0,"parent":45,"menu_order":0,"comment_status":"closed","ping_status":"closed","template":"","meta":{"_acf_changed":false,"footnotes":""},"categories":[4],"tags":[],"class_list":["post-70","page","type-page","status-publish","hentry","category-szakrendelesek"],"acf":[],"_links":{"self":[{"href":"https:\/\/semmelweis.hu\/szakrendelo\/wp-json\/wp\/v2\/pages\/70","targetHints":{"allow":["GET"]}}],"collection":[{"href":"https:\/\/semmelweis.hu\/szakrendelo\/wp-json\/wp\/v2\/pages"}],"about":[{"href":"https:\/\/semmelweis.hu\/szakrendelo\/wp-json\/wp\/v2\/types\/page"}],"author":[{"embeddable":true,"href":"https:\/\/semmelweis.hu\/szakrendelo\/wp-json\/wp\/v2\/users\/101884"}],"replies":[{"embeddable":true,"href":"https:\/\/semmelweis.hu\/szakrendelo\/wp-json\/wp\/v2\/comments?post=70"}],"version-history":[{"count":12,"href":"https:\/\/semmelweis.hu\/szakrendelo\/wp-json\/wp\/v2\/pages\/70\/revisions"}],"predecessor-version":[{"id":1407,"href":"https:\/\/semmelweis.hu\/szakrendelo\/wp-json\/wp\/v2\/pages\/70\/revisions\/1407"}],"up":[{"embeddable":true,"href":"https:\/\/semmelweis.hu\/szakrendelo\/wp-json\/wp\/v2\/pages\/45"}],"wp:attachment":[{"href":"https:\/\/semmelweis.hu\/szakrendelo\/wp-json\/wp\/v2\/media?parent=70"}],"wp:term":[{"taxonomy":"category","embeddable":true,"href":"https:\/\/semmelweis.hu\/szakrendelo\/wp-json\/wp\/v2\/categories?post=70"},{"taxonomy":"post_tag","embeddable":true,"href":"https:\/\/semmelweis.hu\/szakrendelo\/wp-json\/wp\/v2\/tags?post=70"}],"curies":[{"name":"wp","href":"https:\/\/api.w.org\/{rel}","templated":true}]}}