{"id":682,"date":"2024-02-01T10:07:18","date_gmt":"2024-02-01T09:07:18","guid":{"rendered":"https:\/\/semmelweis.hu\/szakrendelo\/?page_id=682"},"modified":"2026-03-26T16:07:40","modified_gmt":"2026-03-26T15:07:40","slug":"gyermekszemeszet","status":"publish","type":"page","link":"https:\/\/semmelweis.hu\/szakrendelo\/szakrendelesek\/gyermekszemeszet\/","title":{"rendered":"Gyermekszem\u00e9szet"},"content":{"rendered":"<div class=\"keretes w-100\">\n<p><strong>Rendel\u00e9s helye: <\/strong>Gyulai P\u00e1l u. 2. (K\u00f3rh\u00e1z \u00e9p\u00fclete)<\/p>\n<p><strong>Bejelentkez\u00e9s: <\/strong> <span style=\"font-size: 14pt\">+36 1 553 3503 telefonsz\u00e1mon<br \/>\nh\u00e9tf\u0151t\u0151l &#8211; p\u00e9ntekig 7:00 -15:00 \u00f3ra k\u00f6z\u00f6tt lehets\u00e9ges<\/span><\/p>\n<\/div>\n<h4>Szakorvosok:<\/h4>\n<h5>Dr. Mohammadpour Beham<br \/>\nDr. Mark\u00f3 Katalin\u00a0<br \/>\nDr. Kov\u00e1cs Vince G\u00e1bor<br \/>\nDr. Killik Petra<\/h5>\n<h4><span style=\"font-size: 14pt\">A szakorvosok rendel\u00e9si beoszt\u00e1s\u00e1r\u00f3l a fenti telefonsz\u00e1mon \u00e9rdekl\u0151dhet<\/span><\/h4>\n<div class=\"w-100\">\n<table style=\"width: 101.309%\">\n<thead>\n<tr>\n<td style=\"width: 30%\">Nap<\/td>\n<td style=\"width: 1171.52%\">Id\u0151pont<\/td>\n<\/tr>\n<\/thead>\n<tbody>\n<tr>\n<td style=\"width: 30%\" scope=\"col\">H\u00e9tf\u0151<\/td>\n<td style=\"width: 1171.52%\">09.00 &#8211; 15.30<\/td>\n<\/tr>\n<tr>\n<td style=\"width: 30%\">Kedd<\/td>\n<td style=\"width: 1171.52%\">09.00 &#8211; 15.30<\/td>\n<\/tr>\n<tr>\n<td style=\"width: 30%\">Szerda<\/td>\n<td style=\"width: 1171.52%\">09.00 &#8211; 15.30<\/td>\n<\/tr>\n<tr>\n<td style=\"width: 30%\">Cs\u00fct\u00f6rt\u00f6k<\/td>\n<td style=\"width: 1171.52%\">09.00 &#8211; 15.30<\/td>\n<\/tr>\n<tr>\n<td style=\"width: 30%\">P\u00e9ntek<\/td>\n<td style=\"width: 1171.52%\">09.00 &#8211; 15.30<\/td>\n<\/tr>\n<\/tbody>\n<\/table>\n<\/div>\n<p>&nbsp;<\/p>\n<p>&nbsp;<\/p>\n","protected":false},"excerpt":{"rendered":"<p>Rendel\u00e9s helye: Gyulai P\u00e1l u. 2. (K\u00f3rh\u00e1z \u00e9p\u00fclete) Bejelentkez\u00e9s: +36 1 553 3503 telefonsz\u00e1mon h\u00e9tf\u0151t\u0151l &#8211; p\u00e9ntekig 7:00 -15:00 \u00f3ra k\u00f6z\u00f6tt lehets\u00e9ges Szakorvosok: Dr. Mohammadpour Beham Dr. Mark\u00f3 Katalin\u00a0 Dr. Kov\u00e1cs Vince G\u00e1bor Dr. Killik Petra A szakorvosok rendel\u00e9si beoszt\u00e1s\u00e1r\u00f3l a fenti telefonsz\u00e1mon \u00e9rdekl\u0151dhet Nap Id\u0151pont H\u00e9tf\u0151 09.00 &#8211; 15.30 Kedd 09.00 &#8211; 15.30 Szerda &hellip;<\/p>\n","protected":false},"author":101884,"featured_media":0,"parent":45,"menu_order":0,"comment_status":"closed","ping_status":"closed","template":"","meta":{"_acf_changed":false,"footnotes":""},"categories":[4],"tags":[],"class_list":["post-682","page","type-page","status-publish","hentry","category-szakrendelesek"],"acf":[],"_links":{"self":[{"href":"https:\/\/semmelweis.hu\/szakrendelo\/wp-json\/wp\/v2\/pages\/682","targetHints":{"allow":["GET"]}}],"collection":[{"href":"https:\/\/semmelweis.hu\/szakrendelo\/wp-json\/wp\/v2\/pages"}],"about":[{"href":"https:\/\/semmelweis.hu\/szakrendelo\/wp-json\/wp\/v2\/types\/page"}],"author":[{"embeddable":true,"href":"https:\/\/semmelweis.hu\/szakrendelo\/wp-json\/wp\/v2\/users\/101884"}],"replies":[{"embeddable":true,"href":"https:\/\/semmelweis.hu\/szakrendelo\/wp-json\/wp\/v2\/comments?post=682"}],"version-history":[{"count":12,"href":"https:\/\/semmelweis.hu\/szakrendelo\/wp-json\/wp\/v2\/pages\/682\/revisions"}],"predecessor-version":[{"id":1439,"href":"https:\/\/semmelweis.hu\/szakrendelo\/wp-json\/wp\/v2\/pages\/682\/revisions\/1439"}],"up":[{"embeddable":true,"href":"https:\/\/semmelweis.hu\/szakrendelo\/wp-json\/wp\/v2\/pages\/45"}],"wp:attachment":[{"href":"https:\/\/semmelweis.hu\/szakrendelo\/wp-json\/wp\/v2\/media?parent=682"}],"wp:term":[{"taxonomy":"category","embeddable":true,"href":"https:\/\/semmelweis.hu\/szakrendelo\/wp-json\/wp\/v2\/categories?post=682"},{"taxonomy":"post_tag","embeddable":true,"href":"https:\/\/semmelweis.hu\/szakrendelo\/wp-json\/wp\/v2\/tags?post=682"}],"curies":[{"name":"wp","href":"https:\/\/api.w.org\/{rel}","templated":true}]}}