{"id":676,"date":"2024-01-22T14:44:37","date_gmt":"2024-01-22T13:44:37","guid":{"rendered":"https:\/\/semmelweis.hu\/szakrendelo\/?page_id=676"},"modified":"2026-04-20T18:49:05","modified_gmt":"2026-04-20T16:49:05","slug":"onkologia","status":"publish","type":"page","link":"https:\/\/semmelweis.hu\/szakrendelo\/szakrendelesek\/onkologia\/","title":{"rendered":"Onkol\u00f3gia"},"content":{"rendered":"<div class=\"keretes w-100\">\n<p><span style=\"font-size: 14pt\"><strong>Bejelentkez\u00e9s: +<\/strong>36 1\u00a0 553-3503 telefonsz\u00e1mon h\u00e9tf\u0151t\u0151l &#8211; p\u00e9ntekig 7:00 -15:00 \u00f3ra k\u00f6z\u00f6tt lehets\u00e9ges<\/span><\/p>\n<p><span style=\"font-size: 14pt\"><strong>Rendel\u00e9s helye: <\/strong>Gyulai P\u00e1l u. 2. (K\u00f3rh\u00e1z \u00e9p\u00fclete)<\/span><\/p>\n<\/div>\n<h5>Dr. Vas M\u00e1ria f\u0151orvos, <em>onkol\u00f3gus szakorvos<\/em><\/h5>\n<p>Onkol\u00f3giai gondoz\u00f3:<\/p>\n<table style=\"width: 100.723%;height: 198px\">\n<thead>\n<tr style=\"height: 33px\">\n<td style=\"width: 30%;height: 33px\">Nap<\/td>\n<td style=\"width: 1571.29%;height: 33px\">Id\u0151pont<\/td>\n<\/tr>\n<\/thead>\n<tbody>\n<tr style=\"height: 33px\">\n<td style=\"width: 30%;height: 33px\" scope=\"col\">H\u00e9tf\u0151<\/td>\n<td style=\"width: 1571.29%;height: 33px\">16.00 &#8211; 18.00<\/td>\n<\/tr>\n<tr style=\"height: 33px\">\n<td style=\"width: 30%;height: 33px\">Kedd<\/td>\n<td style=\"width: 1571.29%;height: 33px\">&#8211;<\/td>\n<\/tr>\n<tr style=\"height: 33px\">\n<td style=\"width: 30%;height: 33px\">Szerda<\/td>\n<td style=\"width: 1571.29%;height: 33px\">&#8211;<\/td>\n<\/tr>\n<tr style=\"height: 33px\">\n<td style=\"width: 30%;height: 33px\">Cs\u00fct\u00f6rt\u00f6k<\/td>\n<td style=\"width: 1571.29%;height: 33px\">&#8211;<\/td>\n<\/tr>\n<tr style=\"height: 33px\">\n<td style=\"width: 30%;height: 33px\">P\u00e9ntek<\/td>\n<td style=\"width: 1571.29%;height: 33px\">&#8211;<\/td>\n<\/tr>\n<\/tbody>\n<\/table>\n<div class=\"w-100\">\u00a0<\/div>\n<p>&nbsp;<\/p>\n<p>Onkol\u00f3giai szakrendel\u00e9s:<\/p>\n<table style=\"width: 101.601%\">\n<thead>\n<tr>\n<td style=\"width: 30%\">Nap<\/td>\n<td style=\"width: 1576.24%\">Id\u0151pont<\/td>\n<\/tr>\n<\/thead>\n<tbody>\n<tr>\n<td style=\"width: 30%\" scope=\"col\">H\u00e9tf\u0151<\/td>\n<td style=\"width: 1576.24%\">&#8211;<\/td>\n<\/tr>\n<tr>\n<td style=\"width: 30%\">Kedd<\/td>\n<td style=\"width: 1576.24%\">&#8211;<\/td>\n<\/tr>\n<tr>\n<td style=\"width: 30%\">Szerda<\/td>\n<td style=\"width: 1576.24%\">07.00 &#8211; 08.00<\/td>\n<\/tr>\n<tr>\n<td style=\"width: 30%\">Cs\u00fct\u00f6rt\u00f6k<\/td>\n<td style=\"width: 1576.24%\">07.00 &#8211; 08.00<\/td>\n<\/tr>\n<tr>\n<td style=\"width: 30%\">P\u00e9ntek<\/td>\n<td style=\"width: 1576.24%\">&#8211;<\/td>\n<\/tr>\n<\/tbody>\n<\/table>\n<p>&nbsp;<\/p>\n<div class=\"w-100\">\n<p>&nbsp;<\/p>\n<\/div>\n","protected":false},"excerpt":{"rendered":"<p>Bejelentkez\u00e9s: +36 1\u00a0 553-3503 telefonsz\u00e1mon h\u00e9tf\u0151t\u0151l &#8211; p\u00e9ntekig 7:00 -15:00 \u00f3ra k\u00f6z\u00f6tt lehets\u00e9ges Rendel\u00e9s helye: Gyulai P\u00e1l u. 2. (K\u00f3rh\u00e1z \u00e9p\u00fclete) Dr. Vas M\u00e1ria f\u0151orvos, onkol\u00f3gus szakorvos Onkol\u00f3giai gondoz\u00f3: Nap Id\u0151pont H\u00e9tf\u0151 16.00 &#8211; 18.00 Kedd &#8211; Szerda &#8211; Cs\u00fct\u00f6rt\u00f6k &#8211; P\u00e9ntek &#8211; \u00a0 &nbsp; Onkol\u00f3giai szakrendel\u00e9s: Nap Id\u0151pont H\u00e9tf\u0151 &#8211; Kedd &#8211; Szerda 07.00 &hellip;<\/p>\n","protected":false},"author":101884,"featured_media":0,"parent":45,"menu_order":0,"comment_status":"closed","ping_status":"closed","template":"","meta":{"_acf_changed":false,"footnotes":""},"categories":[4],"tags":[],"class_list":["post-676","page","type-page","status-publish","hentry","category-szakrendelesek"],"acf":[],"_links":{"self":[{"href":"https:\/\/semmelweis.hu\/szakrendelo\/wp-json\/wp\/v2\/pages\/676","targetHints":{"allow":["GET"]}}],"collection":[{"href":"https:\/\/semmelweis.hu\/szakrendelo\/wp-json\/wp\/v2\/pages"}],"about":[{"href":"https:\/\/semmelweis.hu\/szakrendelo\/wp-json\/wp\/v2\/types\/page"}],"author":[{"embeddable":true,"href":"https:\/\/semmelweis.hu\/szakrendelo\/wp-json\/wp\/v2\/users\/101884"}],"replies":[{"embeddable":true,"href":"https:\/\/semmelweis.hu\/szakrendelo\/wp-json\/wp\/v2\/comments?post=676"}],"version-history":[{"count":9,"href":"https:\/\/semmelweis.hu\/szakrendelo\/wp-json\/wp\/v2\/pages\/676\/revisions"}],"predecessor-version":[{"id":1471,"href":"https:\/\/semmelweis.hu\/szakrendelo\/wp-json\/wp\/v2\/pages\/676\/revisions\/1471"}],"up":[{"embeddable":true,"href":"https:\/\/semmelweis.hu\/szakrendelo\/wp-json\/wp\/v2\/pages\/45"}],"wp:attachment":[{"href":"https:\/\/semmelweis.hu\/szakrendelo\/wp-json\/wp\/v2\/media?parent=676"}],"wp:term":[{"taxonomy":"category","embeddable":true,"href":"https:\/\/semmelweis.hu\/szakrendelo\/wp-json\/wp\/v2\/categories?post=676"},{"taxonomy":"post_tag","embeddable":true,"href":"https:\/\/semmelweis.hu\/szakrendelo\/wp-json\/wp\/v2\/tags?post=676"}],"curies":[{"name":"wp","href":"https:\/\/api.w.org\/{rel}","templated":true}]}}