{"id":65,"date":"2022-02-23T14:20:10","date_gmt":"2022-02-23T13:20:10","guid":{"rendered":"https:\/\/semmelweis.hu\/szakrendelo\/?page_id=65"},"modified":"2026-03-26T11:46:10","modified_gmt":"2026-03-26T10:46:10","slug":"borgyogyaszat","status":"publish","type":"page","link":"https:\/\/semmelweis.hu\/szakrendelo\/szakrendelesek\/borgyogyaszat\/","title":{"rendered":"B\u0151rgy\u00f3gy\u00e1szat"},"content":{"rendered":"<div class=\"keretes w-100\">\n<p class=\"x_elementtoproof\" style=\"text-align: left\" data-ogsb=\"white\"><span data-ogsc=\"black\" data-olk-copy-source=\"MessageBody\">Tisztelt P\u00e1ciensek!<\/span><\/p>\n<p class=\"x_elementtoproof\" style=\"text-align: left\" data-ogsb=\"white\"><strong>T\u00e1j\u00e9koztatjuk \u00d6n\u00f6ket, hogy a b\u0151rgy\u00f3gy\u00e1szati szakrendel\u00e9s szeptember 15-t\u0151l bizonytalan ideig sz\u00fcnetel.<\/strong><\/p>\n<p class=\"x_elementtoproof\" style=\"text-align: left\" data-ogsb=\"white\"><span data-ogsc=\"black\">A Semmelweis Egyetem b\u0151rgy\u00f3gy\u00e1szati ell\u00e1t\u00e1s\u00e1t tov\u00e1bbra is ig\u00e9nybe vehetik a\u00a0<b data-ogsc=\"\">B\u0151r-, Nemik\u00f3rtani \u00e9s B\u0151ronkol\u00f3giai Klinik\u00e1n<\/b> (1085 Budapest, M\u00e1ria utca 41.) , el\u0151jegyz\u00e9s: +36 1 235 21 80 (12.00-15.00 \u00f3ra k\u00f6z\u00f6tt h\u00edvhat\u00f3)<\/span><\/p>\n<p class=\"x_elementtoproof\" style=\"text-align: left\" data-ogsb=\"white\"><span data-ogsc=\"black\">Tov\u00e1bbi inform\u00e1ci\u00f3 az <a href=\"https:\/\/egeszsegvonal.gov.hu\/\">Eg\u00e9szs\u00e9gvonalon<\/a> is k\u00e9rhet\u0151.<\/span><\/p>\n<p class=\"x_elementtoproof\" style=\"text-align: left\" data-ogsb=\"white\"><span data-ogsc=\"black\">Meg\u00e9rt\u00e9s\u00fcket k\u00f6sz\u00f6nj\u00fck!<\/span><\/p>\n<\/div>\n<h4>\u00a0<\/h4>\n","protected":false},"excerpt":{"rendered":"<p>Tisztelt P\u00e1ciensek!<br \/>\nT\u00e1j\u00e9koztatjuk \u00d6n\u00f6ket, hogy a b\u0151rgy\u00f3gy\u00e1szati szakrendel\u00e9s szeptember 15-t\u0151l bizonytalan ideig sz\u00fcnetel.<br \/>\nA Semmelweis Egyetem b\u0151rgy\u00f3gy\u00e1szati ell\u00e1t\u00e1s\u00e1t tov\u00e1bbra is ig\u00e9nybe vehetik a\u00a0B\u0151r-, Nemik\u00f3rtani \u00e9s B\u0151ronkol\u00f3giai Klinik\u00e1n (1085 Budapest, M\u00e1ria utca 41.) , el\u0151jegyz\u00e9s: +36 1 235 21 80 (12.00-15.00 \u00f3ra k\u00f6z\u00f6tt h\u00edvhat\u00f3)<br \/>\nTov\u00e1bbi inform\u00e1ci\u00f3 az <a href=\"https:\/\/egeszsegvonal.gov.hu\/\">Eg\u00e9szs\u00e9gvonalon<\/a> is k\u00e9rhet\u0151.<br \/>\nMeg\u00e9rt\u00e9s\u00fcket k\u00f6sz\u00f6nj\u00fck!<\/p>\n<p>\u00a0<\/p>\n","protected":false},"author":101884,"featured_media":0,"parent":45,"menu_order":0,"comment_status":"closed","ping_status":"closed","template":"","meta":{"_acf_changed":false,"footnotes":""},"categories":[4],"tags":[],"class_list":["post-65","page","type-page","status-publish","hentry","category-szakrendelesek"],"acf":[],"_links":{"self":[{"href":"https:\/\/semmelweis.hu\/szakrendelo\/wp-json\/wp\/v2\/pages\/65","targetHints":{"allow":["GET"]}}],"collection":[{"href":"https:\/\/semmelweis.hu\/szakrendelo\/wp-json\/wp\/v2\/pages"}],"about":[{"href":"https:\/\/semmelweis.hu\/szakrendelo\/wp-json\/wp\/v2\/types\/page"}],"author":[{"embeddable":true,"href":"https:\/\/semmelweis.hu\/szakrendelo\/wp-json\/wp\/v2\/users\/101884"}],"replies":[{"embeddable":true,"href":"https:\/\/semmelweis.hu\/szakrendelo\/wp-json\/wp\/v2\/comments?post=65"}],"version-history":[{"count":12,"href":"https:\/\/semmelweis.hu\/szakrendelo\/wp-json\/wp\/v2\/pages\/65\/revisions"}],"predecessor-version":[{"id":1406,"href":"https:\/\/semmelweis.hu\/szakrendelo\/wp-json\/wp\/v2\/pages\/65\/revisions\/1406"}],"up":[{"embeddable":true,"href":"https:\/\/semmelweis.hu\/szakrendelo\/wp-json\/wp\/v2\/pages\/45"}],"wp:attachment":[{"href":"https:\/\/semmelweis.hu\/szakrendelo\/wp-json\/wp\/v2\/media?parent=65"}],"wp:term":[{"taxonomy":"category","embeddable":true,"href":"https:\/\/semmelweis.hu\/szakrendelo\/wp-json\/wp\/v2\/categories?post=65"},{"taxonomy":"post_tag","embeddable":true,"href":"https:\/\/semmelweis.hu\/szakrendelo\/wp-json\/wp\/v2\/tags?post=65"}],"curies":[{"name":"wp","href":"https:\/\/api.w.org\/{rel}","templated":true}]}}