{"id":59,"date":"2022-02-18T10:37:30","date_gmt":"2022-02-18T09:37:30","guid":{"rendered":"https:\/\/semmelweis.hu\/szakrendelo\/?page_id=59"},"modified":"2025-09-29T11:44:59","modified_gmt":"2025-09-29T09:44:59","slug":"reumatologia","status":"publish","type":"page","link":"https:\/\/semmelweis.hu\/szakrendelo\/szakrendelesek\/reumatologia\/","title":{"rendered":"Reumatol\u00f3gia"},"content":{"rendered":"<p><strong><span style=\"font-size: 18pt\">A bejelentkez\u00e9shez beutal\u00f3 sz\u00fcks\u00e9ges! A betegeink beh\u00edv\u00e1sa el\u0151jegyz\u00e9s szerint t\u00f6rt\u00e9nik!<\/span><\/strong><\/p>\n<h2>Reumatol\u00f3giai Szakrendel\u00e9s I.<\/h2>\n<p><strong>Bejelentkez\u00e9s:<\/strong> <span style=\"font-size: 18pt\">+36\/1-553-3503<\/span>, telefonsz\u00e1mon h\u00e9tf\u0151t\u0151l-p\u00e9ntekig 7:00 -15:00 \u00f3ra k\u00f6z\u00f6tt lehets\u00e9ges<br \/>\n<strong>Rendel\u00e9s helye: <\/strong>Gyulai P\u00e1l u. 2. (K\u00f3rh\u00e1z \u00e9p\u00fclete)<\/p>\n<h4>Dr. Tim\u00e1r R\u00f3bert adjunktus<\/h4>\n<div class=\"keretes w-100\">\n<p><strong>Rendel\u00e9si id\u0151:<\/strong> <br \/>\nCs\u00fct\u00f6rt\u00f6k: 8.00-12.00 \u00f3ra k\u00f6z\u00f6tt<\/p>\n<\/div>\n<h2>Reumatol\u00f3giai Szakrendel\u00e9s II.<\/h2>\n<h4>Dr. Kanakaridu Eleni klinikai f\u0151orvos<\/h4>\n<p>Asszisztens: Juh\u00e1szn\u00e9 Tuller Edit,\u00a0\u00a0<\/p>\n<div class=\"keretes w-100\">\n<p><strong>Rendel\u00e9si id\u0151:<\/strong> <br \/>\nH\u00e9tf\u0151: 9.00-16.00 \u00f3ra k\u00f6z\u00f6tt<br \/>\nKedd: 12.00-19.00 \u00f3ra k\u00f6z\u00f6tt<br \/>\nSzerda: 12.00-19.00 \u00f3ra k\u00f6z\u00f6tt<br \/>\nCs\u00fct\u00f6rt\u00f6k: 14.00-19.00 \u00f3ra k\u00f6z\u00f6tt \u00a0\u00a0<br \/>\nP\u00e9ntek: 9.00-16.00 \u00f3ra k\u00f6z\u00f6tt \u00a0 \u00a0\u00a0<\/p>\n<\/div>\n<hr \/>\n<h4>A Szakrendel\u00e9s \u00e1ltal\u00e1nos c\u00e9lja<\/h4>\n<p>A gyullad\u00e1sos \u00e9s degenerat\u00edv (kop\u00e1sos) gerinc \u00e9s \u00edz\u00fcleti betegs\u00e9gek kezel\u00e9se, illetve a n\u00e9pbetegs\u00e9gnek sz\u00e1m\u00edt\u00f3 csontritkul\u00e1s (oszteopor\u00f3zis) betegek kisz\u0171r\u00e9se \u00e9s sz\u00ednvonalas ell\u00e1t\u00e1sa.<\/p>\n","protected":false},"excerpt":{"rendered":"<p>A bejelentkez\u00e9shez beutal\u00f3 sz\u00fcks\u00e9ges! A betegeink beh\u00edv\u00e1sa el\u0151jegyz\u00e9s szerint t\u00f6rt\u00e9nik! Reumatol\u00f3giai Szakrendel\u00e9s I. Bejelentkez\u00e9s: +36\/1-553-3503, telefonsz\u00e1mon h\u00e9tf\u0151t\u0151l-p\u00e9ntekig 7:00 -15:00 \u00f3ra k\u00f6z\u00f6tt lehets\u00e9ges Rendel\u00e9s helye: Gyulai P\u00e1l u. 2. (K\u00f3rh\u00e1z \u00e9p\u00fclete) Dr. Tim\u00e1r R\u00f3bert adjunktus Rendel\u00e9si id\u0151: Cs\u00fct\u00f6rt\u00f6k: 8.00-12.00 \u00f3ra k\u00f6z\u00f6tt Reumatol\u00f3giai Szakrendel\u00e9s II. Dr. Kanakaridu Eleni klinikai f\u0151orvos Asszisztens: Juh\u00e1szn\u00e9 Tuller Edit,\u00a0\u00a0 Rendel\u00e9si id\u0151: H\u00e9tf\u0151: &hellip;<\/p>\n","protected":false},"author":101884,"featured_media":0,"parent":45,"menu_order":0,"comment_status":"closed","ping_status":"closed","template":"","meta":{"_acf_changed":false,"footnotes":""},"categories":[4],"tags":[],"class_list":["post-59","page","type-page","status-publish","hentry","category-szakrendelesek"],"acf":[],"_links":{"self":[{"href":"https:\/\/semmelweis.hu\/szakrendelo\/wp-json\/wp\/v2\/pages\/59","targetHints":{"allow":["GET"]}}],"collection":[{"href":"https:\/\/semmelweis.hu\/szakrendelo\/wp-json\/wp\/v2\/pages"}],"about":[{"href":"https:\/\/semmelweis.hu\/szakrendelo\/wp-json\/wp\/v2\/types\/page"}],"author":[{"embeddable":true,"href":"https:\/\/semmelweis.hu\/szakrendelo\/wp-json\/wp\/v2\/users\/101884"}],"replies":[{"embeddable":true,"href":"https:\/\/semmelweis.hu\/szakrendelo\/wp-json\/wp\/v2\/comments?post=59"}],"version-history":[{"count":12,"href":"https:\/\/semmelweis.hu\/szakrendelo\/wp-json\/wp\/v2\/pages\/59\/revisions"}],"predecessor-version":[{"id":1163,"href":"https:\/\/semmelweis.hu\/szakrendelo\/wp-json\/wp\/v2\/pages\/59\/revisions\/1163"}],"up":[{"embeddable":true,"href":"https:\/\/semmelweis.hu\/szakrendelo\/wp-json\/wp\/v2\/pages\/45"}],"wp:attachment":[{"href":"https:\/\/semmelweis.hu\/szakrendelo\/wp-json\/wp\/v2\/media?parent=59"}],"wp:term":[{"taxonomy":"category","embeddable":true,"href":"https:\/\/semmelweis.hu\/szakrendelo\/wp-json\/wp\/v2\/categories?post=59"},{"taxonomy":"post_tag","embeddable":true,"href":"https:\/\/semmelweis.hu\/szakrendelo\/wp-json\/wp\/v2\/tags?post=59"}],"curies":[{"name":"wp","href":"https:\/\/api.w.org\/{rel}","templated":true}]}}