{"id":55,"date":"2022-02-18T10:28:11","date_gmt":"2022-02-18T09:28:11","guid":{"rendered":"https:\/\/semmelweis.hu\/szakrendelo\/?page_id=55"},"modified":"2026-03-26T11:47:50","modified_gmt":"2026-03-26T10:47:50","slug":"dializis","status":"publish","type":"page","link":"https:\/\/semmelweis.hu\/szakrendelo\/szakrendelesek\/dializis\/","title":{"rendered":"Dial\u00edzis"},"content":{"rendered":"<div class=\"keretes w-100\">\n<p><span style=\"font-size: 18pt\"><strong>Bejelentkez\u00e9s:<\/strong> <span style=\"font-size: 14pt\">+36 1 235 9817<br \/>\n<\/span><\/span><br \/>\n<span style=\"font-size: 18pt\"><strong>Rendel\u00e9s helye:<\/strong> <span style=\"font-size: 14pt\">k\u00f3rh\u00e1z \u00e9p\u00fclet III. emelet Dializ\u00e1l\u00f3 \u00e1llom\u00e1s<\/span><\/span><br \/>\n<span style=\"font-size: 14pt\">Figyelem! Bej\u00e1rat a Gyulai P\u00e1l u. 2. alatt<\/span><\/p>\n<\/div>\n<h3>Dr. Dom\u00e1n J\u00f3zsef\u00a0 c. docens, klinikai f\u0151orvos<\/h3>\n<h3>Dr. Gigacz T\u00fcnde klinikai f\u0151orvos<\/h3>\n<table style=\"width: 100.647%\">\n<thead>\n<tr>\n<td style=\"width: 30%\">Nap<\/td>\n<td style=\"width: 767.147%\">Id\u0151pont<\/td>\n<\/tr>\n<\/thead>\n<tbody>\n<tr>\n<td style=\"width: 30%\" scope=\"col\">H\u00e9tf\u0151<\/td>\n<td style=\"width: 767.147%\">06.00 &#8211; 17.00<\/td>\n<\/tr>\n<tr>\n<td style=\"width: 30%\">Kedd<\/td>\n<td style=\"width: 767.147%\">06.00 &#8211; 12.00<\/td>\n<\/tr>\n<tr>\n<td style=\"width: 30%\">Szerda<\/td>\n<td style=\"width: 767.147%\">06.00 &#8211; 17.00<\/td>\n<\/tr>\n<tr>\n<td style=\"width: 30%\">Cs\u00fct\u00f6rt\u00f6k<\/td>\n<td style=\"width: 767.147%\">06.00 &#8211; 12.00<\/td>\n<\/tr>\n<tr>\n<td style=\"width: 30%\">P\u00e9ntek<\/td>\n<td style=\"width: 767.147%\">06.00 &#8211; 17.00<\/td>\n<\/tr>\n<tr>\n<td style=\"width: 30%\">Szombat<\/td>\n<td style=\"width: 767.147%\">06.00 &#8211; 12.00<\/td>\n<\/tr>\n<\/tbody>\n<\/table>\n<blockquote class=\"wp-embedded-content\" data-secret=\"VjaHTM3EgX\"><p><a href=\"https:\/\/semmelweis.hu\/hirek\/2022\/02\/02\/a-semmelweis-egyetem-lett-a-szent-rokus-klinikai-tomb-muvese-allomasanak-mukodtetoje\/\">A Semmelweis Egyetem lett a Szent R\u00f3kus Klinikai T\u00f6mb m\u0171vese\u00e1llom\u00e1s\u00e1nak m\u0171k\u00f6dtet\u0151je<\/a><\/p><\/blockquote>\n<p><iframe loading=\"lazy\" class=\"wp-embedded-content\" sandbox=\"allow-scripts\" security=\"restricted\" style=\"position: absolute; visibility: hidden;\" title=\"&#8220;A Semmelweis Egyetem lett a Szent R\u00f3kus Klinikai T\u00f6mb m\u0171vese\u00e1llom\u00e1s\u00e1nak m\u0171k\u00f6dtet\u0151je&#8221; &#8212; Semmelweis H\u00edrek\" src=\"https:\/\/semmelweis.hu\/hirek\/2022\/02\/02\/a-semmelweis-egyetem-lett-a-szent-rokus-klinikai-tomb-muvese-allomasanak-mukodtetoje\/embed\/#?secret=5m8vLliwcH#?secret=VjaHTM3EgX\" data-secret=\"VjaHTM3EgX\" width=\"600\" height=\"338\" frameborder=\"0\" marginwidth=\"0\" marginheight=\"0\" scrolling=\"no\"><\/iframe><\/p>\n","protected":false},"excerpt":{"rendered":"<p>Bejelentkez\u00e9s: +36 1 235 9817 Rendel\u00e9s helye: k\u00f3rh\u00e1z \u00e9p\u00fclet III. emelet Dializ\u00e1l\u00f3 \u00e1llom\u00e1s Figyelem! Bej\u00e1rat a Gyulai P\u00e1l u. 2. alatt Dr. Dom\u00e1n J\u00f3zsef\u00a0 c. docens, klinikai f\u0151orvos Dr. Gigacz T\u00fcnde klinikai f\u0151orvos Nap Id\u0151pont H\u00e9tf\u0151 06.00 &#8211; 17.00 Kedd 06.00 &#8211; 12.00 Szerda 06.00 &#8211; 17.00 Cs\u00fct\u00f6rt\u00f6k 06.00 &#8211; 12.00 P\u00e9ntek 06.00 &#8211; 17.00 &hellip;<\/p>\n","protected":false},"author":101884,"featured_media":0,"parent":45,"menu_order":0,"comment_status":"closed","ping_status":"closed","template":"","meta":{"_acf_changed":false,"footnotes":""},"categories":[4],"tags":[],"class_list":["post-55","page","type-page","status-publish","hentry","category-szakrendelesek"],"acf":[],"_links":{"self":[{"href":"https:\/\/semmelweis.hu\/szakrendelo\/wp-json\/wp\/v2\/pages\/55","targetHints":{"allow":["GET"]}}],"collection":[{"href":"https:\/\/semmelweis.hu\/szakrendelo\/wp-json\/wp\/v2\/pages"}],"about":[{"href":"https:\/\/semmelweis.hu\/szakrendelo\/wp-json\/wp\/v2\/types\/page"}],"author":[{"embeddable":true,"href":"https:\/\/semmelweis.hu\/szakrendelo\/wp-json\/wp\/v2\/users\/101884"}],"replies":[{"embeddable":true,"href":"https:\/\/semmelweis.hu\/szakrendelo\/wp-json\/wp\/v2\/comments?post=55"}],"version-history":[{"count":11,"href":"https:\/\/semmelweis.hu\/szakrendelo\/wp-json\/wp\/v2\/pages\/55\/revisions"}],"predecessor-version":[{"id":1408,"href":"https:\/\/semmelweis.hu\/szakrendelo\/wp-json\/wp\/v2\/pages\/55\/revisions\/1408"}],"up":[{"embeddable":true,"href":"https:\/\/semmelweis.hu\/szakrendelo\/wp-json\/wp\/v2\/pages\/45"}],"wp:attachment":[{"href":"https:\/\/semmelweis.hu\/szakrendelo\/wp-json\/wp\/v2\/media?parent=55"}],"wp:term":[{"taxonomy":"category","embeddable":true,"href":"https:\/\/semmelweis.hu\/szakrendelo\/wp-json\/wp\/v2\/categories?post=55"},{"taxonomy":"post_tag","embeddable":true,"href":"https:\/\/semmelweis.hu\/szakrendelo\/wp-json\/wp\/v2\/tags?post=55"}],"curies":[{"name":"wp","href":"https:\/\/api.w.org\/{rel}","templated":true}]}}