{"id":546,"date":"2022-11-03T15:37:42","date_gmt":"2022-11-03T14:37:42","guid":{"rendered":"https:\/\/semmelweis.hu\/szakrendelo\/?page_id=546"},"modified":"2025-06-13T07:41:02","modified_gmt":"2025-06-13T05:41:02","slug":"urologia","status":"publish","type":"page","link":"https:\/\/semmelweis.hu\/szakrendelo\/szakrendelesek\/urologia\/","title":{"rendered":"Urol\u00f3gia"},"content":{"rendered":"<p><strong>Bejelentkez\u00e9s: <span style=\"font-size: 18pt\">+36\/1-553-3503<\/span><\/strong>, telefonsz\u00e1mon h\u00e9tf\u0151t\u0151l &#8211; p\u00e9ntekig 07:00 -15:00 \u00f3ra k\u00f6z\u00f6tt lehets\u00e9ges<\/p>\n<p><strong>Rendel\u00e9s helye: <\/strong>Gyulai P\u00e1l u. 2. (K\u00f3rh\u00e1z \u00e9p\u00fclete)<\/p>\n<p>Asszisztens: Lengyelfalvi Annam\u00e1ria\u00a0<\/p>\n<p><span style=\"color: #313b40;font-family: Montserrat, sans-serif;font-size: 22px;text-transform: uppercase\">dr B\u00f3gyi gY\u00d6RGY klinikai f\u0151orvos, urol\u00f3gus, androl\u00f3gus szakorvos<\/span><\/p>\n<div class=\"w-100 keretes\"><strong>Rendel\u00e9si id\u0151:<\/strong><br \/>\nH\u00e9tf\u0151: 07.00-14.00 \u00f3ra k\u00f6z\u00f6tt<br \/>\nKedd: 07.00-12.00 \u00f3ra k\u00f6z\u00f6tt<br \/>\nSzerda: 08.00-12.00 \u00f3ra k\u00f6z\u00f6tt<\/div>\n<h4>\u00a0<\/h4>\n","protected":false},"excerpt":{"rendered":"<p>Bejelentkez\u00e9s: +36\/1-553-3503, telefonsz\u00e1mon h\u00e9tf\u0151t\u0151l &#8211; p\u00e9ntekig 07:00 -15:00 \u00f3ra k\u00f6z\u00f6tt lehets\u00e9ges<br \/>\nRendel\u00e9s helye: Gyulai P\u00e1l u. 2. (K\u00f3rh\u00e1z \u00e9p\u00fclete)<br \/>\nAsszisztens: Lengyelfalvi Annam\u00e1ria\u00a0<br \/>\ndr B\u00f3gyi gY\u00d6RGY klinikai f\u0151orvos, urol\u00f3gus, androl\u00f3gus szakorvos<br \/>\nRendel\u00e9si id\u0151:<br \/>\nH\u00e9tf\u0151: 07.00-14.00 \u00f3ra k\u00f6z\u00f6tt<br \/>\nKedd: 07.00-12.00 \u00f3ra k\u00f6z\u00f6tt<br \/>\nSzerda: 08.00-12.00 \u00f3ra k\u00f6z\u00f6tt<br \/>\n\u00a0<\/p>\n","protected":false},"author":101884,"featured_media":0,"parent":45,"menu_order":0,"comment_status":"closed","ping_status":"closed","template":"","meta":{"_acf_changed":false,"footnotes":""},"categories":[4],"tags":[],"class_list":["post-546","page","type-page","status-publish","hentry","category-szakrendelesek"],"acf":[],"_links":{"self":[{"href":"https:\/\/semmelweis.hu\/szakrendelo\/wp-json\/wp\/v2\/pages\/546","targetHints":{"allow":["GET"]}}],"collection":[{"href":"https:\/\/semmelweis.hu\/szakrendelo\/wp-json\/wp\/v2\/pages"}],"about":[{"href":"https:\/\/semmelweis.hu\/szakrendelo\/wp-json\/wp\/v2\/types\/page"}],"author":[{"embeddable":true,"href":"https:\/\/semmelweis.hu\/szakrendelo\/wp-json\/wp\/v2\/users\/101884"}],"replies":[{"embeddable":true,"href":"https:\/\/semmelweis.hu\/szakrendelo\/wp-json\/wp\/v2\/comments?post=546"}],"version-history":[{"count":11,"href":"https:\/\/semmelweis.hu\/szakrendelo\/wp-json\/wp\/v2\/pages\/546\/revisions"}],"predecessor-version":[{"id":1065,"href":"https:\/\/semmelweis.hu\/szakrendelo\/wp-json\/wp\/v2\/pages\/546\/revisions\/1065"}],"up":[{"embeddable":true,"href":"https:\/\/semmelweis.hu\/szakrendelo\/wp-json\/wp\/v2\/pages\/45"}],"wp:attachment":[{"href":"https:\/\/semmelweis.hu\/szakrendelo\/wp-json\/wp\/v2\/media?parent=546"}],"wp:term":[{"taxonomy":"category","embeddable":true,"href":"https:\/\/semmelweis.hu\/szakrendelo\/wp-json\/wp\/v2\/categories?post=546"},{"taxonomy":"post_tag","embeddable":true,"href":"https:\/\/semmelweis.hu\/szakrendelo\/wp-json\/wp\/v2\/tags?post=546"}],"curies":[{"name":"wp","href":"https:\/\/api.w.org\/{rel}","templated":true}]}}