{"id":43,"date":"2022-02-18T10:01:24","date_gmt":"2022-02-18T09:01:24","guid":{"rendered":"https:\/\/semmelweis.hu\/szakrendelo\/?page_id=43"},"modified":"2026-03-26T11:44:29","modified_gmt":"2026-03-26T10:44:29","slug":"ful-orr-gegeszet","status":"publish","type":"page","link":"https:\/\/semmelweis.hu\/szakrendelo\/szakrendelesek\/ful-orr-gegeszet\/","title":{"rendered":"F\u00fcl-, orr-, g\u00e9g\u00e9szet"},"content":{"rendered":"<div class=\"keretes w-100\">\n<p><span style=\"font-size: 18pt\"><strong>A betegeink beh\u00edv\u00e1sa el\u0151jegyz\u00e9s szerint t\u00f6rt\u00e9nik<\/strong><\/span><\/p>\n<p><strong>Bejelentkez\u00e9s:\u00a0<\/strong>+36 1 553 3503 telefonsz\u00e1mon <br \/>\nh\u00e9tf\u0151t\u0151l &#8211; p\u00e9ntekig 07.00 -15.00 \u00f3ra k\u00f6z\u00f6tt lehets\u00e9ges<\/p>\n<p><strong>Rendel\u00e9s helye: <\/strong>Gyulai P\u00e1l u. 2. (K\u00f3rh\u00e1z \u00e9p\u00fclete)<\/p>\n<\/div>\n<h3>Dr. T\u00f3th Eszter (PhD), szakorvos<\/h3>\n<p>Asszisztens: Katona L\u00e1szl\u00f3n\u00e9<\/p>\n<table style=\"width: 100.87%\">\n<thead>\n<tr>\n<td style=\"width: 30%\">Nap<\/td>\n<td style=\"width: 768.243%\">Id\u0151pont<\/td>\n<\/tr>\n<\/thead>\n<tbody>\n<tr>\n<td style=\"width: 30%\" scope=\"col\">H\u00e9tf\u0151<\/td>\n<td style=\"width: 768.243%\">08.00 &#8211; 12.00<\/td>\n<\/tr>\n<tr>\n<td style=\"width: 30%\">Kedd<\/td>\n<td style=\"width: 768.243%\">&#8211;<\/td>\n<\/tr>\n<tr>\n<td style=\"width: 30%\">Szerda<\/td>\n<td style=\"width: 768.243%\">&#8211;<\/td>\n<\/tr>\n<tr>\n<td style=\"width: 30%\">Cs\u00fct\u00f6rt\u00f6k<\/td>\n<td style=\"width: 768.243%\">&#8211;<\/td>\n<\/tr>\n<tr>\n<td style=\"width: 30%\">P\u00e9ntek<\/td>\n<td style=\"width: 768.243%\">&#8211;<\/td>\n<\/tr>\n<\/tbody>\n<\/table>\n<div class=\"w-100\">\n<p><span style=\"color: #313b40;font-family: Montserrat, sans-serif;font-size: 24px;font-weight: 600\"><br \/>\nDr. Nagy \u00c1gnes Krisztina klinikai f\u0151orvos<\/span><\/p>\n<\/div>\n<p>Asszisztens: Lellei Szilvia<\/p>\n<table style=\"width: 100.87%\">\n<thead>\n<tr>\n<td style=\"width: 30%\">Nap<\/td>\n<td style=\"width: 768.243%\">Id\u0151pont<\/td>\n<\/tr>\n<\/thead>\n<tbody>\n<tr>\n<td style=\"width: 30%\" scope=\"col\">H\u00e9tf\u0151<\/td>\n<td style=\"width: 768.243%\">09.00 &#8211; 15.00<\/td>\n<\/tr>\n<tr>\n<td style=\"width: 30%\">Kedd<\/td>\n<td style=\"width: 768.243%\">14.00 &#8211; 19.00<\/td>\n<\/tr>\n<tr>\n<td style=\"width: 30%\">Szerda<\/td>\n<td style=\"width: 768.243%\">09.00 &#8211; 15.00<\/td>\n<\/tr>\n<tr>\n<td style=\"width: 30%\">Cs\u00fct\u00f6rt\u00f6k<\/td>\n<td style=\"width: 768.243%\">09.00 &#8211; 15.00<\/td>\n<\/tr>\n<tr>\n<td style=\"width: 30%\">P\u00e9ntek<\/td>\n<td style=\"width: 768.243%\">09.00 &#8211; 15.00<\/td>\n<\/tr>\n<\/tbody>\n<\/table>\n<div class=\"w-100\">\n<p>&nbsp;<\/p>\n<\/div>\n<h5>\u00a0<\/h5>\n<h5>Szakrendel\u00e9s\u00fcnk \u00e1ltal\u00e1nos c\u00e9lja:<\/h5>\n<p>A f\u00fcl-orr-g\u00e9g\u00e9szeti, audiol\u00f3giai, otoneurol\u00f3giai panaszokkal \u00e9rkez\u0151 betegek teljesk\u00f6r\u0171 kivizsg\u00e1l\u00e1sa, kezel\u00e9se, gondoz\u00e1sa. Leggyakoribb panaszok fels\u0151 l\u00e9g\u00fati betegs\u00e9gek, hall\u00e1scs\u00f6kken\u00e9s, f\u00fclz\u00fag\u00e1s, sz\u00e9d\u00fcl\u00e9s, horkol\u00e1s, alv\u00e1si l\u00e9gz\u00e9szavarok.<\/p>\n","protected":false},"excerpt":{"rendered":"<p>A betegeink beh\u00edv\u00e1sa el\u0151jegyz\u00e9s szerint t\u00f6rt\u00e9nik Bejelentkez\u00e9s:\u00a0+36 1 553 3503 telefonsz\u00e1mon h\u00e9tf\u0151t\u0151l &#8211; p\u00e9ntekig 07.00 -15.00 \u00f3ra k\u00f6z\u00f6tt lehets\u00e9ges Rendel\u00e9s helye: Gyulai P\u00e1l u. 2. (K\u00f3rh\u00e1z \u00e9p\u00fclete) Dr. T\u00f3th Eszter (PhD), szakorvos Asszisztens: Katona L\u00e1szl\u00f3n\u00e9 Nap Id\u0151pont H\u00e9tf\u0151 08.00 &#8211; 12.00 Kedd &#8211; Szerda &#8211; Cs\u00fct\u00f6rt\u00f6k &#8211; P\u00e9ntek &#8211; Dr. Nagy \u00c1gnes Krisztina klinikai f\u0151orvos &hellip;<\/p>\n","protected":false},"author":101997,"featured_media":0,"parent":45,"menu_order":0,"comment_status":"closed","ping_status":"closed","template":"","meta":{"_acf_changed":false,"footnotes":""},"categories":[4],"tags":[],"class_list":["post-43","page","type-page","status-publish","hentry","category-szakrendelesek"],"acf":[],"_links":{"self":[{"href":"https:\/\/semmelweis.hu\/szakrendelo\/wp-json\/wp\/v2\/pages\/43","targetHints":{"allow":["GET"]}}],"collection":[{"href":"https:\/\/semmelweis.hu\/szakrendelo\/wp-json\/wp\/v2\/pages"}],"about":[{"href":"https:\/\/semmelweis.hu\/szakrendelo\/wp-json\/wp\/v2\/types\/page"}],"author":[{"embeddable":true,"href":"https:\/\/semmelweis.hu\/szakrendelo\/wp-json\/wp\/v2\/users\/101997"}],"replies":[{"embeddable":true,"href":"https:\/\/semmelweis.hu\/szakrendelo\/wp-json\/wp\/v2\/comments?post=43"}],"version-history":[{"count":13,"href":"https:\/\/semmelweis.hu\/szakrendelo\/wp-json\/wp\/v2\/pages\/43\/revisions"}],"predecessor-version":[{"id":1403,"href":"https:\/\/semmelweis.hu\/szakrendelo\/wp-json\/wp\/v2\/pages\/43\/revisions\/1403"}],"up":[{"embeddable":true,"href":"https:\/\/semmelweis.hu\/szakrendelo\/wp-json\/wp\/v2\/pages\/45"}],"wp:attachment":[{"href":"https:\/\/semmelweis.hu\/szakrendelo\/wp-json\/wp\/v2\/media?parent=43"}],"wp:term":[{"taxonomy":"category","embeddable":true,"href":"https:\/\/semmelweis.hu\/szakrendelo\/wp-json\/wp\/v2\/categories?post=43"},{"taxonomy":"post_tag","embeddable":true,"href":"https:\/\/semmelweis.hu\/szakrendelo\/wp-json\/wp\/v2\/tags?post=43"}],"curies":[{"name":"wp","href":"https:\/\/api.w.org\/{rel}","templated":true}]}}