{"id":41,"date":"2022-02-18T10:00:39","date_gmt":"2022-02-18T09:00:39","guid":{"rendered":"https:\/\/semmelweis.hu\/szakrendelo\/?page_id=41"},"modified":"2026-03-26T16:16:40","modified_gmt":"2026-03-26T15:16:40","slug":"gyogymasszazs","status":"publish","type":"page","link":"https:\/\/semmelweis.hu\/szakrendelo\/szakrendelesek\/gyogymasszazs\/","title":{"rendered":"Gy\u00f3gymassz\u00e1zs"},"content":{"rendered":"<div class=\"keretes w-100\">\n<p><strong><span style=\"font-size: 18pt\">A bejelentkez\u00e9shez beutal\u00f3 sz\u00fcks\u00e9ges<\/span><\/strong><\/p>\n<p><strong>Id\u0151pontk\u00e9r\u00e9s:<\/strong> 06 30 016 4185 telefonsz\u00e1mon h\u00e9tf\u0151t\u0151l \u2013 p\u00e9ntekig 06.00 &#8211; 14.00 \u00f3ra k\u00f6z\u00f6tt lehets\u00e9ges<\/p>\n<p><strong>Rendel\u00e9s helye: <\/strong>Gyulai P\u00e1l u. 2. (K\u00f3rh\u00e1z \u00e9p\u00fclete)<\/p>\n<p><span style=\"font-weight: bolder\">Rendel\u00e9si id\u0151:\u00a0<\/span> El\u0151re egyeztetett id\u0151pontban lehets\u00e9ges<\/p>\n<\/div>\n<h6><span style=\"font-size: 14pt\">\u00c1cs Krisztina gy\u00f3gymassz\u0151r<\/span><\/h6>\n<h6><span style=\"font-size: 14pt\">Kiss Ervin gy\u00f3gymassz\u0151r<\/span><\/h6>\n","protected":false},"excerpt":{"rendered":"<p>A bejelentkez\u00e9shez beutal\u00f3 sz\u00fcks\u00e9ges<br \/>\nId\u0151pontk\u00e9r\u00e9s: 06 30 016 4185 telefonsz\u00e1mon h\u00e9tf\u0151t\u0151l \u2013 p\u00e9ntekig 06.00 &#8211; 14.00 \u00f3ra k\u00f6z\u00f6tt lehets\u00e9ges<br \/>\nRendel\u00e9s helye: Gyulai P\u00e1l u. 2. (K\u00f3rh\u00e1z \u00e9p\u00fclete)<br \/>\nRendel\u00e9si id\u0151:\u00a0 El\u0151re egyeztetett id\u0151pontban lehets\u00e9ges<\/p>\n<p>\u00c1cs Krisztina gy\u00f3gymassz\u0151r<br \/>\nKiss Ervin gy\u00f3gymassz\u0151r<\/p>\n","protected":false},"author":101997,"featured_media":0,"parent":45,"menu_order":0,"comment_status":"closed","ping_status":"closed","template":"","meta":{"_acf_changed":false,"footnotes":""},"categories":[4],"tags":[],"class_list":["post-41","page","type-page","status-publish","hentry","category-szakrendelesek"],"acf":[],"_links":{"self":[{"href":"https:\/\/semmelweis.hu\/szakrendelo\/wp-json\/wp\/v2\/pages\/41","targetHints":{"allow":["GET"]}}],"collection":[{"href":"https:\/\/semmelweis.hu\/szakrendelo\/wp-json\/wp\/v2\/pages"}],"about":[{"href":"https:\/\/semmelweis.hu\/szakrendelo\/wp-json\/wp\/v2\/types\/page"}],"author":[{"embeddable":true,"href":"https:\/\/semmelweis.hu\/szakrendelo\/wp-json\/wp\/v2\/users\/101997"}],"replies":[{"embeddable":true,"href":"https:\/\/semmelweis.hu\/szakrendelo\/wp-json\/wp\/v2\/comments?post=41"}],"version-history":[{"count":11,"href":"https:\/\/semmelweis.hu\/szakrendelo\/wp-json\/wp\/v2\/pages\/41\/revisions"}],"predecessor-version":[{"id":1446,"href":"https:\/\/semmelweis.hu\/szakrendelo\/wp-json\/wp\/v2\/pages\/41\/revisions\/1446"}],"up":[{"embeddable":true,"href":"https:\/\/semmelweis.hu\/szakrendelo\/wp-json\/wp\/v2\/pages\/45"}],"wp:attachment":[{"href":"https:\/\/semmelweis.hu\/szakrendelo\/wp-json\/wp\/v2\/media?parent=41"}],"wp:term":[{"taxonomy":"category","embeddable":true,"href":"https:\/\/semmelweis.hu\/szakrendelo\/wp-json\/wp\/v2\/categories?post=41"},{"taxonomy":"post_tag","embeddable":true,"href":"https:\/\/semmelweis.hu\/szakrendelo\/wp-json\/wp\/v2\/tags?post=41"}],"curies":[{"name":"wp","href":"https:\/\/api.w.org\/{rel}","templated":true}]}}