{"id":39,"date":"2022-02-18T09:58:33","date_gmt":"2022-02-18T08:58:33","guid":{"rendered":"https:\/\/semmelweis.hu\/szakrendelo\/?page_id=39"},"modified":"2025-09-29T11:38:33","modified_gmt":"2025-09-29T09:38:33","slug":"szemeszet","status":"publish","type":"page","link":"https:\/\/semmelweis.hu\/szakrendelo\/szakrendelesek\/szemeszet\/","title":{"rendered":"Szem\u00e9szet"},"content":{"rendered":"<p><strong>Bejelentkez\u00e9s: <span style=\"font-size: 18pt\">+36\/1-553-3503<\/span><\/strong>, telefonsz\u00e1mon h\u00e9tf\u0151t\u0151l &#8211; p\u00e9ntekig 07:00 -15:00 \u00f3ra k\u00f6z\u00f6tt lehets\u00e9ges<\/p>\n<p><strong>Rendel\u00e9s helye: <\/strong>Gyulai P\u00e1l u. 2. (K\u00f3rh\u00e1z \u00e9p\u00fclete) f\u00f6ldszint. A betegeink beh\u00edv\u00e1sa el\u0151jegyz\u00e9s szerint t\u00f6rt\u00e9nik!<\/p>\n<h4>Dr. Mih\u00e1lyI \u00c9va klinikai f\u0151orvos<\/h4>\n<p>Asszisztens : Hajdu Malgorzata<\/p>\n<div class=\"keretes w-100\">\n<p><strong>Rendel\u00e9si id\u0151:<\/strong> <br \/>\nH\u00e9tf\u0151: 08.00-16.00 \u00f3ra k\u00f6z\u00f6tt <br \/>\nKedd: 11.00-18.00 \u00f3ra k\u00f6z\u00f6tt<br \/>\nSzerda: 14.00-19.00 \u00f3ra k\u00f6z\u00f6tt<br \/>\nCs\u00fct\u00f6rt\u00f6k: 08.00-16.00 \u00f3ra k\u00f6z\u00f6tt<br \/>\nP\u00e9ntek: 08.00-15.00 \u00f3ra k\u00f6z\u00f6tt<\/p>\n<\/div>\n<h4>\u00a0<\/h4>\n<p>&nbsp;<\/p>\n","protected":false},"excerpt":{"rendered":"<p>Bejelentkez\u00e9s: +36\/1-553-3503, telefonsz\u00e1mon h\u00e9tf\u0151t\u0151l &#8211; p\u00e9ntekig 07:00 -15:00 \u00f3ra k\u00f6z\u00f6tt lehets\u00e9ges Rendel\u00e9s helye: Gyulai P\u00e1l u. 2. (K\u00f3rh\u00e1z \u00e9p\u00fclete) f\u00f6ldszint. A betegeink beh\u00edv\u00e1sa el\u0151jegyz\u00e9s szerint t\u00f6rt\u00e9nik! Dr. Mih\u00e1lyI \u00c9va klinikai f\u0151orvos Asszisztens : Hajdu Malgorzata Rendel\u00e9si id\u0151: H\u00e9tf\u0151: 08.00-16.00 \u00f3ra k\u00f6z\u00f6tt Kedd: 11.00-18.00 \u00f3ra k\u00f6z\u00f6tt Szerda: 14.00-19.00 \u00f3ra k\u00f6z\u00f6tt Cs\u00fct\u00f6rt\u00f6k: 08.00-16.00 \u00f3ra k\u00f6z\u00f6tt P\u00e9ntek: 08.00-15.00 &hellip;<\/p>\n","protected":false},"author":101997,"featured_media":0,"parent":45,"menu_order":0,"comment_status":"closed","ping_status":"closed","template":"","meta":{"_acf_changed":false,"footnotes":""},"categories":[4],"tags":[],"class_list":["post-39","page","type-page","status-publish","hentry","category-szakrendelesek"],"acf":[],"_links":{"self":[{"href":"https:\/\/semmelweis.hu\/szakrendelo\/wp-json\/wp\/v2\/pages\/39","targetHints":{"allow":["GET"]}}],"collection":[{"href":"https:\/\/semmelweis.hu\/szakrendelo\/wp-json\/wp\/v2\/pages"}],"about":[{"href":"https:\/\/semmelweis.hu\/szakrendelo\/wp-json\/wp\/v2\/types\/page"}],"author":[{"embeddable":true,"href":"https:\/\/semmelweis.hu\/szakrendelo\/wp-json\/wp\/v2\/users\/101997"}],"replies":[{"embeddable":true,"href":"https:\/\/semmelweis.hu\/szakrendelo\/wp-json\/wp\/v2\/comments?post=39"}],"version-history":[{"count":11,"href":"https:\/\/semmelweis.hu\/szakrendelo\/wp-json\/wp\/v2\/pages\/39\/revisions"}],"predecessor-version":[{"id":1151,"href":"https:\/\/semmelweis.hu\/szakrendelo\/wp-json\/wp\/v2\/pages\/39\/revisions\/1151"}],"up":[{"embeddable":true,"href":"https:\/\/semmelweis.hu\/szakrendelo\/wp-json\/wp\/v2\/pages\/45"}],"wp:attachment":[{"href":"https:\/\/semmelweis.hu\/szakrendelo\/wp-json\/wp\/v2\/media?parent=39"}],"wp:term":[{"taxonomy":"category","embeddable":true,"href":"https:\/\/semmelweis.hu\/szakrendelo\/wp-json\/wp\/v2\/categories?post=39"},{"taxonomy":"post_tag","embeddable":true,"href":"https:\/\/semmelweis.hu\/szakrendelo\/wp-json\/wp\/v2\/tags?post=39"}],"curies":[{"name":"wp","href":"https:\/\/api.w.org\/{rel}","templated":true}]}}