{"id":389,"date":"2022-03-09T16:05:35","date_gmt":"2022-03-09T15:05:35","guid":{"rendered":"https:\/\/semmelweis.hu\/szakrendelo\/?page_id=389"},"modified":"2022-08-23T10:36:55","modified_gmt":"2022-08-23T08:36:55","slug":"betegjog","status":"publish","type":"page","link":"https:\/\/semmelweis.hu\/szakrendelo\/betegjog\/","title":{"rendered":"Betegjog"},"content":{"rendered":"<p><em>Panasz\u00e1val a ter\u00fcletileg illet\u00e9kes betegjogi k\u00e9pvisel\u0151h\u00f6z is fordulhat.<\/em><\/p>\n<p><strong>Ter\u00fcletileg illet\u00e9kes betegjogi k\u00e9pvisel\u0151:<\/strong><\/p>\n<p><strong>Dr. Mina Andr\u00e1s<\/strong><\/p>\n<p>Telefon: +36 20 489 9577<br \/>\nEl\u00e9rhet\u0151: h\u00e9tf\u0151t\u0151l-cs\u00fct\u00f6rt\u00f6kig 8.00 \u2013 16.30, p\u00e9nteken 8.00 \u2013 14.00 \u00f3ra k\u00f6z\u00f6tt<strong><br \/>\n<\/strong>E-mail c\u00edm: <a href=\"mailto:andras.mina@ijsz.bm.gov.hu\">andras.mina@ijsz.bm.gov.hu<\/a><\/p>\n<p>Fogad\u00f3\u00f3ra id\u0151pontja:<strong> \u00a0<\/strong>munkaid\u0151ben<\/p>\n<p>Fogad\u00f3\u00f3ra helysz\u00edne: \u00a0el\u0151zetes telefonos megbesz\u00e9l\u00e9s szerint<\/p>\n<div class=\"keretes w-100\">\n<p>A betegjogi k\u00e9pvisel\u0151 az eg\u00e9szs\u00e9g\u00fcgyi int\u00e9zm\u00e9nyt\u0151l f\u00fcggetlen szem\u00e9ly, az Integr\u00e1lt Jogv\u00e9delmi Szolg\u00e1lat munkat\u00e1rsa.<\/p>\n<\/div>\n","protected":false},"excerpt":{"rendered":"<p>Panasz\u00e1val a ter\u00fcletileg illet\u00e9kes betegjogi k\u00e9pvisel\u0151h\u00f6z is fordulhat. Ter\u00fcletileg illet\u00e9kes betegjogi k\u00e9pvisel\u0151: Dr. Mina Andr\u00e1s Telefon: +36 20 489 9577 El\u00e9rhet\u0151: h\u00e9tf\u0151t\u0151l-cs\u00fct\u00f6rt\u00f6kig 8.00 \u2013 16.30, p\u00e9nteken 8.00 \u2013 14.00 \u00f3ra k\u00f6z\u00f6tt E-mail c\u00edm: <a href=\"mailto:andras.mina@ijsz.bm.gov.hu\">andras.mina@ijsz.bm.gov.hu<\/a> Fogad\u00f3\u00f3ra id\u0151pontja: \u00a0munkaid\u0151ben Fogad\u00f3\u00f3ra helysz\u00edne: \u00a0el\u0151zetes telefonos megbesz\u00e9l\u00e9s szerint A betegjogi k\u00e9pvisel\u0151 az eg\u00e9szs\u00e9g\u00fcgyi int\u00e9zm\u00e9nyt\u0151l f\u00fcggetlen szem\u00e9ly, az Integr\u00e1lt Jogv\u00e9delmi Szolg\u00e1lat munkat\u00e1rsa. &hellip;<\/p>\n","protected":false},"author":12,"featured_media":0,"parent":0,"menu_order":8,"comment_status":"closed","ping_status":"closed","template":"","meta":{"_acf_changed":false,"footnotes":""},"categories":[],"tags":[],"class_list":["post-389","page","type-page","status-publish","hentry"],"acf":[],"_links":{"self":[{"href":"https:\/\/semmelweis.hu\/szakrendelo\/wp-json\/wp\/v2\/pages\/389","targetHints":{"allow":["GET"]}}],"collection":[{"href":"https:\/\/semmelweis.hu\/szakrendelo\/wp-json\/wp\/v2\/pages"}],"about":[{"href":"https:\/\/semmelweis.hu\/szakrendelo\/wp-json\/wp\/v2\/types\/page"}],"author":[{"embeddable":true,"href":"https:\/\/semmelweis.hu\/szakrendelo\/wp-json\/wp\/v2\/users\/12"}],"replies":[{"embeddable":true,"href":"https:\/\/semmelweis.hu\/szakrendelo\/wp-json\/wp\/v2\/comments?post=389"}],"version-history":[{"count":7,"href":"https:\/\/semmelweis.hu\/szakrendelo\/wp-json\/wp\/v2\/pages\/389\/revisions"}],"predecessor-version":[{"id":507,"href":"https:\/\/semmelweis.hu\/szakrendelo\/wp-json\/wp\/v2\/pages\/389\/revisions\/507"}],"wp:attachment":[{"href":"https:\/\/semmelweis.hu\/szakrendelo\/wp-json\/wp\/v2\/media?parent=389"}],"wp:term":[{"taxonomy":"category","embeddable":true,"href":"https:\/\/semmelweis.hu\/szakrendelo\/wp-json\/wp\/v2\/categories?post=389"},{"taxonomy":"post_tag","embeddable":true,"href":"https:\/\/semmelweis.hu\/szakrendelo\/wp-json\/wp\/v2\/tags?post=389"}],"curies":[{"name":"wp","href":"https:\/\/api.w.org\/{rel}","templated":true}]}}