{"id":384,"date":"2022-03-09T11:27:30","date_gmt":"2022-03-09T10:27:30","guid":{"rendered":"https:\/\/semmelweis.hu\/szakrendelo\/?page_id=384"},"modified":"2026-03-26T12:15:56","modified_gmt":"2026-03-26T11:15:56","slug":"gyermek_nepfrologia","status":"publish","type":"page","link":"https:\/\/semmelweis.hu\/szakrendelo\/szakrendelesek\/gyermek_nepfrologia\/","title":{"rendered":"Gyermek Nefrol\u00f3gia"},"content":{"rendered":"<div class=\"keretes w-100\">\n<p>A gyermek nefrol\u00f3giai rendel\u00e9st \u00e1tmenetileg a Semmelweis Egyetem Gyermekgy\u00f3gy\u00e1szati Klinik\u00e1j\u00e1n (B\u00f3kay utcai r\u00e9szleg) vehetik ig\u00e9nybe, el\u0151jegyz\u00e9s alapj\u00e1n.<\/p>\n<p><a href=\"https:\/\/semmelweis.hu\/gyermekklinika1\/betegellatas\/jarobeteg-ellatas\/nephrologiai-szakrendeles\/\">Tov\u00e1bb a Klinika honlapj\u00e1ra\u2192<\/a><\/p>\n<\/div>\n","protected":false},"excerpt":{"rendered":"<p>A gyermek nefrol\u00f3giai rendel\u00e9st \u00e1tmenetileg a Semmelweis Egyetem Gyermekgy\u00f3gy\u00e1szati Klinik\u00e1j\u00e1n (B\u00f3kay utcai r\u00e9szleg) vehetik ig\u00e9nybe, el\u0151jegyz\u00e9s alapj\u00e1n.<br \/>\n<a href=\"https:\/\/semmelweis.hu\/gyermekklinika1\/betegellatas\/jarobeteg-ellatas\/nephrologiai-szakrendeles\/\">Tov\u00e1bb a Klinika honlapj\u00e1ra\u2192<\/a><\/p>\n","protected":false},"author":101884,"featured_media":0,"parent":45,"menu_order":0,"comment_status":"closed","ping_status":"closed","template":"","meta":{"_acf_changed":false,"footnotes":""},"categories":[4],"tags":[],"class_list":["post-384","page","type-page","status-publish","hentry","category-szakrendelesek"],"acf":[],"_links":{"self":[{"href":"https:\/\/semmelweis.hu\/szakrendelo\/wp-json\/wp\/v2\/pages\/384","targetHints":{"allow":["GET"]}}],"collection":[{"href":"https:\/\/semmelweis.hu\/szakrendelo\/wp-json\/wp\/v2\/pages"}],"about":[{"href":"https:\/\/semmelweis.hu\/szakrendelo\/wp-json\/wp\/v2\/types\/page"}],"author":[{"embeddable":true,"href":"https:\/\/semmelweis.hu\/szakrendelo\/wp-json\/wp\/v2\/users\/101884"}],"replies":[{"embeddable":true,"href":"https:\/\/semmelweis.hu\/szakrendelo\/wp-json\/wp\/v2\/comments?post=384"}],"version-history":[{"count":10,"href":"https:\/\/semmelweis.hu\/szakrendelo\/wp-json\/wp\/v2\/pages\/384\/revisions"}],"predecessor-version":[{"id":1422,"href":"https:\/\/semmelweis.hu\/szakrendelo\/wp-json\/wp\/v2\/pages\/384\/revisions\/1422"}],"up":[{"embeddable":true,"href":"https:\/\/semmelweis.hu\/szakrendelo\/wp-json\/wp\/v2\/pages\/45"}],"wp:attachment":[{"href":"https:\/\/semmelweis.hu\/szakrendelo\/wp-json\/wp\/v2\/media?parent=384"}],"wp:term":[{"taxonomy":"category","embeddable":true,"href":"https:\/\/semmelweis.hu\/szakrendelo\/wp-json\/wp\/v2\/categories?post=384"},{"taxonomy":"post_tag","embeddable":true,"href":"https:\/\/semmelweis.hu\/szakrendelo\/wp-json\/wp\/v2\/tags?post=384"}],"curies":[{"name":"wp","href":"https:\/\/api.w.org\/{rel}","templated":true}]}}