{"id":124,"date":"2022-02-23T14:48:20","date_gmt":"2022-02-23T13:48:20","guid":{"rendered":"https:\/\/semmelweis.hu\/szakrendelo\/?page_id=124"},"modified":"2026-03-26T16:49:05","modified_gmt":"2026-03-26T15:49:05","slug":"neurologia","status":"publish","type":"page","link":"https:\/\/semmelweis.hu\/szakrendelo\/szakrendelesek\/neurologia\/","title":{"rendered":"Neurol\u00f3giai"},"content":{"rendered":"<div id=\"GroupWiseSection_1649225626000_czenczer.norbert@med.semmelweis-univ.hu_48719E8111F70000B4706F6437386637_\" class=\"GroupWiseMessageBody active keretes w-100\"><strong><span style=\"font-size: 18pt\">A bejelentkez\u00e9shez beutal\u00f3 sz\u00fcks\u00e9ges<br \/>\nA betegeink beh\u00edv\u00e1sa el\u0151jegyz\u00e9s szerint t\u00f6rt\u00e9nik<\/p>\n<p><\/span><\/strong><span style=\"font-weight: bolder\">Id\u0151pontfoglal\u00e1s:<\/span> +36 1 553 3503 telefonsz\u00e1mon h\u00e9tf\u0151t\u0151l &#8211; p\u00e9ntekig 07.00 &#8211; 15.00 \u00f3ra k\u00f6z\u00f6tt lehets\u00e9ges<\/p>\n<p>Rendel\u00e9s helye: Gyulai P\u00e1l u. 2. (K\u00f3rh\u00e1z \u00e9p\u00fclete)<\/p><\/div>\n<div>\n<h5>Dr. G\u00f6bl Richard klinikai f\u0151orvos<\/h5>\n<\/div>\n<table style=\"width: 101.235%;height: 198px\">\n<thead>\n<tr style=\"height: 33px\">\n<td style=\"width: 30%;height: 33px\">Nap<\/td>\n<td style=\"width: 1575.88%;height: 33px\">Id\u0151pont<\/td>\n<\/tr>\n<\/thead>\n<tbody>\n<tr style=\"height: 33px\">\n<td style=\"width: 30%;height: 33px\" scope=\"col\">H\u00e9tf\u0151<\/td>\n<td style=\"width: 1575.88%;height: 33px\">&#8211;<\/td>\n<\/tr>\n<tr style=\"height: 33px\">\n<td style=\"width: 30%;height: 33px\">Kedd<\/td>\n<td style=\"width: 1575.88%;height: 33px\">08.00 &#8211; 15.00<\/td>\n<\/tr>\n<tr style=\"height: 33px\">\n<td style=\"width: 30%;height: 33px\">Szerda<\/td>\n<td style=\"width: 1575.88%;height: 33px\">&#8211;<\/td>\n<\/tr>\n<tr style=\"height: 33px\">\n<td style=\"width: 30%;height: 33px\">Cs\u00fct\u00f6rt\u00f6k<\/td>\n<td style=\"width: 1575.88%;height: 33px\">12.00 &#8211; 16.00<\/td>\n<\/tr>\n<tr style=\"height: 33px\">\n<td style=\"width: 30%;height: 33px\">P\u00e9ntek<\/td>\n<td style=\"width: 1575.88%;height: 33px\">08.00 &#8211; 14.00<\/td>\n<\/tr>\n<\/tbody>\n<\/table>\n<h5>Dr. Alp\u00e1r Bal\u00e1zs klinikai f\u0151orvos, pszichi\u00e1ter, neurol\u00f3gus<\/h5>\n<table style=\"width: 100.578%\">\n<thead>\n<tr>\n<td style=\"width: 30%\">Nap<\/td>\n<td style=\"width: 1572.6%\">Id\u0151pont<\/td>\n<\/tr>\n<\/thead>\n<tbody>\n<tr>\n<td style=\"width: 30%\" scope=\"col\">H\u00e9tf\u0151<\/td>\n<td style=\"width: 1572.6%\">07.30 &#8211; 15.00<\/td>\n<\/tr>\n<tr>\n<td style=\"width: 30%\">Kedd<\/td>\n<td style=\"width: 1572.6%\">&#8211;<\/td>\n<\/tr>\n<tr>\n<td style=\"width: 30%\">Szerda<\/td>\n<td style=\"width: 1572.6%\">&#8211;<\/td>\n<\/tr>\n<tr>\n<td style=\"width: 30%\">Cs\u00fct\u00f6rt\u00f6k<\/td>\n<td style=\"width: 1572.6%\">&#8211;<\/td>\n<\/tr>\n<tr>\n<td style=\"width: 30%\">P\u00e9ntek<\/td>\n<td style=\"width: 1572.6%\">&#8211;<\/td>\n<\/tr>\n<\/tbody>\n<\/table>\n<div class=\"w-100\">\n<p><span style=\"color: #313b40;font-family: Montserrat, sans-serif;font-weight: bold\">Dr. B\u00e9k\u00e9sy Mariann f\u0151orvos<\/span><\/p>\n<table style=\"width: 101.382%\">\n<thead>\n<tr>\n<td style=\"width: 30%\">Nap<\/td>\n<td style=\"width: 1976.96%\">Id\u0151pont<\/td>\n<\/tr>\n<\/thead>\n<tbody>\n<tr>\n<td style=\"width: 30%\" scope=\"col\">H\u00e9tf\u0151<\/td>\n<td style=\"width: 1976.96%\">15.30 &#8211; 19.30<\/td>\n<\/tr>\n<tr>\n<td style=\"width: 30%\">Kedd<\/td>\n<td style=\"width: 1976.96%\">16.30 &#8211; 19.30<\/td>\n<\/tr>\n<tr>\n<td style=\"width: 30%\">Szerda<\/td>\n<td style=\"width: 1976.96%\">07.30 &#8211; 13.30<\/td>\n<\/tr>\n<tr>\n<td style=\"width: 30%\">Cs\u00fct\u00f6rt\u00f6k<\/td>\n<td style=\"width: 1976.96%\">16.30 &#8211; 19.30<\/td>\n<\/tr>\n<tr>\n<td style=\"width: 30%\">P\u00e9ntek<\/td>\n<td style=\"width: 1976.96%\">14.30 &#8211; 17.30<\/td>\n<\/tr>\n<\/tbody>\n<\/table>\n<\/div>\n<div class=\"w-100\">\n<p><b>\u00a0<\/b><\/p>\n<\/div>\n","protected":false},"excerpt":{"rendered":"<p>A bejelentkez\u00e9shez beutal\u00f3 sz\u00fcks\u00e9ges A betegeink beh\u00edv\u00e1sa el\u0151jegyz\u00e9s szerint t\u00f6rt\u00e9nik Id\u0151pontfoglal\u00e1s: +36 1 553 3503 telefonsz\u00e1mon h\u00e9tf\u0151t\u0151l &#8211; p\u00e9ntekig 07.00 &#8211; 15.00 \u00f3ra k\u00f6z\u00f6tt lehets\u00e9ges Rendel\u00e9s helye: Gyulai P\u00e1l u. 2. (K\u00f3rh\u00e1z \u00e9p\u00fclete) Dr. G\u00f6bl Richard klinikai f\u0151orvos Nap Id\u0151pont H\u00e9tf\u0151 &#8211; Kedd 08.00 &#8211; 15.00 Szerda &#8211; Cs\u00fct\u00f6rt\u00f6k 12.00 &#8211; 16.00 P\u00e9ntek 08.00 &#8211; &hellip;<\/p>\n","protected":false},"author":101884,"featured_media":0,"parent":45,"menu_order":0,"comment_status":"closed","ping_status":"closed","template":"","meta":{"_acf_changed":false,"footnotes":""},"categories":[4],"tags":[],"class_list":["post-124","page","type-page","status-publish","hentry","category-szakrendelesek"],"acf":[],"_links":{"self":[{"href":"https:\/\/semmelweis.hu\/szakrendelo\/wp-json\/wp\/v2\/pages\/124","targetHints":{"allow":["GET"]}}],"collection":[{"href":"https:\/\/semmelweis.hu\/szakrendelo\/wp-json\/wp\/v2\/pages"}],"about":[{"href":"https:\/\/semmelweis.hu\/szakrendelo\/wp-json\/wp\/v2\/types\/page"}],"author":[{"embeddable":true,"href":"https:\/\/semmelweis.hu\/szakrendelo\/wp-json\/wp\/v2\/users\/101884"}],"replies":[{"embeddable":true,"href":"https:\/\/semmelweis.hu\/szakrendelo\/wp-json\/wp\/v2\/comments?post=124"}],"version-history":[{"count":12,"href":"https:\/\/semmelweis.hu\/szakrendelo\/wp-json\/wp\/v2\/pages\/124\/revisions"}],"predecessor-version":[{"id":1459,"href":"https:\/\/semmelweis.hu\/szakrendelo\/wp-json\/wp\/v2\/pages\/124\/revisions\/1459"}],"up":[{"embeddable":true,"href":"https:\/\/semmelweis.hu\/szakrendelo\/wp-json\/wp\/v2\/pages\/45"}],"wp:attachment":[{"href":"https:\/\/semmelweis.hu\/szakrendelo\/wp-json\/wp\/v2\/media?parent=124"}],"wp:term":[{"taxonomy":"category","embeddable":true,"href":"https:\/\/semmelweis.hu\/szakrendelo\/wp-json\/wp\/v2\/categories?post=124"},{"taxonomy":"post_tag","embeddable":true,"href":"https:\/\/semmelweis.hu\/szakrendelo\/wp-json\/wp\/v2\/tags?post=124"}],"curies":[{"name":"wp","href":"https:\/\/api.w.org\/{rel}","templated":true}]}}