{"id":121,"date":"2022-02-23T14:47:08","date_gmt":"2022-02-23T13:47:08","guid":{"rendered":"https:\/\/semmelweis.hu\/szakrendelo\/?page_id=121"},"modified":"2026-03-26T16:26:35","modified_gmt":"2026-03-26T15:26:35","slug":"mentalhigenie","status":"publish","type":"page","link":"https:\/\/semmelweis.hu\/szakrendelo\/szakrendelesek\/mentalhigenie\/","title":{"rendered":"Ment\u00e1lhigi\u00e9ne"},"content":{"rendered":"<div class=\"keretes w-100\">\n<p><strong>Bejelentkez\u00e9s:<\/strong> +36 30 687 5309<\/p>\n<p><strong>Rendel\u00e9s helye: <\/strong>Gyulai P\u00e1l u. 2. (K\u00f3rh\u00e1z \u00e9p\u00fclete)<\/p>\n<\/div>\n<h5>Dr. Bar\u00e1t Katalin pszichi\u00e1ter, pszichoterapeuta \u00e9s csal\u00e1dterapeuta<\/h5>\n<div class=\"w-100\">\n<table style=\"width: 101.674%\">\n<thead>\n<tr>\n<td style=\"width: 30%\">Nap<\/td>\n<td style=\"width: 1577.34%\">Id\u0151pont<\/td>\n<\/tr>\n<\/thead>\n<tbody>\n<tr>\n<td style=\"width: 30%\" scope=\"col\">H\u00e9tf\u0151<\/td>\n<td style=\"width: 1577.34%\">09.00 &#8211; 20.00<\/td>\n<\/tr>\n<tr>\n<td style=\"width: 30%\">Kedd<\/td>\n<td style=\"width: 1577.34%\">&#8211;<\/td>\n<\/tr>\n<tr>\n<td style=\"width: 30%\">Szerda<\/td>\n<td style=\"width: 1577.34%\">&#8211;<\/td>\n<\/tr>\n<tr>\n<td style=\"width: 30%\">Cs\u00fct\u00f6rt\u00f6k<\/td>\n<td style=\"width: 1577.34%\">09.00 &#8211; 14.00<\/td>\n<\/tr>\n<tr>\n<td style=\"width: 30%\">P\u00e9ntek<\/td>\n<td style=\"width: 1577.34%\">&#8211;<\/td>\n<\/tr>\n<\/tbody>\n<\/table>\n<p>&nbsp;<\/p>\n<\/div>\n<hr \/>\n<h4>A szakrendel\u00e9s \u00e1ltal\u00e1nos c\u00e9lja:<\/h4>\n<p style=\"text-align: justify\">Feln\u0151tt pszichi\u00e1triai p\u00e1ciensek komplex, gy\u00f3gyszeres \u00e9s pszichoter\u00e1pi\u00e1s ell\u00e1t\u00e1sa, (els\u0151sorban a depresszi\u00f3s \u00e9s szorong\u00e1sos t\u00fcnetek jelenl\u00e9te eset\u00e9n). Csal\u00e1d- \u00e9s p\u00e1rter\u00e1pia kapcsolati kr\u00edzisek eg\u00e9sz csal\u00e1dot \u00e9rint\u0151 t\u00fcnetek eset\u00e9n.<\/p>\n","protected":false},"excerpt":{"rendered":"<p>Bejelentkez\u00e9s: +36 30 687 5309 Rendel\u00e9s helye: Gyulai P\u00e1l u. 2. (K\u00f3rh\u00e1z \u00e9p\u00fclete) Dr. Bar\u00e1t Katalin pszichi\u00e1ter, pszichoterapeuta \u00e9s csal\u00e1dterapeuta Nap Id\u0151pont H\u00e9tf\u0151 09.00 &#8211; 20.00 Kedd &#8211; Szerda &#8211; Cs\u00fct\u00f6rt\u00f6k 09.00 &#8211; 14.00 P\u00e9ntek &#8211; &nbsp; A szakrendel\u00e9s \u00e1ltal\u00e1nos c\u00e9lja: Feln\u0151tt pszichi\u00e1triai p\u00e1ciensek komplex, gy\u00f3gyszeres \u00e9s pszichoter\u00e1pi\u00e1s ell\u00e1t\u00e1sa, (els\u0151sorban a depresszi\u00f3s \u00e9s szorong\u00e1sos t\u00fcnetek &hellip;<\/p>\n","protected":false},"author":101884,"featured_media":0,"parent":45,"menu_order":0,"comment_status":"closed","ping_status":"closed","template":"","meta":{"_acf_changed":false,"footnotes":""},"categories":[4],"tags":[],"class_list":["post-121","page","type-page","status-publish","hentry","category-szakrendelesek"],"acf":[],"_links":{"self":[{"href":"https:\/\/semmelweis.hu\/szakrendelo\/wp-json\/wp\/v2\/pages\/121","targetHints":{"allow":["GET"]}}],"collection":[{"href":"https:\/\/semmelweis.hu\/szakrendelo\/wp-json\/wp\/v2\/pages"}],"about":[{"href":"https:\/\/semmelweis.hu\/szakrendelo\/wp-json\/wp\/v2\/types\/page"}],"author":[{"embeddable":true,"href":"https:\/\/semmelweis.hu\/szakrendelo\/wp-json\/wp\/v2\/users\/101884"}],"replies":[{"embeddable":true,"href":"https:\/\/semmelweis.hu\/szakrendelo\/wp-json\/wp\/v2\/comments?post=121"}],"version-history":[{"count":11,"href":"https:\/\/semmelweis.hu\/szakrendelo\/wp-json\/wp\/v2\/pages\/121\/revisions"}],"predecessor-version":[{"id":1453,"href":"https:\/\/semmelweis.hu\/szakrendelo\/wp-json\/wp\/v2\/pages\/121\/revisions\/1453"}],"up":[{"embeddable":true,"href":"https:\/\/semmelweis.hu\/szakrendelo\/wp-json\/wp\/v2\/pages\/45"}],"wp:attachment":[{"href":"https:\/\/semmelweis.hu\/szakrendelo\/wp-json\/wp\/v2\/media?parent=121"}],"wp:term":[{"taxonomy":"category","embeddable":true,"href":"https:\/\/semmelweis.hu\/szakrendelo\/wp-json\/wp\/v2\/categories?post=121"},{"taxonomy":"post_tag","embeddable":true,"href":"https:\/\/semmelweis.hu\/szakrendelo\/wp-json\/wp\/v2\/tags?post=121"}],"curies":[{"name":"wp","href":"https:\/\/api.w.org\/{rel}","templated":true}]}}