{"id":1183,"date":"2025-11-03T13:28:38","date_gmt":"2025-11-03T12:28:38","guid":{"rendered":"https:\/\/semmelweis.hu\/szakrendelo\/?page_id=1183"},"modified":"2026-04-01T11:46:40","modified_gmt":"2026-04-01T09:46:40","slug":"karrier","status":"publish","type":"page","link":"https:\/\/semmelweis.hu\/szakrendelo\/karrier\/","title":{"rendered":"Karrier"},"content":{"rendered":"<div class=\"keretes w-100\">\n<h6><span style=\"font-size: 14pt\"><strong><img loading=\"lazy\" decoding=\"async\" class=\"alignright wp-image-1203 \" src=\"https:\/\/semmelweis.hu\/szakrendelo\/files\/2025\/11\/logo-kek_SESZI-small-400x400.png\" alt=\"\" width=\"201\" height=\"201\" data-wp-editing=\"1\" srcset=\"https:\/\/semmelweis.hu\/szakrendelo\/files\/2025\/11\/logo-kek_SESZI-small-400x400.png 400w, https:\/\/semmelweis.hu\/szakrendelo\/files\/2025\/11\/logo-kek_SESZI-small-150x150.png 150w, https:\/\/semmelweis.hu\/szakrendelo\/files\/2025\/11\/logo-kek_SESZI-small.png 415w\" sizes=\"auto, (max-width: 201px) 100vw, 201px\" \/><\/strong><\/span><\/h6>\n<h6>\u00a0<\/h6>\n<h6><span style=\"font-size: 14pt\"><strong>A Semmelweis Egyetem Szent R\u00f3kus Eg\u00e9szs\u00e9gk\u00f6zpont <\/strong><\/span><span style=\"font-size: 14pt\"><strong>az al\u00e1bbi munkak\u00f6r\u00f6kre keresi munkat\u00e1rsait:<\/strong><\/span><\/h6>\n<\/div>\n<h3>Aktu\u00e1lis \u00e1ll\u00e1saj\u00e1nlatok:<\/h3>\n<p>Jelenleg nincs<\/p>\n<h3>Lej\u00e1rt \u00e1ll\u00e1saj\u00e1nlatok:<\/h3>\n<h3>\u00dcgyf\u00e9lszolg\u00e1lati munkat\u00e1rs<\/h3>\n<p><strong>A jogviszony id\u0151tartama:<\/strong> hat\u00e1rozatlan idej\u0171<br \/>\n<strong>Foglalkoztat\u00e1s jellege:<\/strong>\u00a0teljes munkaid\u0151\u00a0<br \/>\n<strong>Munkav\u00e9gz\u00e9s helye:<\/strong>1085 Budapest, Gyulai P\u00e1l utca 2.<br \/>\n<a href=\"https:\/\/semmelweis.hu\/human\/2025\/08\/29\/ugyfelszolgalati-munkatars-orvosirnok-szakrendelo-intezet-2\/\"><strong>Tov\u00e1bb a r\u00e9szles ki\u00edr\u00e1sra \u2192<\/strong><\/a><\/p>\n<h3>Gy\u00f3gytorn\u00e1sz<\/h3>\n<p><strong>A jogviszony id\u0151tartama:<\/strong>\u00a0hat\u00e1rozott idej\u0171 (2 \u00e9v) eg\u00e9szs\u00e9g\u00fcgyi szolg\u00e1lati jogviszony, 4 h\u00f3napos pr\u00f3baid\u0151<br \/>\n<strong>Foglalkoztat\u00e1s jellege:<\/strong>\u00a0teljes munkaid\u0151\u00a0<br \/>\n<strong>Munkav\u00e9gz\u00e9s helye:<\/strong>1085 Budapest, Gyulai P\u00e1l utca 2.<br \/>\n<a href=\"https:\/\/semmelweis.hu\/human\/2025\/10\/09\/gyogytornasz-szakrendelo-intezet\/\"><strong>Tov\u00e1bb a r\u00e9szles ki\u00edr\u00e1sra \u2192<\/strong><\/a><\/p>\n<h3>Dializ\u00e1l\u00f3 \u00e1pol\u00f3<\/h3>\n<p><strong>A jogviszony id\u0151tartama:<\/strong>\u00a0hat\u00e1rozatlan idej\u0171 eg\u00e9szs\u00e9g\u00fcgyi szolg\u00e1lati jogviszony, 4 h\u00f3napos pr\u00f3baid\u0151<br \/>\n<strong>Foglalkoztat\u00e1s jellege:<\/strong>\u00a0teljes munkaid\u0151<br \/>\n<strong>Munkav\u00e9gz\u00e9s helye:\u00a0<\/strong>1085 Budapest, Gyulai P\u00e1l utca 2.\u00a0<br \/>\n<a href=\"https:\/\/semmelweis.hu\/human\/2025\/09\/17\/szakrendelo-intezet-dializalo-apolo\/\"><strong>Tov\u00e1bb a r\u00e9szletes ki\u00edr\u00e1sra \u2192<\/strong><\/a><\/p>\n<p>&nbsp;<\/p>\n<p><span style=\"font-size: 18pt\"><strong>A Semmelweis polg\u00e1rok r\u00e9sz\u00e9re el\u00e9rhet\u0151 juttat\u00e1sokr\u00f3l kedvezm\u00e9nyekr\u0151l a <a href=\"https:\/\/semmelweis.hu\/csaladbarat\/\">Csal\u00e1dbar\u00e1t Egyetem Program<\/a> oldal\u00e1n kaphat b\u0151vebb inform\u00e1ci\u00f3kat:<\/strong><\/span><\/p>\n<blockquote>\n<p>&#8220;&#8230;Magyarorsz\u00e1g legnagyobb eg\u00e9szs\u00e9g\u00fcgyi int\u00e9zm\u00e9nyek\u00e9nt kiemelt hangs\u00falyt fektet\u00fcnk a munkav\u00e1llal\u00f3k testi-lelki eg\u00e9szs\u00e9gmeg\u0151rz\u00e9s\u00e9re, melyet t\u00f6bbek k\u00f6z\u00f6tt sz\u0171r\u0151programokkal, valamint alapell\u00e1t\u00e1si szolg\u00e1ltat\u00e1ssal k\u00edv\u00e1nunk t\u00e1mogatni. Csal\u00e1dt\u00e1mogat\u00e1si int\u00e9zked\u00e9seink els\u0151sorban a kisgyermekes csal\u00e1doknak kedveznek, folyamatosan b\u0151v\u00fcl\u0151 sport, kultur\u00e1lis \u00e9s szabadid\u0151s kedvezm\u00e9nyeink pedig minden munkat\u00e1rsunk sz\u00e1m\u00e1ra k\u00edn\u00e1lnak rekre\u00e1ci\u00f3s lehet\u0151s\u00e9geket&#8230;&#8221;<\/p>\n<\/blockquote>\n","protected":false},"excerpt":{"rendered":"<p>\u00a0 A Semmelweis Egyetem Szent R\u00f3kus Eg\u00e9szs\u00e9gk\u00f6zpont az al\u00e1bbi munkak\u00f6r\u00f6kre keresi munkat\u00e1rsait: Aktu\u00e1lis \u00e1ll\u00e1saj\u00e1nlatok: Jelenleg nincs Lej\u00e1rt \u00e1ll\u00e1saj\u00e1nlatok: \u00dcgyf\u00e9lszolg\u00e1lati munkat\u00e1rs A jogviszony id\u0151tartama: hat\u00e1rozatlan idej\u0171 Foglalkoztat\u00e1s jellege:\u00a0teljes munkaid\u0151\u00a0 Munkav\u00e9gz\u00e9s helye:1085 Budapest, Gyulai P\u00e1l utca 2. <a href=\"https:\/\/semmelweis.hu\/human\/2025\/08\/29\/ugyfelszolgalati-munkatars-orvosirnok-szakrendelo-intezet-2\/\">Tov\u00e1bb a r\u00e9szles ki\u00edr\u00e1sra \u2192<\/a> Gy\u00f3gytorn\u00e1sz A jogviszony id\u0151tartama:\u00a0hat\u00e1rozott idej\u0171 (2 \u00e9v) eg\u00e9szs\u00e9g\u00fcgyi szolg\u00e1lati jogviszony, 4 h\u00f3napos pr\u00f3baid\u0151 Foglalkoztat\u00e1s jellege:\u00a0teljes munkaid\u0151\u00a0 Munkav\u00e9gz\u00e9s helye:1085 Budapest, Gyulai &hellip;<\/p>\n","protected":false},"author":102515,"featured_media":0,"parent":0,"menu_order":0,"comment_status":"closed","ping_status":"closed","template":"","meta":{"_acf_changed":false,"footnotes":""},"categories":[],"tags":[],"class_list":["post-1183","page","type-page","status-publish","hentry"],"acf":[],"_links":{"self":[{"href":"https:\/\/semmelweis.hu\/szakrendelo\/wp-json\/wp\/v2\/pages\/1183","targetHints":{"allow":["GET"]}}],"collection":[{"href":"https:\/\/semmelweis.hu\/szakrendelo\/wp-json\/wp\/v2\/pages"}],"about":[{"href":"https:\/\/semmelweis.hu\/szakrendelo\/wp-json\/wp\/v2\/types\/page"}],"author":[{"embeddable":true,"href":"https:\/\/semmelweis.hu\/szakrendelo\/wp-json\/wp\/v2\/users\/102515"}],"replies":[{"embeddable":true,"href":"https:\/\/semmelweis.hu\/szakrendelo\/wp-json\/wp\/v2\/comments?post=1183"}],"version-history":[{"count":10,"href":"https:\/\/semmelweis.hu\/szakrendelo\/wp-json\/wp\/v2\/pages\/1183\/revisions"}],"predecessor-version":[{"id":1465,"href":"https:\/\/semmelweis.hu\/szakrendelo\/wp-json\/wp\/v2\/pages\/1183\/revisions\/1465"}],"wp:attachment":[{"href":"https:\/\/semmelweis.hu\/szakrendelo\/wp-json\/wp\/v2\/media?parent=1183"}],"wp:term":[{"taxonomy":"category","embeddable":true,"href":"https:\/\/semmelweis.hu\/szakrendelo\/wp-json\/wp\/v2\/categories?post=1183"},{"taxonomy":"post_tag","embeddable":true,"href":"https:\/\/semmelweis.hu\/szakrendelo\/wp-json\/wp\/v2\/tags?post=1183"}],"curies":[{"name":"wp","href":"https:\/\/api.w.org\/{rel}","templated":true}]}}