{"id":118,"date":"2022-02-23T14:45:54","date_gmt":"2022-02-23T13:45:54","guid":{"rendered":"https:\/\/semmelweis.hu\/szakrendelo\/?page_id=118"},"modified":"2026-03-26T16:17:37","modified_gmt":"2026-03-26T15:17:37","slug":"gyogytorna","status":"publish","type":"page","link":"https:\/\/semmelweis.hu\/szakrendelo\/szakrendelesek\/gyogytorna\/","title":{"rendered":"Gy\u00f3gytorna"},"content":{"rendered":"<div class=\"keretes w-100\">\n<p><strong><span style=\"font-size: 18pt\">A bejelentkez\u00e9shez beutal\u00f3 sz\u00fcks\u00e9ges\u00a0<\/span><\/strong><\/p>\n<p><strong>Id\u0151pontk\u00e9r\u00e9s:<\/strong> 06 30 016 4185 telefonsz\u00e1mon h\u00e9tf\u0151t\u0151l \u2013 p\u00e9ntekig 06.00 -14.00 \u00f3ra k\u00f6z\u00f6tt lehets\u00e9ges<\/p>\n<p><strong>Rendel\u00e9s helye: <\/strong>Gyulai P\u00e1l u. 2. (K\u00f3rh\u00e1z \u00e9p\u00fclete)<\/p>\n<\/div>\n<h6><span style=\"font-size: 14pt\">Czenczer-Sling\u00e1r R\u00e9ka vezet\u0151 gy\u00f3gytorn\u00e1sz, szakmai koordin\u00e1tor<br \/>\n\u00a0<\/span><br \/>\n<span style=\"font-size: 14pt\">P\u00e9ter-Czir\u00e1nku Bettina gy\u00f3gytorn\u00e1sz<br \/>\n<\/span><br \/>\n<span style=\"font-size: 14pt\">Varga Vivien gy\u00f3gytorn\u00e1sz<br \/>\n<\/span><br \/>\n<span style=\"font-size: 14pt\">B\u00edr\u00f3 Lilla gy\u00f3gytorn\u00e1sz<\/span><\/h6>\n<h6><em><span style=\"font-size: 14pt\">Gomb\u00e1r Lea gy\u00f3gytorn\u00e1sz (tart\u00f3san t\u00e1vol)<\/span><\/em><br \/>\n<em><span style=\"font-size: 14pt\">Ol\u00e1h-Alm\u00e1si Bianka gy\u00f3gytorn\u00e1sz (tart\u00f3san t\u00e1vol)<\/span><\/em><\/h6>\n<table style=\"width: 101.455%\">\n<thead>\n<tr>\n<td style=\"width: 30%\">Nap<\/td>\n<td style=\"width: 1172.24%\">Id\u0151pont<\/td>\n<\/tr>\n<\/thead>\n<tbody>\n<tr>\n<td style=\"width: 30%\" scope=\"col\">H\u00e9tf\u0151<\/td>\n<td style=\"width: 1172.24%\">07.00 &#8211; 17.00<\/td>\n<\/tr>\n<tr>\n<td style=\"width: 30%\">Kedd<\/td>\n<td style=\"width: 1172.24%\">07.00 &#8211; 17.00<\/td>\n<\/tr>\n<tr>\n<td style=\"width: 30%\">Szerda<\/td>\n<td style=\"width: 1172.24%\">07.00 &#8211; 17.00<\/td>\n<\/tr>\n<tr>\n<td style=\"width: 30%\">Cs\u00fct\u00f6rt\u00f6k<\/td>\n<td style=\"width: 1172.24%\">07.00 &#8211; 17.00<\/td>\n<\/tr>\n<tr>\n<td style=\"width: 30%\">P\u00e9ntek<\/td>\n<td style=\"width: 1172.24%\">06.00 &#8211; 14.00<\/td>\n<\/tr>\n<\/tbody>\n<\/table>\n<h4>Alkalmazott gy\u00f3gytorn\u00e1k csoportos\u00edt\u00e1sa:<\/h4>\n<p><strong>Testt\u00e1jak szerint:<\/strong><\/p>\n<ul style=\"list-style-type: square\">\n<li>k\u00e9z, k\u00f6ny\u00f6k, v\u00e1lltorna, egy\u00e9ni \u00e9s csoportos kezel\u00e9s 30 percben<\/li>\n<li>nyak, gerinctorna, egy\u00e9ni \u00e9s csoportos kezel\u00e9s 30 percben<\/li>\n<li>cs\u00edp\u0151, t\u00e9rd, bokatorna, egy\u00e9ni \u00e9s csoportos kezel\u00e9s 30 percben<\/li>\n<\/ul>\n<p><strong>Betegs\u00e9gt\u00edpusok szerint:<\/strong><\/p>\n<ul style=\"list-style-type: square\">\n<li>reumatol\u00f3giai: \u00edz\u00fcleti gyullad\u00e1sok, isi\u00e1sz<\/li>\n<li>traumatol\u00f3giai: ficamok, t\u00f6r\u00e9sek ut\u00e1n<\/li>\n<li>orthop\u00e9diai: tart\u00e1sjav\u00edt\u00f3, m\u0171t\u00e9tek ut\u00e1ni gy\u00f3gytorna<\/li>\n<li>belgy\u00f3gy\u00e1szati: art\u00e9ri\u00e1s, v\u00e9n\u00e1s torna<\/li>\n<li>neurol\u00f3giai: agyi t\u00f6rt\u00e9n\u00e9sek ut\u00e1ni gy\u00f3gytorna<\/li>\n<\/ul>\n<p><strong>Betegs\u00e9g fajt\u00e1k szerint:<\/strong><\/p>\n<ul style=\"list-style-type: square\">\n<li>akut betegek ell\u00e1t\u00e1sa,<\/li>\n<li>kr\u00f3nikus betegek ell\u00e1t\u00e1sa,<\/li>\n<li>geri\u00e1triai betegell\u00e1t\u00e1s,<\/li>\n<li>rehabilit\u00e1ci\u00f3<\/li>\n<\/ul>\n<p><strong>Speci\u00e1lis kezel\u00e9sek:<\/strong><\/p>\n<ul style=\"list-style-type: square\">\n<li>McKenzie torna, minden testt\u00e1jra alkalmazva,<\/li>\n<li>kond\u00edcion\u00e1l\u00f3 torna<\/li>\n<li>Lymphoedem\u00e1s kezel\u00e9s: massz\u00e1zs \u00e9s band\u00e1zsol\u00e1s, kismama torna<\/li>\n<li>csontritkul\u00e1sos betegek karbantart\u00e1sa: osteoporosis torna, inkontinens betegek kezel\u00e9se<\/li>\n<\/ul>\n","protected":false},"excerpt":{"rendered":"<p>A bejelentkez\u00e9shez beutal\u00f3 sz\u00fcks\u00e9ges\u00a0 Id\u0151pontk\u00e9r\u00e9s: 06 30 016 4185 telefonsz\u00e1mon h\u00e9tf\u0151t\u0151l \u2013 p\u00e9ntekig 06.00 -14.00 \u00f3ra k\u00f6z\u00f6tt lehets\u00e9ges Rendel\u00e9s helye: Gyulai P\u00e1l u. 2. (K\u00f3rh\u00e1z \u00e9p\u00fclete) Czenczer-Sling\u00e1r R\u00e9ka vezet\u0151 gy\u00f3gytorn\u00e1sz, szakmai koordin\u00e1tor \u00a0 P\u00e9ter-Czir\u00e1nku Bettina gy\u00f3gytorn\u00e1sz Varga Vivien gy\u00f3gytorn\u00e1sz B\u00edr\u00f3 Lilla gy\u00f3gytorn\u00e1sz Gomb\u00e1r Lea gy\u00f3gytorn\u00e1sz (tart\u00f3san t\u00e1vol) Ol\u00e1h-Alm\u00e1si Bianka gy\u00f3gytorn\u00e1sz (tart\u00f3san t\u00e1vol) Nap Id\u0151pont H\u00e9tf\u0151 &hellip;<\/p>\n","protected":false},"author":101884,"featured_media":0,"parent":45,"menu_order":0,"comment_status":"closed","ping_status":"closed","template":"","meta":{"_acf_changed":false,"footnotes":""},"categories":[4],"tags":[],"class_list":["post-118","page","type-page","status-publish","hentry","category-szakrendelesek"],"acf":[],"_links":{"self":[{"href":"https:\/\/semmelweis.hu\/szakrendelo\/wp-json\/wp\/v2\/pages\/118","targetHints":{"allow":["GET"]}}],"collection":[{"href":"https:\/\/semmelweis.hu\/szakrendelo\/wp-json\/wp\/v2\/pages"}],"about":[{"href":"https:\/\/semmelweis.hu\/szakrendelo\/wp-json\/wp\/v2\/types\/page"}],"author":[{"embeddable":true,"href":"https:\/\/semmelweis.hu\/szakrendelo\/wp-json\/wp\/v2\/users\/101884"}],"replies":[{"embeddable":true,"href":"https:\/\/semmelweis.hu\/szakrendelo\/wp-json\/wp\/v2\/comments?post=118"}],"version-history":[{"count":12,"href":"https:\/\/semmelweis.hu\/szakrendelo\/wp-json\/wp\/v2\/pages\/118\/revisions"}],"predecessor-version":[{"id":1448,"href":"https:\/\/semmelweis.hu\/szakrendelo\/wp-json\/wp\/v2\/pages\/118\/revisions\/1448"}],"up":[{"embeddable":true,"href":"https:\/\/semmelweis.hu\/szakrendelo\/wp-json\/wp\/v2\/pages\/45"}],"wp:attachment":[{"href":"https:\/\/semmelweis.hu\/szakrendelo\/wp-json\/wp\/v2\/media?parent=118"}],"wp:term":[{"taxonomy":"category","embeddable":true,"href":"https:\/\/semmelweis.hu\/szakrendelo\/wp-json\/wp\/v2\/categories?post=118"},{"taxonomy":"post_tag","embeddable":true,"href":"https:\/\/semmelweis.hu\/szakrendelo\/wp-json\/wp\/v2\/tags?post=118"}],"curies":[{"name":"wp","href":"https:\/\/api.w.org\/{rel}","templated":true}]}}