{"id":115,"date":"2022-02-23T14:45:05","date_gmt":"2022-02-23T13:45:05","guid":{"rendered":"https:\/\/semmelweis.hu\/szakrendelo\/?page_id=115"},"modified":"2026-03-26T15:49:20","modified_gmt":"2026-03-26T14:49:20","slug":"gyermek-neurologia","status":"publish","type":"page","link":"https:\/\/semmelweis.hu\/szakrendelo\/szakrendelesek\/gyermek-neurologia\/","title":{"rendered":"Gyermek Neurol\u00f3gia"},"content":{"rendered":"<div class=\"keretes w-100\">\n<p><span style=\"font-size: 18pt\"><strong>Betegeket 0-18 \u00e9ves korig fogadunk<\/strong><\/span><br \/>\n<strong><span style=\"font-size: 18pt\">Beutal\u00f3 \u00e9s id\u0151pont k\u00e9r\u00e9s sz\u00fcks\u00e9ges<br \/>\n<\/span><br \/>\n<\/strong>K\u00e9rj\u00fck, els\u0151 alkalommal hozz\u00e1k magukkal az el\u0151z\u0151 orvosi dokument\u00e1ci\u00f3t, szakv\u00e9lem\u00e9nyeket<\/p>\n<p><span style=\"font-size: 14pt\"><strong>Bejelentkez\u00e9s:<\/strong> +36 20 666 3580 telefonsz\u00e1mon, <br \/>\nh\u00e9tf\u0151t\u0151l \u2013 p\u00e9ntekig 08.00-15.00 \u00f3ra k\u00f6z\u00f6tt lehets\u00e9ges\u00a0<br \/>\n<\/span><br \/>\n<span style=\"font-size: 14pt\"><strong>E-mail c\u00edm<\/strong>: seszi.gyermekneurologia@semmelweis.hu<br \/>\n<\/span><br \/>\n<span style=\"font-size: 14pt\"><strong>Rendel\u00e9s helye:<\/strong> T\u0171zolt\u00f3 utcai Gyermekklinika Ambulancia els\u0151 emelet 19-es rendel\u0151 \/bej\u00e1rat az Angyal utcai f\u0151bej\u00e1raton<\/span><\/p>\n<\/div>\n<h5>Dr. Gaszner Andrea adjunktus, gyermekneurol\u00f3gus klinikai f\u0151orvos<\/h5>\n<table style=\"width: 101.162%\">\n<thead>\n<tr>\n<td style=\"width: 30%\">Nap<\/td>\n<td style=\"width: 1170.79%\">Id\u0151pont<\/td>\n<\/tr>\n<\/thead>\n<tbody>\n<tr>\n<td style=\"width: 30%\" scope=\"col\">H\u00e9tf\u0151<\/td>\n<td style=\"width: 1170.79%\">&#8211;<\/td>\n<\/tr>\n<tr>\n<td style=\"width: 30%\">Kedd<\/td>\n<td style=\"width: 1170.79%\">08.30 &#8211; 14.30<\/td>\n<\/tr>\n<tr>\n<td style=\"width: 30%\">Szerda<\/td>\n<td style=\"width: 1170.79%\">&#8211;<\/td>\n<\/tr>\n<tr>\n<td style=\"width: 30%\">Cs\u00fct\u00f6rt\u00f6k<\/td>\n<td style=\"width: 1170.79%\">&#8211;<\/td>\n<\/tr>\n<tr>\n<td style=\"width: 30%\">P\u00e9ntek<\/td>\n<td style=\"width: 1170.79%\">08.30 &#8211; 14.30<\/td>\n<\/tr>\n<\/tbody>\n<\/table>\n<div class=\"w-100\">\n<p>&nbsp;<\/p>\n<\/div>\n<p>&nbsp;<\/p>\n<h4>A szakrendel\u00e9s \u00e1ltal\u00e1nos c\u00e9lja:<\/h4>\n<ul style=\"list-style-type: square\">\n<li>Idegrendszeri elt\u00e9r\u00e9s gyan\u00fa miatt beutal\u00f3val \u00e9rkez\u0151, ill. s\u00fcrg\u0151ss\u00e9gi neurol\u00f3giai betegell\u00e1t\u00e1s, kivizsg\u00e1l\u00e1s koordin\u00e1l\u00e1s, kezel\u00e9s \u00e9s gondoz\u00e1s ambul\u00e1ns szinten.<\/li>\n<li>Pedag\u00f3giai Szakszolg\u00e1latokkal, Tanul\u00e1si K\u00e9pess\u00e9get Vizsg\u00e1l\u00f3 Bizotts\u00e1gokkal, egy\u00e9b orsz\u00e1gos szakell\u00e1t\u00f3 int\u00e9zetekkel, gyermek ideggondoz\u00f3kkal, fekv\u0151beteg int\u00e9zm\u00e9nyekkel kapcsolattart\u00e1s, egy\u00fcttm\u0171k\u00f6d\u00e9s.<\/li>\n<li>Sportorvosi vizsg\u00e1latokhoz v\u00e9lem\u00e9nyez\u00e9s.<\/li>\n<li>Kora-, ill. \u00fajsz\u00fcl\u00f6ttek st\u00e1tuszfelm\u00e9r\u00e9se, idegrendszeri s\u00e9r\u00fcl\u00e9seinek korai diagn\u00f3zisa \u00e9s kezdeti ter\u00e1pi\u00e1ja, korai fejleszt\u00e9si terv\u00e9nek \u00f6ssze\u00e1ll\u00edt\u00e1sa.<\/li>\n<\/ul>\n<p><strong>Speci\u00e1lis tev\u00e9kenys\u00e9gi k\u00f6r:<\/strong><\/p>\n<ul style=\"list-style-type: square\">\n<li>\u00dajsz\u00fcl\u00f6ttek, korasz\u00fcl\u00f6ttek, csecsem\u0151k fejl\u0151d\u00e9sneurol\u00f3giai vizsg\u00e1lata, ut\u00e1n k\u00f6vet\u00e9se, fejleszt\u0151 int\u00e9zm\u00e9nyekkel val\u00f3 kapcsolattart\u00e1s, beutal\u00e1s, egy\u00fcttm\u0171k\u00f6d\u00e9s.<\/li>\n<li>Gyermekkori fejf\u00e1j\u00e1sok, epilepszi\u00e1k, fejl\u0151d\u00e9si elt\u00e9r\u00e9sek stb. eset\u00e9n, vizsg\u00e1lati tervk\u00e9sz\u00edt\u00e9s, speci\u00e1lis vizsg\u00e1latok megszervez\u00e9se, beutal\u00e1s, differenci\u00e1ldiagnosztika, gondoz\u00e1sa.<\/li>\n<li>Ppsychosomatikus betegs\u00e9gek organikus oki sz\u0171r\u00e9se, ter\u00e1pia koordin\u00e1l\u00e1sa (egy\u00fcttm\u0171k\u00f6dve a t\u00e1rsszakm\u00e1kkal, (pszichi\u00e1tria, pszichol\u00f3gia) pl: magatart\u00e1szavar, tanul\u00e1si zavar, alv\u00e1szavar, ev\u00e9s zavar, regul\u00e1ci\u00f3s zavar, autizmus spektrum zavar korai t\u00fcnetek differenci\u00e1l diagnosztikai szempont\u00fa sz\u0171r\u00e9se, neurol\u00f3giai vonatkoz\u00e1sa.<\/li>\n<li>Perinatalis k\u00e1rosod\u00e1s, ill. egy\u00e9b okb\u00f3l \u00e9rintett, halmozottan s\u00e9r\u00fclt betegek komplex fejleszt\u00e9s\u00e9nek koordin\u00e1l\u00e1sa stb.<\/li>\n<li>Postcovid szindr\u00f3ma neurol\u00f3giai t\u00fcneteinek felm\u00e9r\u00e9se, kezel\u00e9se, k\u00f6vet\u00e9se.<\/li>\n<li>Szakorvosi igazol\u00e1sok, javaslatok kiad\u00e1sa (FCS, GYOD, gy\u00f3gy\u00e1szati seg\u00e9deszk\u00f6z, gy\u00f3gyszer)<\/li>\n<\/ul>\n","protected":false},"excerpt":{"rendered":"<p>Betegeket 0-18 \u00e9ves korig fogadunk Beutal\u00f3 \u00e9s id\u0151pont k\u00e9r\u00e9s sz\u00fcks\u00e9ges K\u00e9rj\u00fck, els\u0151 alkalommal hozz\u00e1k magukkal az el\u0151z\u0151 orvosi dokument\u00e1ci\u00f3t, szakv\u00e9lem\u00e9nyeket Bejelentkez\u00e9s: +36 20 666 3580 telefonsz\u00e1mon, h\u00e9tf\u0151t\u0151l \u2013 p\u00e9ntekig 08.00-15.00 \u00f3ra k\u00f6z\u00f6tt lehets\u00e9ges\u00a0 E-mail c\u00edm: seszi.gyermekneurologia@semmelweis.hu Rendel\u00e9s helye: T\u0171zolt\u00f3 utcai Gyermekklinika Ambulancia els\u0151 emelet 19-es rendel\u0151 \/bej\u00e1rat az Angyal utcai f\u0151bej\u00e1raton Dr. Gaszner Andrea adjunktus, &hellip;<\/p>\n","protected":false},"author":101884,"featured_media":0,"parent":45,"menu_order":0,"comment_status":"closed","ping_status":"closed","template":"","meta":{"_acf_changed":false,"footnotes":""},"categories":[4],"tags":[],"class_list":["post-115","page","type-page","status-publish","hentry","category-szakrendelesek"],"acf":[],"_links":{"self":[{"href":"https:\/\/semmelweis.hu\/szakrendelo\/wp-json\/wp\/v2\/pages\/115","targetHints":{"allow":["GET"]}}],"collection":[{"href":"https:\/\/semmelweis.hu\/szakrendelo\/wp-json\/wp\/v2\/pages"}],"about":[{"href":"https:\/\/semmelweis.hu\/szakrendelo\/wp-json\/wp\/v2\/types\/page"}],"author":[{"embeddable":true,"href":"https:\/\/semmelweis.hu\/szakrendelo\/wp-json\/wp\/v2\/users\/101884"}],"replies":[{"embeddable":true,"href":"https:\/\/semmelweis.hu\/szakrendelo\/wp-json\/wp\/v2\/comments?post=115"}],"version-history":[{"count":12,"href":"https:\/\/semmelweis.hu\/szakrendelo\/wp-json\/wp\/v2\/pages\/115\/revisions"}],"predecessor-version":[{"id":1430,"href":"https:\/\/semmelweis.hu\/szakrendelo\/wp-json\/wp\/v2\/pages\/115\/revisions\/1430"}],"up":[{"embeddable":true,"href":"https:\/\/semmelweis.hu\/szakrendelo\/wp-json\/wp\/v2\/pages\/45"}],"wp:attachment":[{"href":"https:\/\/semmelweis.hu\/szakrendelo\/wp-json\/wp\/v2\/media?parent=115"}],"wp:term":[{"taxonomy":"category","embeddable":true,"href":"https:\/\/semmelweis.hu\/szakrendelo\/wp-json\/wp\/v2\/categories?post=115"},{"taxonomy":"post_tag","embeddable":true,"href":"https:\/\/semmelweis.hu\/szakrendelo\/wp-json\/wp\/v2\/tags?post=115"}],"curies":[{"name":"wp","href":"https:\/\/api.w.org\/{rel}","templated":true}]}}