{"id":1140,"date":"2025-09-29T11:00:47","date_gmt":"2025-09-29T09:00:47","guid":{"rendered":"https:\/\/semmelweis.hu\/szakrendelo\/?page_id=1140"},"modified":"2026-03-26T15:59:58","modified_gmt":"2026-03-26T14:59:58","slug":"gyermekgyogyaszat","status":"publish","type":"page","link":"https:\/\/semmelweis.hu\/szakrendelo\/szakrendelesek\/gyermekgyogyaszat\/","title":{"rendered":"Gyermekgy\u00f3gy\u00e1szat"},"content":{"rendered":"<div class=\"keretes w-100\">\n<p>Akut gyermekgy\u00f3gy\u00e1szati ell\u00e1t\u00e1st jelenleg a Semmelweis Egyetem Gyermekgy\u00f3gy\u00e1szati Klinik\u00e1j\u00e1n (B\u00f3kay utcai r\u00e9szleg) vehet ig\u00e9nybe,<br \/>\nahol a\u00a0<strong>S\u00fcrg\u0151ss\u00e9gi Oszt\u00e1ly<\/strong> 0-24 \u00f3r\u00e1ban fogadja a betegeket<\/p>\n<p>El\u00e9rhet\u0151s\u00e9g: 1083 Budapest, B\u00f3kay u. 53. (f\u00f6ldszint)<br \/>\nTelefonsz\u00e1m: 061\u00a0334-3186 \/ 52627 mell\u00e9k<\/p>\n<p><a href=\"https:\/\/semmelweis.hu\/gyermekklinika1\/betegellatas\/jarobeteg-ellatas\/surgossegi-ambulancia\/\">Tov\u00e1bb a gyermekklinika S\u00fcrg\u0151ss\u00e9gi Oszt\u00e1ly\u00e1nak weblapj\u00e1ra \u2192<\/a><\/p>\n<\/div>\n","protected":false},"excerpt":{"rendered":"<p>Akut gyermekgy\u00f3gy\u00e1szati ell\u00e1t\u00e1st jelenleg a Semmelweis Egyetem Gyermekgy\u00f3gy\u00e1szati Klinik\u00e1j\u00e1n (B\u00f3kay utcai r\u00e9szleg) vehet ig\u00e9nybe,<br \/>\nahol a\u00a0S\u00fcrg\u0151ss\u00e9gi Oszt\u00e1ly 0-24 \u00f3r\u00e1ban fogadja a betegeket<br \/>\nEl\u00e9rhet\u0151s\u00e9g: 1083 Budapest, B\u00f3kay u. 53. (f\u00f6ldszint)<br \/>\nTelefonsz\u00e1m: 061\u00a0334-3186 \/ 52627 mell\u00e9k<br \/>\n<a href=\"https:\/\/semmelweis.hu\/gyermekklinika1\/betegellatas\/jarobeteg-ellatas\/surgossegi-ambulancia\/\">Tov\u00e1bb a gyermekklinika S\u00fcrg\u0151ss\u00e9gi Oszt\u00e1ly\u00e1nak weblapj\u00e1ra \u2192<\/a><\/p>\n","protected":false},"author":101884,"featured_media":0,"parent":45,"menu_order":0,"comment_status":"closed","ping_status":"closed","template":"","meta":{"_acf_changed":false,"footnotes":""},"categories":[4],"tags":[],"class_list":["post-1140","page","type-page","status-publish","hentry","category-szakrendelesek"],"acf":[],"_links":{"self":[{"href":"https:\/\/semmelweis.hu\/szakrendelo\/wp-json\/wp\/v2\/pages\/1140","targetHints":{"allow":["GET"]}}],"collection":[{"href":"https:\/\/semmelweis.hu\/szakrendelo\/wp-json\/wp\/v2\/pages"}],"about":[{"href":"https:\/\/semmelweis.hu\/szakrendelo\/wp-json\/wp\/v2\/types\/page"}],"author":[{"embeddable":true,"href":"https:\/\/semmelweis.hu\/szakrendelo\/wp-json\/wp\/v2\/users\/101884"}],"replies":[{"embeddable":true,"href":"https:\/\/semmelweis.hu\/szakrendelo\/wp-json\/wp\/v2\/comments?post=1140"}],"version-history":[{"count":2,"href":"https:\/\/semmelweis.hu\/szakrendelo\/wp-json\/wp\/v2\/pages\/1140\/revisions"}],"predecessor-version":[{"id":1434,"href":"https:\/\/semmelweis.hu\/szakrendelo\/wp-json\/wp\/v2\/pages\/1140\/revisions\/1434"}],"up":[{"embeddable":true,"href":"https:\/\/semmelweis.hu\/szakrendelo\/wp-json\/wp\/v2\/pages\/45"}],"wp:attachment":[{"href":"https:\/\/semmelweis.hu\/szakrendelo\/wp-json\/wp\/v2\/media?parent=1140"}],"wp:term":[{"taxonomy":"category","embeddable":true,"href":"https:\/\/semmelweis.hu\/szakrendelo\/wp-json\/wp\/v2\/categories?post=1140"},{"taxonomy":"post_tag","embeddable":true,"href":"https:\/\/semmelweis.hu\/szakrendelo\/wp-json\/wp\/v2\/tags?post=1140"}],"curies":[{"name":"wp","href":"https:\/\/api.w.org\/{rel}","templated":true}]}}