{"id":112,"date":"2022-02-23T14:44:22","date_gmt":"2022-02-23T13:44:22","guid":{"rendered":"https:\/\/semmelweis.hu\/szakrendelo\/?page_id=112"},"modified":"2026-03-26T12:15:07","modified_gmt":"2026-03-26T11:15:07","slug":"gyermek-kardiologia","status":"publish","type":"page","link":"https:\/\/semmelweis.hu\/szakrendelo\/szakrendelesek\/gyermek-kardiologia\/","title":{"rendered":"Gyermek Kardiol\u00f3gia"},"content":{"rendered":"<div class=\"keretes w-100\">\n<p><strong><span style=\"font-size: 18pt\">A bejelentkez\u00e9shez beutal\u00f3 sz\u00fcks\u00e9ges<br \/>\nA betegeink beh\u00edv\u00e1sa el\u0151jegyz\u00e9s szerint t\u00f6rt\u00e9nik<\/span><\/strong><\/p>\n<p>A betegek vizsg\u00e1lata el\u0151jegyz\u00e9s alapj\u00e1n t\u00f6rt\u00e9nik, kiv\u00e9ve a h\u00e1ziorvos \u00e1ltal meg\u00edt\u00e9lt s\u00fcrg\u0151s eseteket.\u00a0<br \/>\n<span style=\"font-size: 1rem\">A f\u0151v\u00e1rosi Down ambulancia betegei r\u00e9sz\u00e9re a kardiol\u00f3giai vizsg\u00e1latot <\/span><span style=\"font-size: 1rem\">dr. Kov\u00e1ts \u00c1kos f\u0151orvos v\u00e9gzi\u00a0 rendel\u00e9si idej\u00e9ben.<\/span><\/p>\n<p><strong>Bejelentkez\u00e9s:<\/strong> <span style=\"font-size: 14pt\">+36 1 553 3503<\/span> telefonsz\u00e1mon h\u00e9tf\u0151t\u0151l &#8211; p\u00e9ntekig 07.00-15.00 \u00f3ra k\u00f6z\u00f6tt lehets\u00e9ges<\/p>\n<p><strong>Rendel\u00e9s helye: <\/strong>Gyulai P\u00e1l u. 2. (K\u00f3rh\u00e1z \u00e9p\u00fclete)\u00a0<br \/>\nTerhel\u00e9ses-\u00e9lettani vizsg\u00e1lat szerd\u00e1nk\u00e9nt \u2013 Dr. Kov\u00e1ts \u00c1kos f\u0151orvosn\u00e1l, technikai okok miatt jelenleg k\u00fcls\u0151 helysz\u00ednen t\u00f6rt\u00e9nik.<\/p>\n<\/div>\n<h4>Dr. Nemes J\u00e1nos klinikai f\u0151orvos<\/h4>\n<table style=\"width: 100.717%\">\n<thead>\n<tr>\n<td style=\"width: 30%\">Nap<\/td>\n<td style=\"width: 1166.72%\">Id\u0151pont<\/td>\n<\/tr>\n<\/thead>\n<tbody>\n<tr>\n<td style=\"width: 30%\" scope=\"col\">H\u00e9tf\u0151<\/td>\n<td style=\"width: 1166.72%\">07.00 &#8211; 14.00<\/td>\n<\/tr>\n<tr>\n<td style=\"width: 30%\">Kedd<\/td>\n<td style=\"width: 1166.72%\">&#8211;<\/td>\n<\/tr>\n<tr>\n<td style=\"width: 30%\">Szerda<\/td>\n<td style=\"width: 1166.72%\">&#8211;<\/td>\n<\/tr>\n<tr>\n<td style=\"width: 30%\">Cs\u00fct\u00f6rt\u00f6k<\/td>\n<td style=\"width: 1166.72%\">&#8211;<\/td>\n<\/tr>\n<tr>\n<td style=\"width: 30%\">P\u00e9ntek<\/td>\n<td style=\"width: 1166.72%\">&#8211;<\/td>\n<\/tr>\n<\/tbody>\n<\/table>\n<h4>\nDr. Kov\u00e1ts \u00c1kos klinikai f\u0151orvos<\/h4>\n<table style=\"width: 101.235%\">\n<thead>\n<tr>\n<td style=\"width: 30%\">Nap<\/td>\n<td style=\"width: 1173.33%\">Id\u0151pont<\/td>\n<\/tr>\n<\/thead>\n<tbody>\n<tr>\n<td style=\"width: 30%\" scope=\"col\">H\u00e9tf\u0151<\/td>\n<td style=\"width: 1173.33%\">&#8211;<\/td>\n<\/tr>\n<tr>\n<td style=\"width: 30%\">Kedd<\/td>\n<td style=\"width: 1173.33%\">08.00 &#8211; 16.00<\/td>\n<\/tr>\n<tr>\n<td style=\"width: 30%\">Szerda<\/td>\n<td style=\"width: 1173.33%\">&#8211;<\/td>\n<\/tr>\n<tr>\n<td style=\"width: 30%\">Cs\u00fct\u00f6rt\u00f6k<\/td>\n<td style=\"width: 1173.33%\">08.00 &#8211; 16.00<\/td>\n<\/tr>\n<tr>\n<td style=\"width: 30%\">P\u00e9ntek<\/td>\n<td style=\"width: 1173.33%\">&#8211;<\/td>\n<\/tr>\n<\/tbody>\n<\/table>\n<h4>\nA szakrendel\u00e9s \u00e1ltal\u00e1nos c\u00e9lja:<\/h4>\n<p>A beutalt gyermekek k\u00f6z\u00fcl a sz\u00edvbeteg gyermekek kisz\u0171r\u00e9se, pontos kardiol\u00f3giai diagn\u00f3zis meg\u00e1llap\u00edt\u00e1sa, rendszeres ellen\u0151rz\u00e9se, sz\u00fcks\u00e9g eset\u00e9n m\u0171t\u00e9tre val\u00f3 juttat\u00e1sa, majd m\u0171t\u00e9t ut\u00e1ni nyomk\u00f6vet\u00e9se, residuualis t\u00fcnetek felismer\u00e9se, ell\u00e1t\u00e1sa. A sz\u00edvbeteg gyermekek \u00e9letvitel\u00e9nek ir\u00e1ny\u00edt\u00e1sa. A diagnosztiz\u00e1l\u00e1shoz a korszer\u0171 eszk\u00f6z\u00f6k rendelkez\u00e9sre \u00e1llnak. (2D. Doppler echocardiografia, EKG, Holter, ABPM)<\/p>\n","protected":false},"excerpt":{"rendered":"<p>A bejelentkez\u00e9shez beutal\u00f3 sz\u00fcks\u00e9ges A betegeink beh\u00edv\u00e1sa el\u0151jegyz\u00e9s szerint t\u00f6rt\u00e9nik A betegek vizsg\u00e1lata el\u0151jegyz\u00e9s alapj\u00e1n t\u00f6rt\u00e9nik, kiv\u00e9ve a h\u00e1ziorvos \u00e1ltal meg\u00edt\u00e9lt s\u00fcrg\u0151s eseteket.\u00a0 A f\u0151v\u00e1rosi Down ambulancia betegei r\u00e9sz\u00e9re a kardiol\u00f3giai vizsg\u00e1latot dr. Kov\u00e1ts \u00c1kos f\u0151orvos v\u00e9gzi\u00a0 rendel\u00e9si idej\u00e9ben. Bejelentkez\u00e9s: +36 1 553 3503 telefonsz\u00e1mon h\u00e9tf\u0151t\u0151l &#8211; p\u00e9ntekig 07.00-15.00 \u00f3ra k\u00f6z\u00f6tt lehets\u00e9ges Rendel\u00e9s helye: Gyulai &hellip;<\/p>\n","protected":false},"author":101884,"featured_media":0,"parent":45,"menu_order":0,"comment_status":"closed","ping_status":"closed","template":"","meta":{"_acf_changed":false,"footnotes":""},"categories":[4],"tags":[],"class_list":["post-112","page","type-page","status-publish","hentry","category-szakrendelesek"],"acf":[],"_links":{"self":[{"href":"https:\/\/semmelweis.hu\/szakrendelo\/wp-json\/wp\/v2\/pages\/112","targetHints":{"allow":["GET"]}}],"collection":[{"href":"https:\/\/semmelweis.hu\/szakrendelo\/wp-json\/wp\/v2\/pages"}],"about":[{"href":"https:\/\/semmelweis.hu\/szakrendelo\/wp-json\/wp\/v2\/types\/page"}],"author":[{"embeddable":true,"href":"https:\/\/semmelweis.hu\/szakrendelo\/wp-json\/wp\/v2\/users\/101884"}],"replies":[{"embeddable":true,"href":"https:\/\/semmelweis.hu\/szakrendelo\/wp-json\/wp\/v2\/comments?post=112"}],"version-history":[{"count":13,"href":"https:\/\/semmelweis.hu\/szakrendelo\/wp-json\/wp\/v2\/pages\/112\/revisions"}],"predecessor-version":[{"id":1421,"href":"https:\/\/semmelweis.hu\/szakrendelo\/wp-json\/wp\/v2\/pages\/112\/revisions\/1421"}],"up":[{"embeddable":true,"href":"https:\/\/semmelweis.hu\/szakrendelo\/wp-json\/wp\/v2\/pages\/45"}],"wp:attachment":[{"href":"https:\/\/semmelweis.hu\/szakrendelo\/wp-json\/wp\/v2\/media?parent=112"}],"wp:term":[{"taxonomy":"category","embeddable":true,"href":"https:\/\/semmelweis.hu\/szakrendelo\/wp-json\/wp\/v2\/categories?post=112"},{"taxonomy":"post_tag","embeddable":true,"href":"https:\/\/semmelweis.hu\/szakrendelo\/wp-json\/wp\/v2\/tags?post=112"}],"curies":[{"name":"wp","href":"https:\/\/api.w.org\/{rel}","templated":true}]}}