{"id":102,"date":"2022-02-23T14:41:12","date_gmt":"2022-02-23T13:41:12","guid":{"rendered":"https:\/\/semmelweis.hu\/szakrendelo\/?page_id=102"},"modified":"2026-03-26T15:59:07","modified_gmt":"2026-03-26T14:59:07","slug":"gyermek-es-ifjusagpszichiatria","status":"publish","type":"page","link":"https:\/\/semmelweis.hu\/szakrendelo\/szakrendelesek\/gyermek-es-ifjusagpszichiatria\/","title":{"rendered":"Gyermek-, \u00e9s Ifj\u00fas\u00e1gpszichi\u00e1tria"},"content":{"rendered":"<div class=\"keretes w-100\">\n<p><span style=\"font-size: 18pt\"><strong>Rendel\u00e9s\u00fcnk beutal\u00f3k\u00f6teles<br \/>\nid\u0151pontot csak a gyermek t\u00f6rv\u00e9nyes k\u00e9pvisel\u0151je k\u00e9rhet a megadott id\u0151ben<\/p>\n<p>Vizsg\u00e1latra, ter\u00e1pi\u00e1s foglalkoz\u00e1sra a t\u00f6rv\u00e9nyes k\u00e9pvisel\u0151\/al\u00e1\u00edr\u00e1si joggal rendelkez\u0151 sz\u00fcl\u0151 k\u00eds\u00e9ret\u00e9ben lehet j\u00f6nni<br \/>\n<\/strong><\/span><\/p>\n<p><span style=\"font-size: 18pt\"><strong><span style=\"font-size: 14pt\">Bejelentkez\u00e9s: <\/span><\/strong><span style=\"font-size: 14pt\">+36 20 666 3580 telefonsz\u00e1mon<br \/>\nh\u00e9tf\u0151t\u0151l \u2013 p\u00e9ntekig 08.00-15.00 \u00f3ra k\u00f6z\u00f6tt lehets\u00e9ges\u00a0<\/span><\/span><\/p>\n<p style=\"text-align: justify\"><strong>Az els\u0151 interj\u00fara k\u00e9rj\u00fck, hozz\u00e1k magukkal: <\/strong><\/p>\n<ul style=\"list-style-type: square\">\n<li style=\"text-align: justify\">beutal\u00f3<\/li>\n<li style=\"text-align: justify\">TAJ k\u00e1rtya<\/li>\n<li style=\"text-align: justify\">lakc\u00edm k\u00e1rtya<\/li>\n<li style=\"text-align: justify\">A kor\u00e1bbi ell\u00e1t\u00e1sr\u00f3l k\u00e9sz\u00fclt szak\u00e9rt\u0151i v\u00e9lem\u00e9nyeket, leleteket, aktu\u00e1lis pedag\u00f3giai v\u00e9lem\u00e9nyt<\/li>\n<li style=\"text-align: justify\">Gyermekpszichi\u00e1triai vizsg\u00e1latn\u00e1l panaszai h\u00e1tter\u00e9ben \u00e1ll\u00f3 szervi okok kiz\u00e1r\u00e1s\u00e1r\u00f3l k\u00e9sz\u00fclt leleteit is k\u00e9rj\u00fck bemutatni<\/li>\n<\/ul>\n<p><span style=\"font-size: 14pt\">Asszisztens: Komor\u00f3czy No\u00e9mi<\/span><\/p>\n<p>T\u0171zolt\u00f3 utcai Gyermekklinika, Ambulancia els\u0151 emelet 8-as szoba \/bejelentkez\u00e9s, id\u0151pontk\u00e9r\u00e9s, adatfelv\u00e9tel\/<br \/>\nTelefon: +36 20 666 3580<\/p>\n<\/div>\n<h5 style=\"text-align: justify\">Dr. Horv\u00e1th \u00c1gnes Gy\u00f6ngyi gyermekpszichi\u00e1ter, klinikai f\u0151orvos<\/h5>\n<p><strong>Rendel\u00e9s helye:<\/strong> T\u0171zolt\u00f3 utcai Gyermekklinika, Ambulancia els\u0151 emelet 18-as rendel\u0151 \/bej\u00e1rat az Angyal utcai f\u0151bej\u00e1raton<br \/>\nTelefon: +36 20 666 3580<\/p>\n<table style=\"width: 101.235%\">\n<thead>\n<tr>\n<td style=\"width: 30%\">Nap<\/td>\n<td style=\"width: 1171.15%\">Id\u0151pont<\/td>\n<\/tr>\n<\/thead>\n<tbody>\n<tr>\n<td style=\"width: 30%\" scope=\"col\">H\u00e9tf\u0151<\/td>\n<td style=\"width: 1171.15%\">08.00-16.00<\/td>\n<\/tr>\n<tr>\n<td style=\"width: 30%\">Kedd<\/td>\n<td style=\"width: 1171.15%\">12.00-19.00<\/td>\n<\/tr>\n<tr>\n<td style=\"width: 30%\">Szerda<\/td>\n<td style=\"width: 1171.15%\">&#8211;<\/td>\n<\/tr>\n<tr>\n<td style=\"width: 30%\">Cs\u00fct\u00f6rt\u00f6k<\/td>\n<td style=\"width: 1171.15%\">08.00-16.00<\/td>\n<\/tr>\n<tr>\n<td style=\"width: 30%\">P\u00e9ntek<\/td>\n<td style=\"width: 1171.15%\">07.30-14.30<\/td>\n<\/tr>\n<\/tbody>\n<\/table>\n<div class=\"w-100\">\u00a0<\/div>\n<p>&nbsp;<\/p>\n<h5>L\u0151dy Annam\u00e1ria klinikai szakpszichol\u00f3gus<\/h5>\n<p style=\"margin: 0cm;margin-bottom: .0001pt\"><strong>Rendel\u00e9s helye: <\/strong>T\u0171zolt\u00f3 utcai Gyermekklinika, Ambulancia, els\u0151 emelet<br \/>\nh\u00e9tf\u0151n \u00e9s szerd\u00e1n 19-es, kedden \u00e9s cs\u00fct\u00f6rt\u00f6k\u00f6n a 18-as rendel\u0151ben \/Angyal utcai f\u0151bej\u00e1rat<\/p>\n<p style=\"margin: 0cm;margin-bottom: .0001pt\">Telefon:+36 20 666 3580<\/p>\n<table style=\"width: 100.505%\">\n<thead>\n<tr>\n<td style=\"width: 30%\">Nap<\/td>\n<td style=\"width: 1167.52%\">Id\u0151pont<\/td>\n<\/tr>\n<\/thead>\n<tbody>\n<tr>\n<td style=\"width: 30%\" scope=\"col\">H\u00e9tf\u0151<\/td>\n<td style=\"width: 1167.52%\">07.00 &#8211; 16.00<\/td>\n<\/tr>\n<tr>\n<td style=\"width: 30%\">Kedd<\/td>\n<td style=\"width: 1167.52%\">07.00 &#8211; 13.00<\/td>\n<\/tr>\n<tr>\n<td style=\"width: 30%\">Szerda<\/td>\n<td style=\"width: 1167.52%\">07.00 &#8211; 16.00<\/td>\n<\/tr>\n<tr>\n<td style=\"width: 30%\">Cs\u00fct\u00f6rt\u00f6k<\/td>\n<td style=\"width: 1167.52%\">07.00 &#8211; 13.00<\/td>\n<\/tr>\n<tr>\n<td style=\"width: 30%\">P\u00e9ntek<\/td>\n<td style=\"width: 1167.52%\">\u00a0<\/td>\n<\/tr>\n<\/tbody>\n<\/table>\n<div class=\"w-100\">\n<p><span style=\"color: #313b40;font-family: Montserrat, sans-serif;font-size: 22px;text-transform: uppercase\"><br \/>\nA szakrendel\u00e9s \u00e1ltal\u00e1nos c\u00e9lja<\/span><\/p>\n<\/div>\n<p>A 3-18 \u00e9ves koroszt\u00e1ly gyermekpszichi\u00e1triai \u00e9s gyermekpszichol\u00f3giai kivizsg\u00e1l\u00e1sa \u00e9s ter\u00e1pi\u00e1ja, sz\u00fcl\u0151konzult\u00e1ci\u00f3, vizsg\u00e1lt\/gondozott betegeink telefonon t\u00f6rt\u00e9n\u0151 (telemedicin\u00e1lis) ell\u00e1t\u00e1sa, ter\u00fcleti ell\u00e1t\u00e1si k\u00f6telezetts\u00e9g alapj\u00e1n, egyedi m\u00e9rlegel\u00e9sn\u00e9l befogad\u00f3 nyilatkozattal.<\/p>\n<p>S\u00falyos, vesz\u00e9lyeztet\u0151 \u00e1llapot\u00fa illetve addiktol\u00f3giai probl\u00e9m\u00e1kkal k\u00fczd\u0151 gyermekek ell\u00e1t\u00e1sa ter\u00e9n a ter\u00fcleti ell\u00e1t\u00e1s szerinti gyermekpszichi\u00e1triai oszt\u00e1lyok \/ szakrendel\u00e9sek illet\u00e9kesek.<\/p>\n","protected":false},"excerpt":{"rendered":"<p>Rendel\u00e9s\u00fcnk beutal\u00f3k\u00f6teles id\u0151pontot csak a gyermek t\u00f6rv\u00e9nyes k\u00e9pvisel\u0151je k\u00e9rhet a megadott id\u0151ben Vizsg\u00e1latra, ter\u00e1pi\u00e1s foglalkoz\u00e1sra a t\u00f6rv\u00e9nyes k\u00e9pvisel\u0151\/al\u00e1\u00edr\u00e1si joggal rendelkez\u0151 sz\u00fcl\u0151 k\u00eds\u00e9ret\u00e9ben lehet j\u00f6nni Bejelentkez\u00e9s: +36 20 666 3580 telefonsz\u00e1mon h\u00e9tf\u0151t\u0151l \u2013 p\u00e9ntekig 08.00-15.00 \u00f3ra k\u00f6z\u00f6tt lehets\u00e9ges\u00a0 Az els\u0151 interj\u00fara k\u00e9rj\u00fck, hozz\u00e1k magukkal: beutal\u00f3 TAJ k\u00e1rtya lakc\u00edm k\u00e1rtya A kor\u00e1bbi ell\u00e1t\u00e1sr\u00f3l k\u00e9sz\u00fclt szak\u00e9rt\u0151i v\u00e9lem\u00e9nyeket, leleteket, &hellip;<\/p>\n","protected":false},"author":101884,"featured_media":0,"parent":45,"menu_order":0,"comment_status":"closed","ping_status":"closed","template":"","meta":{"_acf_changed":false,"footnotes":""},"categories":[4],"tags":[],"class_list":["post-102","page","type-page","status-publish","hentry","category-szakrendelesek"],"acf":[],"_links":{"self":[{"href":"https:\/\/semmelweis.hu\/szakrendelo\/wp-json\/wp\/v2\/pages\/102","targetHints":{"allow":["GET"]}}],"collection":[{"href":"https:\/\/semmelweis.hu\/szakrendelo\/wp-json\/wp\/v2\/pages"}],"about":[{"href":"https:\/\/semmelweis.hu\/szakrendelo\/wp-json\/wp\/v2\/types\/page"}],"author":[{"embeddable":true,"href":"https:\/\/semmelweis.hu\/szakrendelo\/wp-json\/wp\/v2\/users\/101884"}],"replies":[{"embeddable":true,"href":"https:\/\/semmelweis.hu\/szakrendelo\/wp-json\/wp\/v2\/comments?post=102"}],"version-history":[{"count":13,"href":"https:\/\/semmelweis.hu\/szakrendelo\/wp-json\/wp\/v2\/pages\/102\/revisions"}],"predecessor-version":[{"id":1433,"href":"https:\/\/semmelweis.hu\/szakrendelo\/wp-json\/wp\/v2\/pages\/102\/revisions\/1433"}],"up":[{"embeddable":true,"href":"https:\/\/semmelweis.hu\/szakrendelo\/wp-json\/wp\/v2\/pages\/45"}],"wp:attachment":[{"href":"https:\/\/semmelweis.hu\/szakrendelo\/wp-json\/wp\/v2\/media?parent=102"}],"wp:term":[{"taxonomy":"category","embeddable":true,"href":"https:\/\/semmelweis.hu\/szakrendelo\/wp-json\/wp\/v2\/categories?post=102"},{"taxonomy":"post_tag","embeddable":true,"href":"https:\/\/semmelweis.hu\/szakrendelo\/wp-json\/wp\/v2\/tags?post=102"}],"curies":[{"name":"wp","href":"https:\/\/api.w.org\/{rel}","templated":true}]}}