{"id":8318,"date":"2023-01-16T06:03:32","date_gmt":"2023-01-16T05:03:32","guid":{"rendered":"https:\/\/semmelweis.hu\/szaknyelv\/?page_id=8318"},"modified":"2026-02-04T12:32:57","modified_gmt":"2026-02-04T11:32:57","slug":"aok-kot-val","status":"publish","type":"page","link":"https:\/\/semmelweis.hu\/szaknyelv\/oktatas\/tantargyak\/aok-kot-val\/","title":{"rendered":"\u00c1OK hallgat\u00f3k sz\u00e1m\u00e1ra k\u00f6telez\u0151k\u00e9nt elismertethet\u0151 k\u00f6telez\u0151en v\u00e1laszthat\u00f3 t\u00e1rgyak"},"content":{"rendered":"<p style=\"text-align: center\"><a class=\"button\" href=\"https:\/\/semmelweis.hu\/szaknyelv\/magyar-hallgatok-szamara-felveheto-kurzusok\/\" target=\"_self\" rel=\"noopener\">\u00d3rarend<\/a><\/p>\n<p style=\"text-align: center\"><strong>A k\u00f6telez\u0151k\u00e9nt elismertethet\u0151 k\u00f6telez\u0151en v\u00e1laszthat\u00f3 t\u00e1rgyak k\u00f6z\u00f6tt megtal\u00e1lj\u00e1k k\u00e9t kurzusunkat is:<\/strong><\/p>\n<p data-wp-editing=\"1\"><img loading=\"lazy\" decoding=\"async\" class=\"aligncenter wp-image-15662\" src=\"https:\/\/semmelweis.hu\/szaknyelv\/files\/2026\/02\/KOtval-25_26_2-400x203.png\" alt=\"\" width=\"1116\" height=\"567\" srcset=\"https:\/\/semmelweis.hu\/szaknyelv\/files\/2026\/02\/KOtval-25_26_2-400x203.png 400w, https:\/\/semmelweis.hu\/szaknyelv\/files\/2026\/02\/KOtval-25_26_2-1024x521.png 1024w, https:\/\/semmelweis.hu\/szaknyelv\/files\/2026\/02\/KOtval-25_26_2-768x391.png 768w, https:\/\/semmelweis.hu\/szaknyelv\/files\/2026\/02\/KOtval-25_26_2-753x383.png 753w, https:\/\/semmelweis.hu\/szaknyelv\/files\/2026\/02\/KOtval-25_26_2.png 1180w\" sizes=\"auto, (max-width: 1116px) 100vw, 1116px\" \/><span style=\"font-size: 12pt\">A <strong>Magyar orvosi nyelv<\/strong> kurzust FOK \u00e9s GYTK hallgat\u00f3k az al\u00e1bbi k\u00f3dokon vehetik fel v\u00e1laszthat\u00f3 t\u00e1rgyk\u00e9nt: FOSVNYE342_1M \/ GYSNYE258E1M<\/span><\/p>\n<p>&nbsp;<\/p>\n","protected":false},"excerpt":{"rendered":"<p><a class=\"button\" href=\"https:\/\/semmelweis.hu\/szaknyelv\/magyar-hallgatok-szamara-felveheto-kurzusok\/\" target=\"_self\" rel=\"noopener\">\u00d3rarend<\/a><br \/>\nA k\u00f6telez\u0151k\u00e9nt elismertethet\u0151 k\u00f6telez\u0151en v\u00e1laszthat\u00f3 t\u00e1rgyak k\u00f6z\u00f6tt megtal\u00e1lj\u00e1k k\u00e9t kurzusunkat is:<br \/>\nA Magyar orvosi nyelv kurzust FOK \u00e9s GYTK hallgat\u00f3k az al\u00e1bbi k\u00f3dokon vehetik fel v\u00e1laszthat\u00f3 t\u00e1rgyk\u00e9nt: FOSVNYE342_1M \/ GYSNYE258E1M<br \/>\n&nbsp;<\/p>\n","protected":false},"author":102166,"featured_media":0,"parent":4260,"menu_order":0,"comment_status":"closed","ping_status":"closed","template":"","meta":{"_acf_changed":false,"footnotes":""},"categories":[],"tags":[],"class_list":["post-8318","page","type-page","status-publish","hentry"],"acf":[],"_links":{"self":[{"href":"https:\/\/semmelweis.hu\/szaknyelv\/wp-json\/wp\/v2\/pages\/8318","targetHints":{"allow":["GET"]}}],"collection":[{"href":"https:\/\/semmelweis.hu\/szaknyelv\/wp-json\/wp\/v2\/pages"}],"about":[{"href":"https:\/\/semmelweis.hu\/szaknyelv\/wp-json\/wp\/v2\/types\/page"}],"author":[{"embeddable":true,"href":"https:\/\/semmelweis.hu\/szaknyelv\/wp-json\/wp\/v2\/users\/102166"}],"replies":[{"embeddable":true,"href":"https:\/\/semmelweis.hu\/szaknyelv\/wp-json\/wp\/v2\/comments?post=8318"}],"version-history":[{"count":10,"href":"https:\/\/semmelweis.hu\/szaknyelv\/wp-json\/wp\/v2\/pages\/8318\/revisions"}],"predecessor-version":[{"id":15663,"href":"https:\/\/semmelweis.hu\/szaknyelv\/wp-json\/wp\/v2\/pages\/8318\/revisions\/15663"}],"up":[{"embeddable":true,"href":"https:\/\/semmelweis.hu\/szaknyelv\/wp-json\/wp\/v2\/pages\/4260"}],"wp:attachment":[{"href":"https:\/\/semmelweis.hu\/szaknyelv\/wp-json\/wp\/v2\/media?parent=8318"}],"wp:term":[{"taxonomy":"category","embeddable":true,"href":"https:\/\/semmelweis.hu\/szaknyelv\/wp-json\/wp\/v2\/categories?post=8318"},{"taxonomy":"post_tag","embeddable":true,"href":"https:\/\/semmelweis.hu\/szaknyelv\/wp-json\/wp\/v2\/tags?post=8318"}],"curies":[{"name":"wp","href":"https:\/\/api.w.org\/{rel}","templated":true}]}}