{"id":8184,"date":"2022-12-19T09:21:09","date_gmt":"2022-12-19T08:21:09","guid":{"rendered":"https:\/\/semmelweis.hu\/szaknyelv\/?page_id=8184"},"modified":"2022-12-19T11:32:50","modified_gmt":"2022-12-19T10:32:50","slug":"telc-deutsch-medizin-fachsprachprufung-vizsgafelkeszito","status":"publish","type":"page","link":"https:\/\/semmelweis.hu\/szaknyelv\/telc-deutsch-medizin-fachsprachprufung-vizsgafelkeszito\/","title":{"rendered":"telc Deutsch Medizin Fachsprachpr\u00fcfung orvosi n\u00e9met vizsgafelk\u00e9sz\u00edt\u0151 tanfolyam"},"content":{"rendered":"<p style=\"text-align: center\">A Semmelweis Egyetem Szaknyelvi Int\u00e9zete<\/p>\n<p style=\"text-align: center\"><strong>online telc Deutsch B2\u00b7C1 Medizin Fachsprachpr\u00fcfung<\/strong> orvosi n\u00e9met vizsgafelk\u00e9sz\u00edt\u0151 tanfolyamot ind\u00edt<\/p>\n<div class=\"x11i5rnm xat24cr x1mh8g0r x1vvkbs xtlvy1s x126k92a\">\n<div dir=\"auto\" style=\"text-align: justify\"><strong>Azoknak aj\u00e1nljuk, akik szeretn\u00e9nek:<\/strong><\/div>\n<div dir=\"auto\" style=\"text-align: justify\">&#8211; a j\u00f6v\u0151ben n\u00e9met nyelvter\u00fcleten orvosk\u00e9nt dolgozni,<\/div>\n<div dir=\"auto\" style=\"text-align: justify\">&#8211; intenz\u00edv tanfolyam keret\u00e9ben, t\u00f6bb \u00e9ves \u00e1ltal\u00e1nos nyelvi el\u0151k\u00e9sz\u00edt\u00e9s n\u00e9lk\u00fcl c\u00e9lir\u00e1nyosan, a munkav\u00e1llal\u00e1shoz sz\u00fcks\u00e9ges orvosi szaknyelvet tanulni,<\/div>\n<div dir=\"auto\" style=\"text-align: justify\">&#8211; r\u00e9szt venni a k\u00f6vetkez\u0151 telc Medizin FSP vizsg\u00e1n 2023. febru\u00e1rj\u00e1ban a Szaknyelvi Int\u00e9zetben.<\/div>\n<\/div>\n<div class=\"x11i5rnm xat24cr x1mh8g0r x1vvkbs xtlvy1s x126k92a\">\n<div dir=\"auto\">\u00a0<\/div>\n<div dir=\"auto\">Tanfolyamunk 60 \u00f3r\u00e1s (60&#215;45 perc), minden kedden \u00e9s cs\u00fct\u00f6rt\u00f6k\u00f6n napi 6 \u00f3r\u00e1ban (9-14 \u00f3ra k\u00f6z\u00f6tt), 5 h\u00e9ten \u00e1t k\u00e9sz\u00edt fel a telc Medizin FSP vizsg\u00e1ra.<\/div>\n<div dir=\"auto\">A tanfolyam 2023. janu\u00e1r 10-\u00e9n indul.<\/div>\n<div dir=\"auto\"><strong>Jelentkez\u00e9si \u00e9s befizet\u00e9si hat\u00e1rid\u0151:<\/strong> 2023. janu\u00e1r 9.<\/div>\n<div dir=\"auto\">\u00a0<\/div>\n<\/div>\n<p><strong>El\u00e9rhet\u0151s\u00e9g<br \/>\n<\/strong>Vas Zsuzsanna (koordin\u00e1tor)<br \/>\n+20 6663424<br \/>\n<a href=\"mailto:vas.zsuzsanna@semmelweis-univ.hu\">vas.zsuzsanna@semmelweis-univ.hu<\/a><br \/>\nfacebook.com\/szaknyelviintezet<\/p>\n<p><strong>Tov\u00e1bbi vizsgainform\u00e1ci\u00f3k:<\/strong><br \/>\n<a href=\"https:\/\/semmelweis.hu\/szaknyelv\/nyelvvizsgak\/szaknyelvi-vizsgak\/telc-medizin\/\">https:\/\/semmelweis.hu\/szaknyelv\/nyelvvizsgak\/szaknyelvi-vizsgak\/telc-medizin\/<\/a><\/p>\n<p>&nbsp;<\/p>\n<p><img loading=\"lazy\" decoding=\"async\" class=\"aligncenter wp-image-8186 size-large\" src=\"https:\/\/semmelweis.hu\/szaknyelv\/files\/2022\/12\/telc-Medizin-tanf-HUN-6-724x1024.png\" alt=\"\" width=\"724\" height=\"1024\" \/><\/p>\n<p>&nbsp;<\/p>\n<p>&nbsp;<\/p>\n","protected":false},"excerpt":{"rendered":"<p>A Semmelweis Egyetem Szaknyelvi Int\u00e9zete online telc Deutsch B2\u00b7C1 Medizin Fachsprachpr\u00fcfung orvosi n\u00e9met vizsgafelk\u00e9sz\u00edt\u0151 tanfolyamot ind\u00edt Azoknak aj\u00e1nljuk, akik szeretn\u00e9nek: &#8211; a j\u00f6v\u0151ben n\u00e9met nyelvter\u00fcleten orvosk\u00e9nt dolgozni, &#8211; intenz\u00edv tanfolyam keret\u00e9ben, t\u00f6bb \u00e9ves \u00e1ltal\u00e1nos nyelvi el\u0151k\u00e9sz\u00edt\u00e9s n\u00e9lk\u00fcl c\u00e9lir\u00e1nyosan, a munkav\u00e1llal\u00e1shoz sz\u00fcks\u00e9ges orvosi szaknyelvet tanulni, &#8211; r\u00e9szt venni a k\u00f6vetkez\u0151 telc Medizin FSP vizsg\u00e1n 2023. febru\u00e1rj\u00e1ban &hellip;<\/p>\n","protected":false},"author":118,"featured_media":0,"parent":0,"menu_order":0,"comment_status":"closed","ping_status":"closed","template":"","meta":{"_acf_changed":false,"footnotes":""},"categories":[],"tags":[],"class_list":["post-8184","page","type-page","status-publish","hentry"],"acf":[],"_links":{"self":[{"href":"https:\/\/semmelweis.hu\/szaknyelv\/wp-json\/wp\/v2\/pages\/8184","targetHints":{"allow":["GET"]}}],"collection":[{"href":"https:\/\/semmelweis.hu\/szaknyelv\/wp-json\/wp\/v2\/pages"}],"about":[{"href":"https:\/\/semmelweis.hu\/szaknyelv\/wp-json\/wp\/v2\/types\/page"}],"author":[{"embeddable":true,"href":"https:\/\/semmelweis.hu\/szaknyelv\/wp-json\/wp\/v2\/users\/118"}],"replies":[{"embeddable":true,"href":"https:\/\/semmelweis.hu\/szaknyelv\/wp-json\/wp\/v2\/comments?post=8184"}],"version-history":[{"count":9,"href":"https:\/\/semmelweis.hu\/szaknyelv\/wp-json\/wp\/v2\/pages\/8184\/revisions"}],"predecessor-version":[{"id":8229,"href":"https:\/\/semmelweis.hu\/szaknyelv\/wp-json\/wp\/v2\/pages\/8184\/revisions\/8229"}],"wp:attachment":[{"href":"https:\/\/semmelweis.hu\/szaknyelv\/wp-json\/wp\/v2\/media?parent=8184"}],"wp:term":[{"taxonomy":"category","embeddable":true,"href":"https:\/\/semmelweis.hu\/szaknyelv\/wp-json\/wp\/v2\/categories?post=8184"},{"taxonomy":"post_tag","embeddable":true,"href":"https:\/\/semmelweis.hu\/szaknyelv\/wp-json\/wp\/v2\/tags?post=8184"}],"curies":[{"name":"wp","href":"https:\/\/api.w.org\/{rel}","templated":true}]}}