{"id":7973,"date":"2022-11-10T15:09:26","date_gmt":"2022-11-10T14:09:26","guid":{"rendered":"https:\/\/semmelweis.hu\/szaknyelv\/?page_id=7973"},"modified":"2023-10-02T10:08:57","modified_gmt":"2023-10-02T08:08:57","slug":"manye-xxix","status":"publish","type":"page","link":"https:\/\/semmelweis.hu\/szaknyelv\/manye-xxix\/","title":{"rendered":"MANYE XXIX."},"content":{"rendered":"<p style=\"text-align: left\"><strong>MANYE<\/strong><\/p>\n<p style=\"text-align: left\"><strong> XXIX. MAGYAR ALKALMAZOTT NYELV\u00c9SZETI KONGRESSZUS<br \/>\n<\/strong><strong>D\u00e1tum:<\/strong> 2023. m\u00e1rcius 17-18.<br \/>\n<strong>Helysz\u00edn:<\/strong> Semmelweis Egyetem Elm\u00e9leti Orvostudom\u00e1nyi K\u00f6zpont, <br \/>\n1094, Budapest, T\u0171zolt\u00f3 u. 37-43.<br \/>\n<strong>Forma<\/strong>: hibrid<br \/>\n<strong>Kapcsolat<\/strong>: <a href=\"mailto:manye2329@gmail.com\">manye2329@gmail.com<\/a><\/p>\n<p>&nbsp;<\/p>\n<p><strong>29th CONGRESS OF HUNGARIAN APPLIED LINGUISTICS<\/strong><br \/>\n<strong>Date<\/strong>: 17-18 March, 2023<br \/>\n<strong>Venue<\/strong>: Semmelweis University, Basic Medical Science Center (EOK),<br \/>\nH-1094 Budapest, T\u0171zolt\u00f3 u. 37-43. <br \/>\n<strong>Form<\/strong>: hybrid<br \/>\n<strong>Contact<\/strong>: <a href=\"mailto:manye2329@gmail.com\">manye2329@gmail.com<\/a><\/p>\n<p>&nbsp;<\/p>\n<div class=\"exp-col-content-holder\"><a class=\"expand-cnt-link\" href=\"#\">K\u00f6rlevelek \/ Circulars<\/a><\/p>\n<div class=\"hidden-content\">\n<p><a href=\"https:\/\/semmelweis.hu\/szaknyelv\/files\/2022\/11\/MANYE-0.-meghivo.pdf\">El\u0151zetes t\u00e1j\u00e9koztat\u00f3<\/a> \/ <a href=\"https:\/\/semmelweis.hu\/szaknyelv\/files\/2022\/12\/MANYE-Call_2023.pdf\">Call<\/a><\/p>\n<p><a href=\"https:\/\/semmelweis.hu\/szaknyelv\/files\/2023\/01\/MANYE-1.-korlevel.pdf\">1. k\u00f6rlev\u00e9l<\/a> \/ <a href=\"https:\/\/semmelweis.hu\/szaknyelv\/files\/2023\/01\/MANYE-First-Circular_2023-2.pdf\">First circular<\/a><\/p>\n<p><a href=\"https:\/\/semmelweis.hu\/szaknyelv\/files\/2023\/01\/MANYE-2.-korlevel-2.pdf\">2. k\u00f6rlev\u00e9l<\/a> \/ <a href=\"https:\/\/semmelweis.hu\/szaknyelv\/files\/2023\/01\/MANYE-Second-Circular_2023.pdf\">Second circular<\/a><\/p>\n<p><a href=\"https:\/\/semmelweis.hu\/szaknyelv\/files\/2023\/02\/MANYE-3.-korlevel-1.pdf\">3. k\u00f6rlev\u00e9l<\/a> \/ <a href=\"https:\/\/semmelweis.hu\/szaknyelv\/files\/2023\/02\/MANYE-Third-Circular_2023-1.pdf\">Third circular<\/a><\/p>\n<p><a href=\"https:\/\/semmelweis.hu\/szaknyelv\/files\/2023\/02\/MANYE-4.-korlevel.pdf\">4. k\u00f6rlev\u00e9l<\/a> \/ <a href=\"https:\/\/semmelweis.hu\/szaknyelv\/files\/2023\/02\/MANYE-Circular-4_2023.pdf\">Fourth circular<\/a><\/p>\n<p><a href=\"https:\/\/semmelweis.hu\/szaknyelv\/files\/2023\/03\/MANYE-5.-korlevel.pdf\">5. k\u00f6rlev\u00e9l<\/a> \/ <a href=\"https:\/\/semmelweis.hu\/szaknyelv\/files\/2023\/04\/MANYE-Circular-5_2023.pdf\">Fifth circular<\/a><\/p>\n<p><a href=\"https:\/\/semmelweis.hu\/szaknyelv\/files\/2023\/07\/MANYE-6.-korlevel.pdf\">6. k\u00f6rlev\u00e9l<\/a> \/ <a href=\"https:\/\/semmelweis.hu\/szaknyelv\/files\/2023\/08\/MANYE-Circular-6_2023-2.pdf\">Sixth circular<\/a><\/p>\n<p><a href=\"https:\/\/semmelweis.hu\/szaknyelv\/files\/2023\/09\/MANYE-7.-korlevel.pdf\">7. k\u00f6rlev\u00e9l<\/a> \/ <a href=\"https:\/\/semmelweis.hu\/szaknyelv\/files\/2023\/10\/MANYE-Circular-7_2023.pdf\">Seventh circular<\/a><\/p>\n<\/div>\n<\/div>\n<div class=\"exp-col-content-holder\"><a class=\"expand-cnt-link\" href=\"#\">Publik\u00e1ci\u00f3\/ Publication<\/a><\/p>\n<div class=\"hidden-content\">\n<p><a href=\"https:\/\/semmelweis.hu\/szaknyelv\/files\/2023\/03\/MANYE-5.-korlevel.pdf\">5. k\u00f6rlev\u00e9l (Publik\u00e1ci\u00f3)<\/a> \/ <a href=\"https:\/\/semmelweis.hu\/szaknyelv\/files\/2023\/04\/MANYE-Circular-5_2023.pdf\">Fifth circular (Manuscript submission)<\/a><\/p>\n<p><a href=\"https:\/\/semmelweis.hu\/szaknyelv\/files\/2023\/07\/MANYE-6.-korlevel.pdf\">6. k\u00f6rlev\u00e9l<\/a> \/ <a href=\"https:\/\/semmelweis.hu\/szaknyelv\/files\/2023\/08\/MANYE-Circular-6_2023-2.pdf\">Sixth circular<\/a><\/p>\n<p><a href=\"https:\/\/semmelweis.hu\/szaknyelv\/files\/2023\/09\/MANYE-7.-korlevel.pdf\">7. k\u00f6rlev\u00e9l<\/a><a href=\"https:\/\/semmelweis.hu\/szaknyelv\/files\/2023\/09\/MANYE-7.-korlevel.pdf\"> \/ <\/a><a href=\"https:\/\/semmelweis.hu\/szaknyelv\/files\/2023\/10\/MANYE-Circular-7_2023.pdf\">Seventh circular<\/a><\/p>\n<\/div>\n<\/div>\n<div class=\"exp-col-content-holder\"><a class=\"expand-cnt-link\" href=\"#\">Programf\u00fczet \/ Programme<\/a><\/p>\n<div class=\"hidden-content\">\n<p><a href=\"https:\/\/semmelweis.hu\/szaknyelv\/files\/2023\/03\/MANYE_programfuzet-frissitett2.pdf\">Programf\u00fczet &#8211; Programme<\/a><\/p>\n<\/div>\n<\/div>\n<div class=\"exp-col-content-holder\"><a class=\"expand-cnt-link\" href=\"#\">Absztraktf\u00fczet \/ Abstracts <\/a><\/p>\n<div class=\"hidden-content\">\n<p><a href=\"https:\/\/semmelweis.hu\/szaknyelv\/files\/2023\/03\/MANYE_absztraktfuzet2.pdf\">Absztraktf\u00fczet &#8211; Abstracts <\/a><\/p>\n<\/div>\n<\/div>\n<div class=\"exp-col-content-holder\"><a class=\"expand-cnt-link\" href=\"#\">Hat\u00e1rid\u0151k \/ Deadlines<\/a><\/p>\n<div class=\"hidden-content\">\n<table style=\"width: 92.7389%;height: 285px\">\n<tbody>\n<tr>\n<td style=\"width: 57.5588%\" width=\"392\">\n<p>Regisztr\u00e1ci\u00f3 el\u0151ad\u00f3k sz\u00e1m\u00e1ra \/ Registration for presenters\u00a0<\/p>\n<\/td>\n<td style=\"width: 42.3292%\" width=\"392\">\n<p>meghosszabb\u00edtva\/extended: 2023. febru\u00e1r 28.<\/p>\n<\/td>\n<\/tr>\n<tr>\n<td style=\"width: 57.5588%\" width=\"392\">\n<p>Regisztr\u00e1ci\u00f3 r\u00e9sztvev\u0151k sz\u00e1m\u00e1ra \/ Registration for participants<\/p>\n<\/td>\n<td style=\"width: 42.3292%\" width=\"392\">\n<p>2023. m\u00e1rcius 10.<\/p>\n<\/td>\n<\/tr>\n<tr>\n<td style=\"width: 57.5588%\" width=\"392\">\n<p>Absztrakt felt\u00f6lt\u00e9s \/ Abstract submission<\/p>\n<\/td>\n<td style=\"width: 42.3292%\" width=\"392\">\n<p>meghosszabb\u00edtva\/extended: 2023. febru\u00e1r 28.<\/p>\n<\/td>\n<\/tr>\n<tr>\n<td style=\"width: 57.5588%\" width=\"392\">\n<p>Cikklead\u00e1s \/ Manuscript submission<\/p>\n<\/td>\n<td style=\"width: 42.3292%\" width=\"392\">\n<p>meghosszabb\u00edtva\/extended: 2023. okt\u00f3ber 15.<\/p>\n<\/td>\n<\/tr>\n<\/tbody>\n<\/table>\n<\/div>\n<\/div>\n<div class=\"exp-col-content-holder\"><a class=\"expand-cnt-link\" href=\"#\">R\u00e9szv\u00e9teli d\u00edj \/ Registration fee<\/a><\/p>\n<div class=\"hidden-content\">\n<p>Szem\u00e9lyes vagy online r\u00e9szt\u00e9tel eset\u00e9n \/ In person or online participation:<\/p>\n<table style=\"width: 93.1902%\">\n<tbody>\n<tr>\n<td style=\"width: 20.2331%\">MANYE tagoknak \/ MANYE members<\/td>\n<td style=\"width: 36.017%\">PhD hallgat\u00f3 MANYE tagoknak \/ PhD students with MANYE membership<\/td>\n<td style=\"width: 20.339%\">\n<p>Nem MANYE tagoknak \/ non-members<\/p>\n<\/td>\n<td style=\"width: 20.339%\">Gradu\u00e1lis hallgat\u00f3knak \/ Undergraduate students<\/td>\n<\/tr>\n<tr>\n<td style=\"width: 20.2331%\">12.000 Ft<\/td>\n<td style=\"width: 36.017%\">10.000 Ft<\/td>\n<td style=\"width: 20.339%\">17.000 Ft<\/td>\n<td style=\"width: 20.339%\">2.500 Ft<\/td>\n<\/tr>\n<\/tbody>\n<\/table>\n<p><strong>A kongresszusi banksz\u00e1mla adatai: <br \/>\n<\/strong>Bank neve: ERSTE Bank Hungary Rt.\u00a0<br \/>\nA kongresszus banksz\u00e1mlasz\u00e1ma: 11600006-00000001-96398549<br \/>\n\u00c1tutal\u00e1skor a \u201eK\u00f6zlem\u00e9ny\u201d rovatban k\u00e9rj\u00fck felt\u00fcntetni a r\u00e9sztvev\u0151 nev\u00e9t.<\/p>\n<p><strong>Bank details:<\/strong> <br \/>\nBank name: ERSTE Bank Hungary Rt.<br \/>\nBank account number: 11600006-00000001-96398549<br \/>\nPlease, add your name to the Announcement box when transferring.<\/p>\n<\/div>\n<\/div>\n<div class=\"exp-col-content-holder\"><a class=\"expand-cnt-link\" href=\"#\">T\u00e1mogat\u00f3ink \/ Our sponsors<\/a><\/p>\n<div class=\"hidden-content\">\n<p class=\"hiddenContentp\"><a href=\"https:\/\/web.akademiai.hu\/elofizetoi-ajanlat-2023?utm_source=manye&amp;utm_medium=banner&amp;utm_campaign=elofizetoi-ajanlat-2023\">Akad\u00e9miai Kiad\u00f3<\/a><\/p>\n<p><a href=\"https:\/\/web.akademiai.hu\/elofizetoi-ajanlat-2023?utm_source=manye&amp;utm_medium=banner&amp;utm_campaign=elofizetoi-ajanlat-2023\"><img loading=\"lazy\" decoding=\"async\" class=\"alignnone wp-image-9323 size-medium\" src=\"https:\/\/semmelweis.hu\/szaknyelv\/files\/2023\/03\/image001-400x95.png\" alt=\"\" width=\"400\" height=\"95\" srcset=\"https:\/\/semmelweis.hu\/szaknyelv\/files\/2023\/03\/image001-400x95.png 400w, https:\/\/semmelweis.hu\/szaknyelv\/files\/2023\/03\/image001-768x183.png 768w, https:\/\/semmelweis.hu\/szaknyelv\/files\/2023\/03\/image001-753x179.png 753w, https:\/\/semmelweis.hu\/szaknyelv\/files\/2023\/03\/image001.png 794w\" sizes=\"auto, (max-width: 400px) 100vw, 400px\" \/><\/a>\u00a0<\/p>\n<p><a href=\"https:\/\/web.akademiai.hu\/elofizetoi-ajanlat-2023?utm_source=manye&amp;utm_medium=banner&amp;utm_campaign=elofizetoi-ajanlat-2023\"><img loading=\"lazy\" decoding=\"async\" class=\"alignnone wp-image-9324 size-medium\" src=\"https:\/\/semmelweis.hu\/szaknyelv\/files\/2023\/03\/Szotar.net_FB_1080x1080-400x400.jpg\" alt=\"\" width=\"400\" height=\"400\" srcset=\"https:\/\/semmelweis.hu\/szaknyelv\/files\/2023\/03\/Szotar.net_FB_1080x1080-400x400.jpg 400w, https:\/\/semmelweis.hu\/szaknyelv\/files\/2023\/03\/Szotar.net_FB_1080x1080-1024x1024.jpg 1024w, https:\/\/semmelweis.hu\/szaknyelv\/files\/2023\/03\/Szotar.net_FB_1080x1080-150x150.jpg 150w, https:\/\/semmelweis.hu\/szaknyelv\/files\/2023\/03\/Szotar.net_FB_1080x1080-768x768.jpg 768w, https:\/\/semmelweis.hu\/szaknyelv\/files\/2023\/03\/Szotar.net_FB_1080x1080-1536x1536.jpg 1536w, https:\/\/semmelweis.hu\/szaknyelv\/files\/2023\/03\/Szotar.net_FB_1080x1080-2048x2048.jpg 2048w, https:\/\/semmelweis.hu\/szaknyelv\/files\/2023\/03\/Szotar.net_FB_1080x1080-753x753.jpg 753w\" sizes=\"auto, (max-width: 400px) 100vw, 400px\" \/><\/a><\/p>\n<p><a href=\"https:\/\/tka.hu\/\">Tempus K\u00f6zalap\u00edtv\u00e1ny<\/a><\/p>\n<p><a href=\"https:\/\/tka.hu\/\"><img loading=\"lazy\" decoding=\"async\" class=\"alignnone wp-image-9332\" src=\"https:\/\/semmelweis.hu\/szaknyelv\/files\/2023\/03\/TKA_logo_hor_HU_colour-400x140.jpg\" alt=\"\" width=\"426\" height=\"149\" srcset=\"https:\/\/semmelweis.hu\/szaknyelv\/files\/2023\/03\/TKA_logo_hor_HU_colour-400x140.jpg 400w, https:\/\/semmelweis.hu\/szaknyelv\/files\/2023\/03\/TKA_logo_hor_HU_colour-1024x359.jpg 1024w, https:\/\/semmelweis.hu\/szaknyelv\/files\/2023\/03\/TKA_logo_hor_HU_colour-768x269.jpg 768w, https:\/\/semmelweis.hu\/szaknyelv\/files\/2023\/03\/TKA_logo_hor_HU_colour-1536x538.jpg 1536w, https:\/\/semmelweis.hu\/szaknyelv\/files\/2023\/03\/TKA_logo_hor_HU_colour-753x264.jpg 753w, https:\/\/semmelweis.hu\/szaknyelv\/files\/2023\/03\/TKA_logo_hor_HU_colour.jpg 1585w\" sizes=\"auto, (max-width: 426px) 100vw, 426px\" \/><\/a><\/p>\n<\/div>\n<\/div>\n<div class=\"exp-col-content-holder\"><a class=\"expand-cnt-link\" href=\"#\">Gal\u00e9ria \/ Gallery <\/a><\/p>\n<div class=\"hidden-content\">\n<p><a href=\"http:\/\/archivum.semmelweis.hu\/pages\/search.php?search=%21collection3791&amp;k=a2b98bda6b\">Fot\u00f3k\/Photos<\/a><\/p>\n<\/div>\n<\/div>\n<p>&nbsp;<\/p>\n<p style=\"text-align: center\"><a class=\"button\" href=\"https:\/\/forms.gle\/TheJdXXyPXkSTbTL8\" target=\"_blank\" rel=\"noopener\">REGISZTR\u00c1CI\u00d3 \/ REGISTRATION<\/a><\/p>\n<p style=\"text-align: center\"><a class=\"button\" href=\"https:\/\/easychair.org\/conferences\/?conf=manye29\" target=\"_blank\" rel=\"noopener\">ABSZTRAKT felt\u00f6lt\u00e9s \/ ABSTRACT SUBMISSION<\/a><\/p>\n<p>&nbsp;<\/p>\n","protected":false},"excerpt":{"rendered":"<p>MANYE XXIX. MAGYAR ALKALMAZOTT NYELV\u00c9SZETI KONGRESSZUS D\u00e1tum: 2023. m\u00e1rcius 17-18. Helysz\u00edn: Semmelweis Egyetem Elm\u00e9leti Orvostudom\u00e1nyi K\u00f6zpont, 1094, Budapest, T\u0171zolt\u00f3 u. 37-43. Forma: hibrid Kapcsolat: <a href=\"mailto:manye2329@gmail.com\">manye2329@gmail.com<\/a> &nbsp; 29th CONGRESS OF HUNGARIAN APPLIED LINGUISTICS Date: 17-18 March, 2023 Venue: Semmelweis University, Basic Medical Science Center (EOK), H-1094 Budapest, T\u0171zolt\u00f3 u. 37-43. Form: hybrid Contact: <a href=\"mailto:manye2329@gmail.com\">manye2329@gmail.com<\/a> &nbsp; <a class=\"expand-cnt-link\" href=\"#\">K\u00f6rlevelek \/ Circulars<\/a> <a href=\"https:\/\/semmelweis.hu\/szaknyelv\/files\/2022\/11\/MANYE-0.-meghivo.pdf\">El\u0151zetes t\u00e1j\u00e9koztat\u00f3<\/a> \/ <a href=\"https:\/\/semmelweis.hu\/szaknyelv\/files\/2022\/12\/MANYE-Call_2023.pdf\">Call<\/a> <a href=\"https:\/\/semmelweis.hu\/szaknyelv\/files\/2023\/01\/MANYE-1.-korlevel.pdf\">1. k\u00f6rlev\u00e9l<\/a> \/ <a href=\"https:\/\/semmelweis.hu\/szaknyelv\/files\/2023\/01\/MANYE-First-Circular_2023-2.pdf\">First circular<\/a> <a href=\"https:\/\/semmelweis.hu\/szaknyelv\/files\/2023\/01\/MANYE-2.-korlevel-2.pdf\">2. k\u00f6rlev\u00e9l<\/a> \/ &hellip;<\/p>\n","protected":false},"author":118,"featured_media":0,"parent":0,"menu_order":0,"comment_status":"closed","ping_status":"closed","template":"","meta":{"_acf_changed":false,"footnotes":""},"categories":[],"tags":[],"class_list":["post-7973","page","type-page","status-publish","hentry"],"acf":[],"_links":{"self":[{"href":"https:\/\/semmelweis.hu\/szaknyelv\/wp-json\/wp\/v2\/pages\/7973","targetHints":{"allow":["GET"]}}],"collection":[{"href":"https:\/\/semmelweis.hu\/szaknyelv\/wp-json\/wp\/v2\/pages"}],"about":[{"href":"https:\/\/semmelweis.hu\/szaknyelv\/wp-json\/wp\/v2\/types\/page"}],"author":[{"embeddable":true,"href":"https:\/\/semmelweis.hu\/szaknyelv\/wp-json\/wp\/v2\/users\/118"}],"replies":[{"embeddable":true,"href":"https:\/\/semmelweis.hu\/szaknyelv\/wp-json\/wp\/v2\/comments?post=7973"}],"version-history":[{"count":10,"href":"https:\/\/semmelweis.hu\/szaknyelv\/wp-json\/wp\/v2\/pages\/7973\/revisions"}],"predecessor-version":[{"id":11596,"href":"https:\/\/semmelweis.hu\/szaknyelv\/wp-json\/wp\/v2\/pages\/7973\/revisions\/11596"}],"wp:attachment":[{"href":"https:\/\/semmelweis.hu\/szaknyelv\/wp-json\/wp\/v2\/media?parent=7973"}],"wp:term":[{"taxonomy":"category","embeddable":true,"href":"https:\/\/semmelweis.hu\/szaknyelv\/wp-json\/wp\/v2\/categories?post=7973"},{"taxonomy":"post_tag","embeddable":true,"href":"https:\/\/semmelweis.hu\/szaknyelv\/wp-json\/wp\/v2\/tags?post=7973"}],"curies":[{"name":"wp","href":"https:\/\/api.w.org\/{rel}","templated":true}]}}