{"id":7828,"date":"2022-10-26T13:53:08","date_gmt":"2022-10-26T11:53:08","guid":{"rendered":"https:\/\/semmelweis.hu\/szaknyelv\/?page_id=7828"},"modified":"2024-01-24T12:58:36","modified_gmt":"2024-01-24T11:58:36","slug":"contacts-chart","status":"publish","type":"page","link":"https:\/\/semmelweis.hu\/szaknyelv\/en\/contacts-chart\/","title":{"rendered":"More contacts"},"content":{"rendered":"<div class=\"responsive-tabs\">\n<h2 class=\"tabtitle\">Graduate programs<\/h2>\n<div class=\"tabcontent\">\n\n<table>\n<tbody>\n<tr>\n<td>\n<p><strong>Alexandra Vivien Zimonyi-Bak\u00f3 <\/strong><br \/>\nVice-Director for Studies <br \/>\n<a href=\"bako.alexandra@semmelweis.hu\">bako.alexandra@semmelweis.hu<\/a><\/p>\n<\/td>\n<td>\n<p>+36300164236<\/p>\n<\/td>\n<\/tr>\n<tr>\n<td>\n<p><strong>Rita Sarkadi Nagy <\/strong><br \/>\nAdministrative coordinator<br \/>\n<a href=\"sarkadi-nagy.rita@semmelweis.hu\">sarkadi-nagy.rita@semmelweis.hu<\/a><\/p>\n<\/td>\n<td>\n<p>+36300164229<\/p>\n<\/td>\n<\/tr>\n<\/tbody>\n<\/table>\n\n<\/div><h2 class=\"tabtitle\">Postgraduate programs<\/h2>\n<div class=\"tabcontent\">\n\n<table>\n<tbody>\n<tr>\n<td>\n<p><strong>Ildik\u00f3 B\u00e9k\u00e9si <br \/>\n<\/strong>Administrative coordinator<br \/>\n<a href=\"bekesi.ildiko1@semmelweis.hu\">bekesi.ildiko1@semmelweis.hu<\/a><\/p>\n<\/td>\n<td>\n<p>+36300164255<\/p>\n<\/td>\n<\/tr>\n<tr>\n<td>\n<p><strong>Rita Sarkadi Nagy <br \/>\n<\/strong>Administrative coordinator<br \/>\n<a href=\"sarkadi-nagy.rita@semmelweis.hu\">sarkadi-nagy.rita@semmelweis.hu<\/a><\/p>\n<\/td>\n<td>\n<p>+36300164229<\/p>\n<\/td>\n<\/tr>\n<tr>\n<td>\n<p><strong>\u00c1gnes Horv\u00e1th Ph.D.<br \/>\n<\/strong>Subject content coordinator, Medical interpreter and translator training (English)<br \/>\n<a href=\"horvath.agnes@semmelweis.hu\">horvath.agnes@semmelweis.hu<\/a><\/p>\n<\/td>\n<td>\n<p>+36300164234<\/p>\n<\/td>\n<\/tr>\n<tr>\n<td>\n<p><strong>Krisztina Kov\u00e1cs-Dobos <br \/>\n<\/strong>Subject content coordinator, Medical interpreter and translator training (German)<br \/>\n<a href=\"mailto:kovacs.krisztina@med.semmelweis-univ.hu\">kovacs.krisztina@med.semmelweis-univ.hu<\/a><\/p>\n<\/td>\n<td>\n<p>+36300164232<\/p>\n<\/td>\n<\/tr>\n<\/tbody>\n<\/table>\n\n<\/div><h2 class=\"tabtitle\">Courses<\/h2>\n<div class=\"tabcontent\">\n\n<table style=\"width: 74.4283%\">\n<tbody>\n<tr>\n<td style=\"width: 115.677%\">\n<p><strong>Eszter Dud\u00e1s<br \/>\n<\/strong>Administrative coordinator<br \/>\n<a href=\"dudas.eszter@semmelweis.hu\">dudas.eszter@semmelweis.hu<\/a><\/p>\n<\/td>\n<td style=\"width: 50.5252%\">\n<p>+36206663424<\/p>\n<\/td>\n<\/tr>\n<tr>\n<td style=\"width: 115.677%\">\n<p><strong>L\u00e1szl\u00f3n\u00e9 Zsinka <\/strong><br \/>\nSubject content coordinator<br \/>\n<a href=\"mailto:magyary.edit_maria@semmelweis-univ.hu\">magyary.edit_maria@semmelweis-univ.hu<\/a><\/p>\n<\/td>\n<td style=\"width: 50.5252%\">\n<p>+36206701829<\/p>\n<\/td>\n<\/tr>\n<\/tbody>\n<\/table>\n\n<\/div><h2 class=\"tabtitle\">Exams<\/h2>\n<div class=\"tabcontent\">\n\n<table style=\"width: 96.5668%;height: 456px\">\n<tbody>\n<tr>\n<td style=\"width: 92.2103%\">\n<p><strong>Angelika Szab\u00f3 <br \/>\n<\/strong>Language exam coordinator (Profex, telc Hungary, Pannon)<br \/>\n<a href=\"szabo.angelika1@semmelweis.hu\">szabo.angelika1@semmelweis.hu<\/a><\/p>\n<\/td>\n<td style=\"width: 73.0801%\">\n<p>+36206701332<\/p>\n<\/td>\n<\/tr>\n<tr>\n<td style=\"width: 92.2103%\">\n<p><strong>Rita Sarkadi Nagy <br \/>\n<\/strong>Language exam coordinator (Profex ETK)<br \/>\n<a href=\"mailto:sarkadi_nagy.rita@semmelweis-univ.hu\">sarkadi_nagy.rita@semmelweis-univ.hu<\/a><\/p>\n<\/td>\n<td style=\"width: 73.0801%\">\n<p>+36300164229<\/p>\n<\/td>\n<\/tr>\n<tr>\n<td style=\"width: 92.2103%\">\n<p><strong>Magdolna Horv\u00e1thn\u00e9 P\u00e1link\u00e1s <\/strong><br \/>\nSubject content coordinator, telc Medizin Fachsprachpr\u00fcfung<br \/>\n<a href=\"horvathne.palinkas.magdolna@semmelweis.hu\">horvathne.palinkas.magdolna@semmelweis.hu<\/a><\/p>\n<\/td>\n<td style=\"width: 73.0801%\">\n<p>+36206663849<\/p>\n<\/td>\n<\/tr>\n<tr>\n<td style=\"width: 92.2103%\">\n<p><strong>D\u00e1niel M\u00e1ny Ph. D.<br \/>\n<\/strong>Subject content coordinator, DFP (Dipl\u00f4mes de fran\u00e7ais professionnel) <br \/>\n<a href=\"many.daniel@semmelweis.hu\">many.daniel@semmelweis.hu<\/a><\/p>\n<\/td>\n<td style=\"width: 73.0801%\">\n<p>+36300164315<\/p>\n<\/td>\n<\/tr>\n<\/tbody>\n<\/table>\n<p>&nbsp;<\/p>\n<\/div><\/div>\n<p><strong>Address:<\/strong> H-1094 Budapest, Ferenc t\u00e9r 15.<\/p>\n\n<!-- iframe plugin v.4.9 wordpress.org\/plugins\/iframe\/ -->\n<iframe loading=\"lazy\" src=\"https:\/\/www.google.com\/maps\/embed?pb=!1m18!1m12!1m3!1d2696.4253059752737!2d19.071129815626193!3d47.481627479176595!2m3!1f0!2f0!3f0!3m2!1i1024!2i768!4f13.1!3m3!1m2!1s0x4741dcf9197d8caf%3A0x94c158521b894fda!2sBudapest%2C%20Ferenc%20t%C3%A9r%2015%2C%201094!5e0!3m2!1shu!2shu!4v1576505994460!5m2!1shu!2shu\" width=\"100%\" height=\"350\" scrolling=\"yes\" class=\"iframe-class\" frameborder=\"0\"><\/iframe>\n\n","protected":false},"excerpt":{"rendered":"<p>Alexandra Vivien Zimonyi-Bak\u00f3 Vice-Director for Studies <a href=\"bako.alexandra@semmelweis.hu\">bako.alexandra@semmelweis.hu<\/a> +36300164236 Rita Sarkadi Nagy Administrative coordinator <a href=\"sarkadi-nagy.rita@semmelweis.hu\">sarkadi-nagy.rita@semmelweis.hu<\/a> +36300164229 Ildik\u00f3 B\u00e9k\u00e9si Administrative coordinator <a href=\"bekesi.ildiko1@semmelweis.hu\">bekesi.ildiko1@semmelweis.hu<\/a> +36300164255 Rita Sarkadi Nagy Administrative coordinator <a href=\"sarkadi-nagy.rita@semmelweis.hu\">sarkadi-nagy.rita@semmelweis.hu<\/a> +36300164229 \u00c1gnes Horv\u00e1th Ph.D. Subject content coordinator, Medical interpreter and translator training (English) <a href=\"horvath.agnes@semmelweis.hu\">horvath.agnes@semmelweis.hu<\/a> +36300164234 Krisztina Kov\u00e1cs-Dobos Subject content coordinator, Medical interpreter and translator training (German) <a href=\"mailto:kovacs.krisztina@med.semmelweis-univ.hu\">kovacs.krisztina@med.semmelweis-univ.hu<\/a> +36300164232 Eszter Dud\u00e1s Administrative coordinator <a href=\"dudas.eszter@semmelweis.hu\">dudas.eszter@semmelweis.hu<\/a> +36206663424 L\u00e1szl\u00f3n\u00e9 &hellip;<\/p>\n","protected":false},"author":118,"featured_media":0,"parent":0,"menu_order":0,"comment_status":"closed","ping_status":"closed","template":"","meta":{"_acf_changed":false,"footnotes":""},"categories":[],"tags":[],"class_list":["post-7828","page","type-page","status-publish","hentry"],"acf":[],"_links":{"self":[{"href":"https:\/\/semmelweis.hu\/szaknyelv\/wp-json\/wp\/v2\/pages\/7828","targetHints":{"allow":["GET"]}}],"collection":[{"href":"https:\/\/semmelweis.hu\/szaknyelv\/wp-json\/wp\/v2\/pages"}],"about":[{"href":"https:\/\/semmelweis.hu\/szaknyelv\/wp-json\/wp\/v2\/types\/page"}],"author":[{"embeddable":true,"href":"https:\/\/semmelweis.hu\/szaknyelv\/wp-json\/wp\/v2\/users\/118"}],"replies":[{"embeddable":true,"href":"https:\/\/semmelweis.hu\/szaknyelv\/wp-json\/wp\/v2\/comments?post=7828"}],"version-history":[{"count":10,"href":"https:\/\/semmelweis.hu\/szaknyelv\/wp-json\/wp\/v2\/pages\/7828\/revisions"}],"predecessor-version":[{"id":12290,"href":"https:\/\/semmelweis.hu\/szaknyelv\/wp-json\/wp\/v2\/pages\/7828\/revisions\/12290"}],"wp:attachment":[{"href":"https:\/\/semmelweis.hu\/szaknyelv\/wp-json\/wp\/v2\/media?parent=7828"}],"wp:term":[{"taxonomy":"category","embeddable":true,"href":"https:\/\/semmelweis.hu\/szaknyelv\/wp-json\/wp\/v2\/categories?post=7828"},{"taxonomy":"post_tag","embeddable":true,"href":"https:\/\/semmelweis.hu\/szaknyelv\/wp-json\/wp\/v2\/tags?post=7828"}],"curies":[{"name":"wp","href":"https:\/\/api.w.org\/{rel}","templated":true}]}}