{"id":7733,"date":"2022-10-25T06:02:54","date_gmt":"2022-10-25T04:02:54","guid":{"rendered":"https:\/\/semmelweis.hu\/szaknyelv\/?page_id=7733"},"modified":"2026-02-24T10:25:53","modified_gmt":"2026-02-24T09:25:53","slug":"kontakt-2","status":"publish","type":"page","link":"https:\/\/semmelweis.hu\/szaknyelv\/de\/kontakt-2\/","title":{"rendered":"Kontakt"},"content":{"rendered":"<div class=\"lead\"><strong>INSTITUT F\u00dcR FACHSPRACHEN<\/strong><\/div>\n<p><strong>E-mail:<\/strong>\u00a0<a href=\"mailto:szaknyelvi.intezet@semmelweis.hu\">szaknyelvi.intezet@semmelweis.hu<\/a><\/p>\n<p>More contacts:<\/p>\n<div class=\"responsive-tabs\">\n<h2 class=\"tabtitle\">Graduate programs<\/h2>\n<div class=\"tabcontent\">\n\n<table style=\"width: 95.41%\">\n<tbody>\n<tr>\n<td style=\"width: 83.4019%\"><strong>G\u00e1bor Gyenes <\/strong><br \/>\nstudy coordinator<br \/>\n<a href=\"gyenes.gabor@semmelweis.hu\"><span class=\"tel-value\">gyenes.gabor@semmelweis.hu<\/span><\/a><\/td>\n<td style=\"width: 152.87%\"><span class=\"tel-value\">+36300164487<\/span><\/td>\n<\/tr>\n<tr>\n<td style=\"width: 83.4019%\"><strong>Katalin Lesk\u00f3n\u00e9 Dr. Delb\u00f3 <\/strong><br \/>\nstudy coordinator<br \/>\n<a href=\"leskone.delbo.katalin@semmelweis.hu\"><span class=\"tel-value\">leskone.delbo.katalin@semmelweis.hu<\/span><\/a><\/td>\n<td style=\"width: 152.87%\"><span class=\"tel-value\">+36308771986<\/span><\/td>\n<\/tr>\n<tr>\n<td style=\"width: 83.4019%\"><strong>Rita Sarkadi Nagy\u00a0<\/strong><br \/>\nadministrative coordinator<br \/>\n<a href=\"sarkadi-nagy.rita@semmelweis.hu\">sarkadi-nagy.rita@semmelweis.hu<\/a><\/td>\n<td style=\"width: 152.87%\">+36300164229<\/td>\n<\/tr>\n<\/tbody>\n<\/table>\n\n<\/div><h2 class=\"tabtitle\">Postgraduate programs<\/h2>\n<div class=\"tabcontent\">\n\n<table style=\"width: 95.6321%\">\n<tbody>\n<tr>\n<td style=\"width: 83.326%\"><strong>Ildik\u00f3 B\u00e9k\u00e9si <br \/>\n<\/strong>administrative coordinator<br \/>\n<a href=\"bekesi.ildiko1@semmelweis.hu\">bekesi.ildiko1@semmelweis.hu<\/a><\/td>\n<td style=\"width: 47.0732%\">+36300164255<\/td>\n<\/tr>\n<tr>\n<td style=\"width: 83.326%\"><strong>Rita Sarkadi Nagy\u00a0<br \/>\n<\/strong>administrative coordinator<br \/>\n<a href=\"sarkadi-nagy.rita@semmelweis.hu\">sarkadi-nagy.rita@semmelweis.hu<\/a><\/td>\n<td style=\"width: 47.0732%\">+36300164229<\/td>\n<\/tr>\n<tr>\n<td style=\"width: 83.326%\"><strong>Julianna G\u00e1lfi-G\u00f6r\u00f6g\u00a0<br \/>\n<\/strong>subject content coordinator, Medical interpreter and translator training (English)<br \/>\n<a href=\"gorog.julianna@ext.semmelweis.hu\">gorog.julianna@ext.semmelweis.hu<\/a><\/td>\n<td style=\"width: 47.0732%\">\u00a0<\/td>\n<\/tr>\n<tr>\n<td style=\"width: 83.326%\"><strong>Krisztina Kov\u00e1cs-Dobos\u00a0<br \/>\n<\/strong>subject content coordinator, Medical interpreter and translator training (German)<br \/>\n<a href=\"mailto:kovacs.krisztina@med.semmelweis-univ.hu\">kovacs.krisztina@med.semmelweis-univ.hu<\/a><\/td>\n<td style=\"width: 47.0732%\">+36300164232<\/td>\n<\/tr>\n<tr>\n<td style=\"width: 83.326%\">\n<p><strong>Lilla Borsi<\/strong><br \/>\nScientific Editor training<br \/>\n<a href=\"scientificeditor@semmelweis.hu\">borsi.lilla@ext.semmelweis.hu<\/a><\/p>\n<\/td>\n<td style=\"width: 47.0732%\">\u00a0<\/td>\n<\/tr>\n<\/tbody>\n<\/table>\n\n<\/div><h2 class=\"tabtitle\">Courses<\/h2>\n<div class=\"tabcontent\">\n\n<table style=\"width: 95.4153%\">\n<tbody>\n<tr>\n<td style=\"width: 83.8463%\">\n<p><strong>Adrienn Csorba<\/strong><br \/>\nadministrative coordinator<br \/>\n<a href=\"lsp@semmelweis.hu\">lsp@semmelweis.hu<\/a><\/p>\n<\/td>\n<td style=\"width: 153.712%\">\n<p>+36206663424<\/p>\n<\/td>\n<\/tr>\n<tr>\n<td style=\"width: 83.8463%\"><strong>L\u00e1szl\u00f3n\u00e9 Zsinka\u00a0<\/strong><br \/>\nsubject content coordinator<br \/>\n<a href=\"magyary.edit.maria@semmelweis.hu\">magyary.edit.maria@semmelweis.hu<\/a><\/td>\n<td style=\"width: 153.712%\">\n<p>+36206701829<\/p>\n<\/td>\n<\/tr>\n<\/tbody>\n<\/table>\n\n<\/div><h2 class=\"tabtitle\">Exams<\/h2>\n<div class=\"tabcontent\">\n\n<table style=\"width: 95.28%\">\n<tbody>\n<tr>\n<td style=\"width: 83.7027%\"><strong>Angelika Szab\u00f3 <br \/>\n<\/strong>language exam coordinator (Profex, telc Hungary, Pannon)<br \/>\n<a href=\"szabo.angelika1@semmelweis.hu\">szabo.angelika1@semmelweis.hu<\/a><\/td>\n<td style=\"width: 48.8918%\">\n<p>+36206701332<\/p>\n<\/td>\n<\/tr>\n<tr>\n<td style=\"width: 83.7027%\"><strong>Rita Sarkadi Nagy\u00a0<br \/>\n<\/strong>language exam coordinator (Profex ETK)<br \/>\n<a href=\"sarkadi-nagy.rita@semmelweis.hu\">sarkadi-nagy.rita@semmelweis.hu<\/a><\/td>\n<td style=\"width: 48.8918%\">\n<p>+36300164229<\/p>\n<\/td>\n<\/tr>\n<tr>\n<td style=\"width: 83.7027%\"><strong>Magdolna Horv\u00e1thn\u00e9 P\u00e1link\u00e1s\u00a0<\/strong><br \/>\ntelc Medizin FSP, telc Pflege, OET (Occupational English Test) venue manager\u00a0<br \/>\n<a href=\"horvathne.palinkas.magdolna@semmelweis.hu\">horvathne.palinkas.magdolna@semmelweis.hu<\/a><\/td>\n<td style=\"width: 48.8918%\">\n<p>+36206663849<\/p>\n<\/td>\n<\/tr>\n<tr>\n<td style=\"width: 83.7027%\"><strong>D\u00e1niel M\u00e1ny Ph.D.\u00a0<br \/>\n<\/strong>DFP (Dipl\u00f4mes de fran\u00e7ais professionnel) venue manager<br \/>\n<a href=\"many.daniel@semmelweis.hu\">many.daniel@semmelweis.hu<\/a><\/td>\n<td style=\"width: 48.8918%\">\n<p>+36300164315<\/p>\n<\/td>\n<\/tr>\n<\/tbody>\n<\/table>\n<\/div><\/div>\n<p><strong>Address:<\/strong> H-1091 Budapest, \u00dcll\u0151i \u00fat 25.<\/p>\n<p><iframe loading=\"lazy\" src=\"https:\/\/www.google.com\/maps\/embed?pb=!1m18!1m12!1m3!1d2696.132017426008!2d19.06365617608575!3d47.487341496205765!2m3!1f0!2f0!3f0!3m2!1i1024!2i768!4f13.1!3m3!1m2!1s0x4741ddfffb00c8ed%3A0x5f0290d12518e567!2zQnVkYXBlc3QsIMOcbGzFkWkgw7p0IDI1LCAxMDkx!5e0!3m2!1sen!2shu!4v1712916064227!5m2!1sen!2shu\" width=\"600\" height=\"450\"><\/iframe><\/p>\n<p>&nbsp;<\/p>\n","protected":false},"excerpt":{"rendered":"<p>INSTITUT F\u00dcR FACHSPRACHEN E-mail:\u00a0 <a href=\"mailto:szaknyelvi.intezet@semmelweis.hu\">szaknyelvi.intezet@semmelweis.hu<\/a> More contacts: G\u00e1bor Gyenes study coordinator <a href=\"gyenes.gabor@semmelweis.hu\">gyenes.gabor@semmelweis.hu<\/a> +36300164487 Katalin Lesk\u00f3n\u00e9 Dr. Delb\u00f3 study coordinator <a href=\"leskone.delbo.katalin@semmelweis.hu\">leskone.delbo.katalin@semmelweis.hu<\/a> +36308771986 Rita Sarkadi Nagy\u00a0 administrative coordinator <a href=\"sarkadi-nagy.rita@semmelweis.hu\">sarkadi-nagy.rita@semmelweis.hu<\/a> +36300164229 Ildik\u00f3 B\u00e9k\u00e9si administrative coordinator <a href=\"bekesi.ildiko1@semmelweis.hu\">bekesi.ildiko1@semmelweis.hu<\/a> +36300164255 Rita Sarkadi Nagy\u00a0 administrative coordinator <a href=\"sarkadi-nagy.rita@semmelweis.hu\">sarkadi-nagy.rita@semmelweis.hu<\/a> +36300164229 Julianna G\u00e1lfi-G\u00f6r\u00f6g\u00a0 subject content coordinator, Medical interpreter and translator training (English) <a href=\"gorog.julianna@ext.semmelweis.hu\">gorog.julianna@ext.semmelweis.hu<\/a> \u00a0 Krisztina Kov\u00e1cs-Dobos\u00a0 subject content coordinator, Medical interpreter and &hellip;<\/p>\n","protected":false},"author":118,"featured_media":0,"parent":0,"menu_order":0,"comment_status":"closed","ping_status":"closed","template":"","meta":{"_acf_changed":false,"footnotes":""},"categories":[],"tags":[],"class_list":["post-7733","page","type-page","status-publish","hentry"],"acf":[],"_links":{"self":[{"href":"https:\/\/semmelweis.hu\/szaknyelv\/wp-json\/wp\/v2\/pages\/7733","targetHints":{"allow":["GET"]}}],"collection":[{"href":"https:\/\/semmelweis.hu\/szaknyelv\/wp-json\/wp\/v2\/pages"}],"about":[{"href":"https:\/\/semmelweis.hu\/szaknyelv\/wp-json\/wp\/v2\/types\/page"}],"author":[{"embeddable":true,"href":"https:\/\/semmelweis.hu\/szaknyelv\/wp-json\/wp\/v2\/users\/118"}],"replies":[{"embeddable":true,"href":"https:\/\/semmelweis.hu\/szaknyelv\/wp-json\/wp\/v2\/comments?post=7733"}],"version-history":[{"count":11,"href":"https:\/\/semmelweis.hu\/szaknyelv\/wp-json\/wp\/v2\/pages\/7733\/revisions"}],"predecessor-version":[{"id":15747,"href":"https:\/\/semmelweis.hu\/szaknyelv\/wp-json\/wp\/v2\/pages\/7733\/revisions\/15747"}],"wp:attachment":[{"href":"https:\/\/semmelweis.hu\/szaknyelv\/wp-json\/wp\/v2\/media?parent=7733"}],"wp:term":[{"taxonomy":"category","embeddable":true,"href":"https:\/\/semmelweis.hu\/szaknyelv\/wp-json\/wp\/v2\/categories?post=7733"},{"taxonomy":"post_tag","embeddable":true,"href":"https:\/\/semmelweis.hu\/szaknyelv\/wp-json\/wp\/v2\/tags?post=7733"}],"curies":[{"name":"wp","href":"https:\/\/api.w.org\/{rel}","templated":true}]}}