{"id":7711,"date":"2022-10-21T12:27:24","date_gmt":"2022-10-21T10:27:24","guid":{"rendered":"https:\/\/semmelweis.hu\/szaknyelv\/?page_id=7711"},"modified":"2024-12-13T17:47:13","modified_gmt":"2024-12-13T16:47:13","slug":"dfp-internationally-recognized","status":"publish","type":"page","link":"https:\/\/semmelweis.hu\/szaknyelv\/en\/exams\/exams-for-specific-purposes\/dfp-internationally-recognized\/","title":{"rendered":"DFP (French)"},"content":{"rendered":"<h1 style=\"text-align: center\"><span style=\"color: #0000ff\">DIPL\u00d4ME DE FRAN\u00c7AIS DE LA SANT\u00c9<\/span><\/h1>\n<p style=\"text-align: justify\"><strong>Valable \u00e0 vie<\/strong>, le\u00a0Dipl\u00f4me de fran\u00e7ais professionnel\u00a0<strong>Sant\u00e9<\/strong>\u00a0vous permettra d\u2019attester que vous \u00eates capable d\u2019utiliser efficacement <strong>le fran\u00e7ais<\/strong>, \u00e0 l\u2019oral et \u00e0 l\u2019\u00e9crit, dans les\u00a0principales situations de communication professionnelle,\u00a0dans le domaine\u00a0<strong>m\u00e9dical et param\u00e9dical.<\/strong><\/p>\n<p><img loading=\"lazy\" decoding=\"async\" class=\"aligncenter wp-image-7930 size-large\" src=\"https:\/\/semmelweis.hu\/szaknyelv\/files\/2022\/11\/DFP_logotype_fond-transparent-1024x341.png\" alt=\"\" width=\"753\" height=\"251\" srcset=\"https:\/\/semmelweis.hu\/szaknyelv\/files\/2022\/11\/DFP_logotype_fond-transparent-1024x341.png 1024w, https:\/\/semmelweis.hu\/szaknyelv\/files\/2022\/11\/DFP_logotype_fond-transparent-400x133.png 400w, https:\/\/semmelweis.hu\/szaknyelv\/files\/2022\/11\/DFP_logotype_fond-transparent-768x256.png 768w, https:\/\/semmelweis.hu\/szaknyelv\/files\/2022\/11\/DFP_logotype_fond-transparent-1536x512.png 1536w, https:\/\/semmelweis.hu\/szaknyelv\/files\/2022\/11\/DFP_logotype_fond-transparent-753x251.png 753w, https:\/\/semmelweis.hu\/szaknyelv\/files\/2022\/11\/DFP_logotype_fond-transparent.png 1597w\" sizes=\"auto, (max-width: 753px) 100vw, 753px\" \/><\/p>\n<p style=\"text-align: justify\">Pour toute question li\u00e9e \u00e0 <strong>l\u2019examen DFP<\/strong>, aux <strong>cours de pr\u00e9paration<\/strong> pr\u00e9sentiels ou distanciels, individuels ou collectifs, n\u2019h\u00e9sitez pas \u00e0 nous contacter.<\/p>\n<p><strong>M. D\u00e1niel M\u00c1NY<br \/>\n<\/strong>Responsable DFP<strong><br \/>\n<\/strong><a href=\"mailto:many.daniel@semmelweis.hu\">many.daniel@semmelweis.hu<\/a><\/p>\n<p style=\"text-align: justify\"><span style=\"color: #0000ff\"><strong>Pr\u00e9parez et obtenez un Dipl\u00f4me de fran\u00e7ais professionnel au D\u00e9partement des Langues sur Objectifs Sp\u00e9cifiques de l\u2019Universit\u00e9 Semmelweis<\/strong><\/span><\/p>\n<p style=\"text-align: justify\"><img loading=\"lazy\" decoding=\"async\" class=\"size-medium wp-image-7931 alignleft\" src=\"https:\/\/semmelweis.hu\/szaknyelv\/files\/2022\/11\/ARTICLE-Semmelweis-University-400x335.jpg\" alt=\"\" width=\"400\" height=\"335\" srcset=\"https:\/\/semmelweis.hu\/szaknyelv\/files\/2022\/11\/ARTICLE-Semmelweis-University-400x335.jpg 400w, https:\/\/semmelweis.hu\/szaknyelv\/files\/2022\/11\/ARTICLE-Semmelweis-University-768x644.jpg 768w, https:\/\/semmelweis.hu\/szaknyelv\/files\/2022\/11\/ARTICLE-Semmelweis-University-753x631.jpg 753w, https:\/\/semmelweis.hu\/szaknyelv\/files\/2022\/11\/ARTICLE-Semmelweis-University.jpg 940w\" sizes=\"auto, (max-width: 400px) 100vw, 400px\" \/>Non seulement <strong>l\u2019examen DFP<\/strong>, mais aussi les <strong>cours de fran\u00e7ais sur objectifs m\u00e9dicaux, m\u00e9dico-dentaires, pharmaceutiques et de sant\u00e9 g\u00e9n\u00e9rale<\/strong> sont propos\u00e9s au sein du D\u00e9partement. Pour que la distance ou l\u2019emploi du temps ne soit plus un obstacle, nous proposons\u00a0<strong>des cours individuels et collectifs, en pr\u00e9sentiel et distanciel ainsi que des horaires flexibles adapt\u00e9s aux demandes des apprenants.<\/strong> L\u2019apprentissage des langues sur objectifs sp\u00e9cifiques au sein du D\u00e9partement se base sur des <strong>mati\u00e8res d\u2019enseignement authentiques<\/strong>, collaboratives et participatives ainsi que sur la recherche interprofessionnelle de la communication m\u00e9dicale.<\/p>\n<p style=\"text-align: justify\"><strong><span style=\"color: #0000ff\">A qui s\u2019adresse-t-il ?<\/span><br \/>\n<\/strong>Ce Dipl\u00f4me s\u2019adresse \u00e0\u00a0<strong>toute personne exer\u00e7ant une profession m\u00e9dicale<\/strong>\u00a0pour interagir efficacement en fran\u00e7ais avec des patients, leurs familles et avec le personnel soignant et m\u00e9dical, afin de permettre aux\u00a0<strong>institutions et entreprises<\/strong>\u00a0du secteur de\u00a0<strong>mieux servir une patient\u00e8le et client\u00e8le francophone\u00a0<\/strong>ou de<strong>\u00a0se d\u00e9velopper sur un march\u00e9 francophone. <\/strong>Les Dipl\u00f4mes de fran\u00e7ais professionnel sont\u00a0<a href=\"https:\/\/www.legifrance.gouv.fr\/affichTexte.do?cidTexte=JORFTEXT000024659195&amp;categorieLien=id\"><strong>reconnus par le Minist\u00e8re de l\u2019int\u00e9rieur<\/strong><\/a>\u00a0<strong>de France<\/strong> pour valider votre niveau de fran\u00e7ais dans le cadre d\u2019une demande de\u00a0<strong>carte de r\u00e9sident<\/strong>\u00a0ou de\u00a0<strong>naturalisation<\/strong>\u00a0aupr\u00e8s de l\u2019\u00c9tat fran\u00e7ais. Ils sont valables \u00e0 vie et apporteront une valeur ajout\u00e9e \u00e0 votre CV lors d\u2019un stage professionnel ou entretien d\u2019embouche.<\/p>\n<p style=\"text-align: justify\"><strong><span style=\"color: #0000ff\">Quel est son contenu ?<\/span><br \/>\n<\/strong>Les activit\u00e9s propos\u00e9es vous placent toujours\u00a0<strong>dans la situation d\u2019un\u00b7e professionnel\u00b7le de la sant\u00e9.<\/strong>\u00a0Vous \u00eates amen\u00e9s \u00e0 interagir avec des patients et des professionnels de sant\u00e9 francophones dans des structures vari\u00e9es, et dans les m\u00e9tiers qui leur sont associ\u00e9s. Les activit\u00e9s couvrent les situations de communication r\u00e9currentes et transversales \u00e0 diff\u00e9rents\u00a0<strong>m\u00e9tiers de la sant\u00e9, m\u00e9dicaux ou param\u00e9dicaux<\/strong>, dans des \u00e9tablissements de soins (h\u00f4pital, maison de retraite, centre de soins), en cabinet lib\u00e9ral ou dans des structures humanitaires.<\/p>\n<p style=\"text-align: justify\"><strong>Exemples d\u2019activit\u00e9s :\u00a0<\/strong>Compl\u00e9ter un dossier m\u00e9dical, concevoir un support de pr\u00e9vention, compl\u00e9ter un protocole de soins ou bien r\u00e9diger une note de pr\u00e9vention sur des risques sanitaires, expliquer un acte m\u00e9dical,\u00a0intervenir sur un sujet de sant\u00e9 publique aupr\u00e8s d\u2019un public de non-sp\u00e9cialistes.\u00a0<\/p>\n<p><strong><span style=\"color: #0000ff\">En savoir plus sur l\u2019examen<br \/>\n<\/span><\/strong><a href=\"https:\/\/semmelweis.hu\/szaknyelv\/files\/2022\/11\/Guide-des-candidates.pdf\"><strong><span style=\"color: #ff0000\">Guide des Candidat(e)s<\/span><\/strong><\/a> <br \/>\n<a href=\"https:\/\/semmelweis.hu\/szaknyelv\/files\/2022\/11\/Exemple-dEpreuves-DFP-Sante-B1.pdf\"><strong><span style=\"color: #ff0000\">Exemple d\u2019\u00c9preuves DFP Sant\u00e9 B1<\/span><\/strong><\/a><br \/>\n<a href=\"https:\/\/semmelweis.hu\/szaknyelv\/files\/2022\/11\/Exemple-dEpreuves-DFP-Sante-B2-C1.pdf\"><strong><span style=\"color: #ff0000\">Exemple d\u2019\u00c9preuves DFP Sant\u00e9 B2-C1<\/span><\/strong><\/a><\/p>\n","protected":false},"excerpt":{"rendered":"<p>DIPL\u00d4ME DE FRAN\u00c7AIS DE LA SANT\u00c9 Valable \u00e0 vie, le\u00a0Dipl\u00f4me de fran\u00e7ais professionnel\u00a0Sant\u00e9\u00a0vous permettra d\u2019attester que vous \u00eates capable d\u2019utiliser efficacement le fran\u00e7ais, \u00e0 l\u2019oral et \u00e0 l\u2019\u00e9crit, dans les\u00a0principales situations de communication professionnelle,\u00a0dans le domaine\u00a0m\u00e9dical et param\u00e9dical. Pour toute question li\u00e9e \u00e0 l\u2019examen DFP, aux cours de pr\u00e9paration pr\u00e9sentiels ou distanciels, individuels ou collectifs, &hellip;<\/p>\n","protected":false},"author":118,"featured_media":0,"parent":7701,"menu_order":0,"comment_status":"closed","ping_status":"closed","template":"","meta":{"_acf_changed":false,"footnotes":""},"categories":[],"tags":[],"class_list":["post-7711","page","type-page","status-publish","hentry"],"acf":[],"_links":{"self":[{"href":"https:\/\/semmelweis.hu\/szaknyelv\/wp-json\/wp\/v2\/pages\/7711","targetHints":{"allow":["GET"]}}],"collection":[{"href":"https:\/\/semmelweis.hu\/szaknyelv\/wp-json\/wp\/v2\/pages"}],"about":[{"href":"https:\/\/semmelweis.hu\/szaknyelv\/wp-json\/wp\/v2\/types\/page"}],"author":[{"embeddable":true,"href":"https:\/\/semmelweis.hu\/szaknyelv\/wp-json\/wp\/v2\/users\/118"}],"replies":[{"embeddable":true,"href":"https:\/\/semmelweis.hu\/szaknyelv\/wp-json\/wp\/v2\/comments?post=7711"}],"version-history":[{"count":9,"href":"https:\/\/semmelweis.hu\/szaknyelv\/wp-json\/wp\/v2\/pages\/7711\/revisions"}],"predecessor-version":[{"id":13655,"href":"https:\/\/semmelweis.hu\/szaknyelv\/wp-json\/wp\/v2\/pages\/7711\/revisions\/13655"}],"up":[{"embeddable":true,"href":"https:\/\/semmelweis.hu\/szaknyelv\/wp-json\/wp\/v2\/pages\/7701"}],"wp:attachment":[{"href":"https:\/\/semmelweis.hu\/szaknyelv\/wp-json\/wp\/v2\/media?parent=7711"}],"wp:term":[{"taxonomy":"category","embeddable":true,"href":"https:\/\/semmelweis.hu\/szaknyelv\/wp-json\/wp\/v2\/categories?post=7711"},{"taxonomy":"post_tag","embeddable":true,"href":"https:\/\/semmelweis.hu\/szaknyelv\/wp-json\/wp\/v2\/tags?post=7711"}],"curies":[{"name":"wp","href":"https:\/\/api.w.org\/{rel}","templated":true}]}}