{"id":7662,"date":"2022-10-25T05:45:32","date_gmt":"2022-10-25T03:45:32","guid":{"rendered":"https:\/\/semmelweis.hu\/szaknyelv\/?page_id=7662"},"modified":"2026-02-24T10:23:43","modified_gmt":"2026-02-24T09:23:43","slug":"elerhetosegek","status":"publish","type":"page","link":"https:\/\/semmelweis.hu\/szaknyelv\/rolunk\/elerhetosegek\/","title":{"rendered":"El\u00e9rhet\u0151s\u00e9gek"},"content":{"rendered":"<div class=\"lead\"><strong>SZAKNYELVI INT\u00c9ZET<\/strong><\/div>\n<p><strong>E-mail:<\/strong>\u00a0<a href=\"mailto:szaknyelvi.intezet@semmelweis.hu\">szaknyelvi.intezet@semmelweis.hu<\/a><\/p>\n<p>Tov\u00e1bbi el\u00e9rhet\u0151s\u00e9gek:<\/p>\n<div class=\"responsive-tabs\">\n<h2 class=\"tabtitle\">Gradu\u00e1lis k\u00e9pz\u00e9s<\/h2>\n<div class=\"tabcontent\">\n\n<table style=\"border-collapse: collapse;width: 84.0362%\">\n<tbody>\n<tr>\n<td style=\"width: 87.3037%\"><strong>Gyenes G\u00e1bor<\/strong><br \/>\ntanulm\u00e1nyi felel\u0151s<br \/>\n<a href=\"gyenes.gabor@semmelweis.hu\"><span class=\"tel-value\">gyenes.gabor@semmelweis.hu<\/span><\/a><\/td>\n<td style=\"width: 31.7814%\"><span class=\"tel-value\">+36300164487<\/span><\/td>\n<\/tr>\n<tr>\n<td style=\"width: 87.3037%\"><strong>Lesk\u00f3n\u00e9 Dr. Delb\u00f3 Katalin<\/strong><br \/>\ntanulm\u00e1nyi felel\u0151s<br \/>\n<a href=\"leskone.delbo.katalin@semmelweis.hu\"><span class=\"tel-value\">leskone.delbo.katalin@semmelweis.hu<\/span><\/a><\/td>\n<td style=\"width: 31.7814%\"><span class=\"tel-value\">+36308771986<\/span><\/td>\n<\/tr>\n<tr>\n<td style=\"width: 87.3037%\"><strong>Sarkadi Nagy Rita<\/strong><br \/>\ntanulm\u00e1nyi \u00fcgyint\u00e9z\u0151<br \/>\n<a href=\"sarkadi-nagy.rita@semmelweis.hu\">sarkadi-nagy.rita@semmelweis.hu<\/a><\/td>\n<td style=\"width: 31.7814%\">+36300164229<\/td>\n<\/tr>\n<\/tbody>\n<\/table>\n\n<\/div><h2 class=\"tabtitle\">Posztgradu\u00e1lis k\u00e9pz\u00e9s<\/h2>\n<div class=\"tabcontent\">\n\n<table style=\"border-collapse: collapse;width: 84.3163%\">\n<tbody>\n<tr>\n<td style=\"width: 85.8072%\"><strong>B\u00e9k\u00e9si Ildik\u00f3<br \/>\n<\/strong>tanulm\u00e1nyi \u00fcgyint\u00e9z\u0151<br \/>\n<a href=\"bekesi.ildiko1@semmelweis.hu\">bekesi.ildiko1@semmelweis.hu<\/a><\/td>\n<td style=\"width: 31.4281%\">+36300164255<\/td>\n<\/tr>\n<tr>\n<td style=\"width: 85.8072%\"><strong>Sarkadi Nagy Rita<br \/>\n<\/strong>tanulm\u00e1nyi \u00fcgyint\u00e9z\u0151<br \/>\n<a href=\"sarkadi-nagy.rita@semmelweis.hu\">sarkadi-nagy.rita@semmelweis.hu<\/a><\/td>\n<td style=\"width: 31.4281%\">+36300164229<\/td>\n<\/tr>\n<tr>\n<td style=\"width: 85.8072%\"><strong>G\u00e1lfi-G\u00f6r\u00f6g Julianna<br \/>\n<\/strong>szakford\u00edt\u00f3- \u00e9s tolm\u00e1csk\u00e9pz\u00e9s koordin\u00e1tora (angol)<br \/>\n<a href=\"gorog.julianna@ext.semmelweis.hu\">gorog.julianna@ext.semmelweis.hu<\/a><\/td>\n<td style=\"width: 31.4281%\">\u00a0<\/td>\n<\/tr>\n<tr>\n<td style=\"width: 85.8072%\"><strong>Kov\u00e1cs-Dobos Krisztina<br \/>\n<\/strong>szakford\u00edt\u00f3- \u00e9s tolm\u00e1csk\u00e9pz\u00e9s koordin\u00e1tora (n\u00e9met)<br \/>\n<a href=\"mailto:kovacs.krisztina@med.semmelweis-univ.hu\">kovacs.krisztina@med.semmelweis-univ.hu<\/a><\/td>\n<td style=\"width: 31.4281%\">+36300164232<\/td>\n<\/tr>\n<tr>\n<td style=\"width: 85.8072%\">\n<p><strong>Borsi Lilla<\/strong><br \/>\nScientific Editor k\u00e9pz\u00e9s\u00a0<br \/>\n<a href=\"borsi.lilla@ext.semmelweis.hu\">borsi.lilla@ext.semmelweis.hu<\/a><\/p>\n<\/td>\n<td style=\"width: 31.4281%\">\u00a0<\/td>\n<\/tr>\n<\/tbody>\n<\/table>\n\n<\/div><h2 class=\"tabtitle\">Nyelvtanfolyamok<\/h2>\n<div class=\"tabcontent\">\n\n<table style=\"width: 84.565%\">\n<tbody>\n<tr>\n<td style=\"width: 115.677%\">\n<p><strong>Csorba Adrienn<\/strong><br \/>\ntanfolyam koordin\u00e1tor<br \/>\n<a href=\"lsp@semmelweis.hu\">lsp@semmelweis.hu<\/a><\/p>\n<\/td>\n<td style=\"width: 64.1444%\">\n<p>+36206663424<\/p>\n<\/td>\n<\/tr>\n<tr>\n<td style=\"width: 115.677%\"><strong>Zsinka L\u00e1szl\u00f3n\u00e9<\/strong><br \/>\nszakmai koordin\u00e1tor<br \/>\n<a href=\"magyary.edit.maria@semmelweis.hu\">magyary.edit.maria@semmelweis.hu<\/a><\/td>\n<td style=\"width: 64.1444%\">\n<p>+36206701829<\/p>\n<\/td>\n<\/tr>\n<\/tbody>\n<\/table>\n\n<\/div><h2 class=\"tabtitle\">Nyelvvizsg\u00e1k<\/h2>\n<div class=\"tabcontent\">\n\n<table style=\"width: 84.3871%\">\n<tbody>\n<tr>\n<td style=\"width: 89.1175%\"><strong>Szab\u00f3 Angelika<br \/>\n<\/strong>nyelvvizsga-koordin\u00e1tor (Profex, telc Hungary, Pannon)<br \/>\n<a href=\"szabo.angelika1@semmelweis.hu\">szabo.angelika1@semmelweis.hu<\/a><\/td>\n<td style=\"width: 72.7246%\">\n<p>+36206701332<\/p>\n<\/td>\n<\/tr>\n<tr>\n<td style=\"width: 89.1175%\"><strong>Sarkadi Nagy Rita<br \/>\n<\/strong>nyelvvizsga-koordin\u00e1tor (Profex ETK)<br \/>\n<a href=\"sarkadi-nagy.rita@semmelweis.hu\">sarkadi-nagy.rita@semmelweis.hu<\/a><\/td>\n<td style=\"width: 72.7246%\">\n<p>+36300164229<\/p>\n<\/td>\n<\/tr>\n<tr>\n<td style=\"width: 89.1175%\"><strong>Horv\u00e1thn\u00e9 P\u00e1link\u00e1s Magdolna<\/strong><br \/>\ntelc Medizin FSP, telc Pflege, OET (Occupational English Test) nyelvvizsgahely-felel\u0151s<br \/>\n<a href=\"horvathne.palinkas.magdolna@semmelweis.hu\">horvathne.palinkas.magdolna@semmelweis.hu<\/a><\/td>\n<td style=\"width: 72.7246%\">\n<p>+36206663849<\/p>\n<\/td>\n<\/tr>\n<tr>\n<td style=\"width: 89.1175%\"><strong>Dr. M\u00e1ny D\u00e1niel<br \/>\n<\/strong>DFP (Dipl\u00f4mes de fran\u00e7ais professionnel) nyelvvizsgahely-felel\u0151s<br \/>\n<a href=\"many.daniel@semmelweis.hu\">many.daniel@semmelweis.hu<\/a><\/td>\n<td style=\"width: 72.7246%\">\n<p>+36300164315<\/p>\n<\/td>\n<\/tr>\n<\/tbody>\n<\/table>\n<\/div><\/div>\n<p><strong>C\u00edm:<\/strong> 1091 Budapest, \u00dcll\u0151i \u00fat 25.<\/p>\n<p><iframe loading=\"lazy\" src=\"https:\/\/www.google.com\/maps\/embed?pb=!1m18!1m12!1m3!1d2696.132017426008!2d19.06365617608575!3d47.487341496205765!2m3!1f0!2f0!3f0!3m2!1i1024!2i768!4f13.1!3m3!1m2!1s0x4741ddfffb00c8ed%3A0x5f0290d12518e567!2zQnVkYXBlc3QsIMOcbGzFkWkgw7p0IDI1LCAxMDkx!5e0!3m2!1sen!2shu!4v1712916064227!5m2!1sen!2shu\" width=\"600\" height=\"450\"><\/iframe><\/p>\n","protected":false},"excerpt":{"rendered":"<p>SZAKNYELVI INT\u00c9ZET E-mail:\u00a0 <a href=\"mailto:szaknyelvi.intezet@semmelweis.hu\">szaknyelvi.intezet@semmelweis.hu<\/a> Tov\u00e1bbi el\u00e9rhet\u0151s\u00e9gek: Gyenes G\u00e1bor tanulm\u00e1nyi felel\u0151s <a href=\"gyenes.gabor@semmelweis.hu\">gyenes.gabor@semmelweis.hu<\/a> +36300164487 Lesk\u00f3n\u00e9 Dr. Delb\u00f3 Katalin tanulm\u00e1nyi felel\u0151s <a href=\"leskone.delbo.katalin@semmelweis.hu\">leskone.delbo.katalin@semmelweis.hu<\/a> +36308771986 Sarkadi Nagy Rita tanulm\u00e1nyi \u00fcgyint\u00e9z\u0151 <a href=\"sarkadi-nagy.rita@semmelweis.hu\">sarkadi-nagy.rita@semmelweis.hu<\/a> +36300164229 B\u00e9k\u00e9si Ildik\u00f3 tanulm\u00e1nyi \u00fcgyint\u00e9z\u0151 <a href=\"bekesi.ildiko1@semmelweis.hu\">bekesi.ildiko1@semmelweis.hu<\/a> +36300164255 Sarkadi Nagy Rita tanulm\u00e1nyi \u00fcgyint\u00e9z\u0151 <a href=\"sarkadi-nagy.rita@semmelweis.hu\">sarkadi-nagy.rita@semmelweis.hu<\/a> +36300164229 G\u00e1lfi-G\u00f6r\u00f6g Julianna szakford\u00edt\u00f3- \u00e9s tolm\u00e1csk\u00e9pz\u00e9s koordin\u00e1tora (angol) <a href=\"gorog.julianna@ext.semmelweis.hu\">gorog.julianna@ext.semmelweis.hu<\/a> \u00a0 Kov\u00e1cs-Dobos Krisztina szakford\u00edt\u00f3- \u00e9s tolm\u00e1csk\u00e9pz\u00e9s koordin\u00e1tora (n\u00e9met) <a href=\"mailto:kovacs.krisztina@med.semmelweis-univ.hu\">kovacs.krisztina@med.semmelweis-univ.hu<\/a> +36300164232 Borsi Lilla Scientific Editor k\u00e9pz\u00e9s\u00a0 &hellip;<\/p>\n","protected":false},"author":118,"featured_media":0,"parent":7988,"menu_order":0,"comment_status":"closed","ping_status":"closed","template":"","meta":{"_acf_changed":false,"footnotes":""},"categories":[],"tags":[],"class_list":["post-7662","page","type-page","status-publish","hentry"],"acf":[],"_links":{"self":[{"href":"https:\/\/semmelweis.hu\/szaknyelv\/wp-json\/wp\/v2\/pages\/7662","targetHints":{"allow":["GET"]}}],"collection":[{"href":"https:\/\/semmelweis.hu\/szaknyelv\/wp-json\/wp\/v2\/pages"}],"about":[{"href":"https:\/\/semmelweis.hu\/szaknyelv\/wp-json\/wp\/v2\/types\/page"}],"author":[{"embeddable":true,"href":"https:\/\/semmelweis.hu\/szaknyelv\/wp-json\/wp\/v2\/users\/118"}],"replies":[{"embeddable":true,"href":"https:\/\/semmelweis.hu\/szaknyelv\/wp-json\/wp\/v2\/comments?post=7662"}],"version-history":[{"count":12,"href":"https:\/\/semmelweis.hu\/szaknyelv\/wp-json\/wp\/v2\/pages\/7662\/revisions"}],"predecessor-version":[{"id":15745,"href":"https:\/\/semmelweis.hu\/szaknyelv\/wp-json\/wp\/v2\/pages\/7662\/revisions\/15745"}],"up":[{"embeddable":true,"href":"https:\/\/semmelweis.hu\/szaknyelv\/wp-json\/wp\/v2\/pages\/7988"}],"wp:attachment":[{"href":"https:\/\/semmelweis.hu\/szaknyelv\/wp-json\/wp\/v2\/media?parent=7662"}],"wp:term":[{"taxonomy":"category","embeddable":true,"href":"https:\/\/semmelweis.hu\/szaknyelv\/wp-json\/wp\/v2\/categories?post=7662"},{"taxonomy":"post_tag","embeddable":true,"href":"https:\/\/semmelweis.hu\/szaknyelv\/wp-json\/wp\/v2\/tags?post=7662"}],"curies":[{"name":"wp","href":"https:\/\/api.w.org\/{rel}","templated":true}]}}