{"id":7497,"date":"2022-10-13T11:45:27","date_gmt":"2022-10-13T09:45:27","guid":{"rendered":"https:\/\/semmelweis.hu\/szaknyelv\/?page_id=7497"},"modified":"2025-08-06T15:18:20","modified_gmt":"2025-08-06T13:18:20","slug":"tdk-students-scientific-association","status":"publish","type":"page","link":"https:\/\/semmelweis.hu\/szaknyelv\/en\/research\/tdk-students-scientific-association\/","title":{"rendered":"TDK (Students&#8217; Scientific Association)"},"content":{"rendered":"<p style=\"text-align: center\"><span style=\"font-size: 18pt\"><strong>TDK (Students\u2019 Scientific Association) work at the Institute of Languages for Specific Purposes<\/strong><\/span><\/p>\n<p style=\"text-align: justify\">The Students\u2019 Scientific Association offers talented students the opportunity to prepare for their own research career or PhD training in cooperation with the lecturers and researchers of our university. TDK work completed during the university years can provide a basis for students\u2019 future scientific career.<\/p>\n<p style=\"text-align: justify\">TDK work performed at the Institute of Languages for Specific Purposes is carried out interprofessionally, in cooperation with other institutes.<\/p>\n<p style=\"text-align: justify\">The topics announced in the 2025\/2026 academic year are as follows:<\/p>\n<table style=\"width: 99.7003%;height: 1319px\" width=\"1296\">\n<tbody>\n<tr style=\"height: 52px\">\n<td style=\"height: 52px;width: 21.8287%\" width=\"425\">\n<p><strong>List of topics<\/strong><\/p>\n<\/td>\n<td style=\"height: 52px;width: 91.1941%\" width=\"871\">\n<p><strong>Supervisors<\/strong><\/p>\n<\/td>\n<\/tr>\n<tr style=\"height: 142px\">\n<td style=\"height: 142px;width: 21.8287%;text-align: justify\" width=\"425\">\n<p>Terminological investigation of medical documentation related to injuries<\/p>\n<\/td>\n<td style=\"height: 142px;width: 91.1941%;text-align: justify\" width=\"871\">\n<p>Katalin Fogarasi Ph.D., habil. Associate Professor, Semmelweis University, Institute of Languages for Specific Purposes<br \/>\nZolt\u00e1n Patonai M.D., Ph.D., Assistant Professor, University of P\u00e9cs<br \/>\nClinical Center, Department of Traumatology and Hand Surgery<\/p>\n<\/td>\n<\/tr>\n<tr style=\"height: 142px\">\n<td style=\"height: 142px;width: 21.8287%;text-align: justify\" width=\"425\">\n<p>Investigation of verbally disclosed diagnoses from the perspective of terminology and conversation analysis<\/p>\n<\/td>\n<td style=\"height: 142px;width: 91.1941%;text-align: justify\" width=\"871\">\n<p>Katalin Fogarasi Ph.D., habil. Associate Professor, Semmelweis University, Institute of Languages for Specific Purposes<br \/>\nAnik\u00f3 K\u0151halmi Hambuchn\u00e9 Ph.D., Senior Lecturer, University of P\u00e9cs, Medical School, Department of Languages for Biomedical Purposes and Communication<\/p>\n<\/td>\n<\/tr>\n<tr style=\"height: 142px\">\n<td style=\"height: 142px;width: 21.8287%;text-align: justify\" width=\"425\">\n<p>Terminological investigation of blunt force injuries in clinical reports<\/p>\n<\/td>\n<td style=\"height: 142px;width: 91.1941%;text-align: justify\" width=\"871\">\n<p>Katalin Fogarasi Ph.D., habil. Associate Professor, Semmelweis University, Institute of Languages for Specific Purposes<br \/>\nConsultant: Zolt\u00e1n Patonai M.D., Ph.D., Assistant Lecturer, University of P\u00e9cs<br \/>\nClinical Center, Department of Traumatology and Hand Surgery<\/p>\n<\/td>\n<\/tr>\n<tr style=\"height: 322px\">\n<td style=\"height: 322px;width: 21.8287%;text-align: justify\" width=\"425\">\n<p>Relevance of the international anatomical nomenclature in the denomination of lesions affecting the limbs<\/p>\n<\/td>\n<td style=\"height: 322px;width: 91.1941%;text-align: justify\" width=\"871\">\n<p>Andrea Barta Ph.D., Associate Professor, Semmelweis University, Institute of Languages for Specific Purposes<br \/>\n\u00c9va Katalin Varga Ph.D., Associate Professor, Semmelweis University, Institute of Languages for Specific Purposes<br \/>\nKatalin Kocsis M.D., Ph.D., Senior Lecturer, Semmelweis University, Department of Anatomy, Histology and Embryology<br \/>\nConsultant: Zolt\u00e1n Patonai M.D, Ph.D., Assistant Professor, University of P\u00e9cs, Clinical Center, Department of Traumatology and Hand Surgery<\/p>\n<\/td>\n<\/tr>\n<tr style=\"height: 322px\">\n<td style=\"height: 322px;width: 21.8287%;text-align: justify\" width=\"425\">\n<p>Contrastive terminological and pharmacological investigation of the practical use of drug names on Hungarian, German and Austrian magistral recipes in Hungary, Germany and Austria<\/p>\n<\/td>\n<td style=\"height: 322px;width: 91.1941%;text-align: justify\" width=\"871\">\n<p>Katalin Fogarasi Ph.D., habil. Associate Professor, Semmelweis University, Institute of Languages for Specific Purposes<br \/>\n\u00c9va Katalin Varga Ph.D., Associate Professor, Semmelweis University, Institute of Languages for Specific Purposes<br \/>\n\u00c1gnes Alberti Dr. Pharm., Ph.D. Associate Professor, Semmelweis University, Faculty of Pharmacy, Department of Pharmacognosy<br \/>\nImre Boldizs\u00e1r Dr. Pharm,. PhD., Associate Professor, Semmelweis University, Faculty of Pharmacy, Department of Pharmacognosy<\/p>\n<\/td>\n<\/tr>\n<tr>\n<td style=\"width: 21.8287%\" width=\"425\">\n<p>Inclusive language use in health care and academia<\/p>\n<\/td>\n<td style=\"width: 91.1941%\" width=\"871\">\n<p>Marshall Barbara Ph.D. Assistant Professor, Semmelweis University, Institute of Languages for Specific Purposes<br \/>\nZimonyi-Bak\u00f3 Alexandra Assistant Professor, Semmelweis University, Institute of Languages for Specific Purposes<\/p>\n<\/td>\n<\/tr>\n<\/tbody>\n<\/table>\n<p>&nbsp;<\/p>\n<p style=\"text-align: justify\">The Institute of Languages for Specific Purposes also offers the supervision of theses, the topic of which can be based on TDK work.<\/p>\n<p style=\"text-align: justify\">Find out more about application on the following website:<br \/>\n<a href=\"https:\/\/semmelweis.hu\/tdk\/en\/steps-to-pursue-research-as-a-student\/how-do-you-become-a-member-of-the-association\/\">https:\/\/semmelweis.hu\/tdk\/en\/steps-to-pursue-research-as-a-student\/how-do-you-become-a-member-of-the-association\/<\/a><\/p>\n<p>&nbsp;<\/p>\n","protected":false},"excerpt":{"rendered":"<p>TDK (Students\u2019 Scientific Association) work at the Institute of Languages for Specific Purposes The Students\u2019 Scientific Association offers talented students the opportunity to prepare for their own research career or PhD training in cooperation with the lecturers and researchers of our university. TDK work completed during the university years can provide a basis for students\u2019 &hellip;<\/p>\n","protected":false},"author":118,"featured_media":0,"parent":6313,"menu_order":0,"comment_status":"closed","ping_status":"closed","template":"template-fullwidth.php","meta":{"_acf_changed":false,"footnotes":""},"categories":[],"tags":[],"class_list":["post-7497","page","type-page","status-publish","hentry"],"acf":[],"_links":{"self":[{"href":"https:\/\/semmelweis.hu\/szaknyelv\/wp-json\/wp\/v2\/pages\/7497","targetHints":{"allow":["GET"]}}],"collection":[{"href":"https:\/\/semmelweis.hu\/szaknyelv\/wp-json\/wp\/v2\/pages"}],"about":[{"href":"https:\/\/semmelweis.hu\/szaknyelv\/wp-json\/wp\/v2\/types\/page"}],"author":[{"embeddable":true,"href":"https:\/\/semmelweis.hu\/szaknyelv\/wp-json\/wp\/v2\/users\/118"}],"replies":[{"embeddable":true,"href":"https:\/\/semmelweis.hu\/szaknyelv\/wp-json\/wp\/v2\/comments?post=7497"}],"version-history":[{"count":10,"href":"https:\/\/semmelweis.hu\/szaknyelv\/wp-json\/wp\/v2\/pages\/7497\/revisions"}],"predecessor-version":[{"id":14602,"href":"https:\/\/semmelweis.hu\/szaknyelv\/wp-json\/wp\/v2\/pages\/7497\/revisions\/14602"}],"up":[{"embeddable":true,"href":"https:\/\/semmelweis.hu\/szaknyelv\/wp-json\/wp\/v2\/pages\/6313"}],"wp:attachment":[{"href":"https:\/\/semmelweis.hu\/szaknyelv\/wp-json\/wp\/v2\/media?parent=7497"}],"wp:term":[{"taxonomy":"category","embeddable":true,"href":"https:\/\/semmelweis.hu\/szaknyelv\/wp-json\/wp\/v2\/categories?post=7497"},{"taxonomy":"post_tag","embeddable":true,"href":"https:\/\/semmelweis.hu\/szaknyelv\/wp-json\/wp\/v2\/tags?post=7497"}],"curies":[{"name":"wp","href":"https:\/\/api.w.org\/{rel}","templated":true}]}}